{"id":21672,"date":"2026-01-09T17:53:47","date_gmt":"2026-01-09T17:53:47","guid":{"rendered":"https:\/\/editorapangeia.com.br\/?post_type=product&#038;p=21672"},"modified":"2026-04-09T17:56:46","modified_gmt":"2026-04-09T17:56:46","slug":"hannah-arendt-educacao-e-contemporaneidade-junior-castro-e-maria-zeneide","status":"publish","type":"product","link":"https:\/\/editorapangeia.com.br\/pt_br\/product\/hannah-arendt-educacao-e-contemporaneidade-junior-castro-e-maria-zeneide\/","title":{"rendered":"Hannah Arendt: Educa\u00e7\u00e3o e Contemporaneidade, Junior Castro e Maria Zeneide"},"content":{"rendered":"<p>Em um mundo caracterizado pela complexidade pol\u00edtica, social e cultural, a leitura desta obra faz-se n\u00e3o apenas pertinente, mas tamb\u00e9m urgente.<\/p>\n<p class=\"p1\">A reflex\u00e3o realizada nos conduz, magistralmente, por uma an\u00e1lise que evidencia a relev\u00e2ncia dos conceitos de Arendt para o debate educacional.<\/p>\n<p class=\"p1\">A liberdade, a autoridade e a a\u00e7\u00e3o politica dentro do ambiente escolar s\u00e3o exploradas de maneira cr\u00edtica, o que nos faz refletir sobre o impacto das quest\u00f5es pol\u00edticas e sociais na forma\u00e7\u00e3o dos sujeitos hist\u00f3ricos.<\/p>\n<p class=\"p1\">Este livro \u00e9 uma contribui\u00e7\u00e3o essencial para o campo da educa\u00e7\u00e3o, pois n\u00e3o apenas nos desafia a pensar sobre o que significa educar em tempos de crise, mas tamb\u00e9m nos provoca a refletir sobre o papel que a escola deve desempenhar na forma\u00e7\u00e3o de sujeitos cr\u00edticos e engajados.<\/p>\n<p class=\"p1\">Ao entrela\u00e7ar teoria pol\u00edtica e pr\u00e1ticas pedag\u00f3gicas, o livro nos oferece uma vis\u00e3o abrangente e profunda dos desafios que marcam a educa\u00e7\u00e3o contempor\u00e2nea e nos provocam a uma reflex\u00e3o necess\u00e1ria para o enfrentamento e supera\u00e7\u00e3o.<\/p>\n<p class=\"p1\" style=\"text-align: right;\"><em>Da apresenta\u00e7\u00e3o da Profa. Dra.<\/em><br \/>\n<em><strong>Maria Cristina Dutra Mesquita<\/strong><\/em><br \/>\n<em>PUC-Goi\u00e1s<\/em><\/p>\n<p style=\"text-align: center;\"><img loading=\"lazy\" decoding=\"async\" class=\"alignnone wp-image-21285\" src=\"http:\/\/editorapangeia.com.br\/wp-content\/uploads\/2026\/02\/Jr_Cesar_Hannah_Arendt-199x300.webp\" alt=\"\" width=\"652\" height=\"983\" srcset=\"https:\/\/editorapangeia.com.br\/wp-content\/uploads\/2026\/02\/Jr_Cesar_Hannah_Arendt-199x300.webp 199w, https:\/\/editorapangeia.com.br\/wp-content\/uploads\/2026\/02\/Jr_Cesar_Hannah_Arendt-768x1159.webp 768w, https:\/\/editorapangeia.com.br\/wp-content\/uploads\/2026\/02\/Jr_Cesar_Hannah_Arendt-8x12.webp 8w, https:\/\/editorapangeia.com.br\/wp-content\/uploads\/2026\/02\/Jr_Cesar_Hannah_Arendt-265x400.webp 265w, https:\/\/editorapangeia.com.br\/wp-content\/uploads\/2026\/02\/Jr_Cesar_Hannah_Arendt-464x700.webp 464w, https:\/\/editorapangeia.com.br\/wp-content\/uploads\/2026\/02\/Jr_Cesar_Hannah_Arendt.webp 830w\" sizes=\"auto, (max-width: 652px) 100vw, 652px\" \/><\/p>\n","protected":false},"excerpt":{"rendered":"<p>Ao clicar em Comprar Produto, voc\u00ea ser\u00e1 redirecionado para a loja na Amazon.com<\/p>\n<p class=\"p3\">Junior C\u00e9sar Ferreira de Castro e\u00a0Maria Zeneide Carneiro Magalh\u00e3es de Almeida, com o livro <em><strong>Hannah Arendt: Educa\u00e7\u00e3o e Contemporaneidade<\/strong><\/em>, trazem para o debate uma vis\u00e3o dos processos educacionais do sistema de ensino brasileiro nesta segunda d\u00e9cada do s\u00e9culo XXI tendo por base te\u00f3rica concep\u00e7\u00f5es filos\u00f3ficas hauridas na obra de Hannah Arendt, uma das mais destacadas pensadoras da politica e das mudan\u00e7as civilizat\u00f3rias da humanidade no s\u00e9culo XXI.<\/p>\n<p>Os autores s\u00e3o professores em universidades, atuando na gradua\u00e7\u00e3o e na p\u00f3s-gradua\u00e7\u00e3o, e participam de grupos de pesquisa atuantes em foros nacionais e internacionais.<\/p>\n<p>S\u00e3o diversos os conceitos evocados para constitu\u00edrem uma reflex\u00e3o cr\u00edtica e aprofundada da educa\u00e7\u00e3o brasileira. Eis alguns deles: autonomia cr\u00edtica, cultura, ind\u00fastria cultural, liberdade, responsabilidade, saberes pedag\u00f3gicos, tecnologias educacionais, totalitarismo e pol\u00edtica.<\/p>\n<p>O livro, conforme assinala a Profa. Dra. Maria Cristina Dutra Mesquita (PUC-Goi\u00e1s) em texto mais amplo que est\u00e1 no livro, &#8220;\u00e9 uma contribui\u00e7\u00e3o essencial para o campo da educa\u00e7\u00e3o&#8221;, pois. &#8220;ao entrela\u00e7ar teoria politica e pr\u00e1ticas pedag\u00f3gicas&#8221;, com o que &#8220;nos desafia a pensar sobre o que significa educar em tempos de crise&#8221;, de modo a provocar &#8220;uma reflex\u00e3o necess\u00e1ria para o enfrentamento e supera\u00e7\u00e3o&#8221; do atual quadro da educa\u00e7\u00e3o e do ensino no Brasil.<\/p>\n<p>Sem sombra de d\u00favidas, uma obra essencial.<\/p>\n","protected":false},"featured_media":21287,"comment_status":"open","ping_status":"closed","template":"","meta":[],"product_brand":[],"product_cat":[5003,4083],"product_tag":[5304,5276,5305,5297,5291,5286,4350,5306,2407,5282,453,3772,351,5302,350,5290,264,231,5284,175,5298,5275,5281,5287,3238,3032,4116,5307,3239,5277,976,5293,893,390,5300,156,5301,5279,5278,5283,5299,524,5285,5280,4980,5308,5309,5288,5289,5303,199,5310,5311,2347,3763,2361,5296,5292,5295,5294],"class_list":{"0":"post-21672","1":"product","2":"type-product","3":"status-publish","4":"has-post-thumbnail","6":"product_cat-lancamento","7":"product_cat-educacaoensino","8":"product_tag-acao-politica","9":"product_tag-arendt","10":"product_tag-autonomia-critica","11":"product_tag-claretiano","12":"product_tag-cnpq","13":"product_tag-congregacoes-religiosas","14":"product_tag-contemporaneidade","15":"product_tag-crianca","16":"product_tag-cultura","17":"product_tag-cultura-escolar","18":"product_tag-educacao","19":"product_tag-educacao-do-campo","20":"product_tag-ensino","21":"product_tag-ensino-e-intermidialidade","22":"product_tag-escola","23":"product_tag-espacos-sociais","24":"product_tag-estudos-literarios","25":"product_tag-filosofia","26":"product_tag-formacao-de-professores","27":"product_tag-genero","28":"product_tag-geppocon-cnpq","29":"product_tag-hanna-arendt","30":"product_tag-histedbr-unicamp-fe","31":"product_tag-historia-cultural","32":"product_tag-historia-da-educacao","33":"product_tag-historia-oral","34":"product_tag-indice-remissivo","35":"product_tag-industria-cultural","36":"product_tag-interculturalidade","37":"product_tag-junior-cesar","38":"product_tag-liberdade","39":"product_tag-lingua","40":"product_tag-lingua-portuguesa","41":"product_tag-linguistica","42":"product_tag-literamidias","43":"product_tag-literatura","44":"product_tag-literatura-digital","45":"product_tag-maria-cristina-dutra-mesquita","46":"product_tag-maria-zeneide","47":"product_tag-nenoria","48":"product_tag-poesia-lirica-contemporanea","49":"product_tag-politica","50":"product_tag-politicas-educacionais","51":"product_tag-puc-goias","52":"product_tag-quilombolas","53":"product_tag-responsabilidade","54":"product_tag-saberes-pedagogicos","55":"product_tag-sertao","56":"product_tag-sertao-mineiro","57":"product_tag-sinpolic","58":"product_tag-sociedade","59":"product_tag-tecnologias-educacionais","60":"product_tag-totalitarismo","61":"product_tag-tradicao","62":"product_tag-ueg","63":"product_tag-ufmt","64":"product_tag-ufpi","65":"product_tag-unemat","66":"product_tag-uniara","67":"product_tag-universo","69":"first","70":"instock","71":"shipping-taxable","72":"product-type-grouped"},"_links":{"self":[{"href":"https:\/\/editorapangeia.com.br\/pt_br\/wp-json\/wp\/v2\/product\/21672","targetHints":{"allow":["GET"]}}],"collection":[{"href":"https:\/\/editorapangeia.com.br\/pt_br\/wp-json\/wp\/v2\/product"}],"about":[{"href":"https:\/\/editorapangeia.com.br\/pt_br\/wp-json\/wp\/v2\/types\/product"}],"replies":[{"embeddable":true,"href":"https:\/\/editorapangeia.com.br\/pt_br\/wp-json\/wp\/v2\/comments?post=21672"}],"wp:featuredmedia":[{"embeddable":true,"href":"https:\/\/editorapangeia.com.br\/pt_br\/wp-json\/wp\/v2\/media\/21287"}],"wp:attachment":[{"href":"https:\/\/editorapangeia.com.br\/pt_br\/wp-json\/wp\/v2\/media?parent=21672"}],"wp:term":[{"taxonomy":"product_brand","embeddable":true,"href":"https:\/\/editorapangeia.com.br\/pt_br\/wp-json\/wp\/v2\/product_brand?post=21672"},{"taxonomy":"product_cat","embeddable":true,"href":"https:\/\/editorapangeia.com.br\/pt_br\/wp-json\/wp\/v2\/product_cat?post=21672"},{"taxonomy":"product_tag","embeddable":true,"href":"https:\/\/editorapangeia.com.br\/pt_br\/wp-json\/wp\/v2\/product_tag?post=21672"}],"curies":[{"name":"wp","href":"https:\/\/api.w.org\/{rel}","templated":true}]}}