{"id":21670,"date":"2026-04-09T17:43:44","date_gmt":"2026-04-09T17:43:44","guid":{"rendered":"https:\/\/editorapangeia.com.br\/?post_type=product&#038;p=21670"},"modified":"2026-04-09T17:50:41","modified_gmt":"2026-04-09T17:50:41","slug":"meus-primeiros-sinais-numeros-em-libras-fabiana-regina-da-silva-2","status":"publish","type":"product","link":"https:\/\/editorapangeia.com.br\/pt_br\/product\/meus-primeiros-sinais-numeros-em-libras-fabiana-regina-da-silva-2\/","title":{"rendered":"Meus primeiros sinais: n\u00fameros em Libras, Fabiana Regina da Silva"},"content":{"rendered":"<p>Um recado da Profa. Fabiana:<\/p>\n<blockquote>\n<p style=\"text-align: center;\">BEM-VINDOS AO MUNDO<br \/>\nDO APRENDIZADO<br \/>\nPor meio desse livro, buscamos proporcionar a voc\u00eas<br \/>\num mundo novo de aventuras e descobertas incr\u00edveis.<br \/>\nPREPARADOS?<\/p>\n<\/blockquote>\n","protected":false},"excerpt":{"rendered":"<p>Ao clicar em Comprar Produto voc\u00ea ser\u00e1 redirecionado para a loja na Amazon.com<\/p>\n<p>Os primeiros n\u00fameros em Libras em imagens. Livro a cores, com projeto gr\u00e1fico e ilustra\u00e7\u00f5es de Raquel Rocha, em volume preparado para eBook pelo designer gr\u00e1fico R\u00edzio Macedo, o Rizera.<\/p>\n<p>Livro pronto para ser utilizado em sala de aula, palestras, cursos, oficinas, semin\u00e1rios e outras atividadesde inicia\u00e7\u00e3o em Libras.<\/p>\n<p>Arquivo de eBook em PDF baix\u00e1vel.<\/p>\n<p>Em breve, teremos o livro f\u00edsico para pedidos em impress\u00e3o sob demanda.<\/p>\n<p>Pre\u00e7o especial de lan\u00e7amento do eBook at\u00e9 30 de novembro de 2025.<\/p>\n","protected":false},"featured_media":20283,"comment_status":"open","ping_status":"closed","template":"","meta":[],"product_brand":[],"product_cat":[5003,4083],"product_tag":[453,2002,351,4963,4962,4965,4964,1891],"class_list":{"0":"post-21670","1":"product","2":"type-product","3":"status-publish","4":"has-post-thumbnail","6":"product_cat-lancamento","7":"product_cat-educacaoensino","8":"product_tag-educacao","9":"product_tag-educacao-escolar","10":"product_tag-ensino","11":"product_tag-fabiana-regina-da-silva","12":"product_tag-libras","13":"product_tag-oficinas-de-libras","14":"product_tag-primeiros-numeros-em-libras","15":"product_tag-sala-de-aula","16":"product_shipping_class-normal","18":"first","19":"instock","20":"shipping-taxable","21":"product-type-grouped"},"_links":{"self":[{"href":"https:\/\/editorapangeia.com.br\/pt_br\/wp-json\/wp\/v2\/product\/21670","targetHints":{"allow":["GET"]}}],"collection":[{"href":"https:\/\/editorapangeia.com.br\/pt_br\/wp-json\/wp\/v2\/product"}],"about":[{"href":"https:\/\/editorapangeia.com.br\/pt_br\/wp-json\/wp\/v2\/types\/product"}],"replies":[{"embeddable":true,"href":"https:\/\/editorapangeia.com.br\/pt_br\/wp-json\/wp\/v2\/comments?post=21670"}],"wp:featuredmedia":[{"embeddable":true,"href":"https:\/\/editorapangeia.com.br\/pt_br\/wp-json\/wp\/v2\/media\/20283"}],"wp:attachment":[{"href":"https:\/\/editorapangeia.com.br\/pt_br\/wp-json\/wp\/v2\/media?parent=21670"}],"wp:term":[{"taxonomy":"product_brand","embeddable":true,"href":"https:\/\/editorapangeia.com.br\/pt_br\/wp-json\/wp\/v2\/product_brand?post=21670"},{"taxonomy":"product_cat","embeddable":true,"href":"https:\/\/editorapangeia.com.br\/pt_br\/wp-json\/wp\/v2\/product_cat?post=21670"},{"taxonomy":"product_tag","embeddable":true,"href":"https:\/\/editorapangeia.com.br\/pt_br\/wp-json\/wp\/v2\/product_tag?post=21670"}],"curies":[{"name":"wp","href":"https:\/\/api.w.org\/{rel}","templated":true}]}}