{"id":21522,"date":"2026-03-20T14:58:50","date_gmt":"2026-03-20T14:58:50","guid":{"rendered":"https:\/\/editorapangeia.com.br\/?post_type=product&#038;p=21522"},"modified":"2026-04-24T17:32:23","modified_gmt":"2026-04-24T17:32:23","slug":"semeando-com-paulo-freire-conceitos-e-praticas-na-educacao-popular-silvia-maria-manfredi","status":"publish","type":"product","link":"https:\/\/editorapangeia.com.br\/pt_br\/product\/semeando-com-paulo-freire-conceitos-e-praticas-na-educacao-popular-silvia-maria-manfredi\/","title":{"rendered":"Semeando com Paulo Freire: conceitos e pr\u00e1ticas na Educa\u00e7\u00e3o Popular, S\u00edlvia Maria Manfredi"},"content":{"rendered":"<p>&#8220;S\u00edlvia Maria Manfredi traz em si, com intensidade, os saberes necess\u00e1rios \u00e0 pr\u00e1tica educativo-cr\u00edtica abordados por Paulo Freire em <strong><em>Pedagogia da Autonomia<\/em><\/strong>. Um dos que me fazem admirar, respeitar e desejar ler o que ela escreve e tamb\u00e9m convidar outras pessoas a lerem seus escritos \u00e9 a sua capacidade de corporeificar suas palavras pelo exemplo, a coer\u00eancia entre o que diz e o que faz, entre o discurso e a pr\u00e1tica, que n\u00e3o \u00e9 apenas uma virtude \u00e9tica, mas uma condi\u00e7\u00e3o epistemol\u00f3gica e pol\u00edtica fundamental para a autenticidade do ato educativo e transformador.<\/p>\n<p>Os textos aqui apresentados s\u00e3o palavras carregadas de a\u00e7\u00e3o-reflex\u00e3o-a\u00e7\u00e3o, s\u00e3o express\u00e3o da viv\u00eancia da autora como intelectual e como militante comprometida radicalmente com a constru\u00e7\u00e3o de \u201cum mundo menos malvado\u201d. S\u00e3o escritos encharcados de realidade vivida, de uma educadora que condensa em sua pr\u00e1tica pedag\u00f3gica o quefazer da educa\u00e7\u00e3o transformadora.<\/p>\n<p>[&#8230;]<\/p>\n<p>Como nos ensina Paulo Freire, o livro n\u00e3o \u00e9 um fim em si mesmo, mas um meio para uma leitura mais profunda da realidade e para a a\u00e7\u00e3o consciente sobre ela, o que, sem d\u00favida, os textos de S\u00edlvia Maria Manfredi apresentados neste seu belo livro, <strong><em>Semeando com<\/em><\/strong><em> <strong>Paulo Freire: conceitos e pr\u00e1ticas na Educa\u00e7\u00e3o Popular<\/strong><\/em>, nos proporcionam.&#8221;<\/p>\n<p style=\"text-align: center;\">Do\u00a0<strong>Pref\u00e1cio\u00a0<\/strong>de<br \/>\n<strong>\u00c2ngela Biz Antunes<br \/>\n<\/strong>Diretora Pedag\u00f3gica e Coordenadora<br \/>\ndo Centro de Refer\u00eancia Paulo Freire<br \/>\n(IPF \u2013 S\u00e3o Paulo, Brasil).<\/p>\n<blockquote><p><strong>SUM\u00c1RIO:<\/strong><\/p><\/blockquote>\n<p class=\"p1\" style=\"text-align: center;\">Pref\u00e1cio<\/p>\n<p class=\"p1\" style=\"text-align: center;\">Um in\u00edcio de conversa<\/p>\n<p class=\"p1\" style=\"text-align: center;\">Um convite para Dialogar com Paulo Freire<\/p>\n<p class=\"p1\" style=\"text-align: center;\">De Angicos ao Programa Nacional de Alfabetiza\u00e7\u00e3o<\/p>\n<p class=\"p1\" style=\"text-align: center;\">Freire e os direitos educativos no Brasil<\/p>\n<p class=\"p1\" style=\"text-align: center;\">A pedagogia freiriana no \u00e2mbito da forma\u00e7\u00e3o de formadores da CUT<\/p>\n<p class=\"p1\" style=\"text-align: center;\">A Pedagogia do Movimento dos Sem-Terra<\/p>\n<p class=\"p1\" style=\"text-align: center;\">Freire e a pedagogia da altern\u00e2ncia<\/p>\n<p class=\"p1\" style=\"text-align: center;\">O poder gerador do conceito de \u201csaber de\u00a0experi\u00eancia feito\u201d<\/p>\n<p class=\"p1\" style=\"text-align: center;\">Bibliografia<\/p>\n<p class=\"p1\" style=\"text-align: center;\">Sobre a autora<\/p>\n<p class=\"p1\" style=\"text-align: center;\">\u00cdndice Remissivo<\/p>\n","protected":false},"excerpt":{"rendered":"<p class=\"p1\">Este livro se coloca n\u00e3o s\u00f3 na express\u00e3o de pr\u00e1ticas significativas no \u00e2mbito da pedagogia, da sociologia e da filosofia freirianas, mas tamb\u00e9m se insere nos quadros da hist\u00f3ria da educa\u00e7\u00e3o como um incentivo para a constru\u00e7\u00e3o de outros conceitos e pr\u00e1ticas emancipat\u00f3rias. A maior contribui\u00e7\u00e3o de Freire \u00e9 a capacidade de inspirar a consci\u00eancia social e pol\u00edtica e a capacidade criativa para projetar a educa\u00e7\u00e3o emancipat\u00f3ria do futuro, criando novas possibilidades e desconstruindo no\u00e7\u00f5es e vis\u00f5es que impedem o surgimento de um futuro com justi\u00e7a e direitos sociais, solid\u00e1rio, inclusivo.<\/p>\n<p>Pensador profundamente ancorado no contexto de seu tempo e nos momentos hist\u00f3ricos em que produzia sua reflex\u00f5es, seja na Recife dos anos 1950, seja no Brasil do in\u00edcio dos anos 1960, seja no ex\u00edlio entre 1964 e 1979, com percurso que incluiu as Am\u00e9ricas hisp\u00e2nica e angl\u00f3fila, a Europa e a \u00c1frica, seja na redescoberta do Brasil da redemocratiza\u00e7\u00e3o at\u00e9 1997, Paulo Freire sempre enfatizou a necessidade de repensar e recriar amorosamente, com esperan\u00e7ar e de modo inclusivo, conceitos e pr\u00e1ticas.<\/p>\n<p>A partir de s\u00f3lida viv\u00eancia pessoal com Paulo Freire e a partir de pr\u00e1ticas e trabalho pedag\u00f3gico ao longo das \u00faltimas d\u00e9cadas, \u00e9 o que a educadora S\u00edlvia Maria Manfredi, Prof.\u00aa aposentada da Unicamp e atual presidente do Instituto Paulo Freire da It\u00e1lia, faz neste livro monumental, desde j\u00e1 uma refer\u00eancia nos estudos freirianos.<\/p>\n","protected":false},"featured_media":21849,"comment_status":"open","ping_status":"closed","template":"","meta":[],"product_brand":[],"product_cat":[5003,4083],"product_tag":[5391,1210,5384,5383,5386,453,351,231,5382,4116,5379,5381,5388,5390,1223,347,5389,5387,5380,5385,5378,570],"class_list":{"0":"post-21522","1":"product","2":"type-product","3":"status-publish","4":"has-post-thumbnail","6":"product_cat-lancamento","7":"product_cat-educacaoensino","8":"product_tag-saber-de-experiencixa-feito","9":"product_tag-angela-biz-antunes","10":"product_tag-angicos","11":"product_tag-dialogicidade","12":"product_tag-direitos-educativos","13":"product_tag-educacao","14":"product_tag-ensino","15":"product_tag-filosofia","16":"product_tag-formacao-de-formadores","17":"product_tag-indice-remissivo","18":"product_tag-ipf-italia","19":"product_tag-movimento-sindical","20":"product_tag-mst-movimento-sem-terra","21":"product_tag-palavras-geradoras","22":"product_tag-paulo-freire","23":"product_tag-pedagogia","24":"product_tag-pedagogia-da-alternancia","25":"product_tag-pedagogia-freiriana","26":"product_tag-pensamento-freiriano","27":"product_tag-programa-nacional-de-alfabetizacao","28":"product_tag-silvia-maria-manfredi","29":"product_tag-sociologia","30":"product_shipping_class-normal","32":"first","33":"instock","34":"sale","35":"shipping-taxable","36":"purchasable","37":"product-type-simple"},"_links":{"self":[{"href":"https:\/\/editorapangeia.com.br\/pt_br\/wp-json\/wp\/v2\/product\/21522","targetHints":{"allow":["GET"]}}],"collection":[{"href":"https:\/\/editorapangeia.com.br\/pt_br\/wp-json\/wp\/v2\/product"}],"about":[{"href":"https:\/\/editorapangeia.com.br\/pt_br\/wp-json\/wp\/v2\/types\/product"}],"replies":[{"embeddable":true,"href":"https:\/\/editorapangeia.com.br\/pt_br\/wp-json\/wp\/v2\/comments?post=21522"}],"wp:featuredmedia":[{"embeddable":true,"href":"https:\/\/editorapangeia.com.br\/pt_br\/wp-json\/wp\/v2\/media\/21849"}],"wp:attachment":[{"href":"https:\/\/editorapangeia.com.br\/pt_br\/wp-json\/wp\/v2\/media?parent=21522"}],"wp:term":[{"taxonomy":"product_brand","embeddable":true,"href":"https:\/\/editorapangeia.com.br\/pt_br\/wp-json\/wp\/v2\/product_brand?post=21522"},{"taxonomy":"product_cat","embeddable":true,"href":"https:\/\/editorapangeia.com.br\/pt_br\/wp-json\/wp\/v2\/product_cat?post=21522"},{"taxonomy":"product_tag","embeddable":true,"href":"https:\/\/editorapangeia.com.br\/pt_br\/wp-json\/wp\/v2\/product_tag?post=21522"}],"curies":[{"name":"wp","href":"https:\/\/api.w.org\/{rel}","templated":true}]}}