{"id":21435,"date":"2026-03-30T09:36:24","date_gmt":"2026-03-30T09:36:24","guid":{"rendered":"https:\/\/editorapangeia.com.br\/?post_type=product&#038;p=21435"},"modified":"2026-04-17T02:36:06","modified_gmt":"2026-04-17T02:36:06","slug":"quirinas-a-trabalhadora-domestica-como-protagonista-na-literatura-brasileira-contemporanea-mariana-filgueiras","status":"publish","type":"product","link":"https:\/\/editorapangeia.com.br\/pt_br\/product\/quirinas-a-trabalhadora-domestica-como-protagonista-na-literatura-brasileira-contemporanea-mariana-filgueiras\/","title":{"rendered":"Quirinas: a trabalhadora dom\u00e9stica como protagonista na Literatura Brasileira Contempor\u00e2nea, Mariana Filgueiras"},"content":{"rendered":"<p>Eis o sum\u00e1rio de\u00a0<em><strong>Quirinas: a trabalhadora dom\u00e9stica como protagonista na Literatura Brasileira<\/strong><\/em>, de Mariana Filgueiras:<\/p>\n<p class=\"p1\" style=\"text-align: center;\">Apresenta\u00e7\u00e3o<br \/>\n<strong>13<\/strong><\/p>\n<p class=\"p1\" style=\"text-align: center;\">A forma\u00e7\u00e3o de um pa\u00eds racista<br \/>\n<strong>29<\/strong><\/p>\n<p class=\"p1\" style=\"text-align: center;\">A forma\u00e7\u00e3o de uma classe trabalhadora<br \/>\ndom\u00e9stica no Brasil<br \/>\n<strong>37<\/strong><\/p>\n<p class=\"p1\" style=\"text-align: center;\">Representa\u00e7\u00f5es da escravizada e da trabalhadora<br \/>\ndom\u00e9stica na literatura brasileira<br \/>\n<strong>49<\/strong><\/p>\n<p class=\"p1\" style=\"text-align: center;\">A constru\u00e7\u00e3o de um imagin\u00e1rio racista<br \/>\n<strong>107<\/strong><\/p>\n<p class=\"p1\" style=\"text-align: center;\">A trabalhadora dom\u00e9stica se torna protagonista<br \/>\n<strong>124<\/strong><\/p>\n<p class=\"p1\" style=\"text-align: center;\">Conclus\u00e3o<br \/>\n<strong>228<\/strong><\/p>\n<p class=\"p1\" style=\"text-align: center;\">Refer\u00eancias<br \/>\n<strong>238<\/strong><\/p>\n<p class=\"p1\" style=\"text-align: center;\">\u00cdndice Remissivo<br \/>\n<strong>253<\/strong><\/p>\n","protected":false},"excerpt":{"rendered":"<p>Este livro traz uma pesquisa original, potente, necess\u00e1ria, escrita com sabor, sendo ao mesmo tempo panor\u00e2mica e aprofundada. A autora, Mariana Filgueiras, \u00e9 jornalista premiada, e esta obra originalmente foi doutorado realizado no POSLIT da UFF, sendo selecionado para seer publicado por Edital da institui\u00e7\u00e3o com recursos da Capes.<\/p>\n<p><em><strong>Quirinas<\/strong><\/em> tem seu ponto de partida na personagem Quirina, de Lima Barreto, que encena os \u00faltimos momentos da protagonista hom\u00f4nima, &#8220;[u]ma mulher negra centen\u00e1ria que havia criado muitos filhos de senhores de engenho durante a escravid\u00e3o, e que, depois da Aboli\u00e7\u00e3o, ficou trabalhando na casa de uma vi\u00fava abastada&#8221; \u2013 de escravizada para a situa\u00e7\u00e3o que hoje denominamos &#8220;emprego dom\u00e9stico&#8221;. A partir da\u00ed, o livro faz um panorama da representa\u00e7\u00e3o das trabalhadoras dom\u00e9sticas, passando por diversas obras, conformando o modo pelo qual diversos per\u00edodos da literatura brasileira colocou em cena a trabalhadora dom\u00e9stica.<\/p>\n<p>Na \u00faltima parte, o estudo mergulha na representa\u00e7\u00e3o do servi\u00e7o dom\u00e9stico em obras contempor\u00e2neas da literatura brasileira, em especial em livros de Carola Saavedra, Eliana Alves, Giovana Madalosso e Lilia Guerra.<\/p>\n<p>Um livro imprescind\u00edvel em diversas \u00e1reas, dos Estudos Liter\u00e1rios \u00e0 Sociologia, da Hist\u00f3ria aos Estudos Culturais, da Economia \u00e0 \u00e1rea de administra\u00e7\u00e3o e pol\u00edticas p\u00fablicas.<\/p>\n<p>Baixe gratuitamente o eBook em formato PDF e\/ou em formato ePub.<\/p>\n","protected":false},"featured_media":21520,"comment_status":"open","ping_status":"closed","template":"","meta":[],"product_brand":[],"product_cat":[5003,4081,4828],"product_tag":[5364,2151,122,5363,3572,787,264,2138,5362,1230,3105,5361],"class_list":{"0":"post-21435","1":"product","2":"type-product","3":"status-publish","4":"has-post-thumbnail","6":"product_cat-lancamento","7":"product_cat-estudosliterarios","8":"product_cat-livrosgratis","9":"product_tag-baixe-gratuitamente","10":"product_tag-capes","11":"product_tag-ebook","12":"product_tag-edital-egressos","13":"product_tag-eduff","14":"product_tag-epub","15":"product_tag-estudos-literarios","16":"product_tag-lancamento","17":"product_tag-mariana-filgueiras","18":"product_tag-pdf","19":"product_tag-poslit-uff","20":"product_tag-quirinas","21":"product_shipping_class-normal","23":"first","24":"instock","25":"downloadable","26":"virtual","27":"purchasable","28":"product-type-simple"},"_links":{"self":[{"href":"https:\/\/editorapangeia.com.br\/pt_br\/wp-json\/wp\/v2\/product\/21435","targetHints":{"allow":["GET"]}}],"collection":[{"href":"https:\/\/editorapangeia.com.br\/pt_br\/wp-json\/wp\/v2\/product"}],"about":[{"href":"https:\/\/editorapangeia.com.br\/pt_br\/wp-json\/wp\/v2\/types\/product"}],"replies":[{"embeddable":true,"href":"https:\/\/editorapangeia.com.br\/pt_br\/wp-json\/wp\/v2\/comments?post=21435"}],"wp:featuredmedia":[{"embeddable":true,"href":"https:\/\/editorapangeia.com.br\/pt_br\/wp-json\/wp\/v2\/media\/21520"}],"wp:attachment":[{"href":"https:\/\/editorapangeia.com.br\/pt_br\/wp-json\/wp\/v2\/media?parent=21435"}],"wp:term":[{"taxonomy":"product_brand","embeddable":true,"href":"https:\/\/editorapangeia.com.br\/pt_br\/wp-json\/wp\/v2\/product_brand?post=21435"},{"taxonomy":"product_cat","embeddable":true,"href":"https:\/\/editorapangeia.com.br\/pt_br\/wp-json\/wp\/v2\/product_cat?post=21435"},{"taxonomy":"product_tag","embeddable":true,"href":"https:\/\/editorapangeia.com.br\/pt_br\/wp-json\/wp\/v2\/product_tag?post=21435"}],"curies":[{"name":"wp","href":"https:\/\/api.w.org\/{rel}","templated":true}]}}