{"id":21224,"date":"2026-02-04T13:29:57","date_gmt":"2026-02-04T13:29:57","guid":{"rendered":"https:\/\/editorapangeia.com.br\/?post_type=product&#038;p=21224"},"modified":"2026-02-04T13:29:58","modified_gmt":"2026-02-04T13:29:58","slug":"vitreorum-ministerium-o-didatismo-dos-vitrais-das-catedrais-medievais-ricardo-nunes","status":"publish","type":"product","link":"https:\/\/editorapangeia.com.br\/pt_br\/product\/vitreorum-ministerium-o-didatismo-dos-vitrais-das-catedrais-medievais-ricardo-nunes\/","title":{"rendered":"Vitreorum Ministerium: O didatismo dos vitrais das catedrais medievais, Ricardo Nunes"},"content":{"rendered":"<p class=\"cvGsUA direction-ltr align-justify para-style-body\" style=\"text-align: left;\"><span class=\"a_GcMg font-feature-liga-off font-feature-clig-off font-feature-calt-off text-decoration-none text-strikethrough-none\">Ricardo Nunes \u00e9 Advogado, Comendador pela Sociedade Brasileira de Educa\u00e7\u00e3o e Integra\u00e7\u00e3o, Doutor em Lingu\u00edstica pela Universidade de S\u00e3o Paulo-USP, <\/span><span class=\"a_GcMg font-feature-liga-off font-feature-clig-off font-feature-calt-off text-decoration-none text-strikethrough-none\">Mestre em Ci\u00eancias da Religi\u00e3o pela Universidade Presbiteriana Mackenzie (2004), possui gradua\u00e7\u00e3o em Direito pela Faculdade de Direito de S\u00e3o Bernardo do Campo (1993) e Bacharel em Teologia pelo Semin\u00e1rio Presbiteriano Conservador (1988). <\/span><\/p>\n<p class=\"cvGsUA direction-ltr align-justify para-style-body\" style=\"text-align: left;\"><span class=\"a_GcMg font-feature-liga-off font-feature-clig-off font-feature-calt-off text-decoration-none text-strikethrough-none\">Tem atuado na \u00e1rea de Sociologia, com \u00eanfase em Hist\u00f3ria, Sociedade, Religi\u00e3o, Filosofia, Filosofia do Direito, \u00c9tica, Antropologia, Teorias da Comunica\u00e7\u00e3o, Lingu\u00edstica, Topon\u00edmia e Semi\u00f3tica. Foi Membro do N\u00facleo Docente Estruturante NDE do Curso de Direito da Universidade do Estado de Minas Gerais-UEMG &#8211; Unidade Ituiutaba.<\/span><\/p>\n<p class=\"cvGsUA direction-ltr align-justify para-style-body\" style=\"text-align: left;\"><span class=\"a_GcMg font-feature-liga-off font-feature-clig-off font-feature-calt-off text-decoration-none text-strikethrough-none\">Atualmente desenvolvendo projeto de P\u00f3s-Doutorado na Universidade de S\u00e3o Paulo &#8211; USP, na Escola de Comunica\u00e7\u00e3o e Artes &#8211; ECA no tema Metalinguagem e Intertextualidade Latina nos Vitrais das Catedrais Medievais.<\/span><\/p>\n<p class=\"cvGsUA direction-ltr align-justify para-style-body\"><span class=\"a_GcMg font-feature-liga-off font-feature-clig-off font-feature-calt-off text-decoration-none text-strikethrough-none\">\u00c9 Professor da Universidade Presbiteriana Mackenzie, desde 2015 nos cursos de Direito, Administra\u00e7\u00e3o e Engenharia, nos conte\u00fados de Antropologia do Direito, Sociologia Jur\u00eddica, \u00c9tica, Cosmovis\u00e3o e Linguagem. Professor do N\u00facleo de \u00c9tica e Cidadania da mesma Universidade e Pastor Presbiteriano.<\/span><\/p>\n<p class=\"cvGsUA direction-ltr align-justify para-style-body\"><span class=\"a_GcMg font-feature-liga-off font-feature-clig-off font-feature-calt-off text-decoration-none text-strikethrough-none\">Autor do livro \u201cProva\u00e7\u00f5es \u2013 as prova\u00e7\u00f5es na vida crist\u00e3 com base na vida do profeta Elias\u201c publicado pela Edi\u00e7\u00f5es Parakletos, 2002. Devocional sobre a validade das prova\u00e7\u00f5es para o crescimento humano.<\/span><\/p>\n","protected":false},"excerpt":{"rendered":"<p>Em Pr\u00e9-Venda com desconto at\u00e9 dia 22\/03\/26.<\/p>\n<p>Livro \u00e0 cores em papel Couch\u00e9 90g.<\/p>\n<p class=\"cvGsUA direction-ltr align-justify para-style-body\"><span class=\"a_GcMg font-feature-liga-off font-feature-clig-off font-feature-calt-off text-decoration-none text-strikethrough-none\">Este estudo pretende demonstrar a rela\u00e7\u00e3o entre os meios visuais e a transmiss\u00e3o de conhecimento por meio da linguagem visual. A partir de uma an\u00e1lise feita em diversos vitrais existentes em Catedrais da Idade M\u00e9dia nota-se que a linguagem visual ocupou um papel especial no ensino do homem medievo.<\/span><\/p>\n<p class=\"cvGsUA direction-ltr align-justify para-style-body\"><span class=\"a_GcMg font-feature-liga-off font-feature-clig-off font-feature-calt-off text-decoration-none text-strikethrough-none\">Ser\u00e3o estudadas as diversas figuras simb\u00f3licas existentes nos vitrais e como se tornaram instrumento para a transmiss\u00e3o de conceitos hist\u00f3ricos, sociais e religiosos, no ambiente medieval das catedrais.<\/span><\/p>\n<p class=\"cvGsUA direction-ltr align-justify para-style-body\"><span class=\"a_GcMg font-feature-liga-off font-feature-clig-off font-feature-calt-off text-decoration-none text-strikethrough-none\">Considera-se a hist\u00f3ria do per\u00edodo compreendido entre o final da Alta idade m\u00e9dia e durante a Baixa idade m\u00e9dia no que diz respeito ao ambiente religioso e sua import\u00e2ncia na transmiss\u00e3o de conhecimento ao homem medieval. A hist\u00f3ria dos vitrais, sua origem, seus usos e como vieram a ser incorporados \u00e0s constru\u00e7\u00f5es das Catedrais Medievais, estudando um caso espec\u00edfico: \u201cOs Vitrais da Catedral de York\u201d, um dos maiores acervos de vitrais em catedrais medievais.<\/span><\/p>\n<p class=\"cvGsUA direction-ltr align-justify para-style-body\"><span class=\"a_GcMg font-feature-liga-off font-feature-clig-off font-feature-calt-off text-decoration-none text-strikethrough-none\">O prop\u00f3sito da pesquisa \u00e9 relacionar elementos art\u00edsticos da arquitetura, no caso os vitrais, com o processo de transmiss\u00e3o de conhecimento no ambiente medieval, isto com o aux\u00edlio da Hist\u00f3ria como interface principal. Objetiva-se tamb\u00e9m o estudo onom\u00e1stico e topon\u00edmico do espa\u00e7o da Catedral, importante para a compreens\u00e3o do estudo dos vitrais como meio lingu\u00edstico.<\/span><\/p>\n","protected":false},"featured_media":21225,"comment_status":"open","ping_status":"closed","template":"","meta":[],"product_brand":[],"product_cat":[4815,4082],"product_tag":[5249,5255,5254,380,5248,5253,1255,5251,390,5250,5256,5252],"class_list":{"0":"post-21224","1":"product","2":"type-product","3":"status-publish","4":"has-post-thumbnail","6":"product_cat-pre-venda","7":"product_cat-estudoslinguisticos","8":"product_tag-arte","9":"product_tag-doutorado","10":"product_tag-europa-historia","11":"product_tag-historia","12":"product_tag-historia-da-arte","13":"product_tag-igreja","14":"product_tag-linguagem","15":"product_tag-linguagem-visual","16":"product_tag-linguistica","17":"product_tag-museologia","18":"product_tag-tese","19":"product_tag-vitrais","20":"product_shipping_class-normal","22":"first","23":"onbackorder","24":"sale","25":"taxable","26":"shipping-taxable","27":"purchasable","28":"product-type-simple"},"_links":{"self":[{"href":"https:\/\/editorapangeia.com.br\/pt_br\/wp-json\/wp\/v2\/product\/21224","targetHints":{"allow":["GET"]}}],"collection":[{"href":"https:\/\/editorapangeia.com.br\/pt_br\/wp-json\/wp\/v2\/product"}],"about":[{"href":"https:\/\/editorapangeia.com.br\/pt_br\/wp-json\/wp\/v2\/types\/product"}],"replies":[{"embeddable":true,"href":"https:\/\/editorapangeia.com.br\/pt_br\/wp-json\/wp\/v2\/comments?post=21224"}],"wp:featuredmedia":[{"embeddable":true,"href":"https:\/\/editorapangeia.com.br\/pt_br\/wp-json\/wp\/v2\/media\/21225"}],"wp:attachment":[{"href":"https:\/\/editorapangeia.com.br\/pt_br\/wp-json\/wp\/v2\/media?parent=21224"}],"wp:term":[{"taxonomy":"product_brand","embeddable":true,"href":"https:\/\/editorapangeia.com.br\/pt_br\/wp-json\/wp\/v2\/product_brand?post=21224"},{"taxonomy":"product_cat","embeddable":true,"href":"https:\/\/editorapangeia.com.br\/pt_br\/wp-json\/wp\/v2\/product_cat?post=21224"},{"taxonomy":"product_tag","embeddable":true,"href":"https:\/\/editorapangeia.com.br\/pt_br\/wp-json\/wp\/v2\/product_tag?post=21224"}],"curies":[{"name":"wp","href":"https:\/\/api.w.org\/{rel}","templated":true}]}}