{"id":21221,"date":"2026-02-03T20:28:55","date_gmt":"2026-02-03T20:28:55","guid":{"rendered":"https:\/\/editorapangeia.com.br\/?post_type=product&#038;p=21221"},"modified":"2026-02-10T14:16:45","modified_gmt":"2026-02-10T14:16:45","slug":"irreverencia-e-disciplina-antonio-abujamra-e-a-cia-os-fodidos-privilegiados-no-rio-de-janeiro-1991-2000-paula-sandroni","status":"publish","type":"product","link":"https:\/\/editorapangeia.com.br\/pt_br\/product\/irreverencia-e-disciplina-antonio-abujamra-e-a-cia-os-fodidos-privilegiados-no-rio-de-janeiro-1991-2000-paula-sandroni\/","title":{"rendered":"Irrever\u00eancia e disciplina: Antonio Abujamra e a Cia. Os\u2028Fodidos Privilegiados no Rio de Janeiro (1991-2000), Paula Sandroni"},"content":{"rendered":"<p>Com a publica\u00e7\u00e3o deste livro, Paula Sandroni realiza um trabalho meticuloso que transita entre a mem\u00f3ria, a an\u00e1lise, o testemunho e a reflex\u00e3o cr\u00edtica. O resultado do referido gesto \u00e9 uma pesquisa rigorosa, hist\u00f3rica e existencialmente posicionada. Tudo isso disposto em forma de escrita fluida, capaz de dialogar tanto com especialistas quanto com leitores interessados em teatro, hist\u00f3ria cultural e processos de cria\u00e7\u00e3o. Nesse sentido, a obra que chega agora ao p\u00fablico n\u00e3o apenas reconstr\u00f3i uma experi\u00eancia art\u00edstica do passado. Ela convida a pensar o teatro como espa\u00e7o de forma\u00e7\u00e3o, resist\u00eancia e inven\u00e7\u00e3o, no qual irrever\u00eancia e disciplina, longe de se anularem, revelam-se mutuamente necess\u00e1rias. (<strong>Andr\u00e9 Dias<\/strong>, Coordenador do POSLIT \/ UFF).<\/p>\n<blockquote>\n<p style=\"text-align: center;\">Sum\u00e1rio<\/p>\n<\/blockquote>\n<p class=\"p1\" style=\"text-align: center;\">Pref\u00e1cio 15<\/p>\n<p class=\"p1\" style=\"text-align: center;\">Introdu\u00e7\u00e3o 27<\/p>\n<p class=\"p1\" style=\"text-align: center;\"><strong>A forma\u00e7\u00e3o do artista<\/strong><\/p>\n<p class=\"p1\" style=\"text-align: center;\">O in\u00edcio em Porto Alegre 36<\/p>\n<p class=\"p1\" style=\"text-align: center;\">Malas prontas para a Europa 47<\/p>\n<p class=\"p1\" style=\"text-align: center;\">Roger Planchon 52<\/p>\n<p class=\"p1\" style=\"text-align: center;\">Abujamra entra em cena no Th\u00e9\u00e2tre de la Cit\u00e9 72<\/p>\n<p class=\"p1\" style=\"text-align: center;\"><strong>A hist\u00f3ria da Cia.: a funda\u00e7\u00e3o e a divis\u00e3o em fases<\/strong><\/p>\n<p class=\"p1\" style=\"text-align: center;\">Grupos e Companhias na virada dos anos 1980 para 1990 99<\/p>\n<p class=\"p1\" style=\"text-align: center;\">Gesta\u00e7\u00e3o e nascimento de Os Fodidos Privilegiados 113<\/p>\n<p class=\"p1\" style=\"text-align: center;\">A hist\u00f3ria contada em tr\u00eas fases. 120<\/p>\n<p class=\"p1\" style=\"text-align: center;\">Primeira fase: 1991-1993 121<\/p>\n<p class=\"p1\" style=\"text-align: center;\">Segunda fase: a reconstru\u00e7\u00e3o da companhia, 1995-1996 146<\/p>\n<p class=\"p1\" style=\"text-align: center;\">Terceira fase: Abujamra encontra seu sucessor, 1997-2000 166<\/p>\n<p class=\"p1\" style=\"text-align: center;\"><strong>Processos de Cria\u00e7\u00e3o de Espet\u00e1culos e da Dire\u00e7\u00e3o de<\/strong><br \/>\n<strong>Atores ou O que ele recebeu, transfigurou e passou<\/strong><\/p>\n<p class=\"p1\" style=\"text-align: center;\">Ainda Planchon e Brecht 207<\/p>\n<p class=\"p1\" style=\"text-align: center;\">Sobre dramaturgia 221<\/p>\n<p class=\"p1\" style=\"text-align: center;\">Sobre dire\u00e7\u00e3o 226<\/p>\n<p class=\"p1\" style=\"text-align: center;\">Alguns coment\u00e1rios sobre o modo de produzir sem patroc\u00ednio 234<\/p>\n<p class=\"p1\" style=\"text-align: center;\">As dimens\u00f5es art\u00edsticas que foram apresentadas a cada um\/uma 241<\/p>\n<p class=\"p2\" style=\"text-align: center;\"><span class=\"s2\">Considera\u00e7\u00f5es finais ou o legado continua 258<\/span><\/p>\n<p class=\"p1\" style=\"text-align: center;\">Bibliografia 271<\/p>\n<p class=\"p1\" style=\"text-align: center;\">ANEXO I \u2013<br \/>\nAnota\u00e7\u00f5es de Abujamra que passaram por corre\u00e7\u00e3o ortogr\u00e1fica 282<\/p>\n<p class=\"p1\" style=\"text-align: center;\">ANEXO II \u2013 Textos e falas originais (em franc\u00eas) 289<\/p>\n<p class=\"p1\" style=\"text-align: center;\">ANEXO III \u2013 Eventos, teatros e datas de 1991 a 2000 297<\/p>\n<p class=\"p1\" style=\"text-align: center;\">ANEXO IV \u2013 Eventos, teatros e datas a partir do ano 2001 308<\/p>\n<p class=\"p1\" style=\"text-align: center;\">Sobre a autora 317<\/p>\n","protected":false},"excerpt":{"rendered":"<p>Livro selecionado para publica\u00e7\u00e3o em Edital do Programa de P\u00f3s-Gradua\u00e7\u00e3o em Estudos de Literatura da Universidade Federal Fluminense (POSLIT \/ UFF) com recursos da Capes.<\/p>\n<p>Um dos principais m\u00e9ritos do livro de Paula Sandroni est\u00e1 na aten\u00e7\u00e3o dedicada aos processos de cria\u00e7\u00e3o de Antonio Abujamra. O foco desloca-se dos resultados finais para os modos de trabalho: ensaios, escolhas de repert\u00f3rio, rela\u00e7\u00e3o com os textos dramat\u00fargicos, dire\u00e7\u00e3o de atores e estrat\u00e9gias de produ\u00e7\u00e3o em contextos de escassez de recursos. A disciplina revela-se, assim, condi\u00e7\u00e3o de possibilidade da irrever\u00eancia.<\/p>\n<p>A autora, que \u00e9 escritora, atriz e diretora de teatro, vivenciou a Cia Os Fodidos Privilegiados, convivendo com Abujamra e todos os atores e atrizes que passaram pelo grupo. Com isso, o livro tamb\u00e9m conta com iconografia in\u00e9dita doss bastidores dos ensaios e dos espet\u00e1culos, al\u00e9m de saborosas hist\u00f3rias que desvelam o m\u00e9todo e o g\u00eanio de Abujamra.<\/p>\n","protected":false},"featured_media":21208,"comment_status":"open","ping_status":"closed","template":"","meta":[],"product_brand":[],"product_cat":[5003,4079,4828],"product_tag":[5241,160,2151,5243,4190,200,3572,5244,156,5242,1291,5247,3105,191,5245,5246,1228],"class_list":{"0":"post-21221","1":"product","2":"type-product","3":"status-publish","4":"has-post-thumbnail","6":"product_cat-lancamento","7":"product_cat-teatro","8":"product_cat-livrosgratis","9":"product_tag-abujamra","10":"product_tag-andre-dias","11":"product_tag-capes","12":"product_tag-direcao-teatral","13":"product_tag-dramaturgia","14":"product_tag-editora-pangeia","15":"product_tag-eduff","16":"product_tag-historia-do-teatro","17":"product_tag-literatura","18":"product_tag-os-fodidos-privilegiados","19":"product_tag-pangeia-editorial","20":"product_tag-paula-sandroni","21":"product_tag-poslit-uff","22":"product_tag-teatro","23":"product_tag-teatro-brasileiro","24":"product_tag-teatro-carioca","25":"product_tag-universidade","26":"product_shipping_class-normal","28":"first","29":"instock","30":"featured","31":"shipping-taxable","32":"product-type-grouped"},"_links":{"self":[{"href":"https:\/\/editorapangeia.com.br\/pt_br\/wp-json\/wp\/v2\/product\/21221","targetHints":{"allow":["GET"]}}],"collection":[{"href":"https:\/\/editorapangeia.com.br\/pt_br\/wp-json\/wp\/v2\/product"}],"about":[{"href":"https:\/\/editorapangeia.com.br\/pt_br\/wp-json\/wp\/v2\/types\/product"}],"replies":[{"embeddable":true,"href":"https:\/\/editorapangeia.com.br\/pt_br\/wp-json\/wp\/v2\/comments?post=21221"}],"wp:featuredmedia":[{"embeddable":true,"href":"https:\/\/editorapangeia.com.br\/pt_br\/wp-json\/wp\/v2\/media\/21208"}],"wp:attachment":[{"href":"https:\/\/editorapangeia.com.br\/pt_br\/wp-json\/wp\/v2\/media?parent=21221"}],"wp:term":[{"taxonomy":"product_brand","embeddable":true,"href":"https:\/\/editorapangeia.com.br\/pt_br\/wp-json\/wp\/v2\/product_brand?post=21221"},{"taxonomy":"product_cat","embeddable":true,"href":"https:\/\/editorapangeia.com.br\/pt_br\/wp-json\/wp\/v2\/product_cat?post=21221"},{"taxonomy":"product_tag","embeddable":true,"href":"https:\/\/editorapangeia.com.br\/pt_br\/wp-json\/wp\/v2\/product_tag?post=21221"}],"curies":[{"name":"wp","href":"https:\/\/api.w.org\/{rel}","templated":true}]}}