{"id":21076,"date":"2026-01-24T04:47:01","date_gmt":"2026-01-24T04:47:01","guid":{"rendered":"https:\/\/editorapangeia.com.br\/?post_type=product&#038;p=21076"},"modified":"2026-04-09T18:38:08","modified_gmt":"2026-04-09T18:38:08","slug":"por-uma-formacao-humanista-as-disciplinas-de-exatas-na-sala-de-aula-max-mesquita-livro-e-pdf","status":"publish","type":"product","link":"https:\/\/editorapangeia.com.br\/pt_br\/product\/por-uma-formacao-humanista-as-disciplinas-de-exatas-na-sala-de-aula-max-mesquita-livro-e-pdf\/","title":{"rendered":"Por uma forma\u00e7\u00e3o humanista: as disciplinas de exatas na sala de aula, Max Mesquita"},"content":{"rendered":"<p>Desde o sum\u00e1rio, passando por listas e por indica\u00e7\u00e3o das abreviaturas, este livro mostra a profundidade e a extens\u00e3o de sua abrang\u00eancia. Confira:<\/p>\n<p style=\"text-align: center;\"><strong>SUM\u00c1RIO<\/strong><\/p>\n<p class=\"p1\" style=\"text-align: center;\">Lista de Ilustra\u00e7\u00f5es<br \/>\nLista de Abreviaturas e Siglas<\/p>\n<p class=\"p2\" style=\"text-align: center;\"><span class=\"s1\">A origem do fazer-se educador e as dimens\u00f5es do humano<br \/>\n<\/span>A maturidade<br \/>\nO in\u00edcio da busca<br \/>\nIda para o M\u00e9xico<br \/>\nO retorno para o Brasil: A terra de Freire<br \/>\nO encontro com a trilha educacional cr\u00edtica e libertadora<br \/>\nA import\u00e2ncia do ensino e aprendizagem de<br \/>\nCi\u00eancias da Natureza e o seu Curr\u00edculo<br \/>\nAportes te\u00f3ricos metodol\u00f3gicos da pesquisa e documentos de pesquisa<\/p>\n<p class=\"p2\" style=\"text-align: center;\">A Qu\u00edmica e F\u00edsica como conhecimento<br \/>\nNas trilhas do conhecimento<br \/>\nSobre a origem da Qu\u00edmica e da Fisica<br \/>\nSobre a origem da Qu\u00edmica<br \/>\nSobre a origem da F\u00edsica<\/p>\n<p class=\"p2\" style=\"text-align: center;\">Qu\u00edmica e F\u00edsica como disciplinas<br \/>\nQu\u00edmica como Disciplina<br \/>\nF\u00edsica como Disciplina<br \/>\nF\u00edsica e Qu\u00edmica na Base Nacional Comum Curricular<\/p>\n<p class=\"p2\" style=\"text-align: center;\"><span class=\"s1\">Forma\u00e7\u00e3o de educadoras e educadores de F\u00edsica<\/span><\/p>\n<p class=\"p1\" style=\"text-align: center;\">Qu\u00edmica: As Licenciaturas<br \/>\nA Interdisciplinaridade e o curr\u00edculo como sa\u00edda pedag\u00f3gica<br \/>\nA Interdisciplinaridade no Cen\u00e1rio da Unicamp<br \/>\nA Faculdade de Educa\u00e7\u00e3o e os institutos de F\u00edsica e Qu\u00edmica: O Curso<\/p>\n<p class=\"p1\" style=\"text-align: center;\">Qu\u00edmica e F\u00edsica na Educa\u00e7\u00e3o de Jovens e Adultos &#8211; EJA<br \/>\nA EJA como cen\u00e1rio social e de desenvolvimento do conhecimento cient\u00edfico<br \/>\nA trajet\u00f3ria da EJA e a sua import\u00e2ncia<br \/>\nAs Educandas e Educandos atuantes na EJA<br \/>\nCurr\u00edculo da EJA<br \/>\nF\u00edsica na EJA<br \/>\nQu\u00edmica da EJA<\/p>\n<p class=\"p1\" style=\"text-align: center;\">Considera\u00e7\u00f5es Finais<\/p>\n<p class=\"p1\" style=\"text-align: center;\">Refer\u00eancias.<\/p>\n<p class=\"p1\" style=\"text-align: center;\">\u00cdndice Remissivo<\/p>\n<p class=\"p1\" style=\"text-align: center;\"><span class=\"s2\"><strong>Lista de Ilustra\u00e7\u00f5es<\/strong><br \/>\n<\/span>Multiplicidade versus Pluralidade<br \/>\nDimens\u00e3o versus Crescimento<br \/>\nTrajet\u00f3rias ReflexivasLinhas Alternativas<br \/>\nCaminhos Serenos<br \/>\nSurgimento.<br \/>\nNuancias<br \/>\nRegistro sobre reportagem do educador Mario Mesquita:<br \/>\na situa\u00e7\u00e3o educacional na d\u00e9cada de 1986<\/p>\n<p style=\"text-align: center;\"><em><strong>Por uma educa\u00e7\u00e3o humanista<br \/>\n<\/strong><\/em><strong>Max Mesquita<\/strong><em><strong><br \/>\n<\/strong><\/em>360 p\u00e1ginas<br \/>\nIlustrado<br \/>\nProjeto gr\u00e1fico, capa<br \/>\ne diagrama\u00e7\u00e3o:<br \/>\nR\u00edzera \u2013 R\u00edzio Macedo<br \/>\nParatextos:<br \/>\nNima Spigolon (Unicamp) e<br \/>\nCrispim Antonio Campos (UFSCar)<br \/>\nEditor:<br \/>\nRauer<\/p>\n<blockquote>\n<p style=\"text-align: center;\"><strong><span style=\"color: #ff0000;\"><a style=\"color: #ff0000;\" href=\"https:\/\/editorapangeia.com.br\/pt_br\/entrevista-com-max-mesquita\/\">Entrevista com Max Mesquita<\/a><\/span><\/strong><\/p>\n<\/blockquote>\n","protected":false},"excerpt":{"rendered":"<p>Este livro transforma trajet\u00f3ria biogr\u00e1fica, da fam\u00edlia \u00e0 escola, da travessia no ensino \u00e0 pesquisa acad\u00eamica, e do aprendizado te\u00f3rico \u00e0 pr\u00e1xis cotidiana, em mat\u00e9ria de reflex\u00e3o, em proposi\u00e7\u00f5es centradas em seu objeto para transcender o olhar para a compreens\u00e3o do ensino em suas diversas facetas.<\/p>\n<p>Ademais, a peculiar e original metodologia na abordagem dos temas desvela procedimentos de estudo inspiradores, abrindo perspectivas de a\u00e7\u00e3o e de estudo que humanizam os processos. O conceito de base, da forma\u00e7\u00e3o humanizadora, se faz tamb\u00e9m m\u00e9todo, e a forma tamb\u00e9m se faz conte\u00fado.<\/p>\n<p>Sob todos os aspectos, o livro de Max Mesquita \u00e9 inspirador.<\/p>\n<p>Confira: pre\u00e7o especial de lan\u00e7amento, at\u00e9 10\/03\/2026, para o livro f\u00edsico, com 50% de desconto, e, at\u00e9 10\/02\/2026, baixe o arquivo PDF gratuitamente.<\/p>\n","protected":false},"featured_media":20320,"comment_status":"open","ping_status":"closed","template":"","meta":[],"product_brand":[],"product_cat":[4083],"product_tag":[802,803,453,4972,368,3004,351,350,4973,5080,4975,4977,1594,4976,4974,1891,530],"class_list":{"0":"post-21076","1":"product","2":"type-product","3":"status-publish","4":"has-post-thumbnail","6":"product_cat-educacaoensino","7":"product_tag-bncc","8":"product_tag-curriculo","9":"product_tag-educacao","10":"product_tag-educacao-humanista","11":"product_tag-eja","12":"product_tag-eja-educacao-de-jovens-e-adultos","13":"product_tag-ensino","14":"product_tag-escola","15":"product_tag-fisica","16":"product_tag-formacao-antirracista","17":"product_tag-gestao-escolar","18":"product_tag-interdisciplinaridade","19":"product_tag-max-mesquita","20":"product_tag-paulo-freire-na-pratica","21":"product_tag-quimica","22":"product_tag-sala-de-aula","23":"product_tag-unicamp","24":"product_shipping_class-normal","26":"first","27":"instock","28":"sale","29":"featured","30":"shipping-taxable","31":"product-type-grouped"},"_links":{"self":[{"href":"https:\/\/editorapangeia.com.br\/pt_br\/wp-json\/wp\/v2\/product\/21076","targetHints":{"allow":["GET"]}}],"collection":[{"href":"https:\/\/editorapangeia.com.br\/pt_br\/wp-json\/wp\/v2\/product"}],"about":[{"href":"https:\/\/editorapangeia.com.br\/pt_br\/wp-json\/wp\/v2\/types\/product"}],"replies":[{"embeddable":true,"href":"https:\/\/editorapangeia.com.br\/pt_br\/wp-json\/wp\/v2\/comments?post=21076"}],"wp:featuredmedia":[{"embeddable":true,"href":"https:\/\/editorapangeia.com.br\/pt_br\/wp-json\/wp\/v2\/media\/20320"}],"wp:attachment":[{"href":"https:\/\/editorapangeia.com.br\/pt_br\/wp-json\/wp\/v2\/media?parent=21076"}],"wp:term":[{"taxonomy":"product_brand","embeddable":true,"href":"https:\/\/editorapangeia.com.br\/pt_br\/wp-json\/wp\/v2\/product_brand?post=21076"},{"taxonomy":"product_cat","embeddable":true,"href":"https:\/\/editorapangeia.com.br\/pt_br\/wp-json\/wp\/v2\/product_cat?post=21076"},{"taxonomy":"product_tag","embeddable":true,"href":"https:\/\/editorapangeia.com.br\/pt_br\/wp-json\/wp\/v2\/product_tag?post=21076"}],"curies":[{"name":"wp","href":"https:\/\/api.w.org\/{rel}","templated":true}]}}