{"id":21034,"date":"2025-12-31T15:00:53","date_gmt":"2025-12-31T15:00:53","guid":{"rendered":"https:\/\/editorapangeia.com.br\/?post_type=product&#038;p=21034"},"modified":"2026-04-09T18:33:13","modified_gmt":"2026-04-09T18:33:13","slug":"empreendedores-do-futuro-casos-de-saberes-verinalda-gomes-de-lima-fernando-gomes-de-paiva-junior-pdf-e-epub","status":"publish","type":"product","link":"https:\/\/editorapangeia.com.br\/pt_br\/product\/empreendedores-do-futuro-casos-de-saberes-verinalda-gomes-de-lima-fernando-gomes-de-paiva-junior-pdf-e-epub\/","title":{"rendered":"Empreendedores do Futuro: Casos de Saberes &#038; Realiza\u00e7\u00f5es; Verinalda Gomes de Lima; Fernando Gomes de Paiva J\u00fanior"},"content":{"rendered":"<p class=\"p2\"><em><strong>Empreendedores do Futuro<\/strong>: Casos de Saberes &amp; Realiza\u00e7\u00f5es<\/em>, de \u00a0Verinalda Gomes de Lima e Fernando Gomes de Paiva J\u00fanior, nasce de trabalho merit\u00f3rio de atua\u00e7\u00e3o comunit\u00e1ria, que abre perspectivas e expande horizontes de jovens atrav\u00e9s do ensino.<\/p>\n<p style=\"text-align: center;\"><strong>Eis o sum\u00e1rio do livro:<\/strong><\/p>\n<p style=\"text-align: center;\">Sobre os autores<\/p>\n<p style=\"text-align: center;\">Estudantes egressos do Projeto L\u00edder do Futuro<\/p>\n<p style=\"text-align: center;\">Agradecimentos<\/p>\n<p style=\"text-align: center;\">Apresenta\u00e7\u00e3o<\/p>\n<p style=\"text-align: center;\">Sum\u00e1rio<\/p>\n<p class=\"p1\" style=\"text-align: center;\">Pref\u00e1cio<\/p>\n<p class=\"p1\" style=\"text-align: center;\">Hist\u00f3ria do Projeto L\u00edder do Futuro<br \/>\ne Associa\u00e7\u00e3o Trapeiros de Ema\u00fas<\/p>\n<p class=\"p1\" style=\"text-align: center;\">Resili\u00eancia<br \/>\nAnderson Nunes Lima<\/p>\n<p class=\"p1\" style=\"text-align: center;\">Despertar<br \/>\nAyrton Mendon\u00e7a de Santana<\/p>\n<p class=\"p1\" style=\"text-align: center;\">Descoberta<br \/>\nCamila Gon\u00e7alves de Barros Carneiro<\/p>\n<p class=\"p1\" style=\"text-align: center;\">Vis\u00e3o<br \/>\nDenylson Moacir dos Santos Ferreira<\/p>\n<p class=\"p1\" style=\"text-align: center;\">Perseveran\u00e7a e conhecimento<br \/>\nEverson Marcos<\/p>\n<p class=\"p1\" style=\"text-align: center;\">Comprometimento e integridade<br \/>\nF\u00e1bio Ant\u00f4nio do Nascimento<\/p>\n<p class=\"p1\" style=\"text-align: center;\">Protagonismo e confian\u00e7a<br \/>\n\u00cdtalo Caio Stoesse da Silva Braz<\/p>\n<p class=\"p1\" style=\"text-align: center;\">Gratid\u00e3o e aprendizado<br \/>\nJo\u00e3o Felipe Alves Rodrigues<\/p>\n<p class=\"p2\" style=\"text-align: center;\"><span class=\"s2\">Paix\u00e3o com prop\u00f3sito<br \/>\nJo\u00e3o Paulo<\/span><\/p>\n<p class=\"p1\" style=\"text-align: center;\">Colabora\u00e7\u00e3o e comprometimento<br \/>\nJos\u00e9 Fenelon de Lima Neto<\/p>\n<p class=\"p1\" style=\"text-align: center;\">Determina\u00e7\u00e3o e supera\u00e7\u00e3o<br \/>\nJ\u00falio C\u00e9sar Almeida Silva J\u00fanior<\/p>\n<p class=\"p1\" style=\"text-align: center;\">Miss\u00e3o, Vis\u00e3o e Valores<br \/>\nLarissa Gabriela Bandeira de Oliveira<\/p>\n<p class=\"p1\" style=\"text-align: center;\">Gratid\u00e3o e oportunidade<br \/>\nLucas Emanoel de Souza R\u00eago<\/p>\n<p class=\"p1\" style=\"text-align: center;\">Vis\u00e3o e resili\u00eancia<br \/>\nLucas Fl\u00e1vio<\/p>\n<p class=\"p1\" style=\"text-align: center;\">Realiza\u00e7\u00e3o e transforma\u00e7\u00e3o<br \/>\nNardelly Santana de Medeiros<\/p>\n<p class=\"p1\" style=\"text-align: center;\">Determina\u00e7\u00e3o e supera\u00e7\u00e3o<br \/>\nNathanael Lustosa de Carvalho<\/p>\n<p class=\"p1\" style=\"text-align: center;\">Criatividade e altru\u00edsmo<br \/>\nRenan Rodrigues de Lima<\/p>\n<p class=\"p1\" style=\"text-align: center;\">Supera\u00e7\u00e3o com consci\u00eancia<br \/>\nValdecila Maria Bandeira da Silva<\/p>\n<p class=\"p1\" style=\"text-align: center;\">Coragem e senso de oportunidade<br \/>\nValmir Finoti<\/p>\n<p class=\"p1\" style=\"text-align: center;\">Persist\u00eancia e independ\u00eancia<br \/>\nVin\u00edcius Castilho Matias de Amorim<\/p>\n<p class=\"p1\" style=\"text-align: center;\">Crescimento e maturidade<br \/>\nWilson Ant\u00f4nio Ferreira<\/p>\n<p class=\"p1\" style=\"text-align: center;\">Imagens dos alunos que j\u00e1 passaram pelo Projeto<br \/>\nL\u00edder do Futuro desde 2015 .<\/p>\n<p class=\"p1\" style=\"text-align: center;\">Sitografia<\/p>\n<p style=\"text-align: center;\">Outros livros da Pangeia<\/p>\n<p style=\"text-align: center;\">Colof\u00e3o:<\/p>\n<p style=\"text-align: center;\">\n","protected":false},"excerpt":{"rendered":"<p class=\"p1\">Conhe\u00e7a as hist\u00f3rias de vida dos egressos do Curso de Empreendedorismo do Projeto Social L\u00edder do Futuro da Corporativa Cursos e Treinamentos, realizado em parceria com a Associa\u00e7\u00e3o Trapeiros de Ema\u00fas Recife de 2016 a 2023.<\/p>\n<p class=\"p1\">O livro <em><strong>Empreendedores do futuro: casos de saberes e Realiza\u00e7\u00f5es<\/strong><\/em> traz relatos de egressos e narra como os professores do Curso de Empreendedorismo v\u00eam colaborando para seu progresso, tanto pessoal como profissional; alguns deles j\u00e1 est\u00e3o atuando na \u00e1rea. Outros empreenderam atrav\u00e9s de suas carreiras profissionais, n\u00e3o obstante o fato de a maioria ter acessado novas possibilidades que se viabilizam com carteira assinada e sal\u00e1rio fixo mensal nas suas contas correntes.<\/p>\n<p>Confira a proposta, reflex\u00f5es sobre o projeto e depoimentos dos jovens empreendedores. A renda da venda dos livros \u00e9 revertida \u00e0 continuidade do projeto.<\/p>\n","protected":false},"featured_media":21026,"comment_status":"open","ping_status":"closed","template":"","meta":[],"product_brand":[],"product_cat":[4085],"product_tag":[5186,2942,453,5195,5189,5187,351,787,5190,5184,5188,380,5196,314,1806,1230,5192,5185,5194,4994,5191,5183],"class_list":{"0":"post-21034","1":"product","2":"type-product","3":"status-publish","4":"has-post-thumbnail","6":"product_cat-economianegocios","7":"product_tag-associacao-trapeiros-de-emaus","8":"product_tag-economia","9":"product_tag-educacao","10":"product_tag-empreendedores","11":"product_tag-empreendedorismo","12":"product_tag-empregos","13":"product_tag-ensino","14":"product_tag-epub","15":"product_tag-estudantes-formacao-pessoal","16":"product_tag-fernando-gomes-de-paiva-junior","17":"product_tag-futuro","18":"product_tag-historia","19":"product_tag-impressao-sob-demanda","20":"product_tag-memoria","21":"product_tag-negocios","22":"product_tag-pdf","23":"product_tag-profa-verinalda","24":"product_tag-projeto-lider-do-futuro","25":"product_tag-projeto-social","26":"product_tag-protagonismo","27":"product_tag-recife-pe","28":"product_tag-verinalda-gomes-de-lima","29":"product_shipping_class-normal","31":"first","32":"instock","33":"shipping-taxable","34":"product-type-grouped"},"_links":{"self":[{"href":"https:\/\/editorapangeia.com.br\/pt_br\/wp-json\/wp\/v2\/product\/21034","targetHints":{"allow":["GET"]}}],"collection":[{"href":"https:\/\/editorapangeia.com.br\/pt_br\/wp-json\/wp\/v2\/product"}],"about":[{"href":"https:\/\/editorapangeia.com.br\/pt_br\/wp-json\/wp\/v2\/types\/product"}],"replies":[{"embeddable":true,"href":"https:\/\/editorapangeia.com.br\/pt_br\/wp-json\/wp\/v2\/comments?post=21034"}],"wp:featuredmedia":[{"embeddable":true,"href":"https:\/\/editorapangeia.com.br\/pt_br\/wp-json\/wp\/v2\/media\/21026"}],"wp:attachment":[{"href":"https:\/\/editorapangeia.com.br\/pt_br\/wp-json\/wp\/v2\/media?parent=21034"}],"wp:term":[{"taxonomy":"product_brand","embeddable":true,"href":"https:\/\/editorapangeia.com.br\/pt_br\/wp-json\/wp\/v2\/product_brand?post=21034"},{"taxonomy":"product_cat","embeddable":true,"href":"https:\/\/editorapangeia.com.br\/pt_br\/wp-json\/wp\/v2\/product_cat?post=21034"},{"taxonomy":"product_tag","embeddable":true,"href":"https:\/\/editorapangeia.com.br\/pt_br\/wp-json\/wp\/v2\/product_tag?post=21034"}],"curies":[{"name":"wp","href":"https:\/\/api.w.org\/{rel}","templated":true}]}}