{"id":20979,"date":"2026-01-10T00:54:42","date_gmt":"2026-01-10T00:54:42","guid":{"rendered":"https:\/\/editorapangeia.com.br\/?post_type=product&#038;p=20979"},"modified":"2026-04-09T17:39:10","modified_gmt":"2026-04-09T17:39:10","slug":"paulo-freire-unidade-diversidade-dialogicidade-orgs-camila-lima-coimbra-nima-spigolon","status":"publish","type":"product","link":"https:\/\/editorapangeia.com.br\/pt_br\/product\/paulo-freire-unidade-diversidade-dialogicidade-orgs-camila-lima-coimbra-nima-spigolon\/","title":{"rendered":"Paulo Freire: unidade, diversidade, dialogicidade \u2013 Orgs.: Camila Lima Coimbra, Nima Spigolon"},"content":{"rendered":"<div>Este livro trata de diversos temas centrais no pensamento freireano: arte e educa\u00e7\u00e3o, cultura, teatro, pol\u00edtica, educa\u00e7\u00e3o popular, conex\u00e3o ancestral, esperan\u00e7a, escola&#8230;<\/div>\n<div>.<\/div>\n<div>Os temas s\u00e3o tratados com seriedade intelectual e dist\u00e2ncia cr\u00edtica, sem perder de vista a \u201cboniteza\u201d de um fazer hist\u00f3ria como sujeito livre, corajoso e transgressor.<\/div>\n<div>.<\/div>\n<div>Nas palavras de Paulo Freire,<\/div>\n<blockquote>\n<div class=\"gmail_default\" style=\"text-align: left;\">Pensar a Hist\u00f3ria como possibilidade \u00e9 reconhecer a educa\u00e7\u00e3o tamb\u00e9m como possibilidade. \u00c9 reconhecer que se ela, a educa\u00e7\u00e3o, n\u00e3o pode tudo, pode alguma coisa. Sua for\u00e7a reside na sua fraqueza. Uma de nossas tarefas, como educadores e educadoras, \u00e9 descobrir o que historicamente pode ser feito no sentido de contribuir para a transforma\u00e7\u00e3o do mundo, de que resulte um mundo mais \u201credondo\u201d, menos arestoso, mais humano, e em que se prepare a materializa\u00e7\u00e3o da grande Utopia: Unidade na Diversidade.<\/div>\n<\/blockquote>\n<div>Seguindo as li\u00e7\u00f5es de Paulo Freire, esse \u00e9 um livro para o di\u00e1logo, para as diferen\u00e7as anunciarem suas perspectivas cr\u00edticas de resist\u00eancia, de uma pr\u00e1xis revolucion\u00e1ria, de uma atualidade e radicalidade que s\u00e3o intr\u00ednsecas ao patrono da educa\u00e7\u00e3o brasileira.<\/div>\n<div>.<\/div>\n<div>Reconhecer, dialogar, compreender e agir na realidade foi a trama que enredou a constru\u00e7\u00e3o e organiza\u00e7\u00e3o desse livro.<\/div>\n<div>.<\/div>\n<div>A obra est\u00e1 dividida em duas partes. Eis o sum\u00e1rio do livro, com os artigos e respectivos autores e autoras:<\/div>\n<div><\/div>\n<div style=\"text-align: center;\">Sum\u00e1rio<\/div>\n<div>.<\/div>\n<div style=\"text-align: center;\">Parte I:<br \/>\nSobre o patrono da educa\u00e7\u00e3o brasileira<\/div>\n<div>.<\/div>\n<div style=\"text-align: center;\">Sobre o meu pai<br \/>\nF\u00e1tima Freire<\/div>\n<div>.<\/div>\n<div style=\"text-align: center;\">Paulo Freire e Arte\/Educa\u00e7\u00e3o<br \/>\nAna Mae Barbosa<\/div>\n<div>.<\/div>\n<div style=\"text-align: center;\">A educa\u00e7\u00e3o como cultura: revisitando<br \/>\nalgumas ideias em Paulo Freire<br \/>\nSandra Pereira Tosta<\/div>\n<div>.<\/div>\n<div style=\"text-align: center;\">Di\u00e1logo freireano como um caminho impulsionador<br \/>\ndo artista\/docente de teatro no espa\u00e7o escolar<br \/>\nKalyna de Paula Aguiar<\/div>\n<div>.<\/div>\n<div style=\"text-align: center;\">Di\u00e1logos pol\u00edticos y experiencia vivida<br \/>\nIn\u00e9s Fern\u00e1ndez Mouj\u00e1n<\/div>\n<div>.<\/div>\n<div style=\"text-align: center;\">Educa\u00e7\u00e3o Popular: minha hist\u00f3ria interconectada com Freire<br \/>\nSilvia Maria Manfredi<\/div>\n<div>.<\/div>\n<div style=\"text-align: center;\">A conex\u00e3o ancestral com a concep\u00e7\u00e3o<br \/>\nde educa\u00e7\u00e3o em Paulo Freire<br \/>\nLucivaldo Paz de Lira<\/div>\n<div>.<\/div>\n<div style=\"text-align: center;\">Esperan\u00e7a: uma afinidade eletiva entre<br \/>\nPaulo Freire e Byung-Chul Han<br \/>\nArist\u00f3teles Berino<\/div>\n<div>.<\/div>\n<div style=\"text-align: center;\">Parte II:<br \/>\nSobre a Pedagogia do Oprimido<\/div>\n<div>.<\/div>\n<div style=\"text-align: center;\">A Pedagogia do Oprimido antes da Pedagogia do Oprimido<br \/>\nCarlos Rodrigues Brand\u00e3o<\/div>\n<div>.<\/div>\n<div style=\"text-align: center;\">A educa\u00e7\u00e3o e a cultura nos movimentos de cultura<br \/>\npopular dos anos sessenta no Brasil<br \/>\nCarlos Rodrigues Brand\u00e3o (In memoriam)<br \/>\nC\u00e9sar Ferreira da Silva<\/div>\n<div>.<\/div>\n<div style=\"text-align: center;\">Con-Fiando Esperan\u00e7ares: Paulo Freire<br \/>\ne Diversidade em Di\u00e1logo<br \/>\nInez Helena Muniz Garcia<br \/>\nEliane Aparecida Bacocina<\/div>\n<div>.<\/div>\n<div style=\"text-align: center;\">Por uma escola para passar de ano? O regime de<br \/>\natividades n\u00e3o presenciais em Minas Gerais<br \/>\nna transpandemia da Covid-19<br \/>\nS\u00f4nia Ma\u00edza da Silva<br \/>\nTiago Zanqu\u00eata de Souza<\/div>\n<div>.<\/div>\n<div style=\"text-align: center;\">\u201cCaderno de cultura\u201d: contexto e texto do pensamento<\/div>\n<div style=\"text-align: center;\">freireano no Curso de Pedagogia \u2014<br \/>\nUberaba (MG), 1962\u201383<br \/>\nBet\u00e2nia de Oliveira Laterza Ribeiro<br \/>\nJos\u00e9 Carlos de Souza Ara\u00fajo<\/div>\n<div>.<\/div>\n<div style=\"text-align: center;\">Etnoci\u00eancia. Reflex\u00f5es pedag\u00f3gicas e pesquisa cient\u00edfica.<br \/>\nAdriano Nogueira<\/div>\n<div>.<\/div>\n<div style=\"text-align: center;\">Educa\u00e7\u00e3o Libertadora a partir de Hist\u00f3rias Geradoras<br \/>\nCristiane Bertolucci de Oliveira<br \/>\nArthur Ira\u00e7u Amaral Fuscaldo<\/div>\n<div>.<\/div>\n<div style=\"text-align: center;\"><img loading=\"lazy\" decoding=\"async\" class=\"alignnone wp-image-20981\" src=\"http:\/\/editorapangeia.com.br\/wp-content\/uploads\/2026\/01\/PF_Close_foto-300x296.webp\" alt=\"\" width=\"458\" height=\"452\" srcset=\"https:\/\/editorapangeia.com.br\/wp-content\/uploads\/2026\/01\/PF_Close_foto-300x296.webp 300w, https:\/\/editorapangeia.com.br\/wp-content\/uploads\/2026\/01\/PF_Close_foto-12x12.webp 12w, https:\/\/editorapangeia.com.br\/wp-content\/uploads\/2026\/01\/PF_Close_foto-100x100.webp 100w, https:\/\/editorapangeia.com.br\/wp-content\/uploads\/2026\/01\/PF_Close_foto-50x50.webp 50w, https:\/\/editorapangeia.com.br\/wp-content\/uploads\/2026\/01\/PF_Close_foto.webp 358w\" sizes=\"auto, (max-width: 458px) 100vw, 458px\" \/><\/div>\n<div style=\"text-align: left;\">.<\/div>\n<div>Confira as normas do financiamento coletivo e da pr\u00e9-venda deste livro na Plataforma Gondwana, clicando <a href=\"http:\/\/editorapangeia.com.br\/gondwana\"><strong>AQUI<\/strong><\/a>.<\/div>\n<div>.<\/div>\n<div><strong>Cupom: <\/strong>RETIROOLIVRONOLAN\u00c7AMENTO<br \/>\nDesconto adicional de R$ 10,00, para o cliente retirar seu(s) livro(s) no evento de lan\u00e7amento. Utilize o cupom no campo indicado no momento de fechar o pedido.<\/div>\n","protected":false},"excerpt":{"rendered":"<p>O livro re\u00fane 21 autores e autoras, que, em quinze artigos, trabalham alguns dos conceitos fundamentais de Paulo Freire, em especial do livro <em><strong>Pedagogia do Oprimido<\/strong><\/em>, ao lado de depoimentos prim\u00e1rios sobre Paulo Freire e sobre o contexto hist\u00f3rico e cultural em que o pensamento freireano foi concebido, gestado e amadurecido.<\/p>\n<p>Da pluralidade de vozes e de abordagens se faz um di\u00e1logo que enriquece a fortuna da recep\u00e7\u00e3o sobre as concep\u00e7\u00f5es, a \u00e9tica e a est\u00e9tica de Paulo Freire, que demonstram que a unidade do pensamento freireano \u00e9 forjada na compreens\u00e3o da diversidade antropol\u00f3gica do humano.<\/p>\n<p>Um bel\u00edssimo livro, com ricas e inestim\u00e1veis contribui\u00e7\u00f5es ao legado de Paulo Freire, organizado por duas das maiores estudiosas brasileiras da obra freireana, as professoras Camila Lima Coimbra (UFU) e Nima Spigolon (Unicamp).<\/p>\n<p>Livro em financiamento coletivo atrav\u00e9s de pr\u00e9-venda, com desconto especial\u00edssimo de 50%. Receba ainda de brinde especial marcador do livro e um cart\u00e3o com a ef\u00edgie de Elza Freire.<\/p>\n<p>Confira as normas do financiamento coletivo e da pr\u00e9-venda deste livro na Plataforma Gondwana, clicando <a href=\"http:\/\/editorapangeia.com.br\/gondwana\"><strong>AQUI<\/strong><\/a>.<\/p>\n","protected":false},"featured_media":21496,"comment_status":"open","ping_status":"closed","template":"","meta":[],"product_brand":[],"product_cat":[5003,4083],"product_tag":[],"class_list":{"0":"post-20979","1":"product","2":"type-product","3":"status-publish","4":"has-post-thumbnail","6":"product_cat-lancamento","7":"product_cat-educacaoensino","8":"product_shipping_class-normal","10":"first","11":"onbackorder","12":"sale","13":"shipping-taxable","14":"purchasable","15":"product-type-simple"},"_links":{"self":[{"href":"https:\/\/editorapangeia.com.br\/pt_br\/wp-json\/wp\/v2\/product\/20979","targetHints":{"allow":["GET"]}}],"collection":[{"href":"https:\/\/editorapangeia.com.br\/pt_br\/wp-json\/wp\/v2\/product"}],"about":[{"href":"https:\/\/editorapangeia.com.br\/pt_br\/wp-json\/wp\/v2\/types\/product"}],"replies":[{"embeddable":true,"href":"https:\/\/editorapangeia.com.br\/pt_br\/wp-json\/wp\/v2\/comments?post=20979"}],"wp:featuredmedia":[{"embeddable":true,"href":"https:\/\/editorapangeia.com.br\/pt_br\/wp-json\/wp\/v2\/media\/21496"}],"wp:attachment":[{"href":"https:\/\/editorapangeia.com.br\/pt_br\/wp-json\/wp\/v2\/media?parent=20979"}],"wp:term":[{"taxonomy":"product_brand","embeddable":true,"href":"https:\/\/editorapangeia.com.br\/pt_br\/wp-json\/wp\/v2\/product_brand?post=20979"},{"taxonomy":"product_cat","embeddable":true,"href":"https:\/\/editorapangeia.com.br\/pt_br\/wp-json\/wp\/v2\/product_cat?post=20979"},{"taxonomy":"product_tag","embeddable":true,"href":"https:\/\/editorapangeia.com.br\/pt_br\/wp-json\/wp\/v2\/product_tag?post=20979"}],"curies":[{"name":"wp","href":"https:\/\/api.w.org\/{rel}","templated":true}]}}