{"id":20935,"date":"2025-12-30T20:00:43","date_gmt":"2025-12-30T20:00:43","guid":{"rendered":"https:\/\/editorapangeia.com.br\/?post_type=product&#038;p=20935"},"modified":"2026-04-04T12:24:29","modified_gmt":"2026-04-04T12:24:29","slug":"depois-daquela-porta-livro-epub-nana-vell","status":"publish","type":"product","link":"https:\/\/editorapangeia.com.br\/pt_br\/product\/depois-daquela-porta-livro-epub-nana-vell\/","title":{"rendered":"Depois daquela porta, Livro + ePub, Nana Vell"},"content":{"rendered":"<p>Ah, os deliciosos segredos de Nana Vell\u2026 todos eles vivem <strong><em>Depois Daquela Porta<\/em><\/strong>.<br \/>\nSegredos que chamam, que sussurram, que prometem mais do que revelam \u2014 e que aguardam o leitor logo ali, na fresta acesa da alcova, no espa\u00e7o onde o desejo respira antes de ganhar nome.<\/p>\n<p>Ao mist\u00e9rio do pseud\u00f4nimo se soma outro ainda mais instigante:<br \/>\no que existe \u201cdepois daquela porta\u201d?<br \/>\nAtr\u00e1s da madeira entreaberta, vivem transgress\u00f5es silenciosas, encontros furtivos, pulsos \u00edntimos, pequenos abismos e liberta\u00e7\u00f5es. \u00c9 ali que se anuncia um pacto novo: o da autonomia, do corpo que se reconhece, da mulher que n\u00e3o pede licen\u00e7a para sentir.<\/p>\n<p>Os mist\u00e9rios do desejo e da liberdade nos entreolham do outro lado \u2014 e quem aceita atravessar encontra epifanias, descobertas, pequenos terremotos.<br \/>\nAqui, o pudor perde o recato, o obsceno ganha contorno, e a pele, como p\u00e1gina viva, transborda erotismo.<\/p>\n<p>A literatura de Nana Vell poreja desejo: \u00e9 convite, \u00e9 chama, \u00e9 antessala de outras expectativas.<br \/>\nS\u00e3o contos contempor\u00e2neos, escritos com uma energia feminina potente, profunda e reveladora \u2014 a voz de um Brasil que chega ao fim do primeiro quarto de s\u00e9culo entendendo que intimidade tamb\u00e9m \u00e9 narrativa, tamb\u00e9m \u00e9 pol\u00edtica, tamb\u00e9m \u00e9 arte.<\/p>\n<p>A tipografia escolhida para o projeto gr\u00e1fico nasce de m\u00e3os femininas, num gesto que preserva a tradi\u00e7\u00e3o iniciada pela editora desde Mulher Expl\u00edcita (2019).<br \/>\nE a capa \u2014 com suas nuances, flores, p\u00e1ssaros e cores que conversam entre si \u2014 traz s\u00edmbolos e c\u00f3digos que dialogam com este tempo de despertas e insurg\u00eancias. Cada detalhe \u00e9 pista, promessa, provoca\u00e7\u00e3o. O que voc\u00ea enxerga nela? O que ela j\u00e1 sugere antes mesmo da primeira linha?<\/p>\n<p>Os segredos de Nana Vell est\u00e3o l\u00e1.<br \/>\nTodos eles.<br \/>\nDepois daquela porta.<\/p>\n<p><strong>Cupom: <\/strong>RETIROOLIVRONOLAN\u00c7AMENTO<br \/>\nDesconto adicional de R$ 10,00, para o cliente retirar seu(s) livro(s) no evento de lan\u00e7amento. Utilize o cupom no campo indicado no momento de fechar o pedido.<\/p>\n<p>Confira as normas do financiamento coletivo e da pr\u00e9-venda deste livro na Plataforma Gondwana, clicando <a href=\"http:\/\/editorapangeia.com.br\/gondwana\"><strong>AQUI<\/strong><\/a>.<\/p>\n","protected":false},"excerpt":{"rendered":"<div>Existe sempre um momento \u2014 um toque, um olhar, uma pausa \u2014 em que algu\u00e9m decide atravessar uma porta.<\/div>\n<div>\n<p><strong>Este livro nasce desse instante.<\/strong><\/p>\n<p>Depois Daquela Porta re\u00fane contos er\u00f3ticos que tratam o prazer com honestidade e profundidade: sem pudor, sem disfarces, sem pressa. S\u00e3o hist\u00f3rias sensoriais, intensas, que caminham entre afeto e desejo, pele e pensamento, o expl\u00edcito e o que permanece apenas insinuado.<\/p>\n<p>Aqui, o erotismo n\u00e3o \u00e9 choque: \u00e9 revela\u00e7\u00e3o.<br \/>\n\u00c9 o convite para sentir o que vibra por dentro e reconhecer o que tantas vezes se vive em segredo.<\/p>\n<p>Na pr\u00e9-venda, o leitor garante o exemplar f\u00edsico com desconto \u2014<br \/>\ne recebe\u00a0<strong>gratuitamente<\/strong>\u00a0o ePub para come\u00e7ar a leitura de imediato.<\/p>\n<p>Confira as normas do financiamento coletivo e da pr\u00e9-venda deste livro na Plataforma Gondwana, clicando <a href=\"http:\/\/editorapangeia.com.br\/gondwana\"><strong>AQUI<\/strong><\/a>.<\/p>\n<\/div>\n","protected":false},"featured_media":20932,"comment_status":"open","ping_status":"closed","template":"","meta":[],"product_brand":[],"product_cat":[5003,4815,4076,4766],"product_tag":[5154,135,5150,4582,787,176,5151,243,186,452,976,174,5149,5153,749,5152],"class_list":{"0":"post-20935","1":"product","2":"type-product","3":"status-publish","4":"has-post-thumbnail","6":"product_cat-lancamento","7":"product_cat-pre-venda","8":"product_cat-contos","9":"product_cat-erotismo","10":"product_tag-clube-de-literatura-erotica","11":"product_tag-contos","12":"product_tag-depois-daquela-porta","13":"product_tag-desejo","14":"product_tag-epub","15":"product_tag-erotismo","16":"product_tag-erotismo-feminino","17":"product_tag-escrita-feminina","18":"product_tag-feminismo","19":"product_tag-gondwana","20":"product_tag-liberdade","21":"product_tag-mulher","22":"product_tag-nana-vell","23":"product_tag-narrativas-eroticas","24":"product_tag-pre-venda","25":"product_tag-pulsao-de-vida","26":"product_shipping_class-normal","28":"first","29":"onbackorder","30":"featured","31":"shipping-taxable","32":"product-type-grouped"},"_links":{"self":[{"href":"https:\/\/editorapangeia.com.br\/pt_br\/wp-json\/wp\/v2\/product\/20935","targetHints":{"allow":["GET"]}}],"collection":[{"href":"https:\/\/editorapangeia.com.br\/pt_br\/wp-json\/wp\/v2\/product"}],"about":[{"href":"https:\/\/editorapangeia.com.br\/pt_br\/wp-json\/wp\/v2\/types\/product"}],"replies":[{"embeddable":true,"href":"https:\/\/editorapangeia.com.br\/pt_br\/wp-json\/wp\/v2\/comments?post=20935"}],"wp:featuredmedia":[{"embeddable":true,"href":"https:\/\/editorapangeia.com.br\/pt_br\/wp-json\/wp\/v2\/media\/20932"}],"wp:attachment":[{"href":"https:\/\/editorapangeia.com.br\/pt_br\/wp-json\/wp\/v2\/media?parent=20935"}],"wp:term":[{"taxonomy":"product_brand","embeddable":true,"href":"https:\/\/editorapangeia.com.br\/pt_br\/wp-json\/wp\/v2\/product_brand?post=20935"},{"taxonomy":"product_cat","embeddable":true,"href":"https:\/\/editorapangeia.com.br\/pt_br\/wp-json\/wp\/v2\/product_cat?post=20935"},{"taxonomy":"product_tag","embeddable":true,"href":"https:\/\/editorapangeia.com.br\/pt_br\/wp-json\/wp\/v2\/product_tag?post=20935"}],"curies":[{"name":"wp","href":"https:\/\/api.w.org\/{rel}","templated":true}]}}