{"id":20746,"date":"2025-12-15T12:00:27","date_gmt":"2025-12-15T12:00:27","guid":{"rendered":"https:\/\/editorapangeia.com.br\/?post_type=product&#038;p=20746"},"modified":"2025-12-15T21:24:57","modified_gmt":"2025-12-15T21:24:57","slug":"ppg-uff-capes-literatura-em-movimento-pesquisa-e-investigacao-20","status":"publish","type":"product","link":"https:\/\/editorapangeia.com.br\/pt_br\/product\/ppg-uff-capes-literatura-em-movimento-pesquisa-e-investigacao-20\/","title":{"rendered":"PPG-UFF \/ CAPES &#8211; Literatura em Movimento: Pesquisa e Investiga\u00e7\u00e3o 20"},"content":{"rendered":"<p>Organizado por Emanuel Fran\u00e7a de Brito, este \u00e9 o 20.\u00ba volume da S\u00e9rie <strong>Literatura em Movimento: Pesquisa e Investiga\u00e7\u00e3o<\/strong>,<\/p>\n<div class=\"page\" title=\"Page 7\">\n<div class=\"layoutArea\">\n<div class=\"column\">\n<p>A Cole\u00e7\u00e3o \u00e9 composta, no momento, por vinte e um volumes. Trata-se de um reposit\u00f3rio inestim\u00e1vel, com centenas de estudos liter\u00e1rios, com diversificado referencial te\u00f3rico, multiplicidade de <em>corpus<strong>\u00a0<\/strong><\/em>e variados enfoques metodol\u00f3gicos.<\/p>\n<\/div>\n<\/div>\n<\/div>\n<p>Todos os volume da Cole\u00e7\u00e3o s\u00e3o gratuitos. Baixe-os, <a href=\"https:\/\/editorapangeia.com.br\/?s=Literatura+em+Movimento\"><strong>AQUI<\/strong><\/a>.<\/p>\n","protected":false},"excerpt":{"rendered":"<p>Este \u00e9 o 20.\u00ba volume da Cole\u00e7\u00e3o LITERATURA EM MOVIMENTO \u2013 Pesquisa e Investiga\u00e7\u00e3o, do Programa de P\u00f3s-Gradua\u00e7\u00e3o em Estudos Liter\u00e1rios da Universidade Federal Fluminense, UFF, que acolhe as reflex\u00f5es do Semin\u00e1rio dos Alunos do Programa de P\u00f3s-Gradua\u00e7\u00e3o em Estudos de Literatura da UFF de 2025. Este volume est\u00e1 no formato PDF. Voc\u00ea pode baix\u00e1-lo gratuitamente. Crie seu perfil na Loja (seus dados est\u00e3o seguros e n\u00e3o ser\u00e3o acessados por terceiros em nenhuma hip\u00f3tese) e, logado, marque os livros que deseja. Os eBooks gratuitos estar\u00e3o dispon\u00edveis de imediato para baixar na sua \u00e1rea do cliente,<\/p>\n","protected":false},"featured_media":20744,"comment_status":"open","ping_status":"closed","template":"","meta":[],"product_brand":[],"product_cat":[4081,4828],"product_tag":[2151,192,496,2267,2234,2857,2268,264,4117,495,389,156,157,182,183,2265,2266,494,434,163,493,1228],"class_list":{"0":"post-20746","1":"product","2":"type-product","3":"status-publish","4":"has-post-thumbnail","6":"product_cat-estudosliterarios","7":"product_cat-livrosgratis","8":"product_tag-capes","9":"product_tag-critica-literaria","10":"product_tag-critica-teatral","11":"product_tag-ensino-de-letras","12":"product_tag-ensino-de-literatura","13":"product_tag-estudos-culturais","14":"product_tag-estudos-de-literatura","15":"product_tag-estudos-literarios","16":"product_tag-gratis","17":"product_tag-historia-da-literatura","18":"product_tag-letras","19":"product_tag-literatura","20":"product_tag-literatura-brasileira","21":"product_tag-literatura-em-movimento","22":"product_tag-pesquisa-e-investigacao","23":"product_tag-ppg-em-estudos-literarios","24":"product_tag-ppg-em-letras","25":"product_tag-sappil","26":"product_tag-teoria-da-literatura","27":"product_tag-uff","28":"product_tag-uff-universidade-federal-fluminense","29":"product_tag-universidade","30":"product_shipping_class-normal","32":"first","33":"instock","34":"downloadable","35":"virtual","36":"purchasable","37":"product-type-simple"},"_links":{"self":[{"href":"https:\/\/editorapangeia.com.br\/pt_br\/wp-json\/wp\/v2\/product\/20746","targetHints":{"allow":["GET"]}}],"collection":[{"href":"https:\/\/editorapangeia.com.br\/pt_br\/wp-json\/wp\/v2\/product"}],"about":[{"href":"https:\/\/editorapangeia.com.br\/pt_br\/wp-json\/wp\/v2\/types\/product"}],"replies":[{"embeddable":true,"href":"https:\/\/editorapangeia.com.br\/pt_br\/wp-json\/wp\/v2\/comments?post=20746"}],"wp:featuredmedia":[{"embeddable":true,"href":"https:\/\/editorapangeia.com.br\/pt_br\/wp-json\/wp\/v2\/media\/20744"}],"wp:attachment":[{"href":"https:\/\/editorapangeia.com.br\/pt_br\/wp-json\/wp\/v2\/media?parent=20746"}],"wp:term":[{"taxonomy":"product_brand","embeddable":true,"href":"https:\/\/editorapangeia.com.br\/pt_br\/wp-json\/wp\/v2\/product_brand?post=20746"},{"taxonomy":"product_cat","embeddable":true,"href":"https:\/\/editorapangeia.com.br\/pt_br\/wp-json\/wp\/v2\/product_cat?post=20746"},{"taxonomy":"product_tag","embeddable":true,"href":"https:\/\/editorapangeia.com.br\/pt_br\/wp-json\/wp\/v2\/product_tag?post=20746"}],"curies":[{"name":"wp","href":"https:\/\/api.w.org\/{rel}","templated":true}]}}