{"id":20677,"date":"2025-12-15T14:09:53","date_gmt":"2025-12-15T14:09:53","guid":{"rendered":"https:\/\/editorapangeia.com.br\/?post_type=product&#038;p=20677"},"modified":"2026-01-20T17:01:15","modified_gmt":"2026-01-20T17:01:15","slug":"poe-esta-aqui-rauer-org","status":"publish","type":"product","link":"https:\/\/editorapangeia.com.br\/pt_br\/product\/poe-esta-aqui-rauer-org\/","title":{"rendered":"Poe est\u00e1 aqui, Rauer (Org.), PDF"},"content":{"rendered":"<p>Livro nasceu da disciplina Oficinas de Cria\u00e7\u00e3o Liter\u00e1ria, ministrada pelo Prof. Rauer no PPG-Letras \/ Estudos Liter\u00e1rios \/ CPTL \/ UFMS no primeiro semestre de 2022, ainda de forma on-line, com discentes de diversos pontos do pa\u00eds. A \u00faltima atividade do curso era a escrita de um conto que dialogasse com atividades anteriores do curso, que contou com a escrita de diversas formas liter\u00e1rias, entre as quais haikais, senryus, quadras, sonetos (tradicional, ingl\u00eas e luxurioso), microcontos e contos.<\/p>\n<p>Eis os autores presentes no livro:<\/p>\n<p class=\"p1\" style=\"text-align: center;\">Catia Mendes Pereira<br \/>\nDeusemar Cardoso do Nascimento<br \/>\nEdilva Bandeira<br \/>\nFrancisca Lusia<br \/>\nKarina Torres Machado<br \/>\nMalane Apol\u00f4nio da Silva<br \/>\nPollyana Lima<br \/>\nRauer Ribeiro Rodrigues<br \/>\nThony [Ant\u00f4nio Marques Pereira Filho]<br \/>\nWillia Katia Oliveira<\/p>\n<p>A apresenta\u00e7\u00e3o do livro \u00e9 do Prof. Marcos Rog\u00e9rio Heck Dorneles, que fez a disciplina quando doutorando e que posteriormente a dividiu com o Prof. Rauer. Na apresenta\u00e7\u00e3o, o Prof. Marcos discorre sobre cada conto que consta no livro. H\u00e1 tamb\u00e9m minibiografias de todos os autores.<\/p>\n<p>Nas contracapas, h\u00e1 retratos em t\u00e9cnica mista (l\u00e1pis e acabamento) dos autores.<\/p>\n<p>O livro f\u00edsico pode ser encomendado em POD (<em>Print On Demand<\/em> &#8211; Impress\u00e3o sob demanda) no e-mail faleconosco@editorapangeia.com.br.<\/p>\n<p>A capa e as ilustra\u00e7\u00f5es do livro s\u00e3o de Liev Rodrigues.<\/p>\n","protected":false},"excerpt":{"rendered":"<p>Dez contistas dialogam durante um semestre, escrevendo diversos g\u00eaneros liter\u00e1rios, estudando os inventores e grandes contistas da modernidade, e na culmin\u00e2ncia do curso Oficinas de Cria\u00e7\u00e3o Liter\u00e1ria escrevem contos metaliter\u00e1rios, metalingu\u00edsticos, metapo\u00e9ticos e que refletem as viv\u00eancias do curso.<\/p>\n<p>Eis os contistas: Catia Mendes Pereira, Deusemar Cardoso do Nascimento, Edilva Bandeira, Francisca Lusia, Karina Torres Machado, Malane Apol\u00f4nio da Silva, Pollyana Lima, Rauer Ribeiro Rodrigues, Thony [Ant\u00f4nio Marques Pereira Filho] e Willia Katia Oliveira.<\/p>\n<p>O livro conta ainda com apresenta\u00e7\u00e3o do Prof. Marcos Rog\u00e9rio Heck Dorneles, mibios de todos os autores e ilustra\u00e7\u00f5es de Liev Rodrigues.<\/p>\n<p><strong>Gratuito<\/strong>: cadastre-se na loja, fa\u00e7a seu login, marque o livro e baixe-o na sequ\u00eancia da sua \u00e1rea de cliente.<\/p>\n","protected":false},"featured_media":20736,"comment_status":"open","ping_status":"closed","template":"","meta":[],"product_brand":[],"product_cat":[5003,4076,4828],"product_tag":[955,5128,5155,957,958,960,5126,1530,5156,1015,261,5157,962,112,476,1363,5127,5129,564],"class_list":{"0":"post-20677","1":"product","2":"type-product","3":"status-publish","4":"has-post-thumbnail","6":"product_cat-lancamento","7":"product_cat-contos","8":"product_cat-livrosgratis","9":"product_tag-catia-mendes-pereira","10":"product_tag-deusemar-cardoso-do-nascimento","11":"product_tag-ebook-pdf","12":"product_tag-edilva-bandeira","13":"product_tag-francisca-lusia","14":"product_tag-karina-torres-machado","15":"product_tag-liev","16":"product_tag-liev-rodrigues","17":"product_tag-livro-em-pod","18":"product_tag-malane-apolonio-da-silva","19":"product_tag-marcos-rogerio-heck-dorneles","20":"product_tag-pod-impressao-sob-demanda","21":"product_tag-pollyana-lima","22":"product_tag-rauer","23":"product_tag-rauer-ribeiro-rodrigues","24":"product_tag-rauer-rodrigues","25":"product_tag-rodrigues","26":"product_tag-thony-antonio-marques-pereira-filho","27":"product_tag-willia-katia-oliveira","29":"first","30":"instock","31":"downloadable","32":"virtual","33":"purchasable","34":"product-type-simple"},"_links":{"self":[{"href":"https:\/\/editorapangeia.com.br\/pt_br\/wp-json\/wp\/v2\/product\/20677","targetHints":{"allow":["GET"]}}],"collection":[{"href":"https:\/\/editorapangeia.com.br\/pt_br\/wp-json\/wp\/v2\/product"}],"about":[{"href":"https:\/\/editorapangeia.com.br\/pt_br\/wp-json\/wp\/v2\/types\/product"}],"replies":[{"embeddable":true,"href":"https:\/\/editorapangeia.com.br\/pt_br\/wp-json\/wp\/v2\/comments?post=20677"}],"wp:featuredmedia":[{"embeddable":true,"href":"https:\/\/editorapangeia.com.br\/pt_br\/wp-json\/wp\/v2\/media\/20736"}],"wp:attachment":[{"href":"https:\/\/editorapangeia.com.br\/pt_br\/wp-json\/wp\/v2\/media?parent=20677"}],"wp:term":[{"taxonomy":"product_brand","embeddable":true,"href":"https:\/\/editorapangeia.com.br\/pt_br\/wp-json\/wp\/v2\/product_brand?post=20677"},{"taxonomy":"product_cat","embeddable":true,"href":"https:\/\/editorapangeia.com.br\/pt_br\/wp-json\/wp\/v2\/product_cat?post=20677"},{"taxonomy":"product_tag","embeddable":true,"href":"https:\/\/editorapangeia.com.br\/pt_br\/wp-json\/wp\/v2\/product_tag?post=20677"}],"curies":[{"name":"wp","href":"https:\/\/api.w.org\/{rel}","templated":true}]}}