{"id":20648,"date":"2025-12-05T09:25:01","date_gmt":"2025-12-05T09:25:01","guid":{"rendered":"https:\/\/editorapangeia.com.br\/?post_type=product&#038;p=20648"},"modified":"2026-04-04T12:35:53","modified_gmt":"2026-04-04T12:35:53","slug":"haimi-o-sabor-do-haikai-rauer-e-willia-orgs","status":"publish","type":"product","link":"https:\/\/editorapangeia.com.br\/pt_br\/product\/haimi-o-sabor-do-haikai-rauer-e-willia-orgs\/","title":{"rendered":"Haimi: o sabor do haikai, Rauer e Willia (orgs.)"},"content":{"rendered":"<p class=\"p2\"><em><strong>Haimi: o sabor do haikai<\/strong><\/em> nos traz a multiplicidade de sabores do haikai (haicai, hai-kai, haikai, haiku) em l\u00edngua portuguesa no instante em que chegamos ao final do primeiro quarto do terceiro mil\u00eanio.<\/p>\n<p class=\"p2\">Essa colet\u00e2nea \u00e9 composta por mais de uma centena de <em>haijins <\/em>selecionados e quase seis dezenas de menores de idade, em um total de quase duas centenas de poetas. Temos um sumo do haikai que se faz hoje de norte a sul e de leste a oeste em nosso pa\u00eds.<\/p>\n<p class=\"p2\">Ao acolher tal diversidade, a Pangeia Editorial, com os selos Dionysius, Pangeia e Saru\u00ea, mostra mais uma vez que \u00e9 uma casa de escritores.<\/p>\n<p>Confira as normas do financiamento coletivo e da pr\u00e9-venda deste livro na Plataforma Gondwana, clicando <a href=\"http:\/\/editorapangeia.com.br\/gondwana\"><strong>AQUI<\/strong><\/a>.<\/p>\n","protected":false},"excerpt":{"rendered":"<p><em><strong>Haimi: o sabor do haikai<\/strong><\/em>, colet\u00e2nea oriunda do 2.\u00ba Concurso @haikai.brasil, organizado pelos professores Rauer Ribeiro Rodrigues e Willia Katia Oliveira, est\u00e1 \u2013 at\u00e9 10 de fevereiro de 2026 \u2013 em <span style=\"color: #800080;\"><strong><a style=\"color: #800080;\" href=\"https:\/\/editorapangeia.com.br\/pt_br\/event\/o-sabor-do-haikai-esta-em-haimi\/\">pr\u00e9-venda<\/a><\/strong><\/span>.<\/p>\n<p>Ao adquirir o livro f\u00edsico, que ser\u00e1 impresso ao final da pr\u00e9-venda, al\u00e9m do desconto da pr\u00e9-venda voc\u00ea tamb\u00e9m recebe, sem custos, o arquivo em formato ePub.<\/p>\n<p>Confira as normas do financiamento coletivo e da pr\u00e9-venda deste livro na Plataforma Gondwana, clicando <a href=\"http:\/\/editorapangeia.com.br\/gondwana\"><strong>AQUI<\/strong><\/a>.<\/p>\n","protected":false},"featured_media":20637,"comment_status":"open","ping_status":"closed","template":"","meta":[],"product_brand":[],"product_cat":[4815,4077],"product_tag":[2969,5090,1229,2968,225,1236,5088,5092,5089,111,5091,5093],"class_list":{"0":"post-20648","1":"product","2":"type-product","3":"status-publish","4":"has-post-thumbnail","6":"product_cat-pre-venda","7":"product_cat-poesia","8":"product_tag-concurso-haikai-brasil","9":"product_tag-hai-kai","10":"product_tag-haicai","11":"product_tag-haijin","12":"product_tag-haikai","13":"product_tag-haikai-brasil","14":"product_tag-haimi","15":"product_tag-haimi-o-sabor-do-haikai","16":"product_tag-liteeratura","17":"product_tag-poesia","18":"product_tag-rauer-e-willa-orgs","19":"product_tag-sabor-do-haikai","20":"product_shipping_class-normal","22":"first","23":"onbackorder","24":"shipping-taxable","25":"purchasable","26":"product-type-simple"},"_links":{"self":[{"href":"https:\/\/editorapangeia.com.br\/pt_br\/wp-json\/wp\/v2\/product\/20648","targetHints":{"allow":["GET"]}}],"collection":[{"href":"https:\/\/editorapangeia.com.br\/pt_br\/wp-json\/wp\/v2\/product"}],"about":[{"href":"https:\/\/editorapangeia.com.br\/pt_br\/wp-json\/wp\/v2\/types\/product"}],"replies":[{"embeddable":true,"href":"https:\/\/editorapangeia.com.br\/pt_br\/wp-json\/wp\/v2\/comments?post=20648"}],"wp:featuredmedia":[{"embeddable":true,"href":"https:\/\/editorapangeia.com.br\/pt_br\/wp-json\/wp\/v2\/media\/20637"}],"wp:attachment":[{"href":"https:\/\/editorapangeia.com.br\/pt_br\/wp-json\/wp\/v2\/media?parent=20648"}],"wp:term":[{"taxonomy":"product_brand","embeddable":true,"href":"https:\/\/editorapangeia.com.br\/pt_br\/wp-json\/wp\/v2\/product_brand?post=20648"},{"taxonomy":"product_cat","embeddable":true,"href":"https:\/\/editorapangeia.com.br\/pt_br\/wp-json\/wp\/v2\/product_cat?post=20648"},{"taxonomy":"product_tag","embeddable":true,"href":"https:\/\/editorapangeia.com.br\/pt_br\/wp-json\/wp\/v2\/product_tag?post=20648"}],"curies":[{"name":"wp","href":"https:\/\/api.w.org\/{rel}","templated":true}]}}