{"id":20548,"date":"2025-11-13T21:42:42","date_gmt":"2025-11-13T21:42:42","guid":{"rendered":"https:\/\/editorapangeia.com.br\/?post_type=product&#038;p=20548"},"modified":"2025-12-09T00:00:03","modified_gmt":"2025-12-09T00:00:03","slug":"xii-ka-ka-entre-silencios-e-gargalhadas-marcia-neves","status":"publish","type":"product","link":"https:\/\/editorapangeia.com.br\/pt_br\/product\/xii-ka-ka-entre-silencios-e-gargalhadas-marcia-neves\/","title":{"rendered":"Xii Ka Ka: entre sil\u00eancios e gargalhadas, M\u00e1rcia Neves"},"content":{"rendered":"<p>Professora, escritora, poeta, haika\u00edsta palestrante e autora de livros para crian\u00e7as e para jovens, M\u00e1rcia Neves nasceu em Paripiranga, no interior da Bahia, e reside na Baixada Santista, no Estado de S\u00e3o Paulo, onde atua no magist\u00e9rio. Publicou <em><strong>Buc\u00f3licos<\/strong><\/em> (2024, Haikais,\u00a0 Dionysius \/ Pangeia) e tem outros livros para crian\u00e7as e infantojuvenis para publicar em breve.<\/p>\n<p><em><strong>Xii Ka Ka: entre sil\u00eancios e gargalhadas<\/strong><\/em> tem ilustra\u00e7\u00f5es, capa e diagrama\u00e7\u00e3o de Lily Momisso, artista multiplural que est\u00e1 concluindo o curso de Pedagogia na Unicamp, em Campinas, SP. &#8220;Para mim&#8221;, ela diz, &#8220;a arte \u00e9 a magia que revela beleza onde ningu\u00e9m espera. Gosto de misturar delicadeza e intensidade, para que as p\u00e1ginas de cada livro respirem o enredo e as vidas das personagens&#8221;.<\/p>\n<p>Na galeria de fotos, h\u00e1 tamb\u00e9m a capa do\u00a0<em><strong>Buc\u00f3licos<\/strong><\/em> e foto de M\u00e1rcia Neves com o editor da Pangeia, Prof. Rauer.<\/p>\n<p style=\"text-align: center;\"><strong>Conhe\u00e7a mais sobre M\u00e1rcia Neves:<br \/>\n<a href=\"https:\/\/editorapangeia.com.br\/pt_br\/?s=Marcia+Neves\">CLIQUE AQUI !!!<\/a><\/strong><\/p>\n","protected":false},"excerpt":{"rendered":"<p>Livro sens\u00edvel e delicado, com cen\u00e1rio campestre de um av\u00f3 \u2013 o &#8220;vozinho&#8221;\u2013 amoroso e velhinho, no qual a crian\u00e7a passa as f\u00e9rias escolares.<\/p>\n<p>Conhe\u00e7a as perip\u00e9cias das f\u00e9rias do Zinho, que aos tr\u00eas anos gosta de brincar com animais e carrinhos e comer o espaguete. Ao voltar das f\u00e9rias, leva as lembran\u00e7as do sil\u00eancio e das gargalhadas do av\u00f4, que lhe ensinou que<\/p>\n<p style=\"text-align: center;\"><strong>&#8220;O amor vive no cuidado&#8221;.<\/strong><\/p>\n<p>Com pre\u00e7o especial de lan\u00e7amento at\u00e9 8 de dezembro.<\/p>\n","protected":false},"featured_media":20553,"comment_status":"open","ping_status":"closed","template":"","meta":[],"product_brand":[],"product_cat":[4080],"product_tag":[366,5076,594,3072,5071,5072,5073,4146,5074,5075],"class_list":{"0":"post-20548","1":"product","2":"type-product","3":"status-publish","4":"has-post-thumbnail","6":"product_cat-infantojuvenil","7":"product_tag-edicoes-sarue","8":"product_tag-entre-risos-e-grgalhadas","9":"product_tag-ler-brincar-criar","10":"product_tag-lily-momisso","11":"product_tag-livro-infantil","12":"product_tag-livro-infantojuvenil","13":"product_tag-livro-para-criancas","14":"product_tag-marcia-neves","15":"product_tag-profa-marcia-seven","16":"product_tag-xii-ka-ka","17":"product_shipping_class-normal","19":"first","20":"instock","21":"shipping-taxable","22":"purchasable","23":"product-type-simple"},"_links":{"self":[{"href":"https:\/\/editorapangeia.com.br\/pt_br\/wp-json\/wp\/v2\/product\/20548","targetHints":{"allow":["GET"]}}],"collection":[{"href":"https:\/\/editorapangeia.com.br\/pt_br\/wp-json\/wp\/v2\/product"}],"about":[{"href":"https:\/\/editorapangeia.com.br\/pt_br\/wp-json\/wp\/v2\/types\/product"}],"replies":[{"embeddable":true,"href":"https:\/\/editorapangeia.com.br\/pt_br\/wp-json\/wp\/v2\/comments?post=20548"}],"wp:featuredmedia":[{"embeddable":true,"href":"https:\/\/editorapangeia.com.br\/pt_br\/wp-json\/wp\/v2\/media\/20553"}],"wp:attachment":[{"href":"https:\/\/editorapangeia.com.br\/pt_br\/wp-json\/wp\/v2\/media?parent=20548"}],"wp:term":[{"taxonomy":"product_brand","embeddable":true,"href":"https:\/\/editorapangeia.com.br\/pt_br\/wp-json\/wp\/v2\/product_brand?post=20548"},{"taxonomy":"product_cat","embeddable":true,"href":"https:\/\/editorapangeia.com.br\/pt_br\/wp-json\/wp\/v2\/product_cat?post=20548"},{"taxonomy":"product_tag","embeddable":true,"href":"https:\/\/editorapangeia.com.br\/pt_br\/wp-json\/wp\/v2\/product_tag?post=20548"}],"curies":[{"name":"wp","href":"https:\/\/api.w.org\/{rel}","templated":true}]}}