{"id":20542,"date":"2025-11-12T15:09:12","date_gmt":"2025-11-12T15:09:12","guid":{"rendered":"https:\/\/editorapangeia.com.br\/?post_type=product&#038;p=20542"},"modified":"2026-04-04T12:27:02","modified_gmt":"2026-04-04T12:27:02","slug":"a-fuga-de-beto-loreci-bocate-laguna","status":"publish","type":"product","link":"https:\/\/editorapangeia.com.br\/pt_br\/product\/a-fuga-de-beto-loreci-bocate-laguna\/","title":{"rendered":"A fuga de Beto, Loreci Bocate Laguna"},"content":{"rendered":"<p><b>Loreci Bocate Laguna<\/b>, a autora, j\u00e1 publicou muitos livros voltados para leitores iniciantes e para jovens, sempre abordando temas formativos, em narrativas emocionantes, carregadas de poesia e de aprendizado.<\/p>\n<p>Loreci \u00e9 professora aposentada da rede estadual de Santa Catarina e agora se dedica em tempo integral \u00e0 literatura e \u00e0 divulga\u00e7\u00e3o da leitura liter\u00e1ria nas escolas, participando de eventos, ministrando palestras, dialogando com professores e participando de bate-papos com estudantes.<\/p>\n<p>Procure no livro:<\/p>\n<p style=\"text-align: center;\"><img loading=\"lazy\" decoding=\"async\" class=\"alignnone size-medium wp-image-20539\" src=\"http:\/\/editorapangeia.com.br\/wp-content\/uploads\/2025\/11\/Ester-183x300.webp\" alt=\"\" width=\"183\" height=\"300\" srcset=\"https:\/\/editorapangeia.com.br\/wp-content\/uploads\/2025\/11\/Ester-183x300.webp 183w, https:\/\/editorapangeia.com.br\/wp-content\/uploads\/2025\/11\/Ester-624x1024.webp 624w, https:\/\/editorapangeia.com.br\/wp-content\/uploads\/2025\/11\/Ester-768x1260.webp 768w, https:\/\/editorapangeia.com.br\/wp-content\/uploads\/2025\/11\/Ester-936x1536.webp 936w, https:\/\/editorapangeia.com.br\/wp-content\/uploads\/2025\/11\/Ester-7x12.webp 7w, https:\/\/editorapangeia.com.br\/wp-content\/uploads\/2025\/11\/Ester-700x1149.webp 700w, https:\/\/editorapangeia.com.br\/wp-content\/uploads\/2025\/11\/Ester-244x400.webp 244w, https:\/\/editorapangeia.com.br\/wp-content\/uploads\/2025\/11\/Ester-427x700.webp 427w, https:\/\/editorapangeia.com.br\/wp-content\/uploads\/2025\/11\/Ester-792x1300.webp 792w, https:\/\/editorapangeia.com.br\/wp-content\/uploads\/2025\/11\/Ester.webp 1033w\" sizes=\"auto, (max-width: 183px) 100vw, 183px\" \/><\/p>\n<p style=\"text-align: left;\">Para contactar a escritora, escreva para<\/p>\n<p style=\"text-align: center;\"><strong>contato@editorapangeia.com.br<\/strong><\/p>\n","protected":false},"excerpt":{"rendered":"<p><em><strong>A fuga de Beto<\/strong><\/em> conta as aventuras de um lobinho azul, que vive com sua fam\u00edlia, at\u00e9 que, ao fugir de casa, vive muitas aventuras, passa muitos medos, sendo por fim resgatado por seu pai.<\/p>\n<p>O lobinho surge na cor azul, muitos fofinho, com pelos arredondados, o que gera empatia e interesse. \u00c9 uma representa\u00e7\u00e3o fantasiosas, que chama a aten\u00e7\u00e3o, e que parece realista e \u00e9 veross\u00edmil.<\/p>\n<p>Trata-se de uma hist\u00f3ria emocionante, uma li\u00e7\u00e3o de vida.<\/p>\n<p>Livro em pr\u00e9-venda com desconto especial. Confira as normas do financiamento coletivo e da pr\u00e9-venda deste livro na Plataforma Gondwana, clicando <a href=\"http:\/\/editorapangeia.com.br\/gondwana\"><strong>AQUI<\/strong><\/a>.<\/p>\n","protected":false},"featured_media":20538,"comment_status":"open","ping_status":"closed","template":"","meta":[],"product_brand":[],"product_cat":[4815,4080],"product_tag":[5069,317,4333,5067,5068],"class_list":{"0":"post-20542","1":"product","2":"type-product","3":"status-publish","4":"has-post-thumbnail","6":"product_cat-pre-venda","7":"product_cat-infantojuvenil","8":"product_tag-infantil","9":"product_tag-infantojuvenil","10":"product_tag-loreci","11":"product_tag-loreci-bocate","12":"product_tag-loreeci-bocate-laguna","13":"product_shipping_class-normal","15":"first","16":"onbackorder","17":"taxable","18":"shipping-taxable","19":"purchasable","20":"product-type-simple"},"_links":{"self":[{"href":"https:\/\/editorapangeia.com.br\/pt_br\/wp-json\/wp\/v2\/product\/20542","targetHints":{"allow":["GET"]}}],"collection":[{"href":"https:\/\/editorapangeia.com.br\/pt_br\/wp-json\/wp\/v2\/product"}],"about":[{"href":"https:\/\/editorapangeia.com.br\/pt_br\/wp-json\/wp\/v2\/types\/product"}],"replies":[{"embeddable":true,"href":"https:\/\/editorapangeia.com.br\/pt_br\/wp-json\/wp\/v2\/comments?post=20542"}],"wp:featuredmedia":[{"embeddable":true,"href":"https:\/\/editorapangeia.com.br\/pt_br\/wp-json\/wp\/v2\/media\/20538"}],"wp:attachment":[{"href":"https:\/\/editorapangeia.com.br\/pt_br\/wp-json\/wp\/v2\/media?parent=20542"}],"wp:term":[{"taxonomy":"product_brand","embeddable":true,"href":"https:\/\/editorapangeia.com.br\/pt_br\/wp-json\/wp\/v2\/product_brand?post=20542"},{"taxonomy":"product_cat","embeddable":true,"href":"https:\/\/editorapangeia.com.br\/pt_br\/wp-json\/wp\/v2\/product_cat?post=20542"},{"taxonomy":"product_tag","embeddable":true,"href":"https:\/\/editorapangeia.com.br\/pt_br\/wp-json\/wp\/v2\/product_tag?post=20542"}],"curies":[{"name":"wp","href":"https:\/\/api.w.org\/{rel}","templated":true}]}}