{"id":20423,"date":"2025-12-15T14:00:38","date_gmt":"2025-12-15T14:00:38","guid":{"rendered":"https:\/\/editorapangeia.com.br\/?post_type=product&#038;p=20423"},"modified":"2026-01-09T23:19:02","modified_gmt":"2026-01-09T23:19:02","slug":"elza-freire-ee-paulo-freire-fotobiografia-nima-spigolon","status":"publish","type":"product","link":"https:\/\/editorapangeia.com.br\/pt_br\/product\/elza-freire-ee-paulo-freire-fotobiografia-nima-spigolon\/","title":{"rendered":"Elza Freire e Paulo Freire: Fotobiografia, Nima Spigolon"},"content":{"rendered":"<p><img loading=\"lazy\" decoding=\"async\" class=\"alignnone wp-image-20433\" src=\"http:\/\/editorapangeia.com.br\/wp-content\/uploads\/2025\/10\/channels4_banner-300x50.webp\" alt=\"\" width=\"1170\" height=\"195\" srcset=\"https:\/\/editorapangeia.com.br\/wp-content\/uploads\/2025\/10\/channels4_banner-300x50.webp 300w, https:\/\/editorapangeia.com.br\/wp-content\/uploads\/2025\/10\/channels4_banner-1024x170.webp 1024w, https:\/\/editorapangeia.com.br\/wp-content\/uploads\/2025\/10\/channels4_banner-768x127.webp 768w, https:\/\/editorapangeia.com.br\/wp-content\/uploads\/2025\/10\/channels4_banner-2048x339.webp 2048w, https:\/\/editorapangeia.com.br\/wp-content\/uploads\/2025\/10\/channels4_banner-18x3.webp 18w, https:\/\/editorapangeia.com.br\/wp-content\/uploads\/2025\/10\/channels4_banner-700x116.webp 700w, https:\/\/editorapangeia.com.br\/wp-content\/uploads\/2025\/10\/channels4_banner-400x66.webp 400w, https:\/\/editorapangeia.com.br\/wp-content\/uploads\/2025\/10\/channels4_banner-1300x215.webp 1300w\" sizes=\"auto, (max-width: 1170px) 100vw, 1170px\" \/><\/p>\n<p style=\"text-align: center;\"><strong>Elza Freire e Paulo Freire &#8211; uma fotobiografia<\/strong><\/p>\n<p>Este projeto foi realizado com apoio do Programa de A\u00e7\u00e3o Cultural \u2013 ProAC, da Secretaria da Cultura, Economia e Ind\u00fastria Criativas do Governo do Estado de S\u00e3o Paulo, e da Pol\u00edtica Nacional Aldir Blanc de Fomento \u00e0 Cultura (PNAB) do Minist\u00e9rio da Cultura e Governo Federal. Com o apoio deste edital, foi poss\u00edvel amortizar o pre\u00e7o do livro consideravelmente, possibilitando que mais leitores tenham acesso \u00e0 obra.<\/p>\n<p style=\"text-align: center;\"><strong>Mais sobre a autora e o livro:<\/strong><br \/>\n<a href=\"https:\/\/editorapangeia.com.br\/pt_br\/?s=Nima\"><span style=\"color: #800080;\"><strong>AQUI !!!<\/strong><\/span><\/a><\/p>\n<p>***<\/p>\n<p><strong>Edi\u00e7\u00e3o:\u00a0<\/strong>1.\u00aa<br \/>\n<strong>Ano:<\/strong>\u00a02025<br \/>\n<strong>Assunto:\u00a0<\/strong>fotobiografia<br \/>\n<strong>Idioma:<\/strong>\u00a0Portugu\u00eas<br \/>\n<strong>Pa\u00eds de Produ\u00e7\u00e3o:<\/strong>\u00a0Brasil<br \/>\n<strong>ISBN:\u00a0<\/strong><span class=\"cf0\">978-65-83126-25-2<\/span><br \/>\n<strong>Formato:<\/strong>\u00a0brochura, 16\u00a0x 23\u00a0cm<br \/>\n<strong>N\u00ba de P\u00e1ginas:<\/strong>\u00a0232<\/p>\n<p style=\"text-align: center;\">Editora Sinete | Editora Pangeia<\/p>\n<h1 style=\"text-align: center;\">Elza Freire e Paulo Freire:<br \/>\numa fotobiografia<\/h1>\n<h2 style=\"text-align: center;\">Acesse a p\u00e1gina do projeto, clicando\u00a0<strong><a href=\"https:\/\/freire-umafotobiografia.com.br\/\"><span style=\"color: #ff0000;\">AQUI !!!<\/span><\/a><\/strong><\/h2>\n","protected":false},"excerpt":{"rendered":"<p>A fotobiografia de Elza e Paulo Freire apresenta a trajet\u00f3ria do casal que revolucionou a educa\u00e7\u00e3o brasileira e mundial, unindo vida e obra em uma hist\u00f3ria de amor, resist\u00eancia e humanismo. Fruto de quase duas d\u00e9cadas de pesquisa de Nima Spigolon, o livro re\u00fane documentos, cartas e fotografias in\u00e9ditas que revelam o papel essencial de Elza na forma\u00e7\u00e3o do pensamento pol\u00edtico-pedag\u00f3gico de Paulo Freire. Da vida em Recife ao ex\u00edlio e ao retorno ao Brasil, a obra resgata mem\u00f3rias, afetos e lutas compartilhadas.<\/p>\n<p><strong>Nima Spigolon<\/strong> nasceu em Rio Verde (GO) em 1971; radicada em Ituiutaba, MG, desde a primeira inf\u00e2ncia, \u00e9 cidad\u00e3o ituiutabana, t\u00edtulo que recebeu em setembro de 2007 da C\u00e2mara de Vereadores da cidade. \u00c9 pedagoga, professora e pesquisadora brasileira. Doutora em Educa\u00e7\u00e3o pela Universidade Estadual de Campinas (Unicamp), atua como docente na mesma institui\u00e7\u00e3o. \u00c9 refer\u00eancia nos estudos sobre Educa\u00e7\u00e3o Popular, Paulo Freire e Elza Freire, com destaque para sua obra <em>Elza Freire e Paulo Freire: noites de ex\u00edlio, dias de utopia<\/em> (Editora Pangeia), vencedora do Pr\u00eamio Jabuti Acad\u00eamico 2024 em Educa\u00e7\u00e3o e Ensino. Coordena o GEPEJA (Grupo de Estudos e Pesquisas em Educa\u00e7\u00e3o de Jovens e Adultos) e integra redes como ANPED, ANPUH, ABRESC, o Observat\u00f3rio Paulo Freire e o Observat\u00f3rio da Desinforma\u00e7\u00e3o. Sua produ\u00e7\u00e3o acad\u00eamica e liter\u00e1ria (fic\u00e7\u00e3o e poesia) articula mem\u00f3ria, pol\u00edtica, forma\u00e7\u00e3o docente e justi\u00e7a social.<\/p>\n<p><strong>Por Samantha Lodi:<\/strong><br \/>\nNima, enquanto pesquisadora, demonstrou sua excel\u00eancia. S\u00e3o diversos arquivos visitados, um minucioso levantamento de obras interligadas ao per\u00edodo de estudo, entrevistas aqui no Brasil e no exterior, com destaque \u00e0s investiga\u00e7\u00f5es realizadas em Cabo Verde e Guin\u00e9-Bissau, na \u00c1frica. Fica evidente a originalidade de colocar no centro de sua narrativa Elza Freire, ainda t\u00e3o pouco conhecida por n\u00f3s brasileiros, sem deixar de fazer as conex\u00f5es familiares da mulher, educadora, esposa, m\u00e3e e camarada. Como escritora, Nima eleva nossa imagina\u00e7\u00e3o e criatividade, ao mesmo tempo em que nos aproxima da vida dos Freire.<\/p>\n","protected":false},"featured_media":20437,"comment_status":"open","ping_status":"closed","template":"","meta":[],"product_brand":[],"product_cat":[4575,4083],"product_tag":[2152,544,453,5167,1216,351,5038,314,528,1223,5039,1225,5166,530,5165],"class_list":{"0":"post-20423","1":"product","2":"type-product","3":"status-publish","4":"has-post-thumbnail","6":"product_cat-biografia","7":"product_cat-educacaoensino","8":"product_tag-antirracismo","9":"product_tag-biografia","10":"product_tag-educacao","11":"product_tag-elza-e-paulo","12":"product_tag-elza-freire","13":"product_tag-ensino","14":"product_tag-fotobiografia","15":"product_tag-memoria","16":"product_tag-nima-spigolon","17":"product_tag-paulo-freire","18":"product_tag-samantha-lodi","19":"product_tag-triade-elza-freire","20":"product_tag-trilogia","21":"product_tag-unicamp","22":"product_tag-vida-e-obra-triade","23":"product_shipping_class-normal","25":"first","26":"instock","27":"sale","28":"shipping-taxable","29":"purchasable","30":"product-type-simple"},"_links":{"self":[{"href":"https:\/\/editorapangeia.com.br\/pt_br\/wp-json\/wp\/v2\/product\/20423","targetHints":{"allow":["GET"]}}],"collection":[{"href":"https:\/\/editorapangeia.com.br\/pt_br\/wp-json\/wp\/v2\/product"}],"about":[{"href":"https:\/\/editorapangeia.com.br\/pt_br\/wp-json\/wp\/v2\/types\/product"}],"replies":[{"embeddable":true,"href":"https:\/\/editorapangeia.com.br\/pt_br\/wp-json\/wp\/v2\/comments?post=20423"}],"wp:featuredmedia":[{"embeddable":true,"href":"https:\/\/editorapangeia.com.br\/pt_br\/wp-json\/wp\/v2\/media\/20437"}],"wp:attachment":[{"href":"https:\/\/editorapangeia.com.br\/pt_br\/wp-json\/wp\/v2\/media?parent=20423"}],"wp:term":[{"taxonomy":"product_brand","embeddable":true,"href":"https:\/\/editorapangeia.com.br\/pt_br\/wp-json\/wp\/v2\/product_brand?post=20423"},{"taxonomy":"product_cat","embeddable":true,"href":"https:\/\/editorapangeia.com.br\/pt_br\/wp-json\/wp\/v2\/product_cat?post=20423"},{"taxonomy":"product_tag","embeddable":true,"href":"https:\/\/editorapangeia.com.br\/pt_br\/wp-json\/wp\/v2\/product_tag?post=20423"}],"curies":[{"name":"wp","href":"https:\/\/api.w.org\/{rel}","templated":true}]}}