{"id":20351,"date":"2025-06-16T09:00:07","date_gmt":"2025-06-16T09:00:07","guid":{"rendered":"https:\/\/editorapangeia.com.br\/?post_type=product&#038;p=20351"},"modified":"2026-04-04T12:28:25","modified_gmt":"2026-04-04T12:28:25","slug":"supply-chain-logistica-e-lideranca-o-futuro-e-hoje-paulo-roberto-bertaglia-copia","status":"publish","type":"product","link":"https:\/\/editorapangeia.com.br\/pt_br\/product\/supply-chain-logistica-e-lideranca-o-futuro-e-hoje-paulo-roberto-bertaglia-copia\/","title":{"rendered":"Supply Chain, Inova\u00e7\u00e3o e Sustentabilidade: O futuro \u00e9 hoje, Vol. 2, Paulo Roberto Bertaglia"},"content":{"rendered":"<p>Um depoimento sobre este livro de Paulo Roberto Bertaglia:<\/p>\n<p style=\"padding-left: 40px;\">&#8220;Quando se educa com o prop\u00f3sito de transformar, o ensino n\u00e3o se restringe a t\u00e9cnicas e conte\u00fados; ele busca formar pessoas e profissionais capazes de pensar criticamente, questionar o status quo e propor solu\u00e7\u00f5es inovadoras para problemas complexos.<\/p>\n<p style=\"padding-left: 40px;\">\u00c9 assim que tenho visto na jornada e no prop\u00f3sito de Paulo Bertaglia atrav\u00e9s desses anos!<\/p>\n<p style=\"padding-left: 40px;\">Paulo, obrigada por essa contribui\u00e7\u00e3o t\u00e3o valiosa e necess\u00e1ria na forma\u00e7\u00e3o dos profissionais de Supply Chain.&#8221;<\/p>\n<p style=\"padding-left: 40px; text-align: center;\"><em><strong>Joelma Gouveia<\/strong><br \/>\nVP Leading End to End Supply Chain<\/em><\/p>\n<p style=\"text-align: center;\">Para assistir a uma entrevista do Bertaglia<br \/>\nsobre o primeiro volume da s\u00e9rie,<br \/>\n<span style=\"color: #003300;\"><a style=\"color: #003300;\" href=\"https:\/\/www.youtube.com\/live\/yQZlOos86ZU\">CLIQUE\u00a0<strong>AQUI\u00a0<\/strong>!<\/a><\/span><\/p>\n<p style=\"text-align: center;\">Para mais informa\u00e7\u00f5es sobre o Bertaglia,<br \/>\n<span style=\"color: #993300;\"><a style=\"color: #993300;\" href=\"https:\/\/editorapangeia.com.br\/a-logistica-tem-um-nome-paulo-bertaglia\/\">CLIQUE\u00a0<strong>AQUI !<\/strong><\/a><\/span><\/p>\n<p style=\"text-align: center;\">Para conhecer o livro\u00a0<em><strong>Supply Chain, Log\u00edstica e<br \/>\nLideran\u00e7a: o Futuro \u00e9<\/strong><\/em><strong>\u00a0Hoje<\/strong>,<br \/>\n1,\u00ba volume da s\u00e9rie:<br \/>\n<span style=\"color: #ff0000;\"><strong><a style=\"color: #ff0000;\" href=\"https:\/\/editorapangeia.com.br\/product\/supply-chain-logistica-e-lideranca-o-futuro-e-hoje-bertaglia\/\">CLIQUE AQUI !<\/a><\/strong><\/span><\/p>\n<p><strong>LIVRO EM PR\u00c9-VENDA COM DESCONTO.<\/strong><\/p>\n<blockquote>\n<p style=\"text-align: center;\">Junte-se \u00e0 nossa corrente:<br \/>\nao infinito e al\u00e9m, com a educa\u00e7\u00e3o<br \/>\nvem a transforma\u00e7\u00e3o, o futuro \u00e9 hoje!<\/p>\n<\/blockquote>\n<p>DEPOIMENTOS DE:<\/p>\n<p>Paulo Eduardo de Campos Farah<br \/>\nS\u00f3cio da Farah &amp; Farah Desenvolvimento Empresarial<\/p>\n<p>Flavia Sebastiani<br \/>\nVice President Global Planning &amp; Customer Excellence<\/p>\n<p>Rodrigo Alponti<br \/>\nDiretor de Supply Chain<\/p>\n<p>Luciana Lacerda<br \/>\nGlobal Delivery Business Director<\/p>\n<p>Marco Antonio Guapo<br \/>\nCEO Mundo Logistica<\/p>\n<p>Tania Heck Trotta<br \/>\nDiretora de Logistica e Customer Service<\/p>\n<p>Gilberto Lima<br \/>\nCEO<\/p>\n<p>Eliane Sousa Nascimento<br \/>\nDiretora de Supply Chain<\/p>\n<p>Cesar Meireles<br \/>\nExecutivo de Log\u00edstica<\/p>\n<p>Joelma Gouveia<br \/>\nVP Leading End to End Supply Chain<\/p>\n<p class=\"p1\">Andr\u00e9 Prado<br \/>\nCEO Emive&amp;CO<br \/>\nPresidente do Conselho da Abralog (Associa\u00e7\u00e3o Brasileira de Log\u00edstica)PhD em Transportes \u2013 Universidade de S\u00e3o Paulo (USP)<\/p>\n<p style=\"text-align: center;\">Confira as normas do financiamento coletivo e<br \/>\nda pr\u00e9-venda deste livro na Plataforma<br \/>\nGondwana, clicando <a href=\"http:\/\/editorapangeia.com.br\/gondwana\"><strong>AQUI<\/strong><\/a>.<\/p>\n","protected":false},"excerpt":{"rendered":"<p class=\"p1\">Este Volume 2 da s\u00e9rie O FUTURO \u00c9 HOJE \u00e9 tamb\u00e9m um chamado \u00e0 a\u00e7\u00e3o. N\u00e3o \u00e9 uma colet\u00e2nea de conceitos, \u00e9 uma agenda. Em cada cap\u00edtulo h\u00e1 perguntas que cutucam: o que devo parar de fazer, o que devo come\u00e7ar agora, o que posso simplificar sem perder controle, como uso dados para decidir com mais velocidade, como crio anticorpos organizacionais para enfrentar choques e continuar entregando?<\/p>\n<p class=\"p1\">Quem vive a pr\u00e1tica sabe que a vantagem aparece quando a equipe aprende r\u00e1pido e transforma aprendizado em rotina.<\/p>\n<p class=\"p1\">Paulo tem autoridade para conduzir esta conversa. Escreve para quem opera centros de distribui\u00e7\u00e3o, para quem fecha contratos com fornecedores, para quem desenha redes e para quem decide a aloca\u00e7\u00e3o de capital. Fala com o ch\u00e3o de f\u00e1brica e com o conselho, com o estudante que busca seu primeiro est\u00e1gio e com o executivo que j\u00e1 viu muitos ciclos. Essa amplitude n\u00e3o surge por acaso. Vem de d\u00e9cadas construindo, ensinando e compartilhando.<\/p>\n<p>Confira o livro agora mesmo: a pr\u00e9-venda chega com desconto muito especial.<\/p>\n<p>Confira as normas do financiamento coletivo e da pr\u00e9-venda deste livro na Plataforma Gondwana, clicando <a href=\"http:\/\/editorapangeia.com.br\/gondwana\"><strong>AQUI<\/strong><\/a>.<\/p>\n","protected":false},"featured_media":20354,"comment_status":"open","ping_status":"closed","template":"","meta":[],"product_brand":[],"product_cat":[4815,4085],"product_tag":[1786,1787,1788,1789,4992,1790,1791,4998,5002,1792,4728,1793,1794,1795,4995,1796,1797,1798,1799,1800,1801,1802,1803,5001,4993,1804,4991,1805,1806,4997,1807,4996,1808,1809,1810,1811,1812,1813,4994,5000,4999,1814,1815,1816,4990,1817,1818,1819,1820,1821,1822,1823],"class_list":{"0":"post-20351","1":"product","2":"type-product","3":"status-publish","4":"has-post-thumbnail","6":"product_cat-pre-venda","7":"product_cat-economianegocios","8":"product_tag-abastecimento","9":"product_tag-administracao-da-producao","10":"product_tag-administracao-de-empresas","11":"product_tag-analise-de-sistemas","12":"product_tag-andre-prado","13":"product_tag-cliente-interno","14":"product_tag-comportamento","15":"product_tag-cross-docking","16":"product_tag-desafio-alimentar","17":"product_tag-distribuicao","18":"product_tag-empatia","19":"product_tag-estrategia","20":"product_tag-estrategias","21":"product_tag-experienciadocliente","22":"product_tag-felicidade-no-local-de-trabalho","23":"product_tag-formacao-pessoal","24":"product_tag-gerenciamento-da-cadeia-de-abastecimento","25":"product_tag-gestao-de-negocios","26":"product_tag-industria-4-0","27":"product_tag-inovacao","28":"product_tag-inteligencia-emocional","29":"product_tag-lideranca","30":"product_tag-logistica","31":"product_tag-logistica-inteligente","32":"product_tag-logistica-sustentavel","33":"product_tag-manufatura","34":"product_tag-mundo-5-0","35":"product_tag-mundo-digital","36":"product_tag-negocios","37":"product_tag-o-dilema-dos-estoques","38":"product_tag-operacoes","39":"product_tag-otif","40":"product_tag-paulo-bersaglia","41":"product_tag-paulo-roberto-bertaglia","42":"product_tag-pessoas","43":"product_tag-planejamento","44":"product_tag-portos","45":"product_tag-projetos","46":"product_tag-protagonismo","47":"product_tag-revolucionando-o-supply-chain","48":"product_tag-sem-paletes","49":"product_tag-supply-chain","50":"product_tag-supply-chain-logistica-lideranca-o-futuro-e-hoje","51":"product_tag-supplychain","52":"product_tag-susstentabilidade","53":"product_tag-sustentabilidade","54":"product_tag-tecnologia","55":"product_tag-transformacao","56":"product_tag-transformacao-digital","57":"product_tag-transporte","58":"product_tag-vendas","59":"product_tag-vendedor","60":"product_shipping_class-normal","62":"first","63":"onbackorder","64":"featured","65":"shipping-taxable","66":"purchasable","67":"product-type-simple"},"_links":{"self":[{"href":"https:\/\/editorapangeia.com.br\/pt_br\/wp-json\/wp\/v2\/product\/20351","targetHints":{"allow":["GET"]}}],"collection":[{"href":"https:\/\/editorapangeia.com.br\/pt_br\/wp-json\/wp\/v2\/product"}],"about":[{"href":"https:\/\/editorapangeia.com.br\/pt_br\/wp-json\/wp\/v2\/types\/product"}],"replies":[{"embeddable":true,"href":"https:\/\/editorapangeia.com.br\/pt_br\/wp-json\/wp\/v2\/comments?post=20351"}],"wp:featuredmedia":[{"embeddable":true,"href":"https:\/\/editorapangeia.com.br\/pt_br\/wp-json\/wp\/v2\/media\/20354"}],"wp:attachment":[{"href":"https:\/\/editorapangeia.com.br\/pt_br\/wp-json\/wp\/v2\/media?parent=20351"}],"wp:term":[{"taxonomy":"product_brand","embeddable":true,"href":"https:\/\/editorapangeia.com.br\/pt_br\/wp-json\/wp\/v2\/product_brand?post=20351"},{"taxonomy":"product_cat","embeddable":true,"href":"https:\/\/editorapangeia.com.br\/pt_br\/wp-json\/wp\/v2\/product_cat?post=20351"},{"taxonomy":"product_tag","embeddable":true,"href":"https:\/\/editorapangeia.com.br\/pt_br\/wp-json\/wp\/v2\/product_tag?post=20351"}],"curies":[{"name":"wp","href":"https:\/\/api.w.org\/{rel}","templated":true}]}}