{"id":20347,"date":"2025-06-16T06:00:40","date_gmt":"2025-06-16T06:00:40","guid":{"rendered":"https:\/\/editorapangeia.com.br\/?post_type=product&#038;p=20347"},"modified":"2025-10-22T13:09:12","modified_gmt":"2025-10-22T13:09:12","slug":"leo-o-polvo-diferente-visette-galiard","status":"publish","type":"product","link":"https:\/\/editorapangeia.com.br\/pt_br\/product\/leo-o-polvo-diferente-visette-galiard\/","title":{"rendered":"Leo, o polvo diferente, Visette Galiardi"},"content":{"rendered":"<p class=\"p2\">O polvo \u00e9 um molusco marinho, cujo nome cient\u00edfico \u00e9 <em>Octopoda<\/em>. Ele possui oito tent\u00e1culos, que apresentam v\u00e1rias ventosas, facilitando a locomo\u00e7\u00e3o e a captura de alimentos. Para se proteger, o polvo utiliza jatos de \u00e1gua ou tinta para confundir seus predadores. Al\u00e9m disso, ele consegue mudar de cor e se camuflar em diversos ambientes marinhos.<\/p>\n<p class=\"p2\"><strong>Voc\u00ea sabia que existe polvo com nove tent\u00e1culos? <\/strong><\/p>\n<p class=\"p2\">Sim, ele existe!<\/p>\n<p class=\"p2\">O polvo com 9 tent\u00e1culos realmente existe! Ele foi capturado por um pescador na Ba\u00eda de Shizugawa, na costa do Jap\u00e3o. Esse polvo sofreu uma muta\u00e7\u00e3o natural, n\u00e3o se sabe exatamente o motivo. Seu caso despertou grande interesse entre os pesquisadores.<\/p>\n<p><em><strong>Leo, o polvo diferente <\/strong><\/em>\u00e9 um polvo de nove tent\u00e1culos. Conhe\u00e7a a saga do Leo, um conto emocionante escrrito por Visette Galiardi e ricamente ilustrado por Lily Momisso, com a sens\u00edvel diagrama\u00e7\u00e3o do R\u00edzio Macedo, o Rizera.<\/p>\n","protected":false},"excerpt":{"rendered":"<p class=\"p1\">&#8220;L\u00e9o era um polvo diferente. Enquanto todos os outros polvos tinham oito tent\u00e1culos, ele tinha nove. No come\u00e7o, ele n\u00e3o entendia por que era t\u00e3o diferente. Mas, conforme crescia, come\u00e7ou a perceber os olhares curiosos e, \u00e0s vezes, at\u00e9 coment\u00e1rios maldosos das outras criaturas marinhas. &#8216;Olhem, \u00e9 o polvo com uma perna a mais!&#8217;, diziam os outros polvos. &#8216;Ser\u00e1 que ele consegue nadar direito com isso?&#8217;, cochichavam as estrelas-do-mar.<\/p>\n<p>A resposta est\u00e1 no livro\u00a0<em><strong>Leo, o polvo diferente<\/strong><\/em>, uma hist\u00f3ria deliciosamente emocionante de Visette Galiardi.<\/p>\n<p>Com desconto de pr\u00e9-venda at\u00e9 5\/12\/2025.<\/p>\n","protected":false},"featured_media":20348,"comment_status":"open","ping_status":"closed","template":"","meta":[],"product_brand":[],"product_cat":[4815,4080],"product_tag":[],"class_list":{"0":"post-20347","1":"product","2":"type-product","3":"status-publish","4":"has-post-thumbnail","6":"product_cat-pre-venda","7":"product_cat-infantojuvenil","8":"product_shipping_class-normal","10":"first","11":"onbackorder","12":"sale","13":"shipping-taxable","14":"purchasable","15":"product-type-simple"},"_links":{"self":[{"href":"https:\/\/editorapangeia.com.br\/pt_br\/wp-json\/wp\/v2\/product\/20347","targetHints":{"allow":["GET"]}}],"collection":[{"href":"https:\/\/editorapangeia.com.br\/pt_br\/wp-json\/wp\/v2\/product"}],"about":[{"href":"https:\/\/editorapangeia.com.br\/pt_br\/wp-json\/wp\/v2\/types\/product"}],"replies":[{"embeddable":true,"href":"https:\/\/editorapangeia.com.br\/pt_br\/wp-json\/wp\/v2\/comments?post=20347"}],"wp:featuredmedia":[{"embeddable":true,"href":"https:\/\/editorapangeia.com.br\/pt_br\/wp-json\/wp\/v2\/media\/20348"}],"wp:attachment":[{"href":"https:\/\/editorapangeia.com.br\/pt_br\/wp-json\/wp\/v2\/media?parent=20347"}],"wp:term":[{"taxonomy":"product_brand","embeddable":true,"href":"https:\/\/editorapangeia.com.br\/pt_br\/wp-json\/wp\/v2\/product_brand?post=20347"},{"taxonomy":"product_cat","embeddable":true,"href":"https:\/\/editorapangeia.com.br\/pt_br\/wp-json\/wp\/v2\/product_cat?post=20347"},{"taxonomy":"product_tag","embeddable":true,"href":"https:\/\/editorapangeia.com.br\/pt_br\/wp-json\/wp\/v2\/product_tag?post=20347"}],"curies":[{"name":"wp","href":"https:\/\/api.w.org\/{rel}","templated":true}]}}