{"id":20343,"date":"2025-06-16T01:00:53","date_gmt":"2025-06-16T01:00:53","guid":{"rendered":"https:\/\/editorapangeia.com.br\/?post_type=product&#038;p=20343"},"modified":"2026-01-20T16:52:29","modified_gmt":"2026-01-20T16:52:29","slug":"coracao-da-africa-em-terras-quilombolas","status":"publish","type":"product","link":"https:\/\/editorapangeia.com.br\/pt_br\/product\/coracao-da-africa-em-terras-quilombolas\/","title":{"rendered":"Cora\u00e7\u00e3o da \u00c1frica em Terras Quilombolas, Mestre Biro"},"content":{"rendered":"<blockquote>\n<p class=\"p1\"><strong>Mestre Biro \u2013 Marcos Henrique<\/strong><\/p>\n<\/blockquote>\n<p class=\"p2\">Doutorado em Educa\u00e7\u00e3o UNICAMP 2025. Mestre em Educa\u00e7\u00e3o, UNISAL 2014. P\u00f3s Gradua\u00e7\u00e3o Psicologia UNISAL 2014. P\u00f3s Gradua\u00e7\u00e3o em Hist\u00f3ria da Cultura Afro UNISAL 2009. P\u00f3s Graduado em Educa\u00e7\u00e3o Social UNISAL 2007. Graduado em administra\u00e7\u00e3o em Marketing 2005. Doutor Honoris Causa pela Academia Brasileira de Letras, Ci\u00eancia e Cultura da Associa\u00e7\u00e3o Brasileira dos Servidores P\u00fablicos (ABSP). 2024. Mestre de Capoeira Terceiro Grau 2021. Mestre de Capoeira Segundo Grau 2015. Mestre de Capoeira Primeiro Grau 2009. Escritor: de sete obras Liter\u00e1ria. Compositor: quatro CDs de cultura popular. Artista: DVD de Cultura popular Afro. Palestrante: Hist\u00f3ria e saberes populares afro-brasileiro. Escritor das obras: Sementes Sagradas (2022 ).Berimbau Celeste ( 2021) O menino e o tambor (2020), A irmandade (2019 ), O Carroceiro ( 2018 ) Capoeira Africanidade Brasileira (2017 ) e Capoeira a cultura que educa (2016 ).<\/p>\n<p class=\"p2\" style=\"text-align: center;\"><strong>MARCOS HENRIQUE, CONTADOR DE HIST\u00d3RIAS<\/strong><\/p>\n<p class=\"p2\">Quando menino, Marcos Henrique aprendia os textos do mundo, lia o que nunca foi escrito. Quando jovem, j\u00e1 m\u00fasico e capoeirista, sentiu necessidade da escola e dos conhecimentos grafados nas p\u00e1ginas dos livros. Fez o percurso do ensino formal e, inclusive, o Mestrado em Educa\u00e7\u00e3o Sociocomunit\u00e1ria. Em sua disserta\u00e7\u00e3o, trouxe a voz de mestres da cultura popular em Campinas, que ensinam e fazem permanecer pulsante a tradi\u00e7\u00e3o criadora da capoeira, do jongo, do samba de bumbo.Marcos Henrique, tem feito sempre pontes e travessias entre os saberes populares e os saberes eruditos, em di\u00e1logos que ajudam a trazer a vida para a Universidade, assim como a Universidade para a vida. Agora, descobre-se como contador de hist\u00f3rias. Para muitos rom\u00e2nticos, existem potencialidades de linguagem que se manifestam da voz dos wates, potencialidades que emergem da terra ancestral das palavras e do pensamento. Em sintonia com essa concep\u00e7\u00e3o rom\u00e2ntica, Marcos Henrique tem criado suas hist\u00f3rias, com muitas imagens mito po\u00e9ticas. Nas hist\u00f3rias, manifesta-se uma alegria de criar que n\u00e3o se separa da alegria de viver: esse \u00e9 mais um aprendizado para n\u00f3s, seus leitores, nesse tempo de necessidade vital de recria\u00e7\u00e3o de sentido em todos os campos da cultura e da exist\u00eancia.<\/p>\n<p class=\"p2\" style=\"text-align: right;\"><em><strong>Severino Antonio<\/strong><\/em><\/p>\n<blockquote>\n<p class=\"p2\" style=\"text-align: center;\"><strong>Contar hist\u00f3rias \u00e9 uma das<br \/>\nheran\u00e7as de nossa<br \/>\nancestralidade<\/strong><\/p>\n<\/blockquote>\n<p class=\"p2\">Somos descendentes de um povo que transmite seu conhecimento por meio da oralidade, da hist\u00f3ria contada pelos mais velhos para os mais novos. Cada um de n\u00f3s traz no fundo da alma a hist\u00f3ria da sua fam\u00edlia e, quando nos encontramos no candombl\u00e9 e na vida, unimos essas hist\u00f3rias.<\/p>\n<p class=\"p2\">Assim acontece com os personagens nesta bela viagem pela qual meu amigo Marcos Henrique nos transporta neste livro. Cada um vai acessando sua pr\u00f3pria alma e contando suas hist\u00f3rias. Hist\u00f3rias que constroem seu caminho, seu aprendizado.<\/p>\n<p class=\"p2\">Como dizia meu pai, \u201cnossas hist\u00f3rias n\u00e3o s\u00e3o apenas nossas; s\u00e3o dos nossos\u201d. E quando ouvimos hist\u00f3rias dos nossos mais velhos temos que passar para os mais novos, para a hist\u00f3ria continuar entre n\u00f3s. Essa \u00e9 a nossa tradi\u00e7\u00e3o.<\/p>\n<p class=\"p2\">Isso \u00e9 o candombl\u00e9 que recebemos dos nossos orix\u00e1s por nossos mais velhos e transmitimos aos mais novos, para mant\u00ea-lo vivo. E precisamos mant\u00ea-lo vivo.<\/p>\n<p class=\"p2\" style=\"text-align: right;\"><em><strong>Babalorix\u00e1 Moacyr ty Sang\u00f2<\/strong><\/em><\/p>\n","protected":false},"excerpt":{"rendered":"<p class=\"p1\"><em><strong>Cora\u00e7\u00e3o da \u00c1frica em Terras Quilombolas<\/strong><\/em>, de Marcos Henrique, o Mestre Biro, \u00e9 um mergulho na ancestralidade dos negros de \u00c1frica escravizados e transplantados no Brasil Col\u00f4nia. \u00c9 um mergulho nas viv\u00eancias e nas experi\u00eancias constitu\u00eddas, constru\u00eddas e cultivadas no novo territ\u00f3rio; \u00e9 mem\u00f3ria no esp\u00edrito de oralidade de conhecimento transmitido atrav\u00e9s das gera\u00e7\u00f5es.<\/p>\n<p>Em pr\u00e9-venda com desconto especiaal at\u00e9 15\/11\/2025.<\/p>\n","protected":false},"featured_media":20344,"comment_status":"open","ping_status":"closed","template":"","meta":[],"product_brand":[],"product_cat":[4084],"product_tag":[4979,1253,2152,4981,4988,364,3540,4986,5080,4985,4983,4987,1246,314,682,4984,4980,4989,4982,570],"class_list":{"0":"post-20343","1":"product","2":"type-product","3":"status-publish","4":"has-post-thumbnail","6":"product_cat-sociologia","7":"product_tag-africa","8":"product_tag-ancestralidade","9":"product_tag-antirracismo","10":"product_tag-babalorixa-moacyr-ty-sango","11":"product_tag-bumbo","12":"product_tag-capoeira","13":"product_tag-educacao-e-ensino","14":"product_tag-educacao-sociocomunitaria","15":"product_tag-formacao-antirracista","16":"product_tag-griot","17":"product_tag-herancas","18":"product_tag-jongo","19":"product_tag-marcos-henrique-mestre-biro","20":"product_tag-memoria","21":"product_tag-mestre-biro","22":"product_tag-oralidade","23":"product_tag-quilombolas","24":"product_tag-saberes-populares","25":"product_tag-severino-antonio","26":"product_tag-sociologia","27":"product_shipping_class-normal","29":"first","30":"instock","31":"shipping-taxable","32":"purchasable","33":"product-type-simple"},"_links":{"self":[{"href":"https:\/\/editorapangeia.com.br\/pt_br\/wp-json\/wp\/v2\/product\/20343","targetHints":{"allow":["GET"]}}],"collection":[{"href":"https:\/\/editorapangeia.com.br\/pt_br\/wp-json\/wp\/v2\/product"}],"about":[{"href":"https:\/\/editorapangeia.com.br\/pt_br\/wp-json\/wp\/v2\/types\/product"}],"replies":[{"embeddable":true,"href":"https:\/\/editorapangeia.com.br\/pt_br\/wp-json\/wp\/v2\/comments?post=20343"}],"wp:featuredmedia":[{"embeddable":true,"href":"https:\/\/editorapangeia.com.br\/pt_br\/wp-json\/wp\/v2\/media\/20344"}],"wp:attachment":[{"href":"https:\/\/editorapangeia.com.br\/pt_br\/wp-json\/wp\/v2\/media?parent=20343"}],"wp:term":[{"taxonomy":"product_brand","embeddable":true,"href":"https:\/\/editorapangeia.com.br\/pt_br\/wp-json\/wp\/v2\/product_brand?post=20343"},{"taxonomy":"product_cat","embeddable":true,"href":"https:\/\/editorapangeia.com.br\/pt_br\/wp-json\/wp\/v2\/product_cat?post=20343"},{"taxonomy":"product_tag","embeddable":true,"href":"https:\/\/editorapangeia.com.br\/pt_br\/wp-json\/wp\/v2\/product_tag?post=20343"}],"curies":[{"name":"wp","href":"https:\/\/api.w.org\/{rel}","templated":true}]}}