{"id":20311,"date":"2025-10-14T10:03:46","date_gmt":"2025-10-14T10:03:46","guid":{"rendered":"https:\/\/editorapangeia.com.br\/?post_type=product&#038;p=20311"},"modified":"2025-11-20T17:23:42","modified_gmt":"2025-11-20T17:23:42","slug":"literatura-e-tempos-sombrios-descolonizando-o-pensamento-carina-marques-duarte-org","status":"publish","type":"product","link":"https:\/\/editorapangeia.com.br\/pt_br\/product\/literatura-e-tempos-sombrios-descolonizando-o-pensamento-carina-marques-duarte-org\/","title":{"rendered":"Literatura e tempos sombrios: descolonizando o pensamento, Carina Marques Duarte (Org.)"},"content":{"rendered":"<p><strong>AUTORES:<\/strong><\/p>\n<p style=\"text-align: center;\">Carina Marques Duarte<\/p>\n<p style=\"text-align: center;\">Carolina Barbosa Lima e Santos<\/p>\n<p style=\"text-align: center;\">Julio Augusto Xavier Galharte<\/p>\n<p style=\"text-align: center;\">Luciana Petroni Antiqueira Chirz\u00f3stomo<\/p>\n<p style=\"text-align: center;\">Perla Ara\u00fajo dos Santos<\/p>\n<p style=\"text-align: center;\">Marcos Rog\u00e9rio Heck Dorneles<\/p>\n<p style=\"text-align: center;\">Maria da Gl\u00f3ria Bordini<\/p>\n<p style=\"text-align: center;\">Maria Regina Barcelos Bettiol<\/p>\n<p style=\"text-align: center;\">Regina Baruki-Fonseca<\/p>\n<p style=\"text-align: center;\">Ricardo Magalh\u00e3es Bulh\u00f5es<\/p>\n<p style=\"text-align: center;\"><strong>Grupo de Pesquisa Literatura e<br \/>\nTempos Sombrios (UFMS)<\/strong><\/p>\n","protected":false},"excerpt":{"rendered":"<p>Este livro, produzido no \u00e2mbito e a partir de evento do GPLTS &#8211; Grupo de Pesquisa Literatura e Tempos Sobrios, apresenta estudos liter\u00e1rios que abordam experi\u00eancias de \u00e9pocas de opress\u00e3o, guerras, viol\u00eancia, viola\u00e7\u00e3o de direitos e sofrimento. Os textos se voltam para heran\u00e7as do colonialismo pol\u00edtico dos Pa\u00edses Africanos de L\u00edngua Oficial Portuguesa (PALOP).<\/p>\n<p>No \u00e2mbito conceitual da colonialidade, que marca rela\u00e7\u00f5es sociais, econ\u00f4micas, pol\u00edticas, sociais e culturais, moldando vis\u00f5es de mundo e os diversos \u00e2mbitos da vida social de pa\u00edses que foram col\u00f4nias portuguesas, inclusive o Brasil, \u00e9 necess\u00e1rio descolonizaar o pensamento.<\/p>\n<p>\u00c9 isso que este livro nos traz.<\/p>\n<p>Com desconto de lan\u00e7amento at\u00e9 10\/11\/2025.<\/p>\n","protected":false},"featured_media":20312,"comment_status":"open","ping_status":"closed","template":"","meta":[],"product_brand":[],"product_cat":[4081],"product_tag":[2152,2725,3792,754,2750,889,3793,526,3796,3820,3786,3819,3798,2729,2341,3799,3800,971,3789,3787,3790,3804,3805,3808,3809,111,3810,3813,3812,3814,2117,2723,3817,164,3788],"class_list":{"0":"post-20311","1":"product","2":"type-product","3":"status-publish","4":"has-post-thumbnail","6":"product_cat-estudosliterarios","7":"product_tag-antirracismo","8":"product_tag-carina-marques-duarte","9":"product_tag-colonialismo","10":"product_tag-conto","11":"product_tag-cpan-ufms","12":"product_tag-cptl-ufms","13":"product_tag-decolonialidade","14":"product_tag-ditadura","15":"product_tag-experiencia-limite","16":"product_tag-gplts","17":"product_tag-grupo-de-pesquisa-literatura-e-tempos-sombrios-ufms","18":"product_tag-guerra","19":"product_tag-guerra-civil","20":"product_tag-guerra-colonial","21":"product_tag-identidade","22":"product_tag-identidade-da-nacao","23":"product_tag-identidades","24":"product_tag-intertextualidade","25":"product_tag-lingua-portugues","26":"product_tag-literatura-e-tempos-sombrios","27":"product_tag-literaturas-de-lingua-portuguesa","28":"product_tag-mocambique","29":"product_tag-mulher-negra","30":"product_tag-paulina-chiziane","31":"product_tag-periodo-pos-independencia","32":"product_tag-poesia","33":"product_tag-pos-colonialismo","34":"product_tag-representacao-literaria","35":"product_tag-representacoes","36":"product_tag-resistencia","37":"product_tag-solidao","38":"product_tag-tempos-sombrios","39":"product_tag-trauma","40":"product_tag-ufms","41":"product_tag-violencia","42":"product_shipping_class-normal","44":"first","45":"instock","46":"taxable","47":"shipping-taxable","48":"purchasable","49":"product-type-simple"},"_links":{"self":[{"href":"https:\/\/editorapangeia.com.br\/pt_br\/wp-json\/wp\/v2\/product\/20311","targetHints":{"allow":["GET"]}}],"collection":[{"href":"https:\/\/editorapangeia.com.br\/pt_br\/wp-json\/wp\/v2\/product"}],"about":[{"href":"https:\/\/editorapangeia.com.br\/pt_br\/wp-json\/wp\/v2\/types\/product"}],"replies":[{"embeddable":true,"href":"https:\/\/editorapangeia.com.br\/pt_br\/wp-json\/wp\/v2\/comments?post=20311"}],"wp:featuredmedia":[{"embeddable":true,"href":"https:\/\/editorapangeia.com.br\/pt_br\/wp-json\/wp\/v2\/media\/20312"}],"wp:attachment":[{"href":"https:\/\/editorapangeia.com.br\/pt_br\/wp-json\/wp\/v2\/media?parent=20311"}],"wp:term":[{"taxonomy":"product_brand","embeddable":true,"href":"https:\/\/editorapangeia.com.br\/pt_br\/wp-json\/wp\/v2\/product_brand?post=20311"},{"taxonomy":"product_cat","embeddable":true,"href":"https:\/\/editorapangeia.com.br\/pt_br\/wp-json\/wp\/v2\/product_cat?post=20311"},{"taxonomy":"product_tag","embeddable":true,"href":"https:\/\/editorapangeia.com.br\/pt_br\/wp-json\/wp\/v2\/product_tag?post=20311"}],"curies":[{"name":"wp","href":"https:\/\/api.w.org\/{rel}","templated":true}]}}