{"id":20302,"date":"2025-10-13T23:15:54","date_gmt":"2025-10-13T23:15:54","guid":{"rendered":"https:\/\/editorapangeia.com.br\/?post_type=product&#038;p=20302"},"modified":"2025-11-12T14:01:31","modified_gmt":"2025-11-12T14:01:31","slug":"a-cruzada-das-criancas-contra-a-bruxa-zarolha-e-o-menino-malvado-nilo-barroso","status":"publish","type":"product","link":"https:\/\/editorapangeia.com.br\/pt_br\/product\/a-cruzada-das-criancas-contra-a-bruxa-zarolha-e-o-menino-malvado-nilo-barroso\/","title":{"rendered":"A cruzada das crian\u00e7as contra a bruxa zarolha e o menino malvado, Nilo Barroso"},"content":{"rendered":"<p>DEDICAT\u00d3RIA:<\/p>\n<p style=\"text-align: center;\">Era uma vez um garotinho chamado Gabriel, que \u00e0 hora de dormir pedia a seu papai para recontar a mesma est\u00f3ria. Ao ouvi-la, o garotinho ia acrescentando personagens e detalhes sa\u00eddos de sua imagina\u00e7\u00e3o.<br \/>\nAssim, Gabo se tornou co-autor e protagonista desta narrativa.<\/p>\n<p style=\"text-align: center;\"><img loading=\"lazy\" decoding=\"async\" class=\"alignnone wp-image-20304\" src=\"http:\/\/editorapangeia.com.br\/wp-content\/uploads\/2025\/10\/Sarue-cor-Oficial-Transparente--220x300.webp\" alt=\"\" width=\"304\" height=\"415\" srcset=\"https:\/\/editorapangeia.com.br\/wp-content\/uploads\/2025\/10\/Sarue-cor-Oficial-Transparente--220x300.webp 220w, https:\/\/editorapangeia.com.br\/wp-content\/uploads\/2025\/10\/Sarue-cor-Oficial-Transparente--9x12.webp 9w, https:\/\/editorapangeia.com.br\/wp-content\/uploads\/2025\/10\/Sarue-cor-Oficial-Transparente--293x400.webp 293w, https:\/\/editorapangeia.com.br\/wp-content\/uploads\/2025\/10\/Sarue-cor-Oficial-Transparente-.webp 442w\" sizes=\"auto, (max-width: 304px) 100vw, 304px\" \/><\/p>\n","protected":false},"excerpt":{"rendered":"<p><em><strong>A cruzada das crian\u00e7as contra a bruxa zarolha e o menino malvado<\/strong><\/em>, de Nilo Barroso com ilustra\u00e7\u00f5es de Lily Momisso, teve seu enredo contado e recontado \u00e0 noite, antes de dormir, ao filho do autor, que a partir de determinado momento acrescentou detalhes \u00e0 narrativa, em um recontar que foi incorporado ao texto final.<\/p>\n<p>A bruxa, Mem\u00e9ia, faz amizade com um menino malvado, que gostava de maltratar brinquedos. Fazem uma m\u00e1gica&#8230; crian\u00e7as se perdem&#8230; hum&#8230; melhor n\u00e3o contar aqui as perip\u00e9cias, as aventuras, as reviravoltas dessa hist\u00f3ria cheia de suspense, de amizades, de ci\u00fames, de magias e de heroismo.<\/p>\n","protected":false},"featured_media":20310,"comment_status":"open","ping_status":"closed","template":"","meta":[],"product_brand":[],"product_cat":[4080],"product_tag":[4969,4970,366,3396,4968,4967,3385,3072,4971,4966,1291,112],"class_list":{"0":"post-20302","1":"product","2":"type-product","3":"status-publish","4":"has-post-thumbnail","6":"product_cat-infantojuvenil","7":"product_tag-bruxa-zarolha","8":"product_tag-cruzada-das-criancas","9":"product_tag-edicoes-sarue","10":"product_tag-equipe-pangeia","11":"product_tag-gabriel","12":"product_tag-isadora","13":"product_tag-ler-bricar-criar","14":"product_tag-lily-momisso","15":"product_tag-menino-malvado","16":"product_tag-o-magico-de-oz","17":"product_tag-pangeia-editorial","18":"product_tag-rauer","19":"product_shipping_class-normal","21":"first","22":"instock","23":"taxable","24":"shipping-taxable","25":"purchasable","26":"product-type-simple"},"_links":{"self":[{"href":"https:\/\/editorapangeia.com.br\/pt_br\/wp-json\/wp\/v2\/product\/20302","targetHints":{"allow":["GET"]}}],"collection":[{"href":"https:\/\/editorapangeia.com.br\/pt_br\/wp-json\/wp\/v2\/product"}],"about":[{"href":"https:\/\/editorapangeia.com.br\/pt_br\/wp-json\/wp\/v2\/types\/product"}],"replies":[{"embeddable":true,"href":"https:\/\/editorapangeia.com.br\/pt_br\/wp-json\/wp\/v2\/comments?post=20302"}],"wp:featuredmedia":[{"embeddable":true,"href":"https:\/\/editorapangeia.com.br\/pt_br\/wp-json\/wp\/v2\/media\/20310"}],"wp:attachment":[{"href":"https:\/\/editorapangeia.com.br\/pt_br\/wp-json\/wp\/v2\/media?parent=20302"}],"wp:term":[{"taxonomy":"product_brand","embeddable":true,"href":"https:\/\/editorapangeia.com.br\/pt_br\/wp-json\/wp\/v2\/product_brand?post=20302"},{"taxonomy":"product_cat","embeddable":true,"href":"https:\/\/editorapangeia.com.br\/pt_br\/wp-json\/wp\/v2\/product_cat?post=20302"},{"taxonomy":"product_tag","embeddable":true,"href":"https:\/\/editorapangeia.com.br\/pt_br\/wp-json\/wp\/v2\/product_tag?post=20302"}],"curies":[{"name":"wp","href":"https:\/\/api.w.org\/{rel}","templated":true}]}}