{"id":20295,"date":"2025-10-13T21:46:58","date_gmt":"2025-10-13T21:46:58","guid":{"rendered":"https:\/\/editorapangeia.com.br\/?post_type=product&#038;p=20295"},"modified":"2025-12-10T14:10:42","modified_gmt":"2025-12-10T14:10:42","slug":"resgate-flavia-de-queiroz-lima","status":"publish","type":"product","link":"https:\/\/editorapangeia.com.br\/pt_br\/product\/resgate-flavia-de-queiroz-lima\/","title":{"rendered":"Resgate, Fl\u00e1via de Queiroz Lima"},"content":{"rendered":"<p style=\"text-align: left;\"><em><strong>RESGATE<\/strong><\/em>,<br \/>\n<strong>Fl\u00e1via de Queiroz Lima<\/strong><\/p>\n<p style=\"text-align: center;\"><strong><i>Resgate<\/i><\/strong><br \/>\n<em>31 poemas in\u00e9ditos\u00a0+ 2 poemas de<\/em><br \/>\n<em>amor do in\u00edcio do s\u00e9culo XX<\/em><br \/>\nFl\u00e1via de Queiroz Lima<\/p>\n<p>Este \u00e9 o 5\u00ba livro de Fl\u00e1via de Queiroz Lima em perto de 50 anos de atividade po\u00e9tica desenvolvida em Belo Horizonte, Minas Gerais. Antes, na Rio de Janeiro natal, nos anos 1960, Fl\u00e1via participara da efervesc\u00eancia da MPB, e muitas de suas letras ganharam vozes de int\u00e9rpretes entre os mais consagrados da \u00e9poca.<\/p>\n<p style=\"text-align: center;\"><strong>Entrega imediata com desconto de lan\u00e7amento<\/strong><\/p>\n<p style=\"text-align: center;\">Para conhecer mais sobre a autora e sobre o livro,<br \/>\n<strong>Clique <span style=\"color: #800080;\"><a style=\"color: #800080;\" href=\"https:\/\/editorapangeia.com.br\/?s=FL\u00c1VIA+DE+QUEIROZ+LIMA\">AQUI<\/a><\/span> e <span style=\"color: #ff0000;\"><a style=\"color: #ff0000;\" href=\"http:\/\/editorapangeia.com.br\/shop\">AQUI<\/a>!!!<\/span><\/strong><\/p>\n<div class=\"page\" title=\"Page 9\">\n<div class=\"layoutArea\">\n<div class=\"column\">\n<div class=\"page\" title=\"Page 10\">\n<div class=\"section\">\n<div class=\"layoutArea\">\n<div class=\"column\">\n<p style=\"text-align: center;\"><strong>Para informa\u00e7\u00f5es sobre a autora,<\/strong><br \/>\n<span style=\"color: #003300;\"><a style=\"color: #003300;\" href=\"https:\/\/editorapangeia.com.br\/?s=Fl\u00e1via\">Clique <strong>AQUI<\/strong> !!!<\/a><\/span><\/p>\n<\/div>\n<\/div>\n<\/div>\n<\/div>\n<\/div>\n<\/div>\n<\/div>\n","protected":false},"excerpt":{"rendered":"<p><em><strong>Resgate<\/strong><\/em> cont\u00e9m poemas de uma voz l\u00edrica que enfrenta todos os temas com maturidade, consist\u00eancia e personalidade \u00edmpar: Fl\u00e1via de Queiroz Lima, em seu 5.\u00ba livro, v\u00ea o mist\u00e9rio da vida, os meandros da exist\u00eancia e as aporias da sociedade &#8220;Atrav\u00e9s da lente espessa \/ aumentando enquanto esconde&#8221; porque &#8220;as vers\u00f5es se fragmentam \/ tantas vezes quantas contam&#8221;.<\/p>\n<p>\u00c9 poesia de alto labor e refinada elabora\u00e7\u00e3o, de densa inven\u00e7\u00e3o e espanto epif\u00e2nico, que resgata o <em>ethos<\/em> de um mundo perdido no qual a literatura pode ser t\u00e1bua de salva\u00e7\u00e3o.<\/p>\n<p>Desconto de lan\u00e7amento at\u00e9 11\/11\/2025.<\/p>\n","protected":false},"featured_media":20301,"comment_status":"open","ping_status":"closed","template":"","meta":[],"product_brand":[],"product_cat":[4077],"product_tag":[2218,2219,740,741,2223,377,2220,2222,2269,746,111,1144,2071,476,2227,2221],"class_list":{"0":"post-20295","1":"product","2":"type-product","3":"status-publish","4":"has-post-thumbnail","6":"product_cat-poesia","7":"product_tag-academia-mineira-de-letras","8":"product_tag-aml","9":"product_tag-beaga","10":"product_tag-belo-horizonte","11":"product_tag-derval-braga","12":"product_tag-eros-poesia","13":"product_tag-flavia-de-queiroz-lima","14":"product_tag-lacos-e-avessos","15":"product_tag-lancamento-com-desconto","16":"product_tag-minas-gerais","17":"product_tag-poesia","18":"product_tag-poesia-brasileira","19":"product_tag-poesia-contemporanea","20":"product_tag-rauer-ribeiro-rodrigues","21":"product_tag-resenhas","22":"product_tag-rio-de-janeiro","23":"product_shipping_class-normal","25":"first","26":"instock","27":"shipping-taxable","28":"purchasable","29":"product-type-simple"},"_links":{"self":[{"href":"https:\/\/editorapangeia.com.br\/pt_br\/wp-json\/wp\/v2\/product\/20295","targetHints":{"allow":["GET"]}}],"collection":[{"href":"https:\/\/editorapangeia.com.br\/pt_br\/wp-json\/wp\/v2\/product"}],"about":[{"href":"https:\/\/editorapangeia.com.br\/pt_br\/wp-json\/wp\/v2\/types\/product"}],"replies":[{"embeddable":true,"href":"https:\/\/editorapangeia.com.br\/pt_br\/wp-json\/wp\/v2\/comments?post=20295"}],"wp:featuredmedia":[{"embeddable":true,"href":"https:\/\/editorapangeia.com.br\/pt_br\/wp-json\/wp\/v2\/media\/20301"}],"wp:attachment":[{"href":"https:\/\/editorapangeia.com.br\/pt_br\/wp-json\/wp\/v2\/media?parent=20295"}],"wp:term":[{"taxonomy":"product_brand","embeddable":true,"href":"https:\/\/editorapangeia.com.br\/pt_br\/wp-json\/wp\/v2\/product_brand?post=20295"},{"taxonomy":"product_cat","embeddable":true,"href":"https:\/\/editorapangeia.com.br\/pt_br\/wp-json\/wp\/v2\/product_cat?post=20295"},{"taxonomy":"product_tag","embeddable":true,"href":"https:\/\/editorapangeia.com.br\/pt_br\/wp-json\/wp\/v2\/product_tag?post=20295"}],"curies":[{"name":"wp","href":"https:\/\/api.w.org\/{rel}","templated":true}]}}