{"id":20166,"date":"2025-09-27T22:58:28","date_gmt":"2025-09-27T22:58:28","guid":{"rendered":"https:\/\/editorapangeia.com.br\/?post_type=product&#038;p=20166"},"modified":"2025-12-17T14:18:44","modified_gmt":"2025-12-17T14:18:44","slug":"33-aira-maiger","status":"publish","type":"product","link":"https:\/\/editorapangeia.com.br\/pt_br\/product\/33-aira-maiger\/","title":{"rendered":"33, Aira Maiger"},"content":{"rendered":"<p>AIRA MAIGER SURPREENDE COM <strong><em>33<\/em><\/strong>:<\/p>\n<p>Um livro de poemas inclassific\u00e1vel, que bebe na fonte de diversas tradi\u00e7\u00f5es, que \u00e9 feminino, feminista, humano, civilizat\u00f3rio, que \u00e9 um grito contra as opress\u00f5es, que \u00e9 um canto contra as viol\u00eancias, que cont\u00e9m pedidos de socorro, que encena a dor cotidiana, a dor existencial, a dor de todos os tempos. Um livro mai\u00fasculo de uma poeta que surge com a for\u00e7a expressiva de uma escritora madura, dona de seus meios expressivos, com pleno dom\u00ednio das diversas linguagens po\u00e9ticas. Aira Maiger vai ao cerne, ao osso, ao \u00e2mago da l\u00edngua, do sentimento, do enfrentamento, e assim capta o humano em sua ess\u00eancia.<\/p>\n<p>Livro de estreia: a for\u00e7a do novo vem com a maturidade de uma vida de leitora, de estudiosa, de amante da poesia, com a \u00edndole de poeta que gosta de textos que arrepiem.<\/p>\n<p>O &#8220;33&#8221; do t\u00edtulo evoca diversas possibilidades e indicia algumas circunst\u00e2ncias \u2013 \u00e9 n\u00famero m\u00e1gico, que tem em si uma carga ancestral, mas que pode ser s\u00f3 um n\u00famero (de poemas, de idade, de mist\u00e9rio, de nomea\u00e7\u00e3o com m\u00faltiplos significados ou de significado algum).<\/p>\n<p>Al\u00e9m dos poemas, o livro cont\u00e9m uma entrevista com a autora, uma entrevista em tudo diferente do que s\u00e3o as entrevistas com escritores. Vale a pena conferir, dialogar, refletir.<\/p>\n<p>Neste livro, C\u00e9u e Inferno se tornam idealiza\u00e7\u00f5es e a vida humana se faz no Purgat\u00f3rio e no Limbo. A linguagem indom\u00e1vel se molda a um universo que \u00e9 muito, muito humano.<\/p>\n<p>Aira Maiger \u2013 guarde esse nome, acompanhe essa poeta, leia esse\u00a0<strong>33<\/strong>, um livro que vai marcar um lugar na literatura brasileira.<\/p>\n","protected":false},"excerpt":{"rendered":"<p>Aira Maiger lan\u00e7a sua obra de estreia,\u00a0<em><strong>33<\/strong><\/em>, um livro denso, de amor e de dor, de enfrentamento e de concilia\u00e7\u00e3o, de revolta e de esperan\u00e7a. Um livro forte, marcante, inesquec\u00edvel.<\/p>\n<p>Envio com impress\u00e3o sob demanda, ao clicar em Comprar voc\u00ea ser\u00e1 redirecionado para o site de nosso parceiro de vendas.<\/p>\n","protected":false},"featured_media":20236,"comment_status":"open","ping_status":"closed","template":"","meta":[],"product_brand":[],"product_cat":[4077],"product_tag":[4941,4942,1677,4943,4944,4945,4946,4947,4948,4949,4775,243,175,4950,4951,4952,971,1530,4953,157,4954,4955,4956,111,967,4957,112,476,1363,2535,4958],"class_list":{"0":"post-20166","1":"product","2":"type-product","3":"status-publish","4":"has-post-thumbnail","6":"product_cat-poesia","7":"product_tag-4941","8":"product_tag-a-divina-comedia","9":"product_tag-aira-maiger","10":"product_tag-alexandrinismo","11":"product_tag-antropofagia","12":"product_tag-antropofagia-alexandrinista","13":"product_tag-biblia","14":"product_tag-ceu","15":"product_tag-dante","16":"product_tag-dante-alighiere","17":"product_tag-escrita-de-mulher","18":"product_tag-escrita-feminina","19":"product_tag-genero","20":"product_tag-inferno","21":"product_tag-intertexto","22":"product_tag-intertexto-biblico","23":"product_tag-intertextualidade","24":"product_tag-liev-rodrigues","25":"product_tag-limbo","26":"product_tag-literatura-brasileira","27":"product_tag-maos-femininas","28":"product_tag-palavra-do-editor","29":"product_tag-poemas","30":"product_tag-poesia","31":"product_tag-poesia-brasileira-contemporanea","32":"product_tag-purgatorio","33":"product_tag-rauer","34":"product_tag-rauer-ribeiro-rodrigues","35":"product_tag-rauer-rodrigues","36":"product_tag-rizio-macedo","37":"product_tag-torpezas-cotidianas","38":"product_shipping_class-normal","40":"first","41":"instock","42":"sale","43":"shipping-taxable","44":"product-type-external"},"_links":{"self":[{"href":"https:\/\/editorapangeia.com.br\/pt_br\/wp-json\/wp\/v2\/product\/20166","targetHints":{"allow":["GET"]}}],"collection":[{"href":"https:\/\/editorapangeia.com.br\/pt_br\/wp-json\/wp\/v2\/product"}],"about":[{"href":"https:\/\/editorapangeia.com.br\/pt_br\/wp-json\/wp\/v2\/types\/product"}],"replies":[{"embeddable":true,"href":"https:\/\/editorapangeia.com.br\/pt_br\/wp-json\/wp\/v2\/comments?post=20166"}],"wp:featuredmedia":[{"embeddable":true,"href":"https:\/\/editorapangeia.com.br\/pt_br\/wp-json\/wp\/v2\/media\/20236"}],"wp:attachment":[{"href":"https:\/\/editorapangeia.com.br\/pt_br\/wp-json\/wp\/v2\/media?parent=20166"}],"wp:term":[{"taxonomy":"product_brand","embeddable":true,"href":"https:\/\/editorapangeia.com.br\/pt_br\/wp-json\/wp\/v2\/product_brand?post=20166"},{"taxonomy":"product_cat","embeddable":true,"href":"https:\/\/editorapangeia.com.br\/pt_br\/wp-json\/wp\/v2\/product_cat?post=20166"},{"taxonomy":"product_tag","embeddable":true,"href":"https:\/\/editorapangeia.com.br\/pt_br\/wp-json\/wp\/v2\/product_tag?post=20166"}],"curies":[{"name":"wp","href":"https:\/\/api.w.org\/{rel}","templated":true}]}}