{"id":20098,"date":"2025-09-18T23:17:41","date_gmt":"2025-09-18T23:17:41","guid":{"rendered":"https:\/\/editorapangeia.com.br\/?post_type=product&#038;p=20098"},"modified":"2025-12-10T14:11:13","modified_gmt":"2025-12-10T14:11:13","slug":"minas-gerais-contos-e-confidencias-luisa-coelho-org","status":"publish","type":"product","link":"https:\/\/editorapangeia.com.br\/pt_br\/product\/minas-gerais-contos-e-confidencias-luisa-coelho-org\/","title":{"rendered":"Minas Gerais: contos e confid\u00eancias, Lu\u00edsa Coelho (org.)"},"content":{"rendered":"<p class=\"p1\">A colet\u00e2nea <strong><em>Minas Gerais:<\/em> contos e confid\u00eancias<\/strong> leva o leitor a desvendar o rico e complexo universo de Minas Gerais, uma regi\u00e3o onde hist\u00f3ria, cultura e natureza se entrela\u00e7am de forma \u00fanica.<\/p>\n<p class=\"p1\">Organizada e apresentada por Lu\u00edsa Coelho, a obra \u00e9 voltada para despertar o desejo de vislumbrar as riquezas da terra mineira e compreender as suas nuances, transformando-se numa verdadeira imers\u00e3o nas intera\u00e7\u00f5es entre o espa\u00e7o hist\u00f3rico das Minas Geraes o e o imagin\u00e1rio contempor\u00e2neo dos seus autores.<\/p>\n<p class=\"p1\">A obra apresenta contos de trinta escritores mineiros contempor\u00e2neos (cada um apresentado com minibiografia), a maior parte de autores reconhecidos e consagrados, e algumas novas vozes da literatura, em particular de egressos da Universidade Federal de Minas Gerais (UFMG).<\/p>\n<p class=\"p1\">O contraste tem por objetivo ressaltar a import\u00e2ncia de incentivar-se o talento jovem ao lado de autores mais experientes, enriquecendo a colet\u00e2nea com perspectivas diversas.<\/p>\n<p class=\"p1\">Emerge do conjunto dos contos, desde a ep\u00edgrafe, uma vis\u00e3o cativante e bem-humorada sobre a personalidade do mineiro e o seu esp\u00edrito universal, convidando o leitor a se entregar a este mosaico liter\u00e1rio que capta o <em>ethos<\/em> das Minas e desvela a alma das Geraes.<\/p>\n<p>Eis os autores que comp\u00f5em esta edi\u00e7\u00e3o da colet\u00e2nea\u00a0<em><strong>Minas Gerais: contos e confid\u00eancias<\/strong><\/em>: Alciene Ribeiro Leite, Ana Cec\u00edlia Carvalho, Branca Maria de Paula, Carlos Herculano Lopes, CF Scuo, Cristina Agostinho, Cunha de Leiradella, D\u00e9bora R. Sousa, Dina Dominick, Elt\u00e2nia Andr\u00e9, Francisco Turres Gomes, Guiomar de Grammont, Jo\u00e3o Camilo de O. Torres, Jos\u00e9 Carlos Arag\u00e3o, Juliana Afonso, J\u00falio Borges Gomide, Laura Oliveira Coelho, Lu\u00eds Giffoni, Luiz Ruffato, Luiz Vilela, Madu Brand\u00e3o, Mariana Geralda de Jesus, Rauer, Rodrigo Bragamotta, Ronaldo Cagiano, Roniwalter Jatob\u00e1, S\u00e9rgio Fantini, Tarisa Faccion, Wanessa Fernandes, Willia Katia Oliveira.<\/p>\n","protected":false},"excerpt":{"rendered":"<p>Na 1a. edi\u00e7\u00e3o, em Portugal, em 2024, eram 27 contistas; na edi\u00e7\u00e3o brasileira da colet\u00e2nea, que sai agora, s\u00e3o 30 escritores e escritoras, mostrando a for\u00e7a e a pot\u00eancia da cont\u00edstica mineira, em sele\u00e7\u00e3o criteriosa e apurada de Lu\u00edsa Coelho, escritora, ficcionista, poeta, autora de livros infantis e antologista, al\u00e9m de pesquisadora da literatura com atua\u00e7\u00e3o no Brasil, em \u00c1frica e em diversos pa\u00edses europeus.<\/p>\n<p><em><strong>Minas Gerais: contos e confid\u00eancias\u00a0<\/strong><\/em>traz alguns dos maiores escritores mineiros \u2013 e brasileiros \u2013 de todos os tempos, e citamos, a t\u00edtulo de exemplo, somente os xar\u00e1s da organizadora: Lu\u00eds Giffoni, Luiz Ruffato e Luiz Vilela.<\/p>\n<p>Com desconto especial de pr\u00e9-venda at\u00e9 31\/10\/2025.<\/p>\n","protected":false},"featured_media":20054,"comment_status":"open","ping_status":"closed","template":"","meta":[],"product_brand":[],"product_cat":[4076],"product_tag":[612,4895,2681,4869,740,741,3998,4871,4872,4873,4870,754,135,4874,2407,4875,4876,4877,4878,4866,4865,4867,4879,4880,380,4881,4882,4883,4884,4885,187,742,4886,4855,4887,151,744,4888,746,3715,1235,749,112,476,1363,4889,4890,4891,4892,4893,4344,4894,1022],"class_list":{"0":"post-20098","1":"product","2":"type-product","3":"status-publish","4":"has-post-thumbnail","6":"product_cat-contos","7":"product_tag-alciene-ribeiro-leite","8":"product_tag-alma-das-minas-gerais","9":"product_tag-ana-cecilia-carvalho","10":"product_tag-antologia","11":"product_tag-beaga","12":"product_tag-belo-horizonte","13":"product_tag-bh","14":"product_tag-branca-maria-de-paula","15":"product_tag-carlos-herculano-lopes","16":"product_tag-cf-scuo","17":"product_tag-coletanea","18":"product_tag-conto","19":"product_tag-contos","20":"product_tag-cristina-agostinho","21":"product_tag-cultura","22":"product_tag-cunha-de-leiradella","23":"product_tag-debora-r-sousa","24":"product_tag-dina-dominick","25":"product_tag-eltania-andre","26":"product_tag-escritoras-mineiras","27":"product_tag-escritores-mineiros","28":"product_tag-ethos-do-mineiro","29":"product_tag-francisco-turres-gomes","30":"product_tag-guiomar-de-grammont","31":"product_tag-historia","32":"product_tag-joao-camilo-de-o-torres","33":"product_tag-jose-carlos-aragao","34":"product_tag-juliana-afonso","35":"product_tag-julio-borges-gomide","36":"product_tag-laura-oliveira-coelho","37":"product_tag-literatura-brasileira-contemporanea","38":"product_tag-literatura-mineira","39":"product_tag-luis-giffoni","40":"product_tag-luisa-coelho","41":"product_tag-luiz-ruffato","42":"product_tag-luiz-vilela","43":"product_tag-madu-brandao","44":"product_tag-mariana-geralda-de-jesus","45":"product_tag-minas-gerais","46":"product_tag-mineiridade","47":"product_tag-natureza","48":"product_tag-pre-venda","49":"product_tag-rauer","50":"product_tag-rauer-ribeiro-rodrigues","51":"product_tag-rauer-rodrigues","52":"product_tag-rodrigo-bragamotta","53":"product_tag-ronaldo-cagiano","54":"product_tag-roniwalter-jatoba","55":"product_tag-sergio-fantini","56":"product_tag-tarisa-faccion","57":"product_tag-ufmg","58":"product_tag-wanessa-fernandes","59":"product_tag-willia-katia-oliveira-silva-e-costa","60":"product_shipping_class-normal","62":"first","63":"instock","64":"shipping-taxable","65":"purchasable","66":"product-type-simple"},"_links":{"self":[{"href":"https:\/\/editorapangeia.com.br\/pt_br\/wp-json\/wp\/v2\/product\/20098","targetHints":{"allow":["GET"]}}],"collection":[{"href":"https:\/\/editorapangeia.com.br\/pt_br\/wp-json\/wp\/v2\/product"}],"about":[{"href":"https:\/\/editorapangeia.com.br\/pt_br\/wp-json\/wp\/v2\/types\/product"}],"replies":[{"embeddable":true,"href":"https:\/\/editorapangeia.com.br\/pt_br\/wp-json\/wp\/v2\/comments?post=20098"}],"wp:featuredmedia":[{"embeddable":true,"href":"https:\/\/editorapangeia.com.br\/pt_br\/wp-json\/wp\/v2\/media\/20054"}],"wp:attachment":[{"href":"https:\/\/editorapangeia.com.br\/pt_br\/wp-json\/wp\/v2\/media?parent=20098"}],"wp:term":[{"taxonomy":"product_brand","embeddable":true,"href":"https:\/\/editorapangeia.com.br\/pt_br\/wp-json\/wp\/v2\/product_brand?post=20098"},{"taxonomy":"product_cat","embeddable":true,"href":"https:\/\/editorapangeia.com.br\/pt_br\/wp-json\/wp\/v2\/product_cat?post=20098"},{"taxonomy":"product_tag","embeddable":true,"href":"https:\/\/editorapangeia.com.br\/pt_br\/wp-json\/wp\/v2\/product_tag?post=20098"}],"curies":[{"name":"wp","href":"https:\/\/api.w.org\/{rel}","templated":true}]}}