{"id":20097,"date":"2025-09-18T22:32:01","date_gmt":"2025-09-18T22:32:01","guid":{"rendered":"https:\/\/editorapangeia.com.br\/?post_type=product&#038;p=20097"},"modified":"2025-12-10T14:10:51","modified_gmt":"2025-12-10T14:10:51","slug":"um-olhar-sobre-a-literatura-angolana-de-lingua-portuguesa-luisa-coelho","status":"publish","type":"product","link":"https:\/\/editorapangeia.com.br\/pt_br\/product\/um-olhar-sobre-a-literatura-angolana-de-lingua-portuguesa-luisa-coelho\/","title":{"rendered":"Um olhar sobre a literatura angolana de l\u00edngua portuguesa, Lu\u00edsa Coelho"},"content":{"rendered":"<p>Livro re\u00fane estudos realizados sobre alguns dos principais autores e algumas das principais autoras da literatura angolana. Os estudos foram realizados a partir de curso ministrado pela Profa. Lu\u00edsa Coelho na UFMG em 2024. Ela assina o pref\u00e1cio-apresenta\u00e7\u00e3o. Eis o sum\u00e1rio do livro:<\/p>\n<p style=\"text-align: center;\">Introdu\u00e7\u00e3o<br \/>\nLu\u00edsa Coelho<\/p>\n<p style=\"text-align: center;\">A Influ\u00eancia Hist\u00f3rica e o Resgate Identit\u00e1rio Angolano<br \/>\nComo Tem\u00e1tica para a Literatura Nacional<br \/>\nDeborah Rocha de Sousa e Silva<\/p>\n<p style=\"text-align: center;\">A complexidade da Chana: Paisagem e<br \/>\nTransforma\u00e7\u00e3o em <em>A Gera\u00e7\u00e3o da Utopia<\/em><br \/>\nWanessa Lina Fernandes<\/p>\n<p style=\"text-align: center;\">O tr\u00edplice olhar temporal: uma an\u00e1lise da rede de rela\u00e7\u00e3o<br \/>\nentre temporalidades na literatura angolana a partir das<br \/>\nobras <em>A Gera\u00e7\u00e3o da Utopia<\/em> e <em>Quem me dera ser onda<\/em><br \/>\nFrancisco Turrer Gomes<\/p>\n<p style=\"text-align: center;\">A representa\u00e7\u00e3o da inf\u00e2ncia na literatura angolana: uma<br \/>\nleitura de <em>Est\u00f3ria da galinha e do ovo<\/em>, de Jos\u00e9 Luandino<br \/>\nVieira, e de <em>Quem me dera ser onda<\/em>, de Manuel Rui<br \/>\nMaria Clara Benfica Rocha<\/p>\n<p style=\"text-align: center;\">Nascimento e morte de uma utopia: an\u00e1lise da<br \/>\nobra <em>A Gera\u00e7\u00e3o da Utopia<\/em>, de Pepetela<br \/>\nCamila Alves Melo Ferreira<\/p>\n<p style=\"text-align: center;\">O monstro portugu\u00eas na independ\u00eancia angolana: Retrato de<br \/>\nesperan\u00e7a em <em>Depressa<\/em> de Agostinho Neto e de desilus\u00e3o<br \/>\nem <em>A gera\u00e7\u00e3o da Utopia<\/em> de Pepetela<br \/>\nLaura Maria Oliveira Coelho\\<\/p>\n<p style=\"text-align: center;\">Sobre as autoras e o autor<\/p>\n<p>Conhe\u00e7a a professora Lu\u00edsa Coelho clicando <span style=\"color: #ff00ff;\"><a style=\"color: #ff00ff;\" href=\"https:\/\/editorapangeia.com.br\/pt_br\/?s=Lu%C3%ADsa+Coelho\"><strong>AQUI<\/strong><\/a><\/span>.<\/p>\n","protected":false},"excerpt":{"rendered":"<p>A an\u00e1lise e compara\u00e7\u00e3o entre textos liter\u00e1rios de Angola escritos em \u00e9pocas de viv\u00eancias e situa\u00e7\u00f5es pol\u00edticas desiguais e utilizando diferentes g\u00e9neros liter\u00e1rios explicita a necessidade que os escritores sentiam de produzir na sociedade angolana textos liter\u00e1rios que atuas-<br \/>\nsem como formas de conhecimento e compreens\u00e3o daHist\u00f3ria e da Tradi\u00e7\u00e3o oral milenar e como motor da sua transforma\u00e7\u00e3o em conhecimento racional e \u00f3bvio para que o Passado n\u00e3o ocupasse o lugar do Futuro.<\/p>\n<p>Os textos, as narrativas e os poemas estudados neste livro mostram essa trajet\u00f3ria que ilumina o presente na constru\u00e7\u00e3o hodierna do pa\u00eds. Textos exemplares, do ponto de vista metodol\u00f3gico, para o estudo da literatura de outros pa\u00edses, mesmo que emancipados h\u00e1 mais tempo e em recortes temporais diversos.<\/p>\n","protected":false},"featured_media":20055,"comment_status":"open","ping_status":"closed","template":"","meta":[],"product_brand":[],"product_cat":[4081],"product_tag":[4862,2152,4860,4856,264,4864,5080,4858,4861,156,4863,4855,4859,4344,4857],"class_list":{"0":"post-20097","1":"product","2":"type-product","3":"status-publish","4":"has-post-thumbnail","6":"product_cat-estudosliterarios","7":"product_tag-angola","8":"product_tag-antirracismo","9":"product_tag-camila-alves-melo-ferreira","10":"product_tag-deborah-r-de-s-e-silva","11":"product_tag-estudos-literarios","12":"product_tag-fale-ufmg","13":"product_tag-formacao-antirracista","14":"product_tag-francisco-turrer-gomes","15":"product_tag-laura-maria-oliveira-coelho","16":"product_tag-literatura","17":"product_tag-literatura-angolana","18":"product_tag-luisa-coelho","19":"product_tag-maria-clara-benfica-rocha","20":"product_tag-ufmg","21":"product_tag-vanessa-llna-fernandes","22":"product_shipping_class-normal","24":"first","25":"instock","26":"shipping-taxable","27":"purchasable","28":"product-type-simple"},"_links":{"self":[{"href":"https:\/\/editorapangeia.com.br\/pt_br\/wp-json\/wp\/v2\/product\/20097","targetHints":{"allow":["GET"]}}],"collection":[{"href":"https:\/\/editorapangeia.com.br\/pt_br\/wp-json\/wp\/v2\/product"}],"about":[{"href":"https:\/\/editorapangeia.com.br\/pt_br\/wp-json\/wp\/v2\/types\/product"}],"replies":[{"embeddable":true,"href":"https:\/\/editorapangeia.com.br\/pt_br\/wp-json\/wp\/v2\/comments?post=20097"}],"wp:featuredmedia":[{"embeddable":true,"href":"https:\/\/editorapangeia.com.br\/pt_br\/wp-json\/wp\/v2\/media\/20055"}],"wp:attachment":[{"href":"https:\/\/editorapangeia.com.br\/pt_br\/wp-json\/wp\/v2\/media?parent=20097"}],"wp:term":[{"taxonomy":"product_brand","embeddable":true,"href":"https:\/\/editorapangeia.com.br\/pt_br\/wp-json\/wp\/v2\/product_brand?post=20097"},{"taxonomy":"product_cat","embeddable":true,"href":"https:\/\/editorapangeia.com.br\/pt_br\/wp-json\/wp\/v2\/product_cat?post=20097"},{"taxonomy":"product_tag","embeddable":true,"href":"https:\/\/editorapangeia.com.br\/pt_br\/wp-json\/wp\/v2\/product_tag?post=20097"}],"curies":[{"name":"wp","href":"https:\/\/api.w.org\/{rel}","templated":true}]}}