{"id":19938,"date":"2025-09-11T18:08:24","date_gmt":"2025-09-11T18:08:24","guid":{"rendered":"https:\/\/editorapangeia.com.br\/?post_type=product&#038;p=19938"},"modified":"2026-02-01T00:00:20","modified_gmt":"2026-02-01T00:00:20","slug":"19938","status":"publish","type":"product","link":"https:\/\/editorapangeia.com.br\/pt_br\/product\/19938\/","title":{"rendered":"A neve \u00e9 o sil\u00eancio da chuva, Sandra Straccialano Coelho"},"content":{"rendered":"<p><img loading=\"lazy\" decoding=\"async\" class=\"wp-image-19942 aligncenter\" src=\"http:\/\/editorapangeia.com.br\/wp-content\/uploads\/2025\/09\/Imagem-11-09-2025-as-14.41-300x190.jpg\" alt=\"\" width=\"560\" height=\"355\" srcset=\"https:\/\/editorapangeia.com.br\/wp-content\/uploads\/2025\/09\/Imagem-11-09-2025-as-14.41-300x190.jpg 300w, https:\/\/editorapangeia.com.br\/wp-content\/uploads\/2025\/09\/Imagem-11-09-2025-as-14.41-1024x649.jpg 1024w, https:\/\/editorapangeia.com.br\/wp-content\/uploads\/2025\/09\/Imagem-11-09-2025-as-14.41-768x487.jpg 768w, https:\/\/editorapangeia.com.br\/wp-content\/uploads\/2025\/09\/Imagem-11-09-2025-as-14.41-18x12.jpg 18w, https:\/\/editorapangeia.com.br\/wp-content\/uploads\/2025\/09\/Imagem-11-09-2025-as-14.41-700x444.jpg 700w, https:\/\/editorapangeia.com.br\/wp-content\/uploads\/2025\/09\/Imagem-11-09-2025-as-14.41-400x253.jpg 400w, https:\/\/editorapangeia.com.br\/wp-content\/uploads\/2025\/09\/Imagem-11-09-2025-as-14.41-1300x824.jpg 1300w, https:\/\/editorapangeia.com.br\/wp-content\/uploads\/2025\/09\/Imagem-11-09-2025-as-14.41.jpg 1463w\" sizes=\"auto, (max-width: 560px) 100vw, 560px\" \/><\/p>\n<p style=\"text-align: center;\"><em>Para mais informa\u00e7\u00f5es sobre autora e livro, utilize o qr-code:<\/em><\/p>\n<p style=\"text-align: center;\"><img loading=\"lazy\" decoding=\"async\" class=\"alignnone size-full wp-image-19943\" src=\"http:\/\/editorapangeia.com.br\/wp-content\/uploads\/2025\/09\/qr_compressed.jpg\" alt=\"\" width=\"182\" height=\"183\" srcset=\"https:\/\/editorapangeia.com.br\/wp-content\/uploads\/2025\/09\/qr_compressed.jpg 182w, https:\/\/editorapangeia.com.br\/wp-content\/uploads\/2025\/09\/qr_compressed-150x150.jpg 150w, https:\/\/editorapangeia.com.br\/wp-content\/uploads\/2025\/09\/qr_compressed-12x12.jpg 12w, https:\/\/editorapangeia.com.br\/wp-content\/uploads\/2025\/09\/qr_compressed-100x100.jpg 100w, https:\/\/editorapangeia.com.br\/wp-content\/uploads\/2025\/09\/qr_compressed-50x50.jpg 50w\" sizes=\"auto, (max-width: 182px) 100vw, 182px\" \/><\/p>\n","protected":false},"excerpt":{"rendered":"<p>A estreia de Sandra Straccialano Coelho com este <em><strong>A neve \u00e9 o sil\u00eancio da chuva<\/strong><\/em> nos mostra uma poeta e haijin que bebe na longa tradi\u00e7\u00e3o do haicai, que conhece o haiku que se constituiu desde a transi\u00e7\u00e3o do s\u00e9culo XIX para o s\u00e9culo XX e que \u00e9 capaz de inovar sem diluir o\u00a0<em>ethos<\/em> do haikai.<\/p>\n<p>Sandra Straccialano Coelho forja seus haikais na comtempla\u00e7\u00e3o e na travessia, na iman\u00eancia com a natureza e na transcend\u00eancia espiritual, no dom\u00ednio forjado na leitura e na expressividade das imagens verbais.<\/p>\n<p>Al\u00e9m dos haikais, o livro apresenta diversas imagens do arquivo da autora que configuram a imagem da neve sendo o sil\u00eancio da chuva.<\/p>\n<p>Livro com desconto especial de lan\u00e7amento at\u00e9 31 de janeiro de 2026.<\/p>\n","protected":false},"featured_media":19941,"comment_status":"open","ping_status":"closed","template":"","meta":[],"product_brand":[],"product_cat":[4091],"product_tag":[4825,4818,4822,4382,2439,1229,225,2340,4823,4820,413,157,4824,1235,4826,111,2071,749,4816,4817,4827,4821,4819],"class_list":{"0":"post-19938","1":"product","2":"type-product","3":"status-publish","4":"has-post-thumbnail","6":"product_cat-haikai","7":"product_tag-chuva","8":"product_tag-contemplacao","9":"product_tag-espiritualidade","10":"product_tag-fotografia","11":"product_tag-fotos","12":"product_tag-haicai","13":"product_tag-haikai","14":"product_tag-haiku","15":"product_tag-imagens","16":"product_tag-imanencia","17":"product_tag-leitura","18":"product_tag-literatura-brasileira","19":"product_tag-metaforas","20":"product_tag-natureza","21":"product_tag-neve","22":"product_tag-poesia","23":"product_tag-poesia-contemporanea","24":"product_tag-pre-venda","25":"product_tag-sandra-stracciavano-coelho","26":"product_tag-sandrix","27":"product_tag-silencio","28":"product_tag-transcendencia","29":"product_tag-travessia","30":"product_shipping_class-normal","32":"first","33":"instock","34":"shipping-taxable","35":"purchasable","36":"product-type-simple"},"_links":{"self":[{"href":"https:\/\/editorapangeia.com.br\/pt_br\/wp-json\/wp\/v2\/product\/19938","targetHints":{"allow":["GET"]}}],"collection":[{"href":"https:\/\/editorapangeia.com.br\/pt_br\/wp-json\/wp\/v2\/product"}],"about":[{"href":"https:\/\/editorapangeia.com.br\/pt_br\/wp-json\/wp\/v2\/types\/product"}],"replies":[{"embeddable":true,"href":"https:\/\/editorapangeia.com.br\/pt_br\/wp-json\/wp\/v2\/comments?post=19938"}],"wp:featuredmedia":[{"embeddable":true,"href":"https:\/\/editorapangeia.com.br\/pt_br\/wp-json\/wp\/v2\/media\/19941"}],"wp:attachment":[{"href":"https:\/\/editorapangeia.com.br\/pt_br\/wp-json\/wp\/v2\/media?parent=19938"}],"wp:term":[{"taxonomy":"product_brand","embeddable":true,"href":"https:\/\/editorapangeia.com.br\/pt_br\/wp-json\/wp\/v2\/product_brand?post=19938"},{"taxonomy":"product_cat","embeddable":true,"href":"https:\/\/editorapangeia.com.br\/pt_br\/wp-json\/wp\/v2\/product_cat?post=19938"},{"taxonomy":"product_tag","embeddable":true,"href":"https:\/\/editorapangeia.com.br\/pt_br\/wp-json\/wp\/v2\/product_tag?post=19938"}],"curies":[{"name":"wp","href":"https:\/\/api.w.org\/{rel}","templated":true}]}}