{"id":19931,"date":"2025-10-13T23:00:31","date_gmt":"2025-10-13T23:00:31","guid":{"rendered":"https:\/\/editorapangeia.com.br\/?post_type=product&#038;p=19931"},"modified":"2025-11-13T00:00:59","modified_gmt":"2025-11-13T00:00:59","slug":"brevissimos-rauer","status":"publish","type":"product","link":"https:\/\/editorapangeia.com.br\/pt_br\/product\/brevissimos-rauer\/","title":{"rendered":"brev\u00edssimos, Rauer"},"content":{"rendered":"<p>A Cole\u00e7\u00e3o Microm\u00ednimus chega ao 8.\u00ba volume com a 2.\u00aa edi\u00e7\u00e3o de<strong><em> brev\u00edssimos<\/em><\/strong>, que re\u00fane microcontos de Rauer.<\/p>\n<p>A s\u00e9rie publica volumes de micronarrativas, microfic\u00e7\u00f5es, microrrelatos, nanocontos, contos curtos, microcontos, e tamb\u00e9m haikais, tankas, quadras e poemas similares.<\/p>\n<p>Independente de nomenclaturas te\u00f3ricas ou tipologias escolares, a Cole\u00e7\u00e3o tem por objetivo divulgar a nova narrativa e a nova poesia que buscam a concis\u00e3o absoluta, a s\u00edntese, o flagrante em flashes r\u00e1pidos, o registro el\u00edptico, que se realiza em poucas linhas, configurando em poucas palavras o m\u00e1ximo de expressividade, de representa\u00e7\u00e3o e de poesia.<\/p>\n<p>Para n\u00f3s a vida \u00e9 sempre ampla e universal &#8211; e quando plasmada e cristalizada em poucos caracteres, \u00e9 <em>Microm\u00ednimus<\/em>.<\/p>\n","protected":false},"excerpt":{"rendered":"<p><strong><em>brev\u00edssimos<\/em><\/strong> apresenta uma nova faceta da literatura de Rauer, um autor consciente do of\u00edcio de escrever, que est\u00e1 no auge da for\u00e7a criadora e tem pleno dom\u00ednio da arte do microconto.<\/p>\n<p>O livro est\u00e1 dividido em oito partes, uma das quais metapo\u00e9tico, com microcontos que tratam da constru\u00e7\u00e3o, da constitui\u00e7\u00e3o e da especificidade desse novo g\u00eanero liter\u00e1rio.<\/p>\n<p>O livro re\u00fane 137 microcontos, em uma obra densa e forte, atual e atemporal, direta, sugestiva e impactante.<\/p>\n","protected":false},"featured_media":20337,"comment_status":"open","ping_status":"closed","template":"","meta":[],"product_brand":[],"product_cat":[4092],"product_tag":[224,303,200,149,225,157,210,4814,4813,222,362,221,223,4812,1291,111,112,476,1363],"class_list":{"0":"post-19931","1":"product","2":"type-product","3":"status-publish","4":"has-post-thumbnail","6":"product_cat-microcontos","7":"product_tag-contos-curtos","8":"product_tag-edicoes-dionysius","9":"product_tag-editora-pangeia","10":"product_tag-gplv","11":"product_tag-haikai","12":"product_tag-literatura-brasileira","13":"product_tag-microcontos","14":"product_tag-microcontos-sugestivos","15":"product_tag-microficcao-impactante","16":"product_tag-microficcoes","17":"product_tag-microminimus","18":"product_tag-micronarrativas","19":"product_tag-nanocontos","20":"product_tag-narrativa-forte","21":"product_tag-pangeia-editorial","22":"product_tag-poesia","23":"product_tag-rauer","24":"product_tag-rauer-ribeiro-rodrigues","25":"product_tag-rauer-rodrigues","26":"product_shipping_class-normal","28":"first","29":"instock","30":"shipping-taxable","31":"purchasable","32":"product-type-simple"},"_links":{"self":[{"href":"https:\/\/editorapangeia.com.br\/pt_br\/wp-json\/wp\/v2\/product\/19931","targetHints":{"allow":["GET"]}}],"collection":[{"href":"https:\/\/editorapangeia.com.br\/pt_br\/wp-json\/wp\/v2\/product"}],"about":[{"href":"https:\/\/editorapangeia.com.br\/pt_br\/wp-json\/wp\/v2\/types\/product"}],"replies":[{"embeddable":true,"href":"https:\/\/editorapangeia.com.br\/pt_br\/wp-json\/wp\/v2\/comments?post=19931"}],"wp:featuredmedia":[{"embeddable":true,"href":"https:\/\/editorapangeia.com.br\/pt_br\/wp-json\/wp\/v2\/media\/20337"}],"wp:attachment":[{"href":"https:\/\/editorapangeia.com.br\/pt_br\/wp-json\/wp\/v2\/media?parent=19931"}],"wp:term":[{"taxonomy":"product_brand","embeddable":true,"href":"https:\/\/editorapangeia.com.br\/pt_br\/wp-json\/wp\/v2\/product_brand?post=19931"},{"taxonomy":"product_cat","embeddable":true,"href":"https:\/\/editorapangeia.com.br\/pt_br\/wp-json\/wp\/v2\/product_cat?post=19931"},{"taxonomy":"product_tag","embeddable":true,"href":"https:\/\/editorapangeia.com.br\/pt_br\/wp-json\/wp\/v2\/product_tag?post=19931"}],"curies":[{"name":"wp","href":"https:\/\/api.w.org\/{rel}","templated":true}]}}