{"id":19790,"date":"2025-06-01T16:00:19","date_gmt":"2025-06-01T16:00:19","guid":{"rendered":"https:\/\/editorapangeia.com.br\/?post_type=product&#038;p=19790"},"modified":"2025-10-07T13:04:58","modified_gmt":"2025-10-07T13:04:58","slug":"feminismos-e-transdisciplinaridades-os-entrelaces-do-bordado-mulher-literatura","status":"publish","type":"product","link":"https:\/\/editorapangeia.com.br\/pt_br\/product\/feminismos-e-transdisciplinaridades-os-entrelaces-do-bordado-mulher-literatura\/","title":{"rendered":"Feminismos e Transdisciplinaridades: Os entrelaces do bordado mulher &#038; literatura, Anna Faedrich e Maximiliano Torres (Orgs.)"},"content":{"rendered":"<p style=\"text-align: left;\">Sum\u00e1rio<\/p>\n<p class=\"p1\" style=\"text-align: center;\">Apresenta\u00e7\u00e3o<br \/>\nAnna Faedrich<br \/>\nMaximiliano Torres<br \/>\n<strong>9<\/strong><\/p>\n<p class=\"p1\" style=\"text-align: center;\">Qual seria o texto necess\u00e1rio hoje? Reflex\u00f5es sobre mulheres e<br \/>\nditadura, a partir de uma pergunta de Albertina Carri<br \/>\nPaloma Vidal<br \/>\n<strong>17<\/strong><\/p>\n<p class=\"p1\" style=\"text-align: center;\"><em>La mesa est\u00e1 puesta<\/em>, de Susana Gertop\u00e1n: imagens<br \/>\npo\u00e9ticas da ditadura militar paraguaia<br \/>\nAlexandra Santos Pinheiro<br \/>\n<strong>34<\/strong><\/p>\n<p class=\"p1\" style=\"text-align: center;\">A tem\u00e1tica do casamento nos contos de fadas contempor\u00e2neos<br \/>\nCassiana Lima Cardoso<br \/>\n<strong>60<\/strong><\/p>\n<p class=\"p1\" style=\"text-align: center;\">Revista <em>A mensageira<\/em>: circula\u00e7\u00e3o e recep\u00e7\u00e3o<br \/>\nCecil Jeanine Albert Zinani<br \/>\n<strong>84<\/strong><\/p>\n<p class=\"p1\" style=\"text-align: center;\">Los \u201c<em>alfileres<\/em>\u201d de Blanca Garnica \u00e0 luz do conceito de itiner\u00e1rio reivindicat\u00f3rio<br \/>\nChristina Bielinski Ramalho<br \/>\n<strong>114<\/strong><\/p>\n<p class=\"p1\" style=\"text-align: center;\">Viol\u00eancia de g\u00eanero no conto de horror \u201cO crime do<br \/>\nconvento de\u2026\u201d, de Maria Benedita Bormann<br \/>\nCristina L\u00f6ff Knapp<br \/>\n<strong>139<\/strong><\/p>\n<p class=\"p1\" style=\"text-align: center;\">Agora est\u00e3o atravessando o mar num bote: o movimento migrat\u00f3rio das palavras de uma a outra ilha em Ana Martins Marques<br \/>\nGiovanna Giffoni<br \/>\n<strong>159<\/strong><\/p>\n<p class=\"p1\" style=\"text-align: center;\">La literatura de Eliane Marques: entre el portu\u00f1ol y la lengua serpiente<br \/>\nJorgelina Tallei<br \/>\n<strong>176<\/strong><\/p>\n<p class=\"p1\" style=\"text-align: center;\">Protagonistas dist\u00f3picas em <em>The year of the flood<\/em> de Margaret Atwood<br \/>\nNat\u00e1lia Fontes de Oliveira<br \/>\nJulia Oliveira Barbosa<br \/>\n<strong>197<\/strong><\/p>\n<p class=\"p1\" style=\"text-align: center;\">Sobre os organizadores e as autoras<br \/>\n<strong>231<\/strong><\/p>\n<p class=\"p1\" style=\"text-align: center;\">\u00cdndice remissivo<br \/>\n<strong>241<\/strong><\/p>\n","protected":false},"excerpt":{"rendered":"<p class=\"p1\">Este livro re\u00fane reflex\u00f5es, pesquisas e cria\u00e7\u00f5es apresentadas no XIX Semin\u00e1rio Internacional Mulher &amp; Literatura, realizado em 2024, na Universidade Federal Fluminense. A partir de uma perspectiva transdisciplinar, o volume articula literatura, mem\u00f3ria, cr\u00edtica feminista, decolonialidade e pr\u00e1ticas de escrita de mulheres.<\/p>\n<p class=\"p1\">Entre ensaios, an\u00e1lises e provoca\u00e7\u00f5es, os textos aqui reunidos refletem sobre temas como ditaduras, maternidade, corpo, erotismo, migra\u00e7\u00e3o, imprensa e ecologias. Mais do que registrar um evento acad\u00eamico, este livro \u00e9 tamb\u00e9m um gesto de resist\u00eancia e constru\u00e7\u00e3o coletiva, em que se entrela\u00e7am saberes, afetos e pr\u00e1ticas que tensionam as fronteiras entre teoria, cria\u00e7\u00e3o e ativismo.<\/p>\n<p class=\"p1\">Organizado por Anna Faedrich e Maximiliano Torres, o volume celebra os feminismos plurais como ferramentas cr\u00edticas e transformadoras no campo da literatura e para muito al\u00e9m dele.<\/p>\n<p>Fa\u00e7a login no seu perfil da Loja da Pangeia e baixe gratuitamente o arquivo da sua prefer\u00eancia.<\/p>\n","protected":false},"featured_media":20229,"comment_status":"open","ping_status":"closed","template":"","meta":[],"product_brand":[],"product_cat":[4083,4081,4828],"product_tag":[1508,4773,3793,4771,526,4775,4774,243,264,186,156,4383,314,4772,174,4770,111],"class_list":{"0":"post-19790","1":"product","2":"type-product","3":"status-publish","4":"has-post-thumbnail","6":"product_cat-educacaoensino","7":"product_cat-estudosliterarios","8":"product_cat-livrosgratis","9":"product_tag-casamento","10":"product_tag-critica-feminista","11":"product_tag-decolonialidade","12":"product_tag-distopia","13":"product_tag-ditadura","14":"product_tag-escrita-de-mulher","15":"product_tag-escrita-de-mulheres","16":"product_tag-escrita-feminina","17":"product_tag-estudos-literarios","18":"product_tag-feminismo","19":"product_tag-literatura","20":"product_tag-literatura-feminina","21":"product_tag-memoria","22":"product_tag-migracao","23":"product_tag-mulher","24":"product_tag-narrativa","25":"product_tag-poesia","26":"product_shipping_class-normal","28":"first","29":"instock","30":"downloadable","31":"virtual","32":"taxable","33":"purchasable","34":"product-type-simple"},"_links":{"self":[{"href":"https:\/\/editorapangeia.com.br\/pt_br\/wp-json\/wp\/v2\/product\/19790","targetHints":{"allow":["GET"]}}],"collection":[{"href":"https:\/\/editorapangeia.com.br\/pt_br\/wp-json\/wp\/v2\/product"}],"about":[{"href":"https:\/\/editorapangeia.com.br\/pt_br\/wp-json\/wp\/v2\/types\/product"}],"replies":[{"embeddable":true,"href":"https:\/\/editorapangeia.com.br\/pt_br\/wp-json\/wp\/v2\/comments?post=19790"}],"wp:featuredmedia":[{"embeddable":true,"href":"https:\/\/editorapangeia.com.br\/pt_br\/wp-json\/wp\/v2\/media\/20229"}],"wp:attachment":[{"href":"https:\/\/editorapangeia.com.br\/pt_br\/wp-json\/wp\/v2\/media?parent=19790"}],"wp:term":[{"taxonomy":"product_brand","embeddable":true,"href":"https:\/\/editorapangeia.com.br\/pt_br\/wp-json\/wp\/v2\/product_brand?post=19790"},{"taxonomy":"product_cat","embeddable":true,"href":"https:\/\/editorapangeia.com.br\/pt_br\/wp-json\/wp\/v2\/product_cat?post=19790"},{"taxonomy":"product_tag","embeddable":true,"href":"https:\/\/editorapangeia.com.br\/pt_br\/wp-json\/wp\/v2\/product_tag?post=19790"}],"curies":[{"name":"wp","href":"https:\/\/api.w.org\/{rel}","templated":true}]}}