{"id":19755,"date":"2025-06-15T08:45:58","date_gmt":"2025-06-15T08:45:58","guid":{"rendered":"https:\/\/editorapangeia.com.br\/?post_type=product&#038;p=19755"},"modified":"2025-08-15T13:20:36","modified_gmt":"2025-08-15T13:20:36","slug":"colecao-eroticas","status":"publish","type":"product","link":"https:\/\/editorapangeia.com.br\/pt_br\/product\/colecao-eroticas\/","title":{"rendered":"Cole\u00e7\u00e3o Er\u00f3ticas"},"content":{"rendered":"","protected":false},"excerpt":{"rendered":"","protected":false},"featured_media":19761,"comment_status":"open","ping_status":"closed","template":"","meta":[],"product_brand":[],"product_cat":[4766],"product_tag":[135,176,243,186,2439,1875,360,528,111],"class_list":{"0":"post-19755","1":"product","2":"type-product","3":"status-publish","4":"has-post-thumbnail","6":"product_cat-erotismo","7":"product_tag-contos","8":"product_tag-erotismo","9":"product_tag-escrita-feminina","10":"product_tag-feminismo","11":"product_tag-fotos","12":"product_tag-ilustracoes","13":"product_tag-microconto","14":"product_tag-nima-spigolon","15":"product_tag-poesia","16":"product_shipping_class-normal","18":"first","19":"instock","20":"taxable","21":"shipping-taxable","22":"purchasable","23":"product-type-simple"},"_links":{"self":[{"href":"https:\/\/editorapangeia.com.br\/pt_br\/wp-json\/wp\/v2\/product\/19755","targetHints":{"allow":["GET"]}}],"collection":[{"href":"https:\/\/editorapangeia.com.br\/pt_br\/wp-json\/wp\/v2\/product"}],"about":[{"href":"https:\/\/editorapangeia.com.br\/pt_br\/wp-json\/wp\/v2\/types\/product"}],"replies":[{"embeddable":true,"href":"https:\/\/editorapangeia.com.br\/pt_br\/wp-json\/wp\/v2\/comments?post=19755"}],"wp:featuredmedia":[{"embeddable":true,"href":"https:\/\/editorapangeia.com.br\/pt_br\/wp-json\/wp\/v2\/media\/19761"}],"wp:attachment":[{"href":"https:\/\/editorapangeia.com.br\/pt_br\/wp-json\/wp\/v2\/media?parent=19755"}],"wp:term":[{"taxonomy":"product_brand","embeddable":true,"href":"https:\/\/editorapangeia.com.br\/pt_br\/wp-json\/wp\/v2\/product_brand?post=19755"},{"taxonomy":"product_cat","embeddable":true,"href":"https:\/\/editorapangeia.com.br\/pt_br\/wp-json\/wp\/v2\/product_cat?post=19755"},{"taxonomy":"product_tag","embeddable":true,"href":"https:\/\/editorapangeia.com.br\/pt_br\/wp-json\/wp\/v2\/product_tag?post=19755"}],"curies":[{"name":"wp","href":"https:\/\/api.w.org\/{rel}","templated":true}]}}