{"id":19605,"date":"2025-07-17T19:38:14","date_gmt":"2025-07-17T19:38:14","guid":{"rendered":"https:\/\/editorapangeia.com.br\/?post_type=product&#038;p=19605"},"modified":"2025-08-15T21:00:53","modified_gmt":"2025-08-15T21:00:53","slug":"microssampa-orgs-rauer-e-whisner","status":"publish","type":"product","link":"https:\/\/editorapangeia.com.br\/pt_br\/product\/microssampa-orgs-rauer-e-whisner\/","title":{"rendered":"MicrosSampa, Orgs.: Rauer e Whisner"},"content":{"rendered":"<p>Projeto conjunto das Editoras Sinete e Pangeia,\u00a0<em><strong>MicrosSampa<\/strong><\/em> tem organiza\u00e7\u00e3o dos escritores e professores Whisner Fraga e Rauer Ribeiro Rodrigues. \u00c9 o 9\u00ba volume da Cole\u00e7\u00e3o Microm\u00ednimus, do selo de literatura Dionysius, da Pangeia Editorial. O volume decorreu de Edital p\u00fablico e universal (dispon\u00edvel no qr-code abaixo) lan\u00e7ados em 2024. A capa e diagrama\u00e7\u00e3o \u00e9 da Carla Dias.<\/p>\n<p>Eis os autores que integram o volume:<\/p>\n<p class=\"p1\" style=\"text-align: center;\">Andr\u00e9 Mellagi<br \/>\nCarla Dias<br \/>\nCarla Dicolla<br \/>\nCatherine Vicente<br \/>\nC\u00e9sar Ferreira da Silva<br \/>\nCinthia Vieira Brum Lima<br \/>\nClau Pegoraro<br \/>\nDenise Camargo Lancia<br \/>\nDriana Campos<br \/>\nFelipe Arriaga Carri\u00e7o<br \/>\nFrancis<br \/>\nHelo\u00edsa de Queiroz Telles Arrobas Martins<br \/>\nHugo Almeida<br \/>\nJean Chamouton<br \/>\nK\u00e1tia Vidal<br \/>\nLuiz F\u00e1bio Trajano<br \/>\nMariana Molinari<br \/>\nM\u00e1rio Baggio<br \/>\nPatr\u00edcia Correa<br \/>\nPatr\u00edcia de Meo<br \/>\nPaula Pontes<br \/>\nRenata Lima<br \/>\nRenilda Viana<br \/>\nRicardo Coelho<br \/>\nRicardo Imaeda<br \/>\nRossana Cheier Gon\u00e7alves<br \/>\nSabuat Urbina Ribeiro<br \/>\nTereza Yamashita<br \/>\nVanda de S\u00e1 L\u00edrio<br \/>\nVisette Galiardi<br \/>\nWhisner Fraga<\/p>\n<p style=\"text-align: center;\"><img loading=\"lazy\" decoding=\"async\" class=\"alignnone wp-image-19617\" src=\"http:\/\/editorapangeia.com.br\/wp-content\/uploads\/2025\/07\/IMG_4471-300x300.png\" alt=\"\" width=\"415\" height=\"415\" srcset=\"https:\/\/editorapangeia.com.br\/wp-content\/uploads\/2025\/07\/IMG_4471-300x300.png 300w, https:\/\/editorapangeia.com.br\/wp-content\/uploads\/2025\/07\/IMG_4471-1024x1024.png 1024w, https:\/\/editorapangeia.com.br\/wp-content\/uploads\/2025\/07\/IMG_4471-150x150.png 150w, https:\/\/editorapangeia.com.br\/wp-content\/uploads\/2025\/07\/IMG_4471-768x768.png 768w, https:\/\/editorapangeia.com.br\/wp-content\/uploads\/2025\/07\/IMG_4471-12x12.png 12w, https:\/\/editorapangeia.com.br\/wp-content\/uploads\/2025\/07\/IMG_4471-400x400.png 400w, https:\/\/editorapangeia.com.br\/wp-content\/uploads\/2025\/07\/IMG_4471-700x700.png 700w, https:\/\/editorapangeia.com.br\/wp-content\/uploads\/2025\/07\/IMG_4471-100x100.png 100w, https:\/\/editorapangeia.com.br\/wp-content\/uploads\/2025\/07\/IMG_4471-50x50.png 50w, https:\/\/editorapangeia.com.br\/wp-content\/uploads\/2025\/07\/IMG_4471.png 1080w\" sizes=\"auto, (max-width: 415px) 100vw, 415px\" \/><\/p>\n","protected":false},"excerpt":{"rendered":"<p>Da apresenta\u00e7\u00e3o do livro, por Rauer e Whisner:<\/p>\n<p class=\"p1\">&#8220;[&#8230;] cada vida \u00e9 uma geografia liquefeita e depois instilada em monstros de alvenaria, a\u00e7o e asfalto: [&#8230;] \u2013 est\u00e1 tudo aqui, nas palavras e gestos e sotaques e temperos destes microcontos, [&#8230;] \u2013 sombras que se nutrem de objetos e se renovam e se fundem em algo maior do que o sonho \u2013 o amor, [&#8230;] estes microcontos trazem [&#8230;]: mem\u00f3rias, territ\u00f3rios, conflitos.&#8221;<\/p>\n<p><em><strong>MicrosSampa<\/strong><\/em> cont\u00eam microcosmos de quase uma centena de personagens na escrita \u00e1gil que capta o pulsar da metr\u00f3pole na voz de 31 autores e dois organizadores.<\/p>\n","protected":false},"featured_media":19606,"comment_status":"open","ping_status":"closed","template":"","meta":[],"product_brand":[],"product_cat":[4092],"product_tag":[4741,200,4742,4744,156,157,1145,4743,360,362,4737,4745,4358,1291,112,4739,4740],"class_list":{"0":"post-19605","1":"product","2":"type-product","3":"status-publish","4":"has-post-thumbnail","6":"product_cat-microcontos","7":"product_tag-carla-dias","8":"product_tag-editora-pangeia","9":"product_tag-editora-sinete","10":"product_tag-ficcao","11":"product_tag-literatura","12":"product_tag-literatura-brasileira","13":"product_tag-literatura-contemporanea","14":"product_tag-literatura-paulistana","15":"product_tag-microconto","16":"product_tag-microminimus","17":"product_tag-microsssampa","18":"product_tag-narrativa-curta","19":"product_tag-narrativas","20":"product_tag-pangeia-editorial","21":"product_tag-rauer","22":"product_tag-whisner","23":"product_tag-whisner-fraga","24":"product_shipping_class-normal","26":"first","27":"instock","28":"shipping-taxable","29":"purchasable","30":"product-type-simple"},"_links":{"self":[{"href":"https:\/\/editorapangeia.com.br\/pt_br\/wp-json\/wp\/v2\/product\/19605","targetHints":{"allow":["GET"]}}],"collection":[{"href":"https:\/\/editorapangeia.com.br\/pt_br\/wp-json\/wp\/v2\/product"}],"about":[{"href":"https:\/\/editorapangeia.com.br\/pt_br\/wp-json\/wp\/v2\/types\/product"}],"replies":[{"embeddable":true,"href":"https:\/\/editorapangeia.com.br\/pt_br\/wp-json\/wp\/v2\/comments?post=19605"}],"wp:featuredmedia":[{"embeddable":true,"href":"https:\/\/editorapangeia.com.br\/pt_br\/wp-json\/wp\/v2\/media\/19606"}],"wp:attachment":[{"href":"https:\/\/editorapangeia.com.br\/pt_br\/wp-json\/wp\/v2\/media?parent=19605"}],"wp:term":[{"taxonomy":"product_brand","embeddable":true,"href":"https:\/\/editorapangeia.com.br\/pt_br\/wp-json\/wp\/v2\/product_brand?post=19605"},{"taxonomy":"product_cat","embeddable":true,"href":"https:\/\/editorapangeia.com.br\/pt_br\/wp-json\/wp\/v2\/product_cat?post=19605"},{"taxonomy":"product_tag","embeddable":true,"href":"https:\/\/editorapangeia.com.br\/pt_br\/wp-json\/wp\/v2\/product_tag?post=19605"}],"curies":[{"name":"wp","href":"https:\/\/api.w.org\/{rel}","templated":true}]}}