{"id":19589,"date":"2025-09-11T17:15:22","date_gmt":"2025-09-11T17:15:22","guid":{"rendered":"https:\/\/editorapangeia.com.br\/?post_type=product&#038;p=19589"},"modified":"2025-11-21T10:36:57","modified_gmt":"2025-11-21T10:36:57","slug":"a-minha-cor-nima-spigolon","status":"publish","type":"product","link":"https:\/\/editorapangeia.com.br\/pt_br\/product\/a-minha-cor-nima-spigolon\/","title":{"rendered":"A minha cor, Nima Spigolon"},"content":{"rendered":"<p>Livro em couch\u00ea Brilho Design 115g\/m2 impresso a cores com ilustra\u00e7\u00f5es v\u00edvidas e sens\u00edveis de Alisson Affonso, premiado artista pl\u00e1stico, e Projeto Gr\u00e1fico e diagrama\u00e7\u00e3o do Prof. Sandro Martins Costa Mendes, doutor em Escrita Criativa e licenciado em Letras.<\/p>\n<p>A capa e a 4a. capa s\u00e3o em Triplex LD 300g\/m2, impressas a cores em 4&#215;0, e cont\u00e9m ilustra\u00e7\u00f5es de Alisson Affonso.<\/p>\n<p>Pequeno v\u00eddeo do livro<\/p>\n<p style=\"text-align: center;\"><span style=\"color: #993366;\"><a style=\"color: #993366;\" href=\"http:\/\/&lt;iframe width=&quot;640&quot; height=&quot;360&quot; src=&quot;https:\/\/www.youtube.com\/embed\/TnMelnQ3Q94&quot; title=&quot;A minha Cor \u2013 Livro infantojuvenil de Nima Spigolon&quot; frameborder=&quot;0&quot; allow=&quot;accelerometer; autoplay; clipboard-write; encrypted-media; gyroscope; picture-in-picture; web-share&quot; referrerpolicy=&quot;strict-origin-when-cross-origin&quot; allowfullscreen&gt;&lt;\/iframe&gt;\"><strong>A MINHA COR<\/strong><\/a><\/span><\/p>\n<p style=\"text-align: center;\">\n<p><iframe loading=\"lazy\" width=\"640\" height=\"360\" src=\"https:\/\/www.youtube.com\/embed\/TnMelnQ3Q94\" title=\"A minha Cor \u2013 Livro infantojuvenil de Nima Spigolon\" frameborder=\"0\" allow=\"accelerometer; autoplay; clipboard-write; encrypted-media; gyroscope; picture-in-picture; web-share\" referrerpolicy=\"strict-origin-when-cross-origin\" allowfullscreen><\/iframe><\/p>\n","protected":false},"excerpt":{"rendered":"<p><em><strong>A minha cor<\/strong><\/em>, o novo livro infantojuvenil de Nima Spigolon, \u00e9 um hino que canta a humanidade dos humanos, que encanta com ilustra\u00e7\u00f5es vibrantes, que fisga o leitor com o texto e com as imagens, que faz da literatura ato de amor e s\u00edmbolo de empatia.<\/p>\n<p>Dedicado \u201c\u00c0s crian\u00e7as de todas as cores e idades\u201d, a celebra\u00e7\u00e3o que o livro promove o torna um presente muito especial para o Dia das Crian\u00e7as.<\/p>\n<p>Pre\u00e7o promocional de lan\u00e7amento, com 20% de desconto, at\u00e9 14 de agosto de 2025.<\/p>\n","protected":false},"featured_media":19219,"comment_status":"open","ping_status":"closed","template":"","meta":[],"product_brand":[],"product_cat":[4080],"product_tag":[4725,4726,2152,1511,4727,366,4728,5080,2138,316,367,4729,553,528,5079,4730,484,4731,1893,4265],"class_list":{"0":"post-19589","1":"product","2":"type-product","3":"status-publish","4":"has-post-thumbnail","6":"product_cat-infantojuvenil","7":"product_tag-a-minha-cor","8":"product_tag-alisson-affonso","9":"product_tag-antirracismo","10":"product_tag-criancas","11":"product_tag-dia-das-criancas","12":"product_tag-edicoes-sarue","13":"product_tag-empatia","14":"product_tag-formacao-antirracista","15":"product_tag-lancamento","16":"product_tag-literatura-infantil","17":"product_tag-literatura-infantojuvenil","18":"product_tag-literatura-juvenil-cor","19":"product_tag-livro-ilustrado","20":"product_tag-nima-spigolon","21":"product_tag-o-antirracismo-na-pratica-do-dia-a-dia","22":"product_tag-preco-especial-de-lancamento","23":"product_tag-racismo","24":"product_tag-sandro-martins-costa-mendes","25":"product_tag-solidariedade","26":"product_tag-sororidade","27":"product_shipping_class-normal","29":"first","30":"instock","31":"shipping-taxable","32":"purchasable","33":"product-type-simple"},"_links":{"self":[{"href":"https:\/\/editorapangeia.com.br\/pt_br\/wp-json\/wp\/v2\/product\/19589","targetHints":{"allow":["GET"]}}],"collection":[{"href":"https:\/\/editorapangeia.com.br\/pt_br\/wp-json\/wp\/v2\/product"}],"about":[{"href":"https:\/\/editorapangeia.com.br\/pt_br\/wp-json\/wp\/v2\/types\/product"}],"replies":[{"embeddable":true,"href":"https:\/\/editorapangeia.com.br\/pt_br\/wp-json\/wp\/v2\/comments?post=19589"}],"wp:featuredmedia":[{"embeddable":true,"href":"https:\/\/editorapangeia.com.br\/pt_br\/wp-json\/wp\/v2\/media\/19219"}],"wp:attachment":[{"href":"https:\/\/editorapangeia.com.br\/pt_br\/wp-json\/wp\/v2\/media?parent=19589"}],"wp:term":[{"taxonomy":"product_brand","embeddable":true,"href":"https:\/\/editorapangeia.com.br\/pt_br\/wp-json\/wp\/v2\/product_brand?post=19589"},{"taxonomy":"product_cat","embeddable":true,"href":"https:\/\/editorapangeia.com.br\/pt_br\/wp-json\/wp\/v2\/product_cat?post=19589"},{"taxonomy":"product_tag","embeddable":true,"href":"https:\/\/editorapangeia.com.br\/pt_br\/wp-json\/wp\/v2\/product_tag?post=19589"}],"curies":[{"name":"wp","href":"https:\/\/api.w.org\/{rel}","templated":true}]}}