{"id":19431,"date":"2025-01-14T19:33:07","date_gmt":"2025-01-14T19:33:07","guid":{"rendered":"https:\/\/editorapangeia.com.br\/?post_type=product&#038;p=19431"},"modified":"2025-07-07T13:23:30","modified_gmt":"2025-07-07T13:23:30","slug":"os-impressionismos-pictorico-e-literario-no-teatro-de-valle-inclan-gustavo-rodrigues-da-silva-2","status":"publish","type":"product","link":"https:\/\/editorapangeia.com.br\/pt_br\/product\/os-impressionismos-pictorico-e-literario-no-teatro-de-valle-inclan-gustavo-rodrigues-da-silva-2\/","title":{"rendered":"Os impressionismos pict\u00f3rico e liter\u00e1rio no teatro de Valle-Incl\u00e1n, Gustavo Rodrigues da Silva"},"content":{"rendered":"<p>Tese de doutorado (UFCar) de Gustavo Rodrigues da Silva,\u00a0<em><strong>Os impressionismos pict\u00f3rico e liter\u00e1rio no teatro de Valle-Incl\u00e1n<\/strong><\/em> conta com caderno colorido, reproduzindo as telas mencionadas na obra, e \u00edndice remissivo, al\u00e9m de tradu\u00e7\u00e3o in\u00e9dita da pe\u00e7a de Valle-Incl\u00e1n e de pref\u00e1cio de Franco Baptista Sandanello (Academia da For\u00e7a A\u00e9rea;\u00a0PPGLIT-UFSCar; PPGLB-UFMA; Universidade de Lisboa), especialista na \u00e1rea da publica\u00e7\u00e3o.<\/p>\n<p>Eis o sum\u00e1rio do livro:<\/p>\n<p style=\"text-align: center;\">Apresenta\u00e7\u00e3o<\/p>\n<p style=\"text-align: center;\">Primeiras Palavras<\/p>\n<p style=\"text-align: center;\">Os impressionismos pict\u00f3rico e liter\u00e1rio<br \/>\nO impressionismo pict\u00f3rico<br \/>\nO impressionismo liter\u00e1rio<\/p>\n<p style=\"text-align: center;\">Rela\u00e7\u00f5es entre os esperpentos valle-inclanianos e os impressionismos pict\u00f3rico e liter\u00e1rio<br \/>\nOs dramas valle-inclanianos<br \/>\nOs esperpentos valle-inclanianos<br \/>\nAs didasc\u00e1lias esperp\u00eanticas valle-inclanianas e algumas similaridades entre elas e os impressionismos pict\u00f3rico e liter\u00e1rio<br \/>\nOutras similaridades te\u00f3ricas e cr\u00edticas entre os esperpentos valleinclanianos, o impressionismo pict\u00f3rico e o impressionismo liter\u00e1rio<br \/>\nAs didasc\u00e1lias impressionistas esperp\u00eanticas valle-inclanianas<\/p>\n<p style=\"text-align: center;\">Viagem metodol\u00f3gica<br \/>\nLuces de bohemia<br \/>\nLos cuernos de don friolera<br \/>\nLas galas del difunto<br \/>\nLa hija del capit\u00e1n<br \/>\n\u00bfPara cu\u00e1ndo son las reclamaciones diplom\u00e1ticas?<\/p>\n<p style=\"text-align: center;\">Fim de um percurso e in\u00edcio de outro<\/p>\n<p style=\"text-align: center;\">Refer\u00eancias<br \/>\nObras impressionistas ou com aspectos impressionistas<br \/>\nObras pl\u00e1sticas<br \/>\nObras te\u00f3ricas e\/ou cr\u00edticas sobre os esperpentos valle- inclanianos<br \/>\nObras te\u00f3ricas e\/ou cr\u00edticas sobre o impressionismo<br \/>\nObras valle-inclanianas<br \/>\nOutras obras usadas na pesquisa e na tese<\/p>\n<p style=\"text-align: center;\">Ap\u00eandice<br \/>\nTradu\u00e7\u00e3o da obra \u00bfpara cu\u00e1ndo son las reclamaciones diplom\u00e1ticas?<br \/>\nDo autor Ram\u00f3n Mar\u00eda del Valle-Incl\u00e1n<br \/>\nTrad.: Gustavo Rodrigues da Silva<\/p>\n<p style=\"text-align: center;\">Caderno de Ilustra\u00e7\u00f5es<\/p>\n<p style=\"text-align: center;\">Sobre o autor \/ tradutor<\/p>\n<p style=\"text-align: center;\">\u00cdndice Remissivo<\/p>\n<p>&nbsp;<\/p>\n","protected":false},"excerpt":{"rendered":"<p>Teatro, pintura, literatura e leitura cr\u00edtica se amalgamam nesta obra, vers\u00e3o revista da tese de doutorado de Gustavo Rodrigues da Silva defendida na UFSCar em 2024. O ebook cont\u00e9m caderno a cores com as telas impressionistas mencionadas e \u00edndice remissivo, al\u00e9m da tradu\u00e7\u00e3o in\u00e9dita da pe\u00e7a <strong><em>\u00bfpara cu\u00e1ndo son las<\/em> reclamaciones diplom\u00e1ticas?<\/strong>, de Ram\u00f3n Mar\u00eda del Valle-Incl\u00e1n.<\/p>\n<p>Volume em PDF baix\u00e1vel.<\/p>\n","protected":false},"featured_media":17550,"comment_status":"open","ping_status":"closed","template":"","meta":[],"product_brand":[],"product_cat":[4081],"product_tag":[4109,4115,4113,900,4107,147,264,4106,4105,4110,4112,4111,4116,4114,2116,890,191,4108,2232,4104],"class_list":{"0":"post-19431","1":"product","2":"type-product","3":"status-publish","4":"has-post-thumbnail","6":"product_cat-estudosliterarios","7":"product_tag-artes","8":"product_tag-caderno-de-ilustracoes","9":"product_tag-didascalias","10":"product_tag-drama","11":"product_tag-espertento","12":"product_tag-estudos-linguisticos","13":"product_tag-estudos-literarios","14":"product_tag-estudos-teatrais","15":"product_tag-gustavo-rodrigues-da-silva","16":"product_tag-impressionismo","17":"product_tag-impressionismo-literario","18":"product_tag-impressionismo-pictorico","19":"product_tag-indice-remissivo","20":"product_tag-metodologia-critica","21":"product_tag-pintura","22":"product_tag-ppg-letras","23":"product_tag-teatro","24":"product_tag-teatro-espanhol","25":"product_tag-traducao","26":"product_tag-valle-inclan","27":"product_shipping_class-normal","29":"first","30":"instock","31":"shipping-taxable","32":"product-type-grouped"},"_links":{"self":[{"href":"https:\/\/editorapangeia.com.br\/pt_br\/wp-json\/wp\/v2\/product\/19431","targetHints":{"allow":["GET"]}}],"collection":[{"href":"https:\/\/editorapangeia.com.br\/pt_br\/wp-json\/wp\/v2\/product"}],"about":[{"href":"https:\/\/editorapangeia.com.br\/pt_br\/wp-json\/wp\/v2\/types\/product"}],"replies":[{"embeddable":true,"href":"https:\/\/editorapangeia.com.br\/pt_br\/wp-json\/wp\/v2\/comments?post=19431"}],"wp:featuredmedia":[{"embeddable":true,"href":"https:\/\/editorapangeia.com.br\/pt_br\/wp-json\/wp\/v2\/media\/17550"}],"wp:attachment":[{"href":"https:\/\/editorapangeia.com.br\/pt_br\/wp-json\/wp\/v2\/media?parent=19431"}],"wp:term":[{"taxonomy":"product_brand","embeddable":true,"href":"https:\/\/editorapangeia.com.br\/pt_br\/wp-json\/wp\/v2\/product_brand?post=19431"},{"taxonomy":"product_cat","embeddable":true,"href":"https:\/\/editorapangeia.com.br\/pt_br\/wp-json\/wp\/v2\/product_cat?post=19431"},{"taxonomy":"product_tag","embeddable":true,"href":"https:\/\/editorapangeia.com.br\/pt_br\/wp-json\/wp\/v2\/product_tag?post=19431"}],"curies":[{"name":"wp","href":"https:\/\/api.w.org\/{rel}","templated":true}]}}