{"id":19389,"date":"2025-06-01T10:00:29","date_gmt":"2025-06-01T10:00:29","guid":{"rendered":"https:\/\/editorapangeia.com.br\/?post_type=product&#038;p=19389"},"modified":"2025-09-12T17:42:04","modified_gmt":"2025-09-12T17:42:04","slug":"epigramas-criticos-stefania-chiarelli-2","status":"publish","type":"product","link":"https:\/\/editorapangeia.com.br\/pt_br\/product\/epigramas-criticos-stefania-chiarelli-2\/","title":{"rendered":"Epigramas cr\u00edticos, Stefania Chiarelli"},"content":{"rendered":"<p>Na Apresenta\u00e7\u00e3o de\u00a0<em><strong>Epigramas cr\u00edticos<\/strong><\/em>, de Stefania Chiarelli, a Profa. Rosana Kohl Bines, do Departamento de Letras e do Programa de P\u00f3s-Gradua\u00e7\u00e3o em Literatura, Cultura e Contemporaneidade da PUC-Rio, comenta:<\/p>\n<p class=\"p1\" style=\"padding-left: 40px;\">&#8220;os ensaios de Stefania Chiarelli, aqui reunidos, [&#8230;] \u00a0criam breves itiner\u00e1rios de leitura, a partir de pequenos ind\u00edcios, colhidos da mais recente produ\u00e7\u00e3o liter\u00e1ria brasileira, italiana e latino-americana, escrita sobretudo por mulheres, conectando-nos sem demora ao pulso quente de cada uma das narrativas comentadas.&#8221;<\/p>\n<p>Stefania, no primeiro texto do livro, nos apresenta suas &#8220;rotas de leitura&#8221;, vendo-se na posi\u00e7\u00e3o inst\u00e1vel de quem precisa se questionar o tempo todo:<\/p>\n<p class=\"p1\" style=\"padding-left: 40px;\">&#8220;[trabalhar] com textos recentes ou produzidos nos \u00faltimos anos exige o gesto de recalcular rotas de leitura e aproxima\u00e7\u00e3o. O mapa \u00e9 inst\u00e1vel; os caminhos se bifurcam. Ler o contempor\u00e2neo exige f\u00f4lego e flexibilidade, em um constante repensar os pr\u00f3prios passos.&#8221;<\/p>\n<p><em><strong>Epigramas cr\u00edticos<\/strong><\/em> traz an\u00e1lises que surgem como as p\u00e9rolas se constituem no \u00e2mago das ostras: brilham em s\u00ednteses proteicas, seminais, de alto labor na escrita e profunda compreens\u00e3o do humano que poreja de cada obra lida e comentada.<\/p>\n<p><strong>Stefania Chiarelli<\/strong> \u00e9 professora na UFF &#8211; Universidade Federal Fluminense.<\/p>\n","protected":false},"excerpt":{"rendered":"<p><em><strong>Epigramas cr\u00edticos<\/strong><\/em> \u00e9 um livro escrito no calor de cada lan\u00e7amento, com sensibilidade que capta os movimentos intr\u00ednsecos ao fazer liter\u00e1rio contempor\u00e2neo em sua renovada capacidade de se referenciar com o momento hist\u00f3rico e o latejar \u00edntimo das sociedades em um tempo de paradoxos extremos.<\/p>\n<p>Na Apresenta\u00e7\u00e3o, Rosana Kohl Bines anota: &#8220;H\u00e1 algo da sabedoria do tempo na prosa cr\u00edtica de Stefania Chiarelli. Um batimento afinado a &#8216;essa coisa viva demais&#8217; que n\u00e3o para de chegar a cada novo livro aberto com avidez. A leitura aqui \u00e9 sempre hoje.&#8221;<\/p>\n<p>Arquivos em ePub e PDF baix\u00e1veis gratuitamente.<\/p>\n","protected":false},"featured_media":19379,"comment_status":"open","ping_status":"closed","template":"","meta":[],"product_brand":[],"product_cat":[4081,4828],"product_tag":[160,4641,192,3572,4642,243,2268,4643,4116,4644,157,187,4645,4646,4647,174,3105,4648,4649,4650,4651,163,493,4752],"class_list":{"0":"post-19389","1":"product","2":"type-product","3":"status-publish","4":"has-post-thumbnail","6":"product_cat-estudosliterarios","7":"product_cat-livrosgratis","8":"product_tag-andre-dias","9":"product_tag-colecao-ensaios","10":"product_tag-critica-literaria","11":"product_tag-eduff","12":"product_tag-epigramas-criticos","13":"product_tag-escrita-feminina","14":"product_tag-estudos-de-literatura","15":"product_tag-fabulacoes-italianas","16":"product_tag-indice-remissivo","17":"product_tag-italo-calvino","18":"product_tag-literatura-brasileira","19":"product_tag-literatura-brasileira-contemporanea","20":"product_tag-literatura-do-seculo-xxi","21":"product_tag-maria-ester-maciel","22":"product_tag-migracoes-no-feminino","23":"product_tag-mulher","24":"product_tag-poslit-uff","25":"product_tag-referente-historico-contemporaneo","26":"product_tag-rosana-kohl-bines","27":"product_tag-stefania-chiarelli","28":"product_tag-tempo-de-paradoxos","29":"product_tag-uff","30":"product_tag-uff-universidade-federal-fluminense","31":"product_tag-universidade-federal-fluminense","32":"product_shipping_class-normal","34":"first","35":"instock","36":"shipping-taxable","37":"product-type-grouped"},"_links":{"self":[{"href":"https:\/\/editorapangeia.com.br\/pt_br\/wp-json\/wp\/v2\/product\/19389","targetHints":{"allow":["GET"]}}],"collection":[{"href":"https:\/\/editorapangeia.com.br\/pt_br\/wp-json\/wp\/v2\/product"}],"about":[{"href":"https:\/\/editorapangeia.com.br\/pt_br\/wp-json\/wp\/v2\/types\/product"}],"replies":[{"embeddable":true,"href":"https:\/\/editorapangeia.com.br\/pt_br\/wp-json\/wp\/v2\/comments?post=19389"}],"wp:featuredmedia":[{"embeddable":true,"href":"https:\/\/editorapangeia.com.br\/pt_br\/wp-json\/wp\/v2\/media\/19379"}],"wp:attachment":[{"href":"https:\/\/editorapangeia.com.br\/pt_br\/wp-json\/wp\/v2\/media?parent=19389"}],"wp:term":[{"taxonomy":"product_brand","embeddable":true,"href":"https:\/\/editorapangeia.com.br\/pt_br\/wp-json\/wp\/v2\/product_brand?post=19389"},{"taxonomy":"product_cat","embeddable":true,"href":"https:\/\/editorapangeia.com.br\/pt_br\/wp-json\/wp\/v2\/product_cat?post=19389"},{"taxonomy":"product_tag","embeddable":true,"href":"https:\/\/editorapangeia.com.br\/pt_br\/wp-json\/wp\/v2\/product_tag?post=19389"}],"curies":[{"name":"wp","href":"https:\/\/api.w.org\/{rel}","templated":true}]}}