{"id":19268,"date":"2025-06-16T11:00:30","date_gmt":"2025-06-16T11:00:30","guid":{"rendered":"https:\/\/editorapangeia.com.br\/?post_type=product&#038;p=19268"},"modified":"2025-06-24T14:00:26","modified_gmt":"2025-06-24T14:00:26","slug":"momento-do-feliz-rizera","status":"publish","type":"product","link":"https:\/\/editorapangeia.com.br\/pt_br\/product\/momento-do-feliz-rizera\/","title":{"rendered":"Momento do Feliz, Rizera"},"content":{"rendered":"<p><em><strong>Momento do Feliz<\/strong><\/em><\/p>\n<p style=\"padding-left: 40px;\">&#8220;Ser feliz \u00e9 alcan\u00e7ar o sucesso da alma, atrav\u00e9s de sua ess\u00eancia mais pura, o amor.&#8221;<\/p>\n<p><strong>Rizera\u00a0<\/strong>sempre buscou a transcend\u00eancia e a felicidade, estudando, lendo, fazendo m\u00fasica, escrevendo, meditando, dirigindo-se a Deus, buscando iluminar suas a\u00e7\u00f5es e decis\u00f5es com gratid\u00e3o ao mundo, \u00e0s pessoas e \u00e0s coisas. Formou-se em Administra\u00e7\u00e3o, fez MBA, atuou nos mercados financeiro, imobili\u00e1rio e editorial, escreveu e publicou quatro livros, e, al\u00e9m de escritor, \u00e9 produtor musical, administrador e designer.<\/p>\n<p>Escreva para o Rizera em &lt; momentodofeliz@gmail.com &gt; ou atrav\u00e9s da Pangeia, em &lt; contato@editorapangeia.com &gt;.<\/p>\n<p>Para pedir vinte unidades ou mais do\u00a0<em><strong>Momento do Feliz<\/strong><\/em>, envie mensagem para &lt; administrativo@editorapangeia.com.br &gt; ou para o Whats +55 19 9 9907-7555.<\/p>\n","protected":false},"excerpt":{"rendered":"<p>&#8220;O ato de compartilhar essas mensagens em um livro foi pensado e realizado com muito amor, carinho e gratid\u00e3o, na inten\u00e7\u00e3o de partilhar com voc\u00ea e com o mundo um pouquinho de amor e felicidade, que pode ajudar a melhorar seu dia e trazer pequenos momentos felizes.&#8221;(Rizera).<\/p>\n<p><em><strong>Momento do Feliz<\/strong><\/em> re\u00fane mensagens, pensamentos e emo\u00e7\u00f5es positivas, poderosas e saud\u00e1veis que acalmam o cora\u00e7\u00e3o.<\/p>\n<p>&#8220;Feliz daquele que evita os maus exemplos e aprende o caminho do amor.&#8221;, &#8220;Sorria! Quando voc\u00ea sorri, muda tudo.&#8221;, s\u00e3o duas das mensagens do livro que re\u00fane 115 mensagens para o nosso dia-a-dia.<\/p>\n","protected":false},"featured_media":19230,"comment_status":"open","ping_status":"closed","template":"","meta":[],"product_brand":[],"product_cat":[4591],"product_tag":[4589,4590,4583,896,4580,4592,4582,4585,4587,4588,1871,4581,4594,4577,4578,4584,229,4586,3071,4593,4579,3994],"class_list":{"0":"post-19268","1":"product","2":"type-product","3":"status-publish","4":"has-post-thumbnail","6":"product_cat-mensagens","7":"product_tag-amaretersucesso","8":"product_tag-momentodofeliz","9":"product_tag-alma","10":"product_tag-amor","11":"product_tag-autoajuda","12":"product_tag-controle-do-stress","13":"product_tag-desejo","14":"product_tag-ego","15":"product_tag-essencia","16":"product_tag-essencia-da-vida","17":"product_tag-felicidade","18":"product_tag-gratidao","19":"product_tag-meditacao","20":"product_tag-mensagens","21":"product_tag-momento-do-feliz","22":"product_tag-personalidade","23":"product_tag-psicologia","24":"product_tag-reflexoes","25":"product_tag-rizera","26":"product_tag-saude-e-bem-estar","27":"product_tag-sucesso","28":"product_tag-vida","29":"product_shipping_class-normal","31":"first","32":"instock","33":"sale","34":"shipping-taxable","35":"purchasable","36":"product-type-simple"},"_links":{"self":[{"href":"https:\/\/editorapangeia.com.br\/pt_br\/wp-json\/wp\/v2\/product\/19268","targetHints":{"allow":["GET"]}}],"collection":[{"href":"https:\/\/editorapangeia.com.br\/pt_br\/wp-json\/wp\/v2\/product"}],"about":[{"href":"https:\/\/editorapangeia.com.br\/pt_br\/wp-json\/wp\/v2\/types\/product"}],"replies":[{"embeddable":true,"href":"https:\/\/editorapangeia.com.br\/pt_br\/wp-json\/wp\/v2\/comments?post=19268"}],"wp:featuredmedia":[{"embeddable":true,"href":"https:\/\/editorapangeia.com.br\/pt_br\/wp-json\/wp\/v2\/media\/19230"}],"wp:attachment":[{"href":"https:\/\/editorapangeia.com.br\/pt_br\/wp-json\/wp\/v2\/media?parent=19268"}],"wp:term":[{"taxonomy":"product_brand","embeddable":true,"href":"https:\/\/editorapangeia.com.br\/pt_br\/wp-json\/wp\/v2\/product_brand?post=19268"},{"taxonomy":"product_cat","embeddable":true,"href":"https:\/\/editorapangeia.com.br\/pt_br\/wp-json\/wp\/v2\/product_cat?post=19268"},{"taxonomy":"product_tag","embeddable":true,"href":"https:\/\/editorapangeia.com.br\/pt_br\/wp-json\/wp\/v2\/product_tag?post=19268"}],"curies":[{"name":"wp","href":"https:\/\/api.w.org\/{rel}","templated":true}]}}