{"id":18973,"date":"2024-04-29T10:00:47","date_gmt":"2024-04-29T10:00:47","guid":{"rendered":"https:\/\/editorapangeia.com.br\/?post_type=product&#038;p=18973"},"modified":"2025-11-20T17:26:51","modified_gmt":"2025-11-20T17:26:51","slug":"paulo-freire-toma-um-cafezim-cum-nois-nima-spigolon-org-volume-2","status":"publish","type":"product","link":"https:\/\/editorapangeia.com.br\/pt_br\/product\/paulo-freire-toma-um-cafezim-cum-nois-nima-spigolon-org-volume-2\/","title":{"rendered":"Paulo Freire toma um cafezim cum n\u00f3is? Nima Spigolon (Org.) Volume 2"},"content":{"rendered":"<p style=\"font-weight: 400;\">Este livro \u00e9 uma produ\u00e7\u00e3o coletiva que re\u00fane trabalhos sobre Paulo Freire; \u00e9 comp\u00eandio com m\u00faltiplas linguagens, sistematizado a partir dos nomes de alunos-autores, e que surgiu a partir de uma necessidade e urg\u00eancia: produzir conhecimento que dialogue com as diversas \u00e1reas da criatividade humana.<\/p>\n<p style=\"font-weight: 400;\">A tessitura dos trabalhos aconteceu na Gradua\u00e7\u00e3o de Pedagogia da Faculdade de Educa\u00e7\u00e3o da Unicamp no 2\u00ba semestre de 2023, sob responsabilidade da Professora Nima Spigolon. Estudantes da licenciatura do Curso de Pedagogia trabalharam com a Educa\u00e7\u00e3o de Jovens e Adultos.<\/p>\n<p style=\"font-weight: 400;\">O livro mostra a especificidade cognitiva e criativa dos estudantes, considerando-os sujeitos de conhecimento, de pr\u00e1ticas e de experi\u00eancias pol\u00edtico-pedag\u00f3gicas em perspectiva humana e emancipadora.<\/p>\n<p style=\"font-weight: 400;\">Na sala de aula, estudantes e professores forjaram um caminho que criou um espa\u00e7o-tempo n\u00e3o apenas de transmiss\u00e3o, mas sobretudo de produ\u00e7\u00e3o de saberes e conhecimentos; um caminho no qual foi poss\u00edvel reposicionar sujeitos e profissionais da educa\u00e7\u00e3o em forma\u00e7\u00e3o inicial na rela\u00e7\u00e3o com o passado \u00e0 luz do presente.<\/p>\n<p style=\"font-weight: 400;\">Eis os autores que comp\u00f5em este livro: Carla Franco, Caroline, Caroline N. Hirase, Caroline Natsumi, Cec\u00edlia Cruz, Dayanne Oliveira, Geisa, Izabella Souza, Izadora Aguiar Silva, Jemima, Jo\u00e3o Varanese, Larissa Rocha, Let\u00edcia Godinho, Let\u00edcia S. Kukihena, Livia Naomi, Marcela Santos, Maria Eduarda Marilia Mendes, Nima Spigolon, Renan Moretti, Stefany Teixeira, Tauani,Yasmin Duarte.<\/p>\n<p>Nas palavras da organizadora, &#8220;[&#8230;] a proposta comp\u00f5e-se na luta por dignidade tanto na vida quanto na educa\u00e7\u00e3o justa para todas as pessoas. Caracteriza-se, tamb\u00e9m, pelos afetos alegres que mobiliza e pelos bons encontros que promove \u2013 o que, ali\u00e1s, a sala de aula nos quadros das licenciaturas nos proporciona. Desse modo, este livro, em conson\u00e2ncia com a proposta inicial na sala de aula, prop\u00f5e e realiza, de um lado, abertura para o trabalho intelectual e, de outro, a experi\u00eancia do pensamento, da pr\u00e1tica, da criatividade e vida vivida&#8221;.<\/p>\n<p>A organizadora, Profa. Nima Spigolon (Unicamp) ganhou o Jabuti Acad\u00eamico 2024 em Educa\u00e7\u00e3o e Ensino com o livro<\/p>\n<div><b><i>Elza Freire e Paulo Freire: Noites de Ex\u00edlio, Dias de Utopia<\/i><\/b><\/div>\n<p>(Pangeia, 2023). Tamb\u00e9m poeta e microcontista, j\u00e1 recebeu diversos pr\u00eamios por seus poemas e integra diversas colet\u00e2neas, al\u00e9m de ter lan\u00e7ado cerca de uma dezena de livros individuais.<\/p>\n<p style=\"text-align: center;\"><img loading=\"lazy\" decoding=\"async\" class=\"alignnone wp-image-18975\" src=\"http:\/\/editorapangeia.com.br\/wp-content\/uploads\/2025\/04\/Imagem-25-04-2025-as-12.09-220x300.jpg\" alt=\"\" width=\"333\" height=\"454\" srcset=\"https:\/\/editorapangeia.com.br\/wp-content\/uploads\/2025\/04\/Imagem-25-04-2025-as-12.09-220x300.jpg 220w, https:\/\/editorapangeia.com.br\/wp-content\/uploads\/2025\/04\/Imagem-25-04-2025-as-12.09-9x12.jpg 9w, https:\/\/editorapangeia.com.br\/wp-content\/uploads\/2025\/04\/Imagem-25-04-2025-as-12.09-700x954.jpg 700w, https:\/\/editorapangeia.com.br\/wp-content\/uploads\/2025\/04\/Imagem-25-04-2025-as-12.09-294x400.jpg 294w, https:\/\/editorapangeia.com.br\/wp-content\/uploads\/2025\/04\/Imagem-25-04-2025-as-12.09-514x700.jpg 514w, https:\/\/editorapangeia.com.br\/wp-content\/uploads\/2025\/04\/Imagem-25-04-2025-as-12.09.jpg 748w\" sizes=\"auto, (max-width: 333px) 100vw, 333px\" \/><\/p>\n<p style=\"text-align: center;\"><img loading=\"lazy\" decoding=\"async\" class=\"alignnone wp-image-18974\" src=\"http:\/\/editorapangeia.com.br\/wp-content\/uploads\/2025\/04\/Imagem-25-04-2025-as-12.08-214x300.jpg\" alt=\"\" width=\"340\" height=\"477\" srcset=\"https:\/\/editorapangeia.com.br\/wp-content\/uploads\/2025\/04\/Imagem-25-04-2025-as-12.08-214x300.jpg 214w, https:\/\/editorapangeia.com.br\/wp-content\/uploads\/2025\/04\/Imagem-25-04-2025-as-12.08-729x1024.jpg 729w, https:\/\/editorapangeia.com.br\/wp-content\/uploads\/2025\/04\/Imagem-25-04-2025-as-12.08-9x12.jpg 9w, https:\/\/editorapangeia.com.br\/wp-content\/uploads\/2025\/04\/Imagem-25-04-2025-as-12.08-700x983.jpg 700w, https:\/\/editorapangeia.com.br\/wp-content\/uploads\/2025\/04\/Imagem-25-04-2025-as-12.08-285x400.jpg 285w, https:\/\/editorapangeia.com.br\/wp-content\/uploads\/2025\/04\/Imagem-25-04-2025-as-12.08-498x700.jpg 498w, https:\/\/editorapangeia.com.br\/wp-content\/uploads\/2025\/04\/Imagem-25-04-2025-as-12.08.jpg 746w\" sizes=\"auto, (max-width: 340px) 100vw, 340px\" \/><\/p>\n<p style=\"text-align: center;\"><strong><em>Livro com ilustra\u00e7\u00f5es a cores em todos<br \/>\nos cap\u00edtulos, com o registro das<br \/>\natividades realizadas<\/em><\/strong><\/p>\n","protected":false},"excerpt":{"rendered":"<p>Este \u00e9 o 2\u00ba volume da s\u00e9rie &#8220;Paulo Freire: toma um cafezim cum n\u00f3is?&#8221;, ambos organizados pela Profa. Dra. Nima Spigolon com atividades desenvolvidas por alunos da gradua\u00e7\u00e3o de licenciaturas da Unicamp.<\/p>\n<p>O livro integra a Cole\u00e7\u00e3o Cadernos de Doc\u00eancia e \u00e9 publicado em parceria com o movimento #elzafreirelegado, o CEPF &#8211; Centro de Estudos e Pesquisas Freireanos, e o GEPEJA \u2013 Grupo de Estudos e Pesquisas em Educa\u00e7\u00e3o de Jovens e Adultos.<\/p>\n<p>A organizadora, para fechar o volume, contou com a colabora\u00e7\u00e3o das \/ dos acad\u00eamicas \/ acad\u00eamicos Caroline Rosseti, Lucivaldo Lira, Mar\u00edlia Mendes e Michelle Perez.<\/p>\n<p>Este livro incorpora o movimento de aprender enquanto ensina e ensinar aprendendo, suas partes se constituem em escreviv\u00eancias a partir da forma\u00e7\u00e3o de formadores e a partir das atividades de quem se forma; em suma, registra os gestos de amorosidade na pr\u00e1xis cotidiana da sala de aula.<\/p>\n<p>S\u00e3o almas que se abrem para o sens\u00edvel \u2013 e no ato que se registra, o in\u00e9dito vi\u00e1vel se realiza em singelas e tocantes li\u00e7\u00f5es.<\/p>\n<p>Livro a cores. Em pr\u00e9-venda at\u00e9 10\/06\/2025.<\/p>\n","protected":false},"featured_media":18974,"comment_status":"open","ping_status":"closed","template":"","meta":[],"product_brand":[],"product_cat":[4083],"product_tag":[2152,4451,4452,4453,4454,4472,4455,4456,453,611,368,1216,1440,351,350,4457,4458,4459,4460,4461,4462,4463,4464,4450,4465,4473,4466,4467,4474,4475,528,1223,1887,4468,4469,4470,530,1228,4471],"class_list":{"0":"post-18973","1":"product","2":"type-product","3":"status-publish","4":"has-post-thumbnail","6":"product_cat-educacaoensino","7":"product_tag-antirracismo","8":"product_tag-carla-franco","9":"product_tag-caroline","10":"product_tag-caroline-n-hirase","11":"product_tag-caroline-natsumi","12":"product_tag-caroline-rosseti","13":"product_tag-cecilia-cruz","14":"product_tag-dayanne-oliveira","15":"product_tag-educacao","16":"product_tag-educacao-de-jovens-e-adultos","17":"product_tag-eja","18":"product_tag-elza-freire","19":"product_tag-elza-freire-legado","20":"product_tag-ensino","21":"product_tag-escola","22":"product_tag-geisa","23":"product_tag-izabella-souza","24":"product_tag-izadora-aguiar-silva","25":"product_tag-jemima","26":"product_tag-joao-varanese","27":"product_tag-larissa-rocha","28":"product_tag-leticia-godinho","29":"product_tag-leticia-s-kukihena","30":"product_tag-licenciaturas","31":"product_tag-livia-naomi","32":"product_tag-lucivaldo-lira","33":"product_tag-marcela-santos","34":"product_tag-maria-eduarda-marilia-mendes","35":"product_tag-marilia-mendes","36":"product_tag-michelle-perez","37":"product_tag-nima-spigolon","38":"product_tag-paulo-freire","39":"product_tag-professores","40":"product_tag-renan-moretti","41":"product_tag-stefany-teixeira","42":"product_tag-tauani","43":"product_tag-unicamp","44":"product_tag-universidade","45":"product_tag-yasmin-duarte","46":"product_shipping_class-normal","48":"first","49":"onbackorder","50":"shipping-taxable","51":"purchasable","52":"product-type-simple"},"_links":{"self":[{"href":"https:\/\/editorapangeia.com.br\/pt_br\/wp-json\/wp\/v2\/product\/18973","targetHints":{"allow":["GET"]}}],"collection":[{"href":"https:\/\/editorapangeia.com.br\/pt_br\/wp-json\/wp\/v2\/product"}],"about":[{"href":"https:\/\/editorapangeia.com.br\/pt_br\/wp-json\/wp\/v2\/types\/product"}],"replies":[{"embeddable":true,"href":"https:\/\/editorapangeia.com.br\/pt_br\/wp-json\/wp\/v2\/comments?post=18973"}],"wp:featuredmedia":[{"embeddable":true,"href":"https:\/\/editorapangeia.com.br\/pt_br\/wp-json\/wp\/v2\/media\/18974"}],"wp:attachment":[{"href":"https:\/\/editorapangeia.com.br\/pt_br\/wp-json\/wp\/v2\/media?parent=18973"}],"wp:term":[{"taxonomy":"product_brand","embeddable":true,"href":"https:\/\/editorapangeia.com.br\/pt_br\/wp-json\/wp\/v2\/product_brand?post=18973"},{"taxonomy":"product_cat","embeddable":true,"href":"https:\/\/editorapangeia.com.br\/pt_br\/wp-json\/wp\/v2\/product_cat?post=18973"},{"taxonomy":"product_tag","embeddable":true,"href":"https:\/\/editorapangeia.com.br\/pt_br\/wp-json\/wp\/v2\/product_tag?post=18973"}],"curies":[{"name":"wp","href":"https:\/\/api.w.org\/{rel}","templated":true}]}}