{"id":18968,"date":"2024-04-01T17:00:53","date_gmt":"2024-04-01T17:00:53","guid":{"rendered":"https:\/\/editorapangeia.com.br\/?post_type=product&#038;p=18968"},"modified":"2025-11-21T10:48:33","modified_gmt":"2025-11-21T10:48:33","slug":"a-faca-magica-daniel-calipo","status":"publish","type":"product","link":"https:\/\/editorapangeia.com.br\/pt_br\/product\/a-faca-magica-daniel-calipo\/","title":{"rendered":"A Faca M\u00e1gica, Daniel Calipo"},"content":{"rendered":"<p>Era uma vez\u2026 um professor diferente, que com um viol\u00e3o e can\u00e7\u00f5es, levou as crian\u00e7as pequeninas de sua sala de aula para uma viagem muito especial, em meio a m\u00e1gicas e inven\u00e7\u00f5es. Em uma nave espacial, professor e crian\u00e7as embarcam\u2026 na aventura de aprender!<\/p>\n<p>O enredo \u00e9 uma ficcionaliza\u00e7\u00e3o de projeto de Arte-Educa\u00e7\u00e3o realizado pelo Prof. Daniel Calipo no CEI Dr. M\u00e1rio Gatti, da rede municipal de Campinas, SP.<\/p>\n<p>As ilustra\u00e7\u00f5es do livro foram realizadas a partir de fotos das atividades do projeto. As ilustra\u00e7\u00f5es, a capa e a diagrama\u00e7\u00e3o do livro s\u00e3o de Tatiana Santos (Tatiana Santos | Solu\u00e7\u00f5es Criativas) e a arte-final \u00e9 de Lily Momisso. A revis\u00e3o do livro \u00e9 de Bruna Heller, bibliotec\u00e1ria que tamb\u00e9m assina a Ficha Catalogr\u00e1fica.<\/p>\n","protected":false},"excerpt":{"rendered":"<p>Daniel Calipo, professor, mestre, m\u00fasico, arte-educador, escritor, pai \u2013 tudo assim, junto e misturado, e em ordem sempre intercambi\u00e1vel, est\u00e1 com livro novo na pra\u00e7a:\u00a0<em><strong>A faca m\u00e1gica<\/strong><\/em>.<\/p>\n<p>Com bel\u00edssimas ilustra\u00e7\u00f5es, de Tatiana Santos | Solu\u00e7\u00f5es Criativas, a obra ficcionaliza projeto de arte-educa\u00e7\u00e3o realizado em uma sala de aula.<\/p>\n<p>As crian\u00e7as amam a viagem c\u00f3smica proposta na aula e ama este livro, que encanta pais, m\u00e3es, professoras, professores e as crian\u00e7as de todas as idades.<\/p>\n<p>Em pr\u00e9-venda at\u00e9 10\/06\/2025.<\/p>\n","protected":false},"featured_media":18961,"comment_status":"open","ping_status":"closed","template":"","meta":[],"product_brand":[],"product_cat":[4080],"product_tag":[4437,4438,4439,4440,4441,4442,366,350,4443,4444,5080,4445,3072,156,316,4446,561,4447,111,263,1891,4448,1952,2690,4449,752],"class_list":{"0":"post-18968","1":"product","2":"type-product","3":"status-publish","4":"has-post-thumbnail","6":"product_cat-infantojuvenil","7":"product_tag-a-faca-magica","8":"product_tag-arte-educacao","9":"product_tag-aula-ludica","10":"product_tag-calipo","11":"product_tag-cei-mario-gatti","12":"product_tag-daniel-calipo","13":"product_tag-edicoes-sarue","14":"product_tag-escola","15":"product_tag-faca-magica","16":"product_tag-foguete","17":"product_tag-formacao-antirracista","18":"product_tag-ler-criar-brincar","19":"product_tag-lily-momisso","20":"product_tag-literatura","21":"product_tag-literatura-infantil","22":"product_tag-matematica","23":"product_tag-musica","24":"product_tag-numeros","25":"product_tag-poesia","26":"product_tag-professor","27":"product_tag-sala-de-aula","28":"product_tag-sistema-planetario","29":"product_tag-solucoes-criativas","30":"product_tag-tatiana-santos","31":"product_tag-tatiana-santos-solucoes-criativas","32":"product_tag-viagem","33":"product_shipping_class-normal","35":"first","36":"instock","37":"shipping-taxable","38":"purchasable","39":"product-type-simple"},"_links":{"self":[{"href":"https:\/\/editorapangeia.com.br\/pt_br\/wp-json\/wp\/v2\/product\/18968","targetHints":{"allow":["GET"]}}],"collection":[{"href":"https:\/\/editorapangeia.com.br\/pt_br\/wp-json\/wp\/v2\/product"}],"about":[{"href":"https:\/\/editorapangeia.com.br\/pt_br\/wp-json\/wp\/v2\/types\/product"}],"replies":[{"embeddable":true,"href":"https:\/\/editorapangeia.com.br\/pt_br\/wp-json\/wp\/v2\/comments?post=18968"}],"wp:featuredmedia":[{"embeddable":true,"href":"https:\/\/editorapangeia.com.br\/pt_br\/wp-json\/wp\/v2\/media\/18961"}],"wp:attachment":[{"href":"https:\/\/editorapangeia.com.br\/pt_br\/wp-json\/wp\/v2\/media?parent=18968"}],"wp:term":[{"taxonomy":"product_brand","embeddable":true,"href":"https:\/\/editorapangeia.com.br\/pt_br\/wp-json\/wp\/v2\/product_brand?post=18968"},{"taxonomy":"product_cat","embeddable":true,"href":"https:\/\/editorapangeia.com.br\/pt_br\/wp-json\/wp\/v2\/product_cat?post=18968"},{"taxonomy":"product_tag","embeddable":true,"href":"https:\/\/editorapangeia.com.br\/pt_br\/wp-json\/wp\/v2\/product_tag?post=18968"}],"curies":[{"name":"wp","href":"https:\/\/api.w.org\/{rel}","templated":true}]}}