{"id":18754,"date":"2024-08-14T23:00:21","date_gmt":"2024-08-14T23:00:21","guid":{"rendered":"https:\/\/editorapangeia.com.br\/?post_type=product&#038;p=18754"},"modified":"2025-05-21T16:08:58","modified_gmt":"2025-05-21T16:08:58","slug":"vidas-narradas-memorias-e-contos-dalva-gomes","status":"publish","type":"product","link":"https:\/\/editorapangeia.com.br\/pt_br\/product\/vidas-narradas-memorias-e-contos-dalva-gomes\/","title":{"rendered":"Vidas narradas: mem\u00f3rias e contos, Dalva Gomes"},"content":{"rendered":"<p>Eis o sum\u00e1rio do livro:<\/p>\n<p style=\"text-align: center;\">Pref\u00e1cio <strong>11<\/strong><\/p>\n<p style=\"text-align: center;\"><strong>Mem\u00f3rias de Minha Vida 13<\/strong><br \/>\nEncontro e Relacionamento <strong>19<\/strong><br \/>\nNova Casa e Segunda M\u00e3e <strong>20<\/strong><br \/>\nHisterectomia e Recupera\u00e7\u00e3o <strong>21<\/strong><br \/>\nCasamento e Perdas <strong>26<\/strong><br \/>\nDe Volta ao Interior: Mem\u00f3rias de Perdas e Recome\u00e7os <strong>27<\/strong><br \/>\nReconstruc\u0327a\u0303o e Vida Atual <strong>32<\/strong><\/p>\n<p style=\"text-align: center;\"><strong>Contos 37<br \/>\n<\/strong>A Empregada e o Dinheiro Emprestado <strong>39<\/strong><br \/>\nCabelos e Realidades <strong>41<\/strong><br \/>\nIlha de Paquet\u00e1 <strong>45<\/strong><\/p>\n<p style=\"text-align: center;\"><strong>O Presente na Mem\u00f3ria 47<br \/>\n<\/strong>Redescobrindo Entre Rios <strong>48<\/strong><br \/>\nO Alto dos Cruzeiros <strong>56<\/strong><br \/>\nSorrisos e Descobertas <strong>59<\/strong><br \/>\nPasseio \u00e0 Pedra Branca <strong>61<\/strong><br \/>\nPesque-Pague e a Tromba D\u2019\u00c1gua <strong>64<\/strong><br \/>\nA Lida do Homem da Ro\u00e7a <strong>66<\/strong><br \/>\nAnimais Inteligentes <strong>71<\/strong><br \/>\nCoincid\u00eancia ou Destino? <strong>73<\/strong><br \/>\nA Jornada \u00e0 Aparecida do Norte <strong>75<\/strong><br \/>\nDirceu Cabra Bom <strong>77<\/strong><\/p>\n<p style=\"text-align: center;\"><strong>Posf\u00e1cio 80<\/strong><\/p>\n<p style=\"text-align: center;\"><strong>Inspira\u00e7\u00e3o para a Capa 81<\/strong><\/p>\n<p style=\"text-align: center;\"><strong>Biografia 83<\/strong><\/p>\n","protected":false},"excerpt":{"rendered":"<p>&#8220;A vida \u00e9 uma jornada de aprendizado e compartilhamento, e mesmo diante de altos e baixos, \u00e9 essencial estarmos preparados para enfrentar as adversidades com coragem e resili\u00eancia&gt;&#8221; (Dalva Gomes).<\/p>\n<p>&#8220;<em><strong>Vidas Narradas \u2013 Mem\u00f3rias e contos <\/strong><\/em>\u00e9 uma obra pessoal e envolvente que nos convida a adentrar o universo \u00edntimo da autora. [&#8230;] O livro entrela\u00e7a relatos memorial\u00edsticos e contos, que v\u00e3o desde os momentos de autodescoberta e amadurecimento emocional at\u00e9 a simplicidade da vida rural e os desafios da vida urbana. Dalva compartilha com sensibilidade suas experi\u00eancias.&#8221; (Carm\u00e9lia Daniels, pref\u00e1cio)<\/p>\n<p>&#8220;Trata-se de uma narrativa de abandono e, nesse ponto, escreve-se: vida. [&#8230;] A mo\u00e7a tem sua Pas\u00e1rgada.&#8221; (Fl\u00e1via D&#8217;\u00c1ves, posf\u00e1cio).<\/p>\n<p>Confira a Pas\u00e1rgada na travessia dos contos e mem\u00f3rias de Dalva Gomes. Com desconto especial de lan\u00e7amento.<\/p>\n","protected":false},"featured_media":18699,"comment_status":"open","ping_status":"closed","template":"","meta":[],"product_brand":[],"product_cat":[4575],"product_tag":[4364,4365,472,4368,4369,544,3707,3984,135,4360,4359,3709,4361,4363,156,3987,742,1333,746,4358,4367,4362,4366],"class_list":{"0":"post-18754","1":"product","2":"type-product","3":"status-publish","4":"has-post-thumbnail","6":"product_cat-biografia","7":"product_tag-alto-dos-cruzeiros","8":"product_tag-aparecida-do-norte","9":"product_tag-autoficcao","10":"product_tag-biblioteca-municipal","11":"product_tag-biblioteca-municipal-prof-luiz-balbino","12":"product_tag-biografia","13":"product_tag-brumapua","14":"product_tag-carmelia-daniels","15":"product_tag-contos","16":"product_tag-dalva-gomes","17":"product_tag-entre-rios","18":"product_tag-entre-rios-de-minas","19":"product_tag-flavia-daves","20":"product_tag-ilha-de-paqueta","21":"product_tag-literatura","22":"product_tag-literatura-entrerriana","23":"product_tag-literatura-mineira","24":"product_tag-memorias","25":"product_tag-minas-gerais","26":"product_tag-narrativas","27":"product_tag-secretaria-de-cultura-de-entre-rios","28":"product_tag-serra-do-gamba","29":"product_tag-tawam-veloso","30":"product_shipping_class-normal","32":"first","33":"instock","34":"sale","35":"shipping-taxable","36":"purchasable","37":"product-type-simple"},"_links":{"self":[{"href":"https:\/\/editorapangeia.com.br\/pt_br\/wp-json\/wp\/v2\/product\/18754","targetHints":{"allow":["GET"]}}],"collection":[{"href":"https:\/\/editorapangeia.com.br\/pt_br\/wp-json\/wp\/v2\/product"}],"about":[{"href":"https:\/\/editorapangeia.com.br\/pt_br\/wp-json\/wp\/v2\/types\/product"}],"replies":[{"embeddable":true,"href":"https:\/\/editorapangeia.com.br\/pt_br\/wp-json\/wp\/v2\/comments?post=18754"}],"wp:featuredmedia":[{"embeddable":true,"href":"https:\/\/editorapangeia.com.br\/pt_br\/wp-json\/wp\/v2\/media\/18699"}],"wp:attachment":[{"href":"https:\/\/editorapangeia.com.br\/pt_br\/wp-json\/wp\/v2\/media?parent=18754"}],"wp:term":[{"taxonomy":"product_brand","embeddable":true,"href":"https:\/\/editorapangeia.com.br\/pt_br\/wp-json\/wp\/v2\/product_brand?post=18754"},{"taxonomy":"product_cat","embeddable":true,"href":"https:\/\/editorapangeia.com.br\/pt_br\/wp-json\/wp\/v2\/product_cat?post=18754"},{"taxonomy":"product_tag","embeddable":true,"href":"https:\/\/editorapangeia.com.br\/pt_br\/wp-json\/wp\/v2\/product_tag?post=18754"}],"curies":[{"name":"wp","href":"https:\/\/api.w.org\/{rel}","templated":true}]}}