{"id":18753,"date":"2025-03-28T13:12:33","date_gmt":"2025-03-28T13:12:33","guid":{"rendered":"https:\/\/editorapangeia.com.br\/?post_type=product&#038;p=18753"},"modified":"2025-11-20T17:24:03","modified_gmt":"2025-11-20T17:24:03","slug":"poemas-de-depois-da-chuva-evaldo-balbino","status":"publish","type":"product","link":"https:\/\/editorapangeia.com.br\/pt_br\/product\/poemas-de-depois-da-chuva-evaldo-balbino\/","title":{"rendered":"Poemas de Depois da Chuva, Evaldo Balbino"},"content":{"rendered":"<p style=\"text-align: left;\">Evaldo Balbino nasceu em Resende Costa, MG, em 1976. Vive em Belo Horizonte, onde \u00e9 professor e pesquisador da UFMG, Universidade Federal de Minas Gerais.<\/p>\n<p style=\"text-align: left;\">\u00c9 licenciado em Letras, mestre em Literatura Brasileira e doutor em Literatura Comparada, sempre na UFMG.Em 2017, fez est\u00e1gio de p\u00f3s-doutorado na USP.<\/p>\n<p style=\"text-align: left;\">\u00c9 membro da Academia de Letras de S\u00e3o Jo\u00e3o Del-Rei, MG, tendo presidido a institui\u00e7\u00e3o no bi\u00eanio 2022\/2023.<\/p>\n<p style=\"text-align: left;\">J\u00e1 recebeu 26 pr\u00eamios liter\u00e1rios nacionais e internacionais, publica cr\u00f4nicas no\u00a0<em>Jornal das Lajes<\/em> e cr\u00f4nicas e poemas no jornal liter\u00e1rio\u00a0<em>Linguagem Viva<\/em>. Participa de 23 antologias pelo Brasil e de uma em franc\u00eas.<\/p>\n<p style=\"text-align: left;\"><em><strong>Poemas de Depois da Chuva<\/strong><\/em> \u00e9 o seu primeiro livro na Pangeia \/ Dionysius.<\/p>\n<p style=\"text-align: left;\">Eis a rela\u00e7\u00e3o de seus livros anteriores:<\/p>\n<p class=\"has-text-align-center\" style=\"text-align: left;\"><strong>Poesia<br \/>\n<\/strong><em>Moinho<\/em>. Belo Horizonte: Scriptum, 2006 \u2013 1\u00aa edi\u00e7\u00e3o; Cabo Frio\/RJ: Helvetia \u00c9ditions, 2021 \u2013 2\u00aa edi\u00e7\u00e3o.<br \/>\n<em>Filhos da pedra<\/em>. S\u00e3o Paulo: Nelpa, 2012 \u2013 1\u00aa edi\u00e7\u00e3o.<br \/>\n<em>Fantasma de Joana d\u2019Arc<\/em>. Rio de Janeiro: 7 Letras, 2013 \u2013 1\u00aa edi\u00e7\u00e3o.<br \/>\n<em>Inscri\u00e7\u00e3o no deserto<\/em>. Cabo Frio\/RJ: Helvetia \u00c9ditions, 2020 \u2013 1\u00aa edi\u00e7\u00e3o.<br \/>\n<em>O gr\u00e3o da voz<\/em>. Belo Horizonte: Caravana, 2022 \u2013 1\u00aa edi\u00e7\u00e3o.<br \/>\n<em>Esse corpo tanto<\/em>. Vit\u00f3ria: Pedregulho, 2022 \u2013 1\u00aa edi\u00e7\u00e3o.<br \/>\n<em>Devoro-te<\/em>. Guaratinguet\u00e1\/SP: Penalux, 2023 \u2013 1\u00aa edi\u00e7\u00e3o.<br \/>\n<em>N\u00e3o ter\u00e1s a terra em que nasceste<\/em>. Goi\u00e2nia: Mondru, 2023 \u2013 1\u00aa edi\u00e7\u00e3o.<\/p>\n<p class=\"has-text-align-center\" style=\"text-align: left;\"><strong>Contos<br \/>\n<\/strong><em>Amores obl\u00edquos<\/em>. Rio de Janeiro: 7 Letras, 2013 \u2013 1\u00aa edi\u00e7\u00e3o.<\/p>\n<p class=\"has-text-align-center\" style=\"text-align: left;\"><strong>Cr\u00f4nicas<br \/>\n<\/strong><em>M\u00f3biles de areia<\/em>. Resende Costa\/MG: AmiRCo, 2012 \u2013 1\u00aa edi\u00e7\u00e3o.<br \/>\n<em>Apesar das coisas \u00e1speras<\/em>. Rio de Janeiro: 7 Letras, 2016 \u2013 1\u00aa edi\u00e7\u00e3o.<br \/>\n<em>Geografia entre brumas<\/em>. Belo Horizonte: LED; S\u00e3o Jo\u00e3o del-Rei\/MG: Academia de Letras de S\u00e3o Jo\u00e3o del-Rei, 2022.<br \/>\n<em>As m\u00e3os de minha m\u00e3e<\/em>. Belo Horizonte: Ed. do autor, 2022 \u2013 1\u00aa edi\u00e7\u00e3o.<br \/>\n<em>Anuncia\u00e7\u00e3o<\/em>. Guaratinguet\u00e1\/SP: Litteralux, 2024 \u2013 1\u00aa edi\u00e7\u00e3o.<\/p>\n<p class=\"has-text-align-center\" style=\"text-align: left;\"><strong>Romance<br \/>\n<\/strong><em>Os fios de \u00cdcaro<\/em>. S\u00e3o Paulo: Saraiva, 2015 \u2013 1\u00aa edi\u00e7\u00e3o.<\/p>\n<p class=\"has-text-align-center\" style=\"text-align: left;\"><strong>Poesia infantojuvenil<br \/>\n<\/strong><em>Li\u00e7\u00f5es de cigarra<\/em>. Cabo Frio-RJ: Helvetia \u00c9ditions, 2021 \u2013 1\u00aa edi\u00e7\u00e3o.<\/p>\n<p class=\"has-text-align-center\" style=\"text-align: left;\"><strong>Estudos liter\u00e1rios<br \/>\n<\/strong><em>Literaturas ibero-afro-americanas<\/em>: ensaios cr\u00edticos. Goi\u00e2nia: PUC-Goi\u00e1s, 2010 (organiza\u00e7\u00e3o e coautoria com Fernando Ferreira da Cunha Neto e Jo\u00e3o Batista Cardoso)<\/p>\n<p class=\"has-text-align-center\" style=\"text-align: left;\"><strong>Livro did\u00e1tico<br \/>\n<\/strong><em>Literatura brasileira<\/em>. Belo Horizonte: Educacional, 2012 (coautoria com Maria L\u00facia de Oliveira e Regina L\u00facia P\u00e9ret Dell\u2019Isola).<\/p>\n<p class=\"has-text-align-center\" style=\"text-align: left;\"><strong>Participa\u00e7\u00e3o em antologias (poemas, contos e cr\u00f4nicas)<br \/>\n<\/strong><em>Poesias de caderno<\/em>. Ibirit\u00e9\/MG: DGF Edi\u00e7\u00f5es, 1993.<br \/>\n<em>Via Verso<\/em>. Ourinhos\/SP: Prefeitura Municipal de Ourinhos, 1996.<br \/>\n<em>II Pr\u00eamio de Poesia Florbela Espanca<\/em>. Niter\u00f3i\/RJ: Associa\u00e7\u00e3o M\u00e9dica Fluminense, 1997.<br \/>\n<em>X Antologia de contos Alberto Renart<\/em>. S\u00e3o Jos\u00e9 dos Campos\/SP: Funda\u00e7\u00e3o Cultural Cassiano Ricardo, 1998.<br \/>\n<em>Presente po\u00e9tico<\/em>. Belo Horizonte: Faculdade de Letras da UFMG, 2006.<br \/>\n<em>Leitura para todos<\/em>. Belo Horizonte: Faculdade de Letras da UFMG, 2008.<br \/>\n<em>1\u00aa Antologia de poetas, escritores e convidados<\/em>. Praia Grande\/SP: Folha da Baixada, 2009.<br \/>\n<em>Antologia Liter\u00e1ria Cidade<\/em> \u2013 vol. I. Bel\u00e9m: L&amp;A Editores, 2009.<br \/>\n<em>Antologia Liter\u00e1ria Cidade<\/em> \u2013 vol. II. Bel\u00e9m: L&amp;A Editores, 2009.<br \/>\n<em>Antologia Liter\u00e1ria Cidade<\/em> \u2013 Vol. IV. Bel\u00e9m: L&amp;A Editores, 2010.<br \/>\n<em>Um olhar sobre Resende Costa<\/em>. Resende Costa\/MG: AmiRCo, 2011.<br \/>\n<em>Cantos de hoje<\/em>: antologia po\u00e9tica. Bel\u00e9m: LiteraCidade, 2012.<br \/>\n<em>Contos de hoje<\/em>: narrativas. Bel\u00e9m: LiteraCidade, 2012.<br \/>\n<em>Cr\u00f4nicas liter\u00e1rias III<\/em>. Rio de Janeiro: Ibis Libris, 2013.<br \/>\n<em>Retratos da centen\u00e1ria Resende Costa<\/em>. Resende Costa\/MG: AmiRCo, 2016.<br \/>\n<em>Pelos caminhos de Portugal<\/em>. Crici\u00fama\/SC: Editora da UNESC, 2019.<br \/>\n<em>Almanaque do fundo do mar<\/em>. Cabo Frio\/RJ: Helvetia \u00c9ditions, 2020.<br \/>\n<em>Tempo partido 2020<\/em> \u2013 resgatando sentimentos de humanidade. Recife\/PE: Novoestilo, 2020.<br \/>\n<em>R-Existir<\/em> \u2013 a poesia como afirma\u00e7\u00e3o de nossa exist\u00eancia. Cabo Frio-RJ: Helvetia \u00c9ditions, 2020.<br \/>\n<em>Hist\u00f3rias de quarentena<\/em>. Cabo Frio-RJ: Helvetia \u00c9ditions, 2020.<br \/>\n<em>Terra<\/em> \u2013 uma po\u00e9tica de n\u00f3s. Cabo Frio-RJ: Helvetia \u00c9ditions, 2021.<br \/>\n<em>Poesia sou poema estou<\/em>. Ourinhos\/SP: Edi\u00e7\u00f5es e Publica\u00e7\u00f5es, 2022.<\/p>\n<p style=\"text-align: left;\"><strong>Participa\u00e7\u00e3o em antologia<\/strong>\u2014 <strong>tradu\u00e7\u00e3o (poesia)<br \/>\n<\/strong><em>Almanach du fond <\/em>marin. Cabo Frio\/RJ: Helvetia \u00c9ditions, 2020.<\/p>\n<p style=\"text-align: left;\"><strong>Lan\u00e7amento<\/strong><br \/>\n<em>Poemas de Depois da Chuva<\/em> \u2013 Campinas, SP: Editora Pangeia \/ Edi\u00e7\u00f5es Dionysius, 2025.<\/p>\n<p>&nbsp;<\/p>\n<p style=\"text-align: center;\"><img loading=\"lazy\" decoding=\"async\" class=\"alignnone wp-image-18762\" src=\"http:\/\/editorapangeia.com.br\/wp-content\/uploads\/2025\/03\/Imagem-28-03-2025-as-10.04.jpg\" alt=\"\" width=\"483\" height=\"428\" srcset=\"https:\/\/editorapangeia.com.br\/wp-content\/uploads\/2025\/03\/Imagem-28-03-2025-as-10.04.jpg 203w, https:\/\/editorapangeia.com.br\/wp-content\/uploads\/2025\/03\/Imagem-28-03-2025-as-10.04-14x12.jpg 14w\" sizes=\"auto, (max-width: 483px) 100vw, 483px\" \/><br \/>\n<span style=\"color: #ff0000;\"><a style=\"color: #ff0000;\" href=\"https:\/\/editorapangeia.com.br\/pt_br\/?s=Evaldo+Balbino\"><strong>Evaldo Balbino<\/strong><\/a><\/span><\/p>\n<p>&nbsp;<\/p>\n<p style=\"text-align: center;\">\n","protected":false},"excerpt":{"rendered":"<p>Em <em><strong>Poemas<\/strong><strong> de depois da chuva<\/strong><\/em>, 17\u00ba livro individual de Evaldo Balbino, temos um ponto alto da sua po\u00e9tica, de seu projeto autoral, e &#8220;um acordo t\u00e1cito com o lirismo que se deveria reivindicar para a vida&#8221;, conforme anota a poeta Fl\u00e1via Bon Cardoso no pref\u00e1cio do livro.<\/p>\n<p>O livro se divide em quatro partes:<\/p>\n<ol>\n<li>Poemas de depois da chuva<\/li>\n<li>Conversa com a chuva<\/li>\n<li>10 tankas para Takuboku Ishikawa<\/li>\n<li>Broto<\/li>\n<\/ol>\n<p>Dos temas perenes da grande poesia de todos os tempos (o amor, a morte, a inf\u00e2ncia, a resist\u00eancia \u00e0s adversidades, a supera\u00e7\u00e3o existencial, o tempo) a temas caros \u00e0 modernidade (a distopia, a vida que renasce, a sexualidade, a solid\u00e3o, a solidariedade, o lixo), Evaldo Balbino tem uma dic\u00e7\u00e3o personal\u00edssima e \u00e9 uma voz po\u00e9tica incontorn\u00e1vel na poesia brasileira de nossos dias.<\/p>\n<p>Livro com desconto especial de lan\u00e7amento.<\/p>\n","protected":false},"featured_media":18756,"comment_status":"open","ping_status":"closed","template":"","meta":[],"product_brand":[],"product_cat":[4077],"product_tag":[2152,741,4350,377,4342,4343,4348,4347,2343,111,1144,2071,3714,4345,4346,4349,4344],"class_list":{"0":"post-18753","1":"product","2":"type-product","3":"status-publish","4":"has-post-thumbnail","6":"product_cat-poesia","7":"product_tag-antirracismo","8":"product_tag-belo-horizonte","9":"product_tag-contemporaneidade","10":"product_tag-eros-poesia","11":"product_tag-evaldo-balbino","12":"product_tag-flavia-bon-cardoso","13":"product_tag-intimismo","14":"product_tag-lirica","15":"product_tag-modernidade","16":"product_tag-poesia","17":"product_tag-poesia-brasileira","18":"product_tag-poesia-contemporanea","19":"product_tag-poesia-mineira","20":"product_tag-resende-costa","21":"product_tag-sao-joao-del-rei","22":"product_tag-temas-perenes-da-poesia","23":"product_tag-ufmg","24":"product_shipping_class-normal","26":"first","27":"instock","28":"shipping-taxable","29":"purchasable","30":"product-type-simple"},"_links":{"self":[{"href":"https:\/\/editorapangeia.com.br\/pt_br\/wp-json\/wp\/v2\/product\/18753","targetHints":{"allow":["GET"]}}],"collection":[{"href":"https:\/\/editorapangeia.com.br\/pt_br\/wp-json\/wp\/v2\/product"}],"about":[{"href":"https:\/\/editorapangeia.com.br\/pt_br\/wp-json\/wp\/v2\/types\/product"}],"replies":[{"embeddable":true,"href":"https:\/\/editorapangeia.com.br\/pt_br\/wp-json\/wp\/v2\/comments?post=18753"}],"wp:featuredmedia":[{"embeddable":true,"href":"https:\/\/editorapangeia.com.br\/pt_br\/wp-json\/wp\/v2\/media\/18756"}],"wp:attachment":[{"href":"https:\/\/editorapangeia.com.br\/pt_br\/wp-json\/wp\/v2\/media?parent=18753"}],"wp:term":[{"taxonomy":"product_brand","embeddable":true,"href":"https:\/\/editorapangeia.com.br\/pt_br\/wp-json\/wp\/v2\/product_brand?post=18753"},{"taxonomy":"product_cat","embeddable":true,"href":"https:\/\/editorapangeia.com.br\/pt_br\/wp-json\/wp\/v2\/product_cat?post=18753"},{"taxonomy":"product_tag","embeddable":true,"href":"https:\/\/editorapangeia.com.br\/pt_br\/wp-json\/wp\/v2\/product_tag?post=18753"}],"curies":[{"name":"wp","href":"https:\/\/api.w.org\/{rel}","templated":true}]}}