{"id":18735,"date":"2025-03-27T14:04:26","date_gmt":"2025-03-27T14:04:26","guid":{"rendered":"https:\/\/editorapangeia.com.br\/?post_type=product&#038;p=18735"},"modified":"2025-07-16T00:00:10","modified_gmt":"2025-07-16T00:00:10","slug":"capioti-loreci-bocate-laguna","status":"publish","type":"product","link":"https:\/\/editorapangeia.com.br\/pt_br\/product\/capioti-loreci-bocate-laguna\/","title":{"rendered":"Capioti, Loreci Bocate Laguna"},"content":{"rendered":"<p>A autora de\u00a0<em><strong>Capioti<\/strong><\/em>, Loreci Bocate Laguna, \u00e9 professora e j\u00e1 lan\u00e7ou diversos livros.<\/p>\n<p>Nasceu em 1971. No magist\u00e9rio, leciona para crian\u00e7as h\u00e1 trinta anos. Aos nove anos, j\u00e1 trabalhava, de bab\u00e1. Faz parte da AJEB, de Santa Catarina, da Associa\u00e7\u00e3o Harmonia em Vidal Ramos, da AILB \u2013 Academia Internacional de Literatura Brasileira, e \u00e9 idealizadora do Projeto Plantando Vidas.<\/p>\n<p>Ela se descreve assim:<\/p>\n<p style=\"padding-left: 40px;\">&#8220;Fui uma crian\u00e7a \u00a0fr\u00e1gil, com sa\u00fade debilitada. Cuidei de crian\u00e7as at\u00e9 os dezoito anos. Durante esse per\u00edodo tamb\u00e9m fui diarista e empregada dom\u00e9stica. \u00a0Em 1989 iniciei minha carreira de professora. Escrevi muitos di\u00e1rios \u00a0na adolesc\u00eancia. Escrever \u00e9 um sonho de inf\u00e2ncia transformado em projeto de vida. Pesquiso literatura porque gosto. Sou autora de \u00a0v\u00e1rios livros e participo de diversos projetos sociais.&#8221;<\/p>\n<p><em><strong>Cxapioti<\/strong><\/em> \u00e9 o ponto alto, at\u00e9 o momento, dessa travessia.<\/p>\n","protected":false},"excerpt":{"rendered":"<p><em><strong>Capioti<\/strong><\/em>, de Loreci Bocate Laguna, \u00e9 uma est\u00f3ria, uma f\u00e1bula, uma narrativa, uma poesia, um enredo que encanta, uma obra em que a hist\u00f3ria narrada est\u00e1 em simbiose com as ilustra\u00e7\u00f5es, com o livro em sua totalidade.<\/p>\n<p>De descoberta em descoberta, de aventura em aventura, de supera\u00e7\u00e3o a cada passo, da descoberta da amizade \u00e0 epifania final \u2013\u00a0<em><strong>Capioti<\/strong><\/em> \u00e9 um livro que emociona, que conquista, que nos transforma para melhor.<\/p>\n<p>Pre\u00e7o promocional de lan\u00e7amento at\u00e9 15 de julho de 2025.<\/p>\n","protected":false},"featured_media":18603,"comment_status":"open","ping_status":"closed","template":"","meta":[],"product_brand":[],"product_cat":[4080],"product_tag":[4326,4327,4328,4329,4330,4331,303,366,4332,718,3072,316,367,3999,4333,4334,4335,1291,569,1711],"class_list":{"0":"post-18735","1":"product","2":"type-product","3":"status-publish","4":"has-post-thumbnail","6":"product_cat-infantojuvenil","7":"product_tag-adversidades","8":"product_tag-amizade","9":"product_tag-autoconhecimento","10":"product_tag-bullying","11":"product_tag-capioti","12":"product_tag-descobertas","13":"product_tag-edicoes-dionysius","14":"product_tag-edicoes-sarue","15":"product_tag-epifania","16":"product_tag-fabula","17":"product_tag-lily-momisso","18":"product_tag-literatura-infantil","19":"product_tag-literatura-infantojuvenil","20":"product_tag-literatura-juvenil","21":"product_tag-loreci","22":"product_tag-loreci-bocate-laguna","23":"product_tag-misterio","24":"product_tag-pangeia-editorial","25":"product_tag-superacao","26":"product_tag-suspense","27":"product_shipping_class-normal","29":"first","30":"instock","31":"shipping-taxable","32":"purchasable","33":"product-type-simple"},"_links":{"self":[{"href":"https:\/\/editorapangeia.com.br\/pt_br\/wp-json\/wp\/v2\/product\/18735","targetHints":{"allow":["GET"]}}],"collection":[{"href":"https:\/\/editorapangeia.com.br\/pt_br\/wp-json\/wp\/v2\/product"}],"about":[{"href":"https:\/\/editorapangeia.com.br\/pt_br\/wp-json\/wp\/v2\/types\/product"}],"replies":[{"embeddable":true,"href":"https:\/\/editorapangeia.com.br\/pt_br\/wp-json\/wp\/v2\/comments?post=18735"}],"wp:featuredmedia":[{"embeddable":true,"href":"https:\/\/editorapangeia.com.br\/pt_br\/wp-json\/wp\/v2\/media\/18603"}],"wp:attachment":[{"href":"https:\/\/editorapangeia.com.br\/pt_br\/wp-json\/wp\/v2\/media?parent=18735"}],"wp:term":[{"taxonomy":"product_brand","embeddable":true,"href":"https:\/\/editorapangeia.com.br\/pt_br\/wp-json\/wp\/v2\/product_brand?post=18735"},{"taxonomy":"product_cat","embeddable":true,"href":"https:\/\/editorapangeia.com.br\/pt_br\/wp-json\/wp\/v2\/product_cat?post=18735"},{"taxonomy":"product_tag","embeddable":true,"href":"https:\/\/editorapangeia.com.br\/pt_br\/wp-json\/wp\/v2\/product_tag?post=18735"}],"curies":[{"name":"wp","href":"https:\/\/api.w.org\/{rel}","templated":true}]}}