{"id":18719,"date":"2025-06-16T10:00:59","date_gmt":"2025-06-16T10:00:59","guid":{"rendered":"https:\/\/editorapangeia.com.br\/?post_type=product&#038;p=18719"},"modified":"2025-10-15T17:27:39","modified_gmt":"2025-10-15T17:27:39","slug":"paulo-freire-cronografia-nima-spigolon","status":"publish","type":"product","link":"https:\/\/editorapangeia.com.br\/pt_br\/product\/paulo-freire-cronografia-nima-spigolon\/","title":{"rendered":"Paulo Freire: Cronografia, Nima Spigolon"},"content":{"rendered":"<p><strong>Sum\u00e1rio:<\/strong><\/p>\n<p style=\"text-align: center;\">Pref\u00e1cio: Os v\u00e1rios Paulos Freire, por Afonso Celso Scocuglia<\/p>\n<p style=\"text-align: center;\">Dedicat\u00f3ria<\/p>\n<p style=\"text-align: center;\">1. Primeiras palavras<\/p>\n<p style=\"text-align: center;\">2. Cronologia<\/p>\n<p style=\"text-align: center;\">3. Bibliografia<\/p>\n<p style=\"text-align: center;\">4. Elza e Paulo: a travessia<\/p>\n<p style=\"text-align: center;\">5. Refer\u00eancias<\/p>\n<p style=\"text-align: center;\">Biografia da autora<\/p>\n<p style=\"text-align: center;\"><img loading=\"lazy\" decoding=\"async\" class=\"alignnone wp-image-18710\" src=\"http:\/\/editorapangeia.com.br\/wp-content\/uploads\/2025\/03\/Imagem-23-03-2025-as-15.41-253x300.jpg\" alt=\"\" width=\"307\" height=\"364\" srcset=\"https:\/\/editorapangeia.com.br\/wp-content\/uploads\/2025\/03\/Imagem-23-03-2025-as-15.41-253x300.jpg 253w, https:\/\/editorapangeia.com.br\/wp-content\/uploads\/2025\/03\/Imagem-23-03-2025-as-15.41-768x911.jpg 768w, https:\/\/editorapangeia.com.br\/wp-content\/uploads\/2025\/03\/Imagem-23-03-2025-as-15.41-10x12.jpg 10w, https:\/\/editorapangeia.com.br\/wp-content\/uploads\/2025\/03\/Imagem-23-03-2025-as-15.41-700x830.jpg 700w, https:\/\/editorapangeia.com.br\/wp-content\/uploads\/2025\/03\/Imagem-23-03-2025-as-15.41-337x400.jpg 337w, https:\/\/editorapangeia.com.br\/wp-content\/uploads\/2025\/03\/Imagem-23-03-2025-as-15.41-590x700.jpg 590w, https:\/\/editorapangeia.com.br\/wp-content\/uploads\/2025\/03\/Imagem-23-03-2025-as-15.41.jpg 806w\" sizes=\"auto, (max-width: 307px) 100vw, 307px\" \/><\/p>\n","protected":false},"excerpt":{"rendered":"<p>Uma cronografia faz a descri\u00e7\u00e3o dos tempos pela hist\u00f3ria dos fatos neles acontecidos, e \u00e9 essencial para compreender o pensamento de cada autor, de cada fil\u00f3sofo, de cada artista, ao longo do tempo e no di\u00e1logo com cada novo momento hist\u00f3rico por ele vivenciado. \u00c9 isso que este livro de Nima Spigolon faz, entrela\u00e7ando vida e obra de Paulo Freire, na comunh\u00e3o entre as reflex\u00f5es pedag\u00f3gicas, o casamento com Elza Freire, o nascimento dos filhos, o ex\u00edlio com a di\u00e1spora por Bol\u00edvia, Chile, Estados Unidos, Genebra e \u00c1frica, o retorno ao Brasil, e os \u00faltimos dias e \u00faltimas obras.<\/p>\n<p>H\u00e1 datas indubit\u00e1veis, h\u00e1 fatos que em biografias anteriores constam em datas diferentes, h\u00e1 acontecimentos importantes nunca tornados p\u00fablicos. Com seu acervo de documentos privados, entrevistas, documentos p\u00fablicos, documentos familiares e centenas de livros, coligidos em especial ap\u00f3s ingressar na p\u00f3s-gradua\u00e7\u00e3o na Unicamp em 2006, Nima Spigolon estabelece a cronologia comprovada, indubit\u00e1vel, a mais completa j\u00e1 realizada.<\/p>\n<p>Um livro essencial, com desconto de lan\u00e7amento at\u00e9 14 de julho de 2025.<\/p>\n","protected":false},"featured_media":18720,"comment_status":"open","ping_status":"closed","template":"","meta":[],"product_brand":[],"product_cat":[4575,4083],"product_tag":[4311,4398,4405,544,4312,4313,4401,2998,453,3540,4400,4397,1216,4314,351,231,4396,4315,4407,314,528,2997,3995,1223,4408,4399,4316,4411,4410,1224,4412,4406,749,4409,4317,4402,530,3994,3996,4404,4403],"class_list":{"0":"post-18719","1":"product","2":"type-product","3":"status-publish","4":"has-post-thumbnail","6":"product_cat-biografia","7":"product_cat-educacaoensino","8":"product_tag-afonso-celso-scocuglia","9":"product_tag-aprender-e-ensinar","10":"product_tag-biobibliografia-de-paulo-freire","11":"product_tag-biografia","12":"product_tag-cronografia","13":"product_tag-cronologia","14":"product_tag-depoimentos-sobre-paulo-freire","15":"product_tag-dias-de-utopia","16":"product_tag-educacao","17":"product_tag-educacao-e-ensino","18":"product_tag-educador-do-brasil","19":"product_tag-educador-paulo-freire","20":"product_tag-elza-freire","21":"product_tag-elza-freire-e-paulo-freire","22":"product_tag-ensino","23":"product_tag-filosofia","24":"product_tag-historia-de-vida-uma-historia-de-vida","25":"product_tag-lancamento-de-livro","26":"product_tag-legado-de-paulo-freire","27":"product_tag-memoria","28":"product_tag-nima-spigolon","29":"product_tag-noites-de-exilio","30":"product_tag-obra","31":"product_tag-paulo-freire","32":"product_tag-paulo-freire-prisao-exilio-universidade","33":"product_tag-paulo-freire-presente","34":"product_tag-paulos-freire","35":"product_tag-pedagogia-da-amorosidade","36":"product_tag-pedagogia-da-autonomia","37":"product_tag-pedagogia-da-convivencia","38":"product_tag-pedagogia-do-esperancar","39":"product_tag-pratica-docente-de-paulo-freire","40":"product_tag-pre-venda","41":"product_tag-saber-e-fazer-em-paulo-freire","42":"product_tag-scocuglia","43":"product_tag-testemunhos-sobre-paulo-freire","44":"product_tag-unicamp","45":"product_tag-vida","46":"product_tag-vida-e-obra","47":"product_tag-vida-e-obra-de-paulo-freire","48":"product_tag-vida-e-praxis-de-paulo-freire","49":"product_shipping_class-normal","51":"first","52":"instock","53":"shipping-taxable","54":"product-type-external"},"_links":{"self":[{"href":"https:\/\/editorapangeia.com.br\/pt_br\/wp-json\/wp\/v2\/product\/18719","targetHints":{"allow":["GET"]}}],"collection":[{"href":"https:\/\/editorapangeia.com.br\/pt_br\/wp-json\/wp\/v2\/product"}],"about":[{"href":"https:\/\/editorapangeia.com.br\/pt_br\/wp-json\/wp\/v2\/types\/product"}],"replies":[{"embeddable":true,"href":"https:\/\/editorapangeia.com.br\/pt_br\/wp-json\/wp\/v2\/comments?post=18719"}],"wp:featuredmedia":[{"embeddable":true,"href":"https:\/\/editorapangeia.com.br\/pt_br\/wp-json\/wp\/v2\/media\/18720"}],"wp:attachment":[{"href":"https:\/\/editorapangeia.com.br\/pt_br\/wp-json\/wp\/v2\/media?parent=18719"}],"wp:term":[{"taxonomy":"product_brand","embeddable":true,"href":"https:\/\/editorapangeia.com.br\/pt_br\/wp-json\/wp\/v2\/product_brand?post=18719"},{"taxonomy":"product_cat","embeddable":true,"href":"https:\/\/editorapangeia.com.br\/pt_br\/wp-json\/wp\/v2\/product_cat?post=18719"},{"taxonomy":"product_tag","embeddable":true,"href":"https:\/\/editorapangeia.com.br\/pt_br\/wp-json\/wp\/v2\/product_tag?post=18719"}],"curies":[{"name":"wp","href":"https:\/\/api.w.org\/{rel}","templated":true}]}}