{"id":18540,"date":"2024-04-29T09:00:33","date_gmt":"2024-04-29T09:00:33","guid":{"rendered":"https:\/\/editorapangeia.com.br\/?post_type=product&#038;p=18540"},"modified":"2025-11-21T10:48:03","modified_gmt":"2025-11-21T10:48:03","slug":"ensino-de-historia-na-escola-dimensoes-propositivas-do-profhistoria-ufsc-alfredo-ricardo-silva-lopes-org-2","status":"publish","type":"product","link":"https:\/\/editorapangeia.com.br\/pt_br\/product\/ensino-de-historia-na-escola-dimensoes-propositivas-do-profhistoria-ufsc-alfredo-ricardo-silva-lopes-org-2\/","title":{"rendered":"Ensino de Hist\u00f3ria na Escola: dimens\u00f5es propositivas do ProfHist\u00f3ria-UFSC, Alfredo Ricardo Silva Lopes (Org.)"},"content":{"rendered":"<p>O livro <em><strong>Ensino de Hist\u00f3ria na Escola: dimens\u00f5es propositivas do ProfHist\u00f3ria-UFSC<\/strong><\/em>\u00a0\u00e9 a primeira publica\u00e7\u00e3o do projeto de extens\u00e3o Laborat\u00f3rio de Extens\u00e3o Hist\u00f3ria na Escola.<\/p>\n<p>Nesta obra s\u00e3o apresentadas as dimens\u00f5es propositivas e discuss\u00f5es sobre o Ensino de Hist\u00f3ria de trabalhos de pesquisa realizados por professores da Educa\u00e7\u00e3o B\u00e1sica e Superior.<\/p>\n<p>Dessa forma, s\u00e3o trazidas discuss\u00f5es que tocam diretamente a pr\u00e1tica e a teoria do Ensino de Hist\u00f3ria.<\/p>\n<p>O projeto de extens\u00e3o Laborat\u00f3rio de Extens\u00e3o Hist\u00f3ria na Escola foi aprovado no edital n\u00ba 3\/2024\/PROPG\/PROEX \u2013 PROEXT-PG, na modalidade \u201cProgramas de P\u00f3s-Gradua\u00e7\u00e3o da UFSC com as Escolas\u201d. Tal modalidade \u00e9 destinada a propostas de a\u00e7\u00f5es de extens\u00e3o que promovam parcerias entre os PPGs da UFSC e escolas dos n\u00edveis fundamental ou m\u00e9dio.<\/p>\n<p>O edital foi produzido no \u00e2mbito do Programa de Extens\u00e3o da Educa\u00e7\u00e3o Superior na P\u00f3s-Gradua\u00e7\u00e3o (PROEXT-PG), iniciativa da CAPES\/SESU que tem por objetivo geral contribuir para o fortalecimento das atividades de extens\u00e3o no \u00e2mbito da p\u00f3s-gradua\u00e7\u00e3o, por meio de atividades integradas de ensino, pesquisa e extens\u00e3o realizadas em di\u00e1logo com diversos setores da sociedade, com vistas a subsidiar os gestores p\u00fablicos na elabora\u00e7\u00e3o das pol\u00edticas p\u00fablicas que sejam socialmente relevantes, interdisciplinares e que contribuam para o desenvolvimento sustent\u00e1vel, a cidadania, a justi\u00e7a, o fortalecimento da democracia, a participa\u00e7\u00e3o social, a qualidade de vida e a redu\u00e7\u00e3o de assimetrias no Sistema Nacional de P\u00f3s-Gradua\u00e7\u00e3o (SNPG).<\/p>\n<p>Eis o sum\u00e1rio do livro:<\/p>\n<p style=\"text-align: center;\"><b>ENSINO DE HIST\u00d3RIA FORA E<br \/>\n<\/b><b>DENTRO DA UNIVERSIDADE<br \/>\n<\/b><b><\/b>Alfredo Ricardo Silva Lopes<\/p>\n<p style=\"text-align: center;\"><b>PROTAGONISMOS E CULTURAS <\/b><b>IND\u00cdGENAS<br \/>\nE ENSINO (D)E HIST\u00d3RIA<br \/>\n<\/b><b><\/b>Ana Cristina Martinez<\/p>\n<p style=\"text-align: center;\"><b>DIMENS\u00c3O PROPOSITIVA DO <\/b><b>PROJETO O<br \/>\nRAP NA EXPERI\u00caNCIA<span class=\"Apple-converted-space\">\u00a0<\/span><\/b><b><\/b><b>DE FAZER-SE<br \/>\nDOCENTE DE HIST\u00d3RIA<br \/>\n<\/b><b><\/b>Lurian Endo Gonzaga<\/p>\n<p style=\"text-align: center;\"><b>O INSTAGRAM COMO FERRAMENTA<br \/>\n<\/b><b>DE ENSINO DE HIST\u00d3RIA<br \/>\n<\/b><b><\/b>Jaqueline Pelozato<\/p>\n<p style=\"text-align: center;\"><b>O RPG COMO METODOLOGIA<br \/>\n<\/b><b>DE ENSINO<br \/>\n<\/b><b><\/b>Matheus Fernando Silveira<\/p>\n<p style=\"text-align: center;\"><b>FONTES VISUAIS, RESIST\u00caNCIAS <\/b><b>E O<br \/>\nDEBATE DE G\u00caNERO E<span class=\"Apple-converted-space\"> \u00a0<\/span><\/b><b><\/b><b>SEXUALIDADE<br \/>\nNO ENSINO DE HIST\u00d3RIA<br \/>\n<\/b><b><\/b>Robson Ferreira Fernandes<\/p>\n<p style=\"text-align: center;\"><b>HIST\u00d3RIA E LITERATURA EM SALA <\/b><b>DE<br \/>\nAULA: A PRODU\u00c7\u00c3O E O USO DE <\/b><b>CONTOS<br \/>\nPARA ENSINO DE HIST\u00d3RIA<br \/>\n<\/b><b><\/b>Alfredo Ricardo Silva Lopes<br \/>\nM\u00e1rio Martins Viana J\u00fanior<\/p>\n<p style=\"text-align: center;\"><b>\u00cdNDICE REMISSIVO<\/b><\/p>\n","protected":false},"excerpt":{"rendered":"<p>O Ensino de Hist\u00f3ria \u00e9 o tema deste livro: estudos abordam a Hist\u00f3ria e seu ensino na gradua\u00e7\u00e3o e na p\u00f3s gradua\u00e7\u00e3o universit\u00e1rias, em projetos de extens\u00e3o e no ensino fundamental. Aborda diversas metodologias e explicita resultados alcan\u00e7ados com estrat\u00e9gias diferenciadas.<\/p>\n<p>Arquivos baix\u00e1veis em PDF e em ePub.<\/p>\n<p>&nbsp;<\/p>\n","protected":false},"featured_media":18537,"comment_status":"open","ping_status":"closed","template":"","meta":[],"product_brand":[],"product_cat":[4083,4828],"product_tag":[2918,2151,4270,3177,453,351,4266,5080,175,380,4273,156,4271,4272,2345,4274,4267,4269,4268,898,2924,1228],"class_list":{"0":"post-18540","1":"product","2":"type-product","3":"status-publish","4":"has-post-thumbnail","6":"product_cat-educacaoensino","7":"product_cat-livrosgratis","8":"product_tag-alfredo-ricardo-silva-lopes","9":"product_tag-capes","10":"product_tag-culturas-indigenas","11":"product_tag-docencia","12":"product_tag-educacao","13":"product_tag-ensino","14":"product_tag-ensino-de-historia","15":"product_tag-formacao-antirracista","16":"product_tag-genero","17":"product_tag-historia","18":"product_tag-historia-e-literatura","19":"product_tag-literatura","20":"product_tag-metodologia-de-ensino","21":"product_tag-metodologias","22":"product_tag-pos-graduacao","23":"product_tag-profhistoria","24":"product_tag-projetos-de-extensao","25":"product_tag-rap","26":"product_tag-rpg","27":"product_tag-sexualidade","28":"product_tag-ufsc","29":"product_tag-universidade","30":"product_shipping_class-normal","32":"first","33":"instock","34":"shipping-taxable","35":"product-type-grouped"},"_links":{"self":[{"href":"https:\/\/editorapangeia.com.br\/pt_br\/wp-json\/wp\/v2\/product\/18540","targetHints":{"allow":["GET"]}}],"collection":[{"href":"https:\/\/editorapangeia.com.br\/pt_br\/wp-json\/wp\/v2\/product"}],"about":[{"href":"https:\/\/editorapangeia.com.br\/pt_br\/wp-json\/wp\/v2\/types\/product"}],"replies":[{"embeddable":true,"href":"https:\/\/editorapangeia.com.br\/pt_br\/wp-json\/wp\/v2\/comments?post=18540"}],"wp:featuredmedia":[{"embeddable":true,"href":"https:\/\/editorapangeia.com.br\/pt_br\/wp-json\/wp\/v2\/media\/18537"}],"wp:attachment":[{"href":"https:\/\/editorapangeia.com.br\/pt_br\/wp-json\/wp\/v2\/media?parent=18540"}],"wp:term":[{"taxonomy":"product_brand","embeddable":true,"href":"https:\/\/editorapangeia.com.br\/pt_br\/wp-json\/wp\/v2\/product_brand?post=18540"},{"taxonomy":"product_cat","embeddable":true,"href":"https:\/\/editorapangeia.com.br\/pt_br\/wp-json\/wp\/v2\/product_cat?post=18540"},{"taxonomy":"product_tag","embeddable":true,"href":"https:\/\/editorapangeia.com.br\/pt_br\/wp-json\/wp\/v2\/product_tag?post=18540"}],"curies":[{"name":"wp","href":"https:\/\/api.w.org\/{rel}","templated":true}]}}