{"id":18509,"date":"2024-12-23T16:00:48","date_gmt":"2024-12-23T16:00:48","guid":{"rendered":"https:\/\/editorapangeia.com.br\/?post_type=product&#038;p=18509"},"modified":"2025-07-16T00:00:10","modified_gmt":"2025-07-16T00:00:10","slug":"chumbo-sutil-nima-spigolon","status":"publish","type":"product","link":"https:\/\/editorapangeia.com.br\/pt_br\/product\/chumbo-sutil-nima-spigolon\/","title":{"rendered":"Chumbo Sutil, Nima Spigolon"},"content":{"rendered":"<p style=\"text-align: center;\">Do ensaio introdut\u00f3rio de<br \/>\n<strong>Whisner Fraga<\/strong>:<\/p>\n<p>&#8220;Nima elegantemente respeita o mundo, permitindo que as coisas se levem como escolheram, quase sem a interpreta\u00e7\u00e3o do art\u00edfice,<\/p>\n<p>Nima deixa o verbo gritar a pr\u00f3pria exuber\u00e2ncia,<\/p>\n<p>[&#8230;]<\/p>\n<p>Nima tateia a m\u00e3o do leitor, irrompe o casulo dos perigos, arrisca a silhueta profunda, enigm\u00e1tica e insustent\u00e1vel das quimeras&#8221;.<\/p>\n<p style=\"text-align: center;\">Do coment\u00e1rio em pref\u00e1cio de<br \/>\n<strong>Aira Maiger<\/strong>:<\/p>\n<p style=\"text-align: center;\">O que eu gosto da escrita de Nima<br \/>\n\u00e9 que ela sempre me lan\u00e7a no meio de um cen\u00e1rio<br \/>\nque n\u00e3o \u00e9 datado, e sim um conjunto pra sempre eterno,<br \/>\ncomo fotografias sobrepostas que formam<br \/>\no hoje e o amanh\u00e3.<br \/>\n[&#8230;]<br \/>\nFilha da m\u00e3e-terra, ela \u00e9 fauna, flora, ar e oceanos,<br \/>\ndeusa-Nima: criadora de para\u00edsos e eternidades.<\/p>\n<p style=\"text-align: center;\">Do <strong><em>Blog da Pangeia<\/em><\/strong>, o estudo de<br \/>\n<strong>Rauer<\/strong>:<\/p>\n<p>&#8220;Assim \u00e9 esse\u00a0<em><strong>Chumbo Sutil<\/strong><\/em>, de Nima Spigolon: um livro de poemas muito acima do que normalmente encontramos por a\u00ed, com uma realiza\u00e7\u00e3o est\u00e9tica muito diferente, muito especial, na forma, no conte\u00fado e no am\u00e1lgama entre forma e conte\u00fado \u2013 forma e conte\u00fado que normalmente n\u00e3o encontramos por a\u00ed,&#8221;<\/p>\n<p style=\"text-align: center;\">Da segunda orelha de<br \/>\n<em><strong>Chumbo Sutil<\/strong><\/em>:<\/p>\n<p>Nima Spigolon recebeu o JABUTI ACAD\u00caMICO em 2024 em Educa\u00e7\u00e3o e Ensino com o livro\u00a0<span style=\"color: #993300;\"><a style=\"color: #993300;\" href=\"https:\/\/editorapangeia.com.br\/pt_br\/product\/elza-freire-e-paulo-freire-noites-de-exilio-dias-de-utopia\/\"><em><strong>Elza Freire e Paulo Freire: Noites de Ex\u00edlio, Dias de Utopia<\/strong><\/em><\/a><\/span>.<\/p>\n","protected":false},"excerpt":{"rendered":"<p>O novo livro de poemas de Nima Spigolon vem embalado por capa de Ciberpaj\u00e9 (uma Ave Real impactante, que se refrata e triplica em sombras na capa e na 4a. capa, espraiando-se nas orelhas), por ensaio de Whisner Frag, por sens\u00edvel apresenta\u00e7\u00e3o da poeta Aira Maiger e diagrama\u00e7\u00e3o conceitual e discreta de Rizera.<\/p>\n<p>A poesia de <em><strong>Chumbo Sutil<\/strong><\/em> bebe nos modernismos do s\u00e9culo XX, trata dos paradoxos da vida cotidiana no s\u00e9culo XXI e reflete as ang\u00fastias \u00edntimas das consci\u00eancias esfaceladas desse segundo dec\u00eanio do terceiro mil\u00eanio. Os poemas do livro constroem jogos cuja decifra\u00e7\u00e3o nos desvela e revela a face de nossos dias.<\/p>\n","protected":false},"featured_media":18513,"comment_status":"open","ping_status":"closed","template":"","meta":[],"product_brand":[],"product_cat":[4077],"product_tag":[303,377,187,528,111,112,530],"class_list":{"0":"post-18509","1":"product","2":"type-product","3":"status-publish","4":"has-post-thumbnail","6":"product_cat-poesia","7":"product_tag-edicoes-dionysius","8":"product_tag-eros-poesia","9":"product_tag-literatura-brasileira-contemporanea","10":"product_tag-nima-spigolon","11":"product_tag-poesia","12":"product_tag-rauer","13":"product_tag-unicamp","15":"first","16":"instock","17":"shipping-taxable","18":"purchasable","19":"product-type-simple"},"_links":{"self":[{"href":"https:\/\/editorapangeia.com.br\/pt_br\/wp-json\/wp\/v2\/product\/18509","targetHints":{"allow":["GET"]}}],"collection":[{"href":"https:\/\/editorapangeia.com.br\/pt_br\/wp-json\/wp\/v2\/product"}],"about":[{"href":"https:\/\/editorapangeia.com.br\/pt_br\/wp-json\/wp\/v2\/types\/product"}],"replies":[{"embeddable":true,"href":"https:\/\/editorapangeia.com.br\/pt_br\/wp-json\/wp\/v2\/comments?post=18509"}],"wp:featuredmedia":[{"embeddable":true,"href":"https:\/\/editorapangeia.com.br\/pt_br\/wp-json\/wp\/v2\/media\/18513"}],"wp:attachment":[{"href":"https:\/\/editorapangeia.com.br\/pt_br\/wp-json\/wp\/v2\/media?parent=18509"}],"wp:term":[{"taxonomy":"product_brand","embeddable":true,"href":"https:\/\/editorapangeia.com.br\/pt_br\/wp-json\/wp\/v2\/product_brand?post=18509"},{"taxonomy":"product_cat","embeddable":true,"href":"https:\/\/editorapangeia.com.br\/pt_br\/wp-json\/wp\/v2\/product_cat?post=18509"},{"taxonomy":"product_tag","embeddable":true,"href":"https:\/\/editorapangeia.com.br\/pt_br\/wp-json\/wp\/v2\/product_tag?post=18509"}],"curies":[{"name":"wp","href":"https:\/\/api.w.org\/{rel}","templated":true}]}}