{"id":17689,"date":"2025-10-12T14:00:26","date_gmt":"2025-10-12T14:00:26","guid":{"rendered":"https:\/\/editorapangeia.com.br\/?post_type=product&#038;p=17689"},"modified":"2025-11-12T14:03:14","modified_gmt":"2025-11-12T14:03:14","slug":"a-felicidade-de-florbela-florbellas-happiness-janice-mansur-2","status":"publish","type":"product","link":"https:\/\/editorapangeia.com.br\/pt_br\/product\/a-felicidade-de-florbela-florbellas-happiness-janice-mansur-2\/","title":{"rendered":"A felicidade de Florbela \/ Florbella&#8217;s Happiness, Janice Mansur"},"content":{"rendered":"<p>Florbela \u2013 <em><strong>A felicidade de Florbela \/ Florbella&#8217;s Happiness<\/strong><\/em>, o livro de Janice Mansur, \u00e9 uma obra did\u00e1tica sem o didatismo ma\u00e7ante e pretensioso dos livros did\u00e1ticos; \u00e9 um livro paradid\u00e1tico sem as tarefas complementares pouco convincentes e que n\u00e3o ampliam o repert\u00f3rio; \u00e9 um livro de literatura, escrito com a pena do conhecimento e as tintas da sabedoria; \u00e9 uma pe\u00e7a de fic\u00e7\u00e3o em di\u00e1logo profundo com as refer\u00eancias hist\u00f3ricas do tempo presente; \u00e9 uma pequena \u00e9pica em tom l\u00fadico, po\u00e9tico, que encanta, que comove, que instiga, que pede releituras, debate com amigos e reflex\u00e3o individual. \u00c9 prazer, e pode ser estudo. \u00c9 estudo e \u00e9 ao mesmo tempo puro prazer.<\/p>\n<p>Pe\u00e7a j\u00e1 os seus exemplares f\u00edsicos (sim, o livro \u00e9 daqueles que vamos querer mais de um exemplar, para presentear em anivers\u00e1rios, ou simplesmente os dar a familiares, a amigos, a colegas \u2013 e vamos tamb\u00e9m querer mais de um, pois em um dos exemplares vamos colorir, pintar, escrever, desenhar, e vamos querer um outro, limpo, para reler sempre) ou baixe o arquivo Zip do ePub.<\/p>\n<p style=\"text-align: center;\">Conhe\u00e7a mais do livro<br \/>\n<a href=\"https:\/\/editorapangeia.com.br\/event\/a-felicidade-de-florbela-janice-mansur\/\"><strong><span style=\"color: #0000ff;\">AQUI<\/span> <\/strong><\/a>e <a href=\"https:\/\/editorapangeia.com.br\/a-felicidade-de-florbela-para-criancas-jovens-professores-maes-familia\/\"><strong><span style=\"color: #ff6600;\">AQUI<\/span><\/strong><\/a>.<\/p>\n<p>NA GALERIA DE FOTOS, ilustra\u00e7\u00f5es do livro, a capa do livro, a autora em tr\u00eas momentos, os tradutores para o Ingl\u00eas, a diagramador e capista e a ilustradora. O nome de cada um est\u00e1 nos dados do livro, ao lado ou acima, com mais informa\u00e7\u00f5es,\u00a0<a href=\"https:\/\/editorapangeia.com.br\/a-felicidade-de-florbela-para-criancas-jovens-professores-maes-familia\/\"><span style=\"color: #0000ff;\"><strong>AQUI<\/strong><\/span><\/a>.<\/p>\n<p>O livro comp\u00f5e as Edi\u00e7\u00f5es Dionysius, selo de literatura da Pangeia Editorial, e as Edi\u00e7\u00f5es Saru\u00ea, livro de literatura infantojuvenil da Pangeia..<\/p>\n","protected":false},"excerpt":{"rendered":"<p>Este \u00e9 um livro importante e necess\u00e1rio, um livro m\u00faltiplo para leitores de todas as idades, inclusive para leitura familiar ou em grupos de reflex\u00e3o, um livro para a crian\u00e7a, o jovem, o adulto, a vov\u00f3 e o vov\u00f4 junto com os netinhos.<\/p>\n<p>\u00c9 um livro sens\u00edvel, escrito em linguagem l\u00fadica, bil\u00edngue para o estudo do Ingl\u00eas junto ao original em Portugu\u00eas. Para leitura em Sala de Aula, na fam\u00edlia ou para deleite individual, uma obra atual\u00edssima e necess\u00e1ria.<\/p>\n<p>\u00daltimos exemplares da 1a. edi\u00e7\u00e3o com pre\u00e7o especial.<\/p>\n","protected":false},"featured_media":19937,"comment_status":"open","ping_status":"closed","template":"","meta":[],"product_brand":[],"product_cat":[4080],"product_tag":[1859,1860,1861,896,1862,1863,1864,1865,1866,1867,1513,1868,366,351,350,1869,551,1870,1871,1872,1873,1874,1875,1876,1877,1878,1879,1880,1881,560,1235,528,1882,1291,1883,1884,1885,1886,1887,597,1888,1889,1890,1891,1892,199,1893,569,1817,1894],"class_list":{"0":"post-17689","1":"product","2":"type-product","3":"status-publish","4":"has-post-thumbnail","6":"product_cat-infantojuvenil","7":"product_tag-a-felicidade-de-florbela","8":"product_tag-amanda-eid","9":"product_tag-amigos","10":"product_tag-amor","11":"product_tag-avos","12":"product_tag-blog-da-pangeia","13":"product_tag-caderno-pedagogico","14":"product_tag-catastrofe-climatica","15":"product_tag-colegas","16":"product_tag-colorir","17":"product_tag-dor","18":"product_tag-ecologia","19":"product_tag-edicoes-sarue","20":"product_tag-ensino","21":"product_tag-escola","22":"product_tag-expressao-artistica-individual","23":"product_tag-familia","24":"product_tag-fazenda","25":"product_tag-felicidade","26":"product_tag-florbela","27":"product_tag-florbelas-hapiness","28":"product_tag-hapiness","29":"product_tag-ilustracoes","30":"product_tag-janice-mansur","31":"product_tag-leitores","32":"product_tag-livro-bilingue","33":"product_tag-luto","34":"product_tag-maes","35":"product_tag-mati-bustani-wood","36":"product_tag-meio-ambiente","37":"product_tag-natureza","38":"product_tag-nima-spigolon","39":"product_tag-pais","40":"product_tag-pangeia-editorial","41":"product_tag-pintar","42":"product_tag-poeta","43":"product_tag-portugues-ingles","44":"product_tag-primeiro-ciclo","45":"product_tag-professores","46":"product_tag-projetos-interdisciplinares","47":"product_tag-psicanalista","48":"product_tag-renascimento","49":"product_tag-resiliencia","50":"product_tag-sala-de-aula","51":"product_tag-sheila-palis","52":"product_tag-sociedade","53":"product_tag-solidariedade","54":"product_tag-superacao","55":"product_tag-sustentabilidade","56":"product_tag-yueh-fernandes","57":"product_shipping_class-normal","59":"first","60":"instock","61":"sale","62":"shipping-taxable","63":"product-type-grouped"},"_links":{"self":[{"href":"https:\/\/editorapangeia.com.br\/pt_br\/wp-json\/wp\/v2\/product\/17689","targetHints":{"allow":["GET"]}}],"collection":[{"href":"https:\/\/editorapangeia.com.br\/pt_br\/wp-json\/wp\/v2\/product"}],"about":[{"href":"https:\/\/editorapangeia.com.br\/pt_br\/wp-json\/wp\/v2\/types\/product"}],"replies":[{"embeddable":true,"href":"https:\/\/editorapangeia.com.br\/pt_br\/wp-json\/wp\/v2\/comments?post=17689"}],"wp:featuredmedia":[{"embeddable":true,"href":"https:\/\/editorapangeia.com.br\/pt_br\/wp-json\/wp\/v2\/media\/19937"}],"wp:attachment":[{"href":"https:\/\/editorapangeia.com.br\/pt_br\/wp-json\/wp\/v2\/media?parent=17689"}],"wp:term":[{"taxonomy":"product_brand","embeddable":true,"href":"https:\/\/editorapangeia.com.br\/pt_br\/wp-json\/wp\/v2\/product_brand?post=17689"},{"taxonomy":"product_cat","embeddable":true,"href":"https:\/\/editorapangeia.com.br\/pt_br\/wp-json\/wp\/v2\/product_cat?post=17689"},{"taxonomy":"product_tag","embeddable":true,"href":"https:\/\/editorapangeia.com.br\/pt_br\/wp-json\/wp\/v2\/product_tag?post=17689"}],"curies":[{"name":"wp","href":"https:\/\/api.w.org\/{rel}","templated":true}]}}