{"id":17575,"date":"2024-12-12T18:00:15","date_gmt":"2024-12-12T18:00:15","guid":{"rendered":"https:\/\/editorapangeia.com.br\/?post_type=product&#038;p=17575"},"modified":"2025-05-24T13:39:20","modified_gmt":"2025-05-24T13:39:20","slug":"bucolicos-haikais-marcia-neves","status":"publish","type":"product","link":"https:\/\/editorapangeia.com.br\/pt_br\/product\/bucolicos-haikais-marcia-neves\/","title":{"rendered":"Buc\u00f3licos, M\u00e1rcia Neves"},"content":{"rendered":"<p style=\"text-align: left;\">A poesia haikai da haijin M\u00e1rcia (Seven) Neves se apresenta, em\u00a0<em><strong>Buc\u00f3licos<\/strong><\/em>, voltada para as mem\u00f3rias afetivas da poeta, para viv\u00eancias da inf\u00e2ncia, para cantar paisagens, lembran\u00e7as, animais, natureza e para uma esp\u00e9cie de vis\u00e3o pante\u00edsta de mundo.<\/p>\n<p>Antes, na orelha, ela define o espa\u00e7o de encontro com os leitores, dos sonhos \u00e0 caminhada comum:<\/p>\n<p style=\"font-weight: 400; text-align: center;\">cortejos com l\u00e1pis<br \/>\npara os sonhos que nascem \u2013<br \/>\nnovos leitores<\/p>\n<p style=\"font-weight: 400; text-align: center;\">saciar a sede<br \/>\nentre um e outro sonho \u2013<br \/>\ngoles d&#8217;\u00e1gua<\/p>\n<p style=\"font-weight: 400; text-align: center;\">\u00e0 margem<br \/>\nde realizar sonhos \u2013<br \/>\na vida caminha<\/p>\n<p><img loading=\"lazy\" decoding=\"async\" class=\"size-medium wp-image-17576 aligncenter\" src=\"http:\/\/editorapangeia.com.br\/wp-content\/uploads\/2025\/01\/Imagem-12-01-2025-as-14.56-289x300.jpg\" alt=\"\" width=\"289\" height=\"300\" srcset=\"https:\/\/editorapangeia.com.br\/wp-content\/uploads\/2025\/01\/Imagem-12-01-2025-as-14.56-289x300.jpg 289w, https:\/\/editorapangeia.com.br\/wp-content\/uploads\/2025\/01\/Imagem-12-01-2025-as-14.56-12x12.jpg 12w, https:\/\/editorapangeia.com.br\/wp-content\/uploads\/2025\/01\/Imagem-12-01-2025-as-14.56.jpg 372w\" sizes=\"auto, (max-width: 289px) 100vw, 289px\" \/><\/p>\n<blockquote>\n<p style=\"text-align: center;\">Para mais informa\u00e7\u00f5es sobre a autora, clique <a href=\"https:\/\/editorapangeia.com.br\/pt_br\/?s=Buc\u00f3licos\"><span style=\"color: #ff0000;\"><strong>AQUI<\/strong><\/span><\/a>.<\/p>\n<\/blockquote>\n","protected":false},"excerpt":{"rendered":"<p>Um livro sens\u00edvel, amoroso, que dialoga com tradi\u00e7\u00f5es seculares orientais e ocidentais sem perder a naturalidade, o senso de medida, a simplicidade que faz do haikai uma poesia que faz o di\u00e1logo do micro com o macro, do local com o universal, na linguagem eterna dos verdadeiros poetas.<\/p>\n","protected":false},"featured_media":18483,"comment_status":"open","ping_status":"closed","template":"","meta":[],"product_brand":[],"product_cat":[4091,4077],"product_tag":[377,1229,225,3072,157,187,1145,553,4147,4146,111,4148,3071],"class_list":{"0":"post-17575","1":"product","2":"type-product","3":"status-publish","4":"has-post-thumbnail","6":"product_cat-haikai","7":"product_cat-poesia","8":"product_tag-eros-poesia","9":"product_tag-haicai","10":"product_tag-haikai","11":"product_tag-lily-momisso","12":"product_tag-literatura-brasileira","13":"product_tag-literatura-brasileira-contemporanea","14":"product_tag-literatura-contemporanea","15":"product_tag-livro-ilustrado","16":"product_tag-marcia-seven-neves","17":"product_tag-marcia-neves","18":"product_tag-poesia","19":"product_tag-poesia-intertextual","20":"product_tag-rizera","21":"product_shipping_class-normal","23":"first","24":"instock","25":"purchasable","26":"product-type-simple"},"_links":{"self":[{"href":"https:\/\/editorapangeia.com.br\/pt_br\/wp-json\/wp\/v2\/product\/17575","targetHints":{"allow":["GET"]}}],"collection":[{"href":"https:\/\/editorapangeia.com.br\/pt_br\/wp-json\/wp\/v2\/product"}],"about":[{"href":"https:\/\/editorapangeia.com.br\/pt_br\/wp-json\/wp\/v2\/types\/product"}],"replies":[{"embeddable":true,"href":"https:\/\/editorapangeia.com.br\/pt_br\/wp-json\/wp\/v2\/comments?post=17575"}],"wp:featuredmedia":[{"embeddable":true,"href":"https:\/\/editorapangeia.com.br\/pt_br\/wp-json\/wp\/v2\/media\/18483"}],"wp:attachment":[{"href":"https:\/\/editorapangeia.com.br\/pt_br\/wp-json\/wp\/v2\/media?parent=17575"}],"wp:term":[{"taxonomy":"product_brand","embeddable":true,"href":"https:\/\/editorapangeia.com.br\/pt_br\/wp-json\/wp\/v2\/product_brand?post=17575"},{"taxonomy":"product_cat","embeddable":true,"href":"https:\/\/editorapangeia.com.br\/pt_br\/wp-json\/wp\/v2\/product_cat?post=17575"},{"taxonomy":"product_tag","embeddable":true,"href":"https:\/\/editorapangeia.com.br\/pt_br\/wp-json\/wp\/v2\/product_tag?post=17575"}],"curies":[{"name":"wp","href":"https:\/\/api.w.org\/{rel}","templated":true}]}}