{"id":17475,"date":"2019-12-28T13:45:41","date_gmt":"2019-12-28T13:45:41","guid":{"rendered":"https:\/\/editorapangeia.com.br\/?post_type=product&#038;p=17475"},"modified":"2025-09-15T13:45:51","modified_gmt":"2025-09-15T13:45:51","slug":"ppg-uff-capes-literatura-em-movimento-pesquisa-e-investigacao-18-pdf","status":"publish","type":"product","link":"https:\/\/editorapangeia.com.br\/pt_br\/product\/ppg-uff-capes-literatura-em-movimento-pesquisa-e-investigacao-18-pdf\/","title":{"rendered":"PPG-UFF \/ CAPES &#8211; Literatura em Movimento: Pesquisa e Investiga\u00e7\u00e3o 18"},"content":{"rendered":"<p>Organizado por Lu\u00eds Maffei, este \u00e9 o 18\u00ba volume da S\u00e9rie <strong>Literatura em Movimento: Pesquisa e Investiga\u00e7\u00e3o<\/strong>,<\/p>\n<p>Eis o sum\u00e1rio do livro:<\/p>\n<p style=\"padding-left: 40px;\"><b>\u201cQuem t\u00e3o fora estava da verdade\u201d? <\/b><b>Escrever e ensaiar nestes tempos<br \/>\n<\/b><b><\/b>Luis Maffei<\/p>\n<p style=\"padding-left: 40px;\"><b>Erich Hackl e as suas hist\u00f3rias baseadas <\/b><b>em fatos reais: uma breve apresenta\u00e7\u00e3o<br \/>\n<\/b><b><\/b>Dionelle Ara\u00fajo<\/p>\n<p style=\"padding-left: 40px;\"><b>Em busca do inferno de hoje: uma <\/b><b>cat\u00e1base provocada pela poesia de<span class=\"Apple-converted-space\">\u00a0<\/span><\/b><b><\/b><b>Pedro Eiras<br \/>\n<\/b><b><\/b>Marcos Vin\u00edcius Rodrigues de Azevedo<\/p>\n<p style=\"padding-left: 40px;\"><b>Impactos dos estudos p\u00f3s-coloniais na <\/b><b>fortuna cr\u00edtica de <\/b><b><i>A paix\u00e3o segundo G.H.<br \/>\n<\/i><\/b><b><i><\/i><\/b>Thais Carvalho Azevedo<\/p>\n<p style=\"padding-left: 40px;\"><b>Narrar o tr\u00e2nsito: <\/b><b><i>Os pretos de Pousaflores <\/i><\/b><b><br \/>\n<\/b>B\u00e1rbara Chaves Cardoso<\/p>\n<p style=\"padding-left: 40px;\"><b><i>Cobra Norato<\/i><\/b><b>: o di\u00e1logo entre Raul Bopp <\/b><b>e Brand\u00e3o de Amorim<br \/>\n<\/b><b><\/b>Amanda da Silva de Melo Faria<\/p>\n<p style=\"padding-left: 40px;\"><b>Maternidade em Maryse Cond\u00e9: <\/b><b>entrecruzamentos biogr\u00e1ficos e ficcionais<br \/>\n<\/b><b><\/b>Consuelo Gouv\u00eaa de Faria<\/p>\n<p style=\"padding-left: 40px;\"><b>Deslocamento e escrita de si na obra <\/b><b><i>Por cima do mar<\/i><\/b><b>, de Deborah Dornellas<br \/>\n<\/b><b><\/b>Jaqueline Brito Fernandes<\/p>\n<p style=\"padding-left: 40px;\"><b>Um estudo de retradu\u00e7\u00f5es de um poema <\/b><b>de Adelaide Crapsey em portugu\u00eas<br \/>\n<\/b>Luiza Leite Ferreira<br \/>\nVitor Alevato do Amaral<\/p>\n<p style=\"padding-left: 40px;\"><b>\u201cA palavra de arremesso\u201d: o projeto <\/b><b><i>Mulher ao mar<\/i><\/b><b>, de Margarida Vale de Gato<br \/>\n<\/b><b><\/b>Adriele Lima de Figueiredo<\/p>\n<p style=\"padding-left: 40px;\"><b>Poesia e cinema: algumas aproxima\u00e7\u00f5es <\/b><b>entre Jean-Luc Godard e Laura Erber<br \/>\n<\/b><b><\/b>Frederico Klumb<\/p>\n<p style=\"padding-left: 40px;\"><b>Machado de Assis: o entre-lugar do <\/b><b>ficcionista na \u201cnova gera\u00e7\u00e3o\u201d dos<span class=\"Apple-converted-space\">\u00a0<\/span><\/b><b><\/b><b>anos 1870<br \/>\n<\/b><b><\/b>Bianca Moura de Mesquita Menezes<br \/>\nFl\u00e1via Vieira da Silva do Amparo<\/p>\n<p style=\"padding-left: 40px;\"><b>Quanto do autor cabe no texto? <\/b><b>Apontamentos sobre autofic\u00e7\u00e3o na <\/b><b><\/b><b>trilogia inicial de Ant\u00f3nio Lobo Antunes<br \/>\n<\/b><b><\/b>Diana Gonzaga Pereira<\/p>\n<p style=\"padding-left: 40px;\"><b>Pedacinhos de ossos: arquivos de uma <\/b><b>cartografia mar\u00edtima em Ana Margarida <\/b><b><\/b><b>de Carvalho e Joaquim Arena<br \/>\n<\/b><b><\/b>Clarisse Dias Pess\u00f4a<\/p>\n<p style=\"padding-left: 40px;\"><b>Autofic\u00e7\u00e3o e fam\u00edlia: o narrador <\/b><b>problem\u00e1tico de uma hist\u00f3ria de<span class=\"Apple-converted-space\">\u00a0<\/span><\/b><b><\/b><b>fam\u00edlia de Silviano Santiago<br \/>\n<\/b><b><\/b>Luisa de Almeida L\u00edrio Pinto<\/p>\n<p style=\"padding-left: 40px;\"><b>A experi\u00eancia perceptiva em Mar\u00edlia <\/b><b>Garcia: arquivo e mem\u00f3ria<br \/>\n<\/b><b><\/b>Jo\u00e3o Reis<\/p>\n<p style=\"padding-left: 40px;\"><b>Reflex\u00f5es violentas: as po\u00e9ticas de <\/b><b>Freitas, Iv\u00e1nova e Rom\u00e3o<br \/>\n<\/b><b><\/b>Fl\u00e1vio Cavaca L. Ribeiro<\/p>\n<p style=\"padding-left: 40px;\"><b>Influ\u00eancias do g\u00f3tico: o horror queer <\/b><b>na graphic novel <\/b><b><i>Minha coisa favorita <\/i><\/b><b><i><\/i><\/b><b><i>\u00e9 monstro<\/i><\/b><b>, de Emil Ferris<br \/>\n<\/b><b><\/b>Rebeca Riga Guedes da Rocha8<span class=\"Apple-converted-space\">\u00a0<\/span><\/p>\n<p style=\"padding-left: 40px;\"><b>Escrever em Maryse Cond\u00e9: uma breve <\/b><b>an\u00e1lise das concep\u00e7\u00f5es de verdade da<span class=\"Apple-converted-space\">\u00a0<\/span><\/b><b><\/b><b>autora em <\/b><b><i>O cora\u00e7\u00e3o que chora e que ri <\/i><\/b><b>e<span class=\"Apple-converted-space\">\u00a0<\/span><\/b><b><\/b><b><i>la vie sans fards<br \/>\n<\/i><\/b><b><i><\/i><\/b>Marina Logullo Rosnez<\/p>\n<p style=\"padding-left: 40px;\"><b>A marafona fala: uma an\u00e1lise da 296 <\/b><b><\/b><b>narra\u00e7\u00e3o na obra Mar Paraguayo,<span class=\"Apple-converted-space\">\u00a0<\/span><\/b><b><\/b><b>de Wilson Bueno<br \/>\n<\/b><b><\/b>Aline Bernardo da Silva<\/p>\n<p style=\"padding-left: 40px;\"><b>Retradu\u00e7\u00f5es de <\/b><b><i>The cat and the devil<\/i><\/b><b>, de <\/b><b>James Joyce: coment\u00e1rios iniciais para <\/b><b><\/b><b>um estudo<br \/>\n<\/b><b><\/b>Ana Carolina Carvalho Monaco da Silva<\/p>\n<p style=\"padding-left: 40px;\"><b>Canto cifrado, poema velado: o segredo <\/b><b>na po\u00e9tica de Edimilson de Almeida Pereira<br \/>\n<\/b><b><\/b>Luan Sabino Siqueira<\/p>\n<p style=\"padding-left: 40px;\"><b>Gullar, Cabral e Carlito: os galos <\/b><b>e a galinha na poesia moderna e <\/b><b><\/b><b>contempor\u00e2nea<br \/>\n<\/b><b><\/b>Ivonilton Gon\u00e7alves de Souza<\/p>\n<p style=\"padding-left: 40px;\"><b>Converg\u00eancias na representa\u00e7\u00e3o da <\/b><b>figura da <\/b><b><i>Final girl<br \/>\n<\/i><\/b><b><i><\/i><\/b>Filipe Chernicharo Trindade<\/p>\n<p style=\"padding-left: 40px;\"><b>O <\/b><b><i>Hamlet <\/i><\/b><b>inconcluso de James Joyce <\/b><b>nas tradu\u00e7\u00f5es brasileiras de <\/b><b><i>Ulisses<br \/>\n<\/i><\/b><b><i><\/i><\/b>Pedro Lu\u00eds Sala Vieira<\/p>\n<p style=\"padding-left: 40px;\"><b>Fernando Pessoa, poeta da arte <\/b><b>contempor\u00e2nea<br \/>\n<\/b><b><\/b>Gabriel Ortiz Voser<\/p>\n<p style=\"padding-left: 40px;\"><b>SOBRES OS AUTORES<span class=\"Apple-converted-space\">\u00a0<\/span><\/b><\/p>\n<div class=\"page\" title=\"Page 7\">\n<div class=\"layoutArea\">\n<div class=\"column\">\n<p>A Cole\u00e7\u00e3o \u00e9 composta, no momento, por dezoito volumes. Trata-se de um reposit\u00f3rio inestim\u00e1vel, com centenas de estudos liter\u00e1rios, com diversificado referencial te\u00f3rico, multiplicidade de <em>corpus<strong>\u00a0<\/strong><\/em>e variados enfoques metodol\u00f3gicos.<\/p>\n<\/div>\n<\/div>\n<\/div>\n<p>Todos os volume da Cole\u00e7\u00e3o s\u00e3o gratuitos. Baixe-os, <a href=\"https:\/\/editorapangeia.com.br\/?s=Literatura+em+Movimento\"><strong>AQUI<\/strong><\/a>.<\/p>\n","protected":false},"excerpt":{"rendered":"<p>Este \u00e9 o volume 18 da Cole\u00e7\u00e3o LITERATURA EM MOVIMENTO \u2013 Pesquisa e Investiga\u00e7\u00e3o, do Programa de P\u00f3s-Gradua\u00e7\u00e3o em Estudos Liter\u00e1rios da Universidade Federal Fluminense, UFF, que acolhe as reflex\u00f5es do Semin\u00e1rio dos Alunos do Programa de P\u00f3s-Gradua\u00e7\u00e3o em Estudos de Literatura da UFF de 2024. Este volume est\u00e1 no formato PDF. Voc\u00ea pode baix\u00e1-lo gratuitamente.<\/p>\n","protected":false},"featured_media":17476,"comment_status":"open","ping_status":"closed","template":"","meta":[],"product_brand":[],"product_cat":[4081,4828],"product_tag":[2151,192,496,2267,2234,2857,2268,264,4117,495,389,156,157,182,183,2265,2266,494,434,163,493,1228],"class_list":{"0":"post-17475","1":"product","2":"type-product","3":"status-publish","4":"has-post-thumbnail","6":"product_cat-estudosliterarios","7":"product_cat-livrosgratis","8":"product_tag-capes","9":"product_tag-critica-literaria","10":"product_tag-critica-teatral","11":"product_tag-ensino-de-letras","12":"product_tag-ensino-de-literatura","13":"product_tag-estudos-culturais","14":"product_tag-estudos-de-literatura","15":"product_tag-estudos-literarios","16":"product_tag-gratis","17":"product_tag-historia-da-literatura","18":"product_tag-letras","19":"product_tag-literatura","20":"product_tag-literatura-brasileira","21":"product_tag-literatura-em-movimento","22":"product_tag-pesquisa-e-investigacao","23":"product_tag-ppg-em-estudos-literarios","24":"product_tag-ppg-em-letras","25":"product_tag-sappil","26":"product_tag-teoria-da-literatura","27":"product_tag-uff","28":"product_tag-uff-universidade-federal-fluminense","29":"product_tag-universidade","30":"product_shipping_class-normal","32":"first","33":"instock","34":"downloadable","35":"virtual","36":"purchasable","37":"product-type-simple"},"_links":{"self":[{"href":"https:\/\/editorapangeia.com.br\/pt_br\/wp-json\/wp\/v2\/product\/17475","targetHints":{"allow":["GET"]}}],"collection":[{"href":"https:\/\/editorapangeia.com.br\/pt_br\/wp-json\/wp\/v2\/product"}],"about":[{"href":"https:\/\/editorapangeia.com.br\/pt_br\/wp-json\/wp\/v2\/types\/product"}],"replies":[{"embeddable":true,"href":"https:\/\/editorapangeia.com.br\/pt_br\/wp-json\/wp\/v2\/comments?post=17475"}],"wp:featuredmedia":[{"embeddable":true,"href":"https:\/\/editorapangeia.com.br\/pt_br\/wp-json\/wp\/v2\/media\/17476"}],"wp:attachment":[{"href":"https:\/\/editorapangeia.com.br\/pt_br\/wp-json\/wp\/v2\/media?parent=17475"}],"wp:term":[{"taxonomy":"product_brand","embeddable":true,"href":"https:\/\/editorapangeia.com.br\/pt_br\/wp-json\/wp\/v2\/product_brand?post=17475"},{"taxonomy":"product_cat","embeddable":true,"href":"https:\/\/editorapangeia.com.br\/pt_br\/wp-json\/wp\/v2\/product_cat?post=17475"},{"taxonomy":"product_tag","embeddable":true,"href":"https:\/\/editorapangeia.com.br\/pt_br\/wp-json\/wp\/v2\/product_tag?post=17475"}],"curies":[{"name":"wp","href":"https:\/\/api.w.org\/{rel}","templated":true}]}}