{"id":17473,"date":"2019-12-28T13:28:56","date_gmt":"2019-12-28T13:28:56","guid":{"rendered":"https:\/\/editorapangeia.com.br\/?post_type=product&#038;p=17473"},"modified":"2025-09-15T13:45:40","modified_gmt":"2025-09-15T13:45:40","slug":"ppg-uff-capes-literatura-em-movimento-pesquisa-e-investigacao-17-pdf","status":"publish","type":"product","link":"https:\/\/editorapangeia.com.br\/pt_br\/product\/ppg-uff-capes-literatura-em-movimento-pesquisa-e-investigacao-17-pdf\/","title":{"rendered":"PPG-UFF \/ CAPES &#8211; Literatura em Movimento: Pesquisa e Investiga\u00e7\u00e3o 17"},"content":{"rendered":"<p>Organizado por Fl\u00e1via Amparo, este \u00e9 o 17\u00ba volume da S\u00e9rie <strong>Literatura em Movimento: Pesquisa e Investiga\u00e7\u00e3o<\/strong>,<\/p>\n<p>Eis o sum\u00e1rio do livro:<\/p>\n<p style=\"padding-left: 40px;\"><b>Todos os caminhos levam \u00e0 literatura<br \/>\n<\/b>Fl\u00e1via Amparo<\/p>\n<p style=\"padding-left: 40px;\"><b>Drummond e Camus: quando poesia, <\/b><b>pol\u00edtica e revolta se atravessam<br \/>\n<\/b><b><\/b>Ana Carolina Botelho<\/p>\n<p style=\"padding-left: 40px;\"><b>\u201cParece ru\u00edna, mas \u00e9 constru\u00e7\u00e3o\u201d: <\/b><b>fracasso e resist\u00eancia em <\/b><b><i>A ocupa\u00e7\u00e3o<\/i><\/b><b>, <\/b><b>de Juli\u00e1n Fuks<br \/>\n<\/b><b><\/b>Allysson Augusto Silva Casais<\/p>\n<p style=\"padding-left: 40px;\"><b>Uma reflex\u00e3o sobre querer o pacto do <\/b><b>inconforto: di\u00e1logos entre <\/b><b><i>Um sopro de <\/i><\/b><b><i><\/i><\/b><b><i>vida <\/i><\/b><b>de Clarice Lispector e \u201cAmar um c\u00e3o\u201d <\/b><b><\/b><b>de Maria Gabriela Llansol<br \/>\n<\/b><b><\/b>Lu\u00edza Klein Cher\u00e9m<\/p>\n<p style=\"padding-left: 40px;\"><b>A narrativa clariceana infantil como <\/b><b>instrumento de contato com a mat\u00e9ria-vida<br \/>\n<\/b><b><\/b>Nathalia Moreira Claudino<\/p>\n<p style=\"padding-left: 40px;\"><b>Sobre terras, bichos e gentes: Fernando <\/b><b>Namora e <\/b><b><i>Os cadernos de um escritor<br \/>\n<\/i><\/b><b><i><\/i><\/b>Karina Frez Cursino<\/p>\n<p style=\"padding-left: 40px;\"><b>Poesia da tradi\u00e7\u00e3o cultural da <\/b><b>Guin\u00e9-Bissau: curandeiro e djambakus <\/b><b><\/b><b>em Odete Semedo<br \/>\n<\/b><b><\/b>Eus\u00e9bio Dj\u00fa<\/p>\n<p style=\"padding-left: 40px;\"><b>O Rio de Janeiro como cidade-colagem <\/b><b>nas obras <\/b><b><i>Enquanto os dentes<\/i><\/b><b>, de Carlos\u00a0<\/b><b>Eduardo Pereira e <\/b><b><i>Passageiro do fim do\u00a0<\/i><\/b><b><i>dia<\/i><\/b><b>, de Rubens Figueiredo<br \/>\n<\/b>Santinie Estev\u00e3o<\/p>\n<p style=\"padding-left: 40px;\"><b>Muros e divis\u00f5es: um ide\u00e1rio dist\u00f3pico <\/b><b>dentro das utopias<br \/>\n<\/b><b><\/b>Pedro Fraz\u00e3o<\/p>\n<p style=\"padding-left: 40px;\"><b>A realidade e a fic\u00e7\u00e3o: a constru\u00e7\u00e3o <\/b><b>sobre a narrativa de Jos\u00e9 Lins do Rego<br \/>\n<\/b><b><\/b>Pedro Caldas Gomes Gagliano<\/p>\n<p style=\"padding-left: 40px;\"><b>Em estado de inf\u00e2ncia: a escrita de <\/b><b>Ondjaki<br \/>\n<\/b><b><\/b>Elisangela Silva Heringer<\/p>\n<p style=\"padding-left: 40px;\"><b>Boca-esperan\u00e7a: o alimento da fome <\/b><b>na po\u00e9tica de Concei\u00e7\u00e3o Evaristo<br \/>\n<\/b><b><\/b>Sabrina Lobo Tito<\/p>\n<p style=\"padding-left: 40px;\"><b>Romance, enciclop\u00e9dia e besti\u00e1rio <\/b><b>\u2014 autores imagin\u00e1rios e(m) <\/b><b><\/b><b>seus procedimentos<br \/>\n<\/b><b><\/b>Pedro Rodrigues de Luca<br \/>\nGladys Viviana Gelado<\/p>\n<p style=\"padding-left: 40px;\"><b>A poesia de \u00c9nia Lipanga: entre a <\/b><b>tradi\u00e7\u00e3o e a modernidade<br \/>\n<\/b><b><\/b>Laura Aparecida Coimbra Martins<\/p>\n<p style=\"padding-left: 40px;\"><b>Pobreza e doen\u00e7a como met\u00e1fora <\/b><b>e Rodrigo S.M. ao espelho<br \/>\n<\/b><b><\/b>Ana Claudia Abrantes Moreira<\/p>\n<p style=\"padding-left: 40px;\"><b>Entre o corpo real e a alma <\/b><b>extraordin\u00e1ria: a met\u00e1fora da doen\u00e7a e <\/b><b><\/b><b>seus efeitos de sentido em Martha Batalha<br \/>\n<\/b><b><\/b>Yago Monteiro Moreira<\/p>\n<p style=\"padding-left: 40px;\"><b>L\u00eddia Jorge: a constru\u00e7\u00e3o de um \u00e1lbum <\/b><b><br \/>\n<\/b>Larissa Picoro8<span class=\"Apple-converted-space\">\u00a0<\/span><\/p>\n<p style=\"padding-left: 40px;\"><b>A paisagem liter\u00e1ria de Lima Barreto: <\/b><b>um di\u00e1logo com a cidade do Rio de Janeiro<br \/>\n<\/b><b><\/b>Camila de Carvalho Santana<\/p>\n<p style=\"padding-left: 40px;\"><b>Ecos de uma epidemia: <\/b><b>a atemporalidade de <\/b><b><i>Di\u00e1rio do ano da peste<\/i><\/b><b>, <\/b><b><\/b><b>de Daniel Defoe<br \/>\n<\/b><b><\/b>Brena de Azevedo da Silva Santos<\/p>\n<p style=\"padding-left: 40px;\"><b>A culin\u00e1ria como ferramenta de <\/b><b>resist\u00eancia e reafirma\u00e7\u00e3o da identidade<span class=\"Apple-converted-space\"> \u00a0<\/span><\/b><b><\/b><b>cultural<br \/>\n<\/b><b><\/b>Lucas Bompet dos Santos<\/p>\n<p style=\"padding-left: 40px;\"><b>Aprisionamento e liberdade: o exerc\u00edcio <\/b><b>da escrita diar\u00edstica em <\/b><b><i>Un plat de porc <\/i><\/b><b><i><\/i><\/b><b><i>aux bananes vertes<\/i><\/b><b>, de Simone e Andr\u00e9<span class=\"Apple-converted-space\">\u00a0<\/span><\/b><b><\/b><b>Schwarz-Bart, e <\/b><b><i>Div\u00e3 de papel<\/i><\/b><b>, de<span class=\"Apple-converted-space\">\u00a0<\/span><\/b><b><\/b><b>Maria de Jesus da Silva<br \/>\n<\/b><b><\/b>Luciely da Silva<\/p>\n<p style=\"padding-left: 40px;\"><b>Uivos e grunhidos: a voz em <\/b><b><i>Heart of darkness<br \/>\n<\/i><\/b><b><i><\/i><\/b>Beatriz Costa Lopes Gon\u00e7alves Sosinho<\/p>\n<p style=\"padding-left: 40px;\"><b>A mulher reescrita: figura\u00e7\u00f5es do <\/b><b>envelhecimento feminino em<span class=\"Apple-converted-space\">\u00a0<\/span><\/b><b><\/b><b>Lygia Fagundes Telles<br \/>\n<\/b><b><\/b>Evelyn Clen Barcelos Tomaz<\/p>\n<p style=\"padding-left: 40px;\"><b>SOBRES OS AUTORES<span class=\"Apple-converted-space\">\u00a0<\/span><\/b><\/p>\n<div class=\"page\" title=\"Page 7\">\n<div class=\"layoutArea\">\n<div class=\"column\">\n<p>A Cole\u00e7\u00e3o \u00e9 composta, no momento, por dezoito volumes. Trata-se de um reposit\u00f3rio inestim\u00e1vel, com centenas de estudos liter\u00e1rios, com diversificado referencial te\u00f3rico, multiplicidade de <em>corpus<strong>\u00a0<\/strong><\/em>e variados enfoques metodol\u00f3gicos.<\/p>\n<\/div>\n<\/div>\n<\/div>\n<p>Todos os volume da Cole\u00e7\u00e3o s\u00e3o gratuitos. Baixe-os, <a href=\"https:\/\/editorapangeia.com.br\/?s=Literatura+em+Movimento\"><strong>AQUI<\/strong><\/a>.<\/p>\n","protected":false},"excerpt":{"rendered":"<p>Este \u00e9 o volume 17 da Cole\u00e7\u00e3o LITERATURA EM MOVIMENTO \u2013 Pesquisa e Investiga\u00e7\u00e3o, do Programa de P\u00f3s-Gradua\u00e7\u00e3o em Estudos Liter\u00e1rios da Universidade Federal Fluminense, UFF, que acolhe as reflex\u00f5es do Semin\u00e1rio dos Alunos do Programa de P\u00f3s-Gradua\u00e7\u00e3o em Estudos de Literatura da UFF de 2024. Este volume est\u00e1 no formato PDF. Voc\u00ea pode baix\u00e1-lo gratuitamente.<\/p>\n","protected":false},"featured_media":17474,"comment_status":"open","ping_status":"closed","template":"","meta":[],"product_brand":[],"product_cat":[4081,4828],"product_tag":[2151,192,496,2267,2234,2857,2268,264,4117,495,389,156,157,182,183,2265,2266,494,434,163,493,1228],"class_list":{"0":"post-17473","1":"product","2":"type-product","3":"status-publish","4":"has-post-thumbnail","6":"product_cat-estudosliterarios","7":"product_cat-livrosgratis","8":"product_tag-capes","9":"product_tag-critica-literaria","10":"product_tag-critica-teatral","11":"product_tag-ensino-de-letras","12":"product_tag-ensino-de-literatura","13":"product_tag-estudos-culturais","14":"product_tag-estudos-de-literatura","15":"product_tag-estudos-literarios","16":"product_tag-gratis","17":"product_tag-historia-da-literatura","18":"product_tag-letras","19":"product_tag-literatura","20":"product_tag-literatura-brasileira","21":"product_tag-literatura-em-movimento","22":"product_tag-pesquisa-e-investigacao","23":"product_tag-ppg-em-estudos-literarios","24":"product_tag-ppg-em-letras","25":"product_tag-sappil","26":"product_tag-teoria-da-literatura","27":"product_tag-uff","28":"product_tag-uff-universidade-federal-fluminense","29":"product_tag-universidade","30":"product_shipping_class-normal","32":"first","33":"instock","34":"downloadable","35":"virtual","36":"purchasable","37":"product-type-simple"},"_links":{"self":[{"href":"https:\/\/editorapangeia.com.br\/pt_br\/wp-json\/wp\/v2\/product\/17473","targetHints":{"allow":["GET"]}}],"collection":[{"href":"https:\/\/editorapangeia.com.br\/pt_br\/wp-json\/wp\/v2\/product"}],"about":[{"href":"https:\/\/editorapangeia.com.br\/pt_br\/wp-json\/wp\/v2\/types\/product"}],"replies":[{"embeddable":true,"href":"https:\/\/editorapangeia.com.br\/pt_br\/wp-json\/wp\/v2\/comments?post=17473"}],"wp:featuredmedia":[{"embeddable":true,"href":"https:\/\/editorapangeia.com.br\/pt_br\/wp-json\/wp\/v2\/media\/17474"}],"wp:attachment":[{"href":"https:\/\/editorapangeia.com.br\/pt_br\/wp-json\/wp\/v2\/media?parent=17473"}],"wp:term":[{"taxonomy":"product_brand","embeddable":true,"href":"https:\/\/editorapangeia.com.br\/pt_br\/wp-json\/wp\/v2\/product_brand?post=17473"},{"taxonomy":"product_cat","embeddable":true,"href":"https:\/\/editorapangeia.com.br\/pt_br\/wp-json\/wp\/v2\/product_cat?post=17473"},{"taxonomy":"product_tag","embeddable":true,"href":"https:\/\/editorapangeia.com.br\/pt_br\/wp-json\/wp\/v2\/product_tag?post=17473"}],"curies":[{"name":"wp","href":"https:\/\/api.w.org\/{rel}","templated":true}]}}