{"id":17465,"date":"2019-12-28T12:49:24","date_gmt":"2019-12-28T12:49:24","guid":{"rendered":"https:\/\/editorapangeia.com.br\/?post_type=product&#038;p=17465"},"modified":"2025-11-20T17:19:01","modified_gmt":"2025-11-20T17:19:01","slug":"ppg-uff-capes-literatura-em-movimento-pesquisa-e-investigacao-16-pdf","status":"publish","type":"product","link":"https:\/\/editorapangeia.com.br\/pt_br\/product\/ppg-uff-capes-literatura-em-movimento-pesquisa-e-investigacao-16-pdf\/","title":{"rendered":"PPG-UFF \/ CAPES &#8211; Literatura em Movimento: Pesquisa e Investiga\u00e7\u00e3o 16"},"content":{"rendered":"<p>Organizado por Vanessa Massoni da Rocha, este \u00e9 o 16\u00ba volume da S\u00e9rie <strong>Literatura em Movimento: Pesquisa e Investiga\u00e7\u00e3o<\/strong>,<\/p>\n<p>Eis o sum\u00e1rio do livro:<\/p>\n<div class=\"page\" title=\"Page 7\">\n<div class=\"layoutArea\">\n<div class=\"column\">\n<div class=\"page\" title=\"Page 6\">\n<div class=\"layoutArea\">\n<div class=\"column\">\n<div class=\"page\" title=\"Page 9\">\n<div class=\"layoutArea\">\n<div class=\"column\">\n<p style=\"padding-left: 40px;\"><b>O corol\u00e1rio das perguntas: a pesquisa, <\/b><b><\/b><b>o liter\u00e1rio e o enfrentamento<span class=\"Apple-converted-space\"><br \/>\n<\/span><\/b><b><\/b>Vanessa Massoni da Rocha<\/p>\n<p style=\"padding-left: 40px;\"><b>Subalternidade feminina em <\/b><b><i>Caderno de <\/i><\/b><b><i>mem\u00f3rias coloniais<\/i><\/b><b>, de Isabela Figueiredo<br \/>\n<\/b><b><\/b>Raquel Barros do Amaral<\/p>\n<p style=\"padding-left: 40px;\"><b>O lugar da intelectualidade feminina <\/b><b>n\u00e3o-branca<br \/>\n<\/b><b><\/b>Amanda da Trindade Bitencourt<\/p>\n<p style=\"padding-left: 40px;\"><b>Reflex\u00f5es sobre a pris\u00e3o pol\u00edtica e <\/b><b>n\u00e3o pol\u00edtica na literatura brasileira<br \/>\n<\/b><b><\/b>Christine Soares de Oliveira Lopes da Cruz<\/p>\n<p style=\"padding-left: 40px;\"><b>Lutando para estudar: a vulnerabilidade <\/b><b>social e a falta de acesso \u00e0 educa\u00e7\u00e3o em <\/b><b><\/b><b>\u201cLe syllabaire\u201d, de Joseph Zobel<br \/>\n<\/b><b><\/b>Pedro Camacho Eccard<\/p>\n<p style=\"padding-left: 40px;\"><b>O (en)tornar-se das paix\u00f5es <\/b><b><br \/>\n<\/b>Luma de Almeida Esp\u00edndola<\/p>\n<p style=\"padding-left: 40px;\"><b>Lata d\u2019\u00e1gua na cabe\u00e7a<br \/>\n<\/b>Susana Cristina Ferreira Fernandes<\/p>\n<p style=\"padding-left: 40px;\"><b>Onde o manique\u00edsmo n\u00e3o tem vez: <\/b><b>o esfacelamento do modelo institucional\u00a0<\/b><b><\/b><b>familiar em <\/b><b><i>Quem tem medo de Virginia <\/i><\/b><b><i><\/i><\/b><b><i>Woolf?<\/i><\/b><b>, de Edward Albee, e <\/b><b><i>Anjo Negro<\/i><\/b><b>, <\/b><b><\/b><b>de Nelson Rodrigues<br \/>\n<\/b><b><\/b>Vanessa da Costa Lamas<\/p>\n<p style=\"padding-left: 40px;\"><b>Literatura feminina como ferramenta <\/b><b>de transforma\u00e7\u00e3o social e de meio para <\/b><b><\/b><b>a equidade de direitos<br \/>\n<\/b><b><\/b>Tahin\u00e1 da Silva Santos Moreira<\/p>\n<p style=\"padding-left: 40px;\"><b>Mulher-m\u00e3e-mulher: o corpo <\/b><b>er\u00f3tico-po\u00e9tico da maternidade<br \/>\n<\/b><b><\/b>Milena Martins Moura<\/p>\n<p style=\"padding-left: 40px;\"><b>Coloniza\u00e7\u00e3o no Magrebe: traumas, <\/b><b>recalques e crise identit\u00e1ria<br \/>\n<\/b><b><\/b>Cyro Alves da Silva Neto<br \/>\nArnaldo Rosa Vianna Neto<\/p>\n<p style=\"padding-left: 40px;\"><b><i>Autismo<\/i><\/b><b>, de Val\u00e9rio Rom\u00e3o: narrativa <\/b><b>da estranheza ou romance familiar?<br \/>\n<\/b><b><\/b>Ana Thereza Nogueira<br \/>\nTatiana Pequeno<\/p>\n<p style=\"padding-left: 40px;\"><b>A melancolia do eu: \u00c1lvares de Azevedo <\/b><b>e Ana Cristina Cesar<br \/>\n<\/b><b><\/b>Antonio Nogueira<\/p>\n<p style=\"padding-left: 40px;\"><b>\u201cQuase n\u00e3o estive comigo\u201d: <\/b><b>a subjetividade na l\u00edrica de Neide Archanjo<br \/>\n<\/b><b><\/b>Gabriela de Santana Oliveira<\/p>\n<p style=\"padding-left: 40px;\"><b>Negros altamente educados: <\/b><b><i>Um defeito <\/i><\/b><b><i>de cor <\/i><\/b><b>e o imagin\u00e1rio visual negro<br \/>\n<\/b><b><\/b>Giuliana Pacini<\/p>\n<p style=\"padding-left: 40px;\"><b>A representa\u00e7\u00e3o do desejo na arte: <\/b><b>uma an\u00e1lise qualitativa<br \/>\n<\/b><b><\/b>P\u00e9rola de Farias Pedro<\/p>\n<p style=\"padding-left: 40px;\"><b><i>Cartas a uma negra<\/i><\/b><b>: uma obra crioula? <\/b><b><br \/>\n<\/b>Mariana Vieira Gomes Pereira<\/p>\n<p style=\"padding-left: 40px;\"><b>Alteridade em perspectiva: o rugido e a <\/b><b>demarca\u00e7\u00e3o das identidades amer\u00edndias<br \/>\n<\/b><b><\/b>Gabriel Guimar\u00e3es de Andrade Pinto8<\/p>\n<p style=\"padding-left: 40px;\"><b>Metamorfose(s) do eu-trans: fazendo <\/b><b>e desfazendo corpos em <\/b><b><i>O parque das <\/i><\/b><b><i><\/i><\/b><b><i>irm\u00e3s magn\u00edficas <\/i><\/b><b>de Camila Sosa Villada<br \/>\n<\/b><b><\/b>Hor\u00e1cio dos Santos Ribeiro Pires<br \/>\nTatiana Pequeno da Silva<\/p>\n<p style=\"padding-left: 40px;\"><b>A hostilidade como mecanismo de <\/b><b>exclus\u00e3o da literatura de autoria\u00a0<\/b><b><\/b><b>feminina na Belle \u00c9poque<br \/>\n<\/b><b><\/b>Milena Lima Richter<br \/>\nAnna Faedrich<\/p>\n<p style=\"padding-left: 40px;\"><b>O corpo da mem\u00f3ria na contracorrente <\/b><b>da hist\u00f3ria na poesia de Paulo Colina<br \/>\n<\/b><b><\/b>Fernando de Lima Rodrigues<\/p>\n<p style=\"padding-left: 40px;\"><b>A prosa de fic\u00e7\u00e3o brasileira <\/b><b>contempor\u00e2nea e a viol\u00eancia contra a mulher<br \/>\n<\/b><b><\/b>Nat\u00e1lia Barbosa Gomes Vago<\/p>\n<p style=\"padding-left: 40px;\"><b>A subjetiva\u00e7\u00e3o de mulheres negras e <\/b><b>perif\u00e9ricas em <\/b><b><i>Perifobia <\/i><\/b><b>e <\/b><b><i>Em rua do <\/i><\/b><b><i><\/i><\/b><b><i>larguinho e outros descaminhos, <\/i><\/b><b>de <\/b><b><\/b><b>L\u00edlia Guerra<br \/>\n<\/b><b><\/b>Jana\u00edna Nery Viana<\/p>\n<p style=\"padding-left: 40px;\"><b>Dany Laferri\u00e8re: escritor ou <\/b><b>escritor negro?<br \/>\n<\/b><b><\/b>Christopher Rive St Vil<\/p>\n<p style=\"padding-left: 40px;\"><b>SOBRES OS AUTORES <\/b><\/p>\n<\/div>\n<\/div>\n<\/div>\n<\/div>\n<\/div>\n<\/div>\n<p>A Cole\u00e7\u00e3o \u00e9 composta, no momento, por dezoito volumes. Trata-se de um reposit\u00f3rio inestim\u00e1vel, com centenas de estudos liter\u00e1rios, com diversificado referencial te\u00f3rico, multiplicidade de <em>corpus<strong>\u00a0<\/strong><\/em>e variados enfoques metodol\u00f3gicos.<\/p>\n<\/div>\n<\/div>\n<\/div>\n<p>Todos os volume da Cole\u00e7\u00e3o s\u00e3o gratuitos. Baixe-os, <a href=\"https:\/\/editorapangeia.com.br\/?s=Literatura+em+Movimento\"><strong>AQUI<\/strong><\/a>.<\/p>\n","protected":false},"excerpt":{"rendered":"<p>Este \u00e9 o volume 16 da Cole\u00e7\u00e3o LITERATURA EM MOVIMENTO \u2013 Pesquisa e Investiga\u00e7\u00e3o, do Programa de P\u00f3s-Gradua\u00e7\u00e3o em Estudos Liter\u00e1rios da Universidade Federal Fluminense, UFF, que acolhe as reflex\u00f5es do Semin\u00e1rio dos Alunos do Programa de P\u00f3s-Gradua\u00e7\u00e3o em Estudos de Literatura da UFF de 2024. Este volume est\u00e1 no formato PDF. Voc\u00ea pode baix\u00e1-lo gratuitamente.<\/p>\n","protected":false},"featured_media":17470,"comment_status":"open","ping_status":"closed","template":"","meta":[],"product_brand":[],"product_cat":[4081,4828],"product_tag":[2152,2151,192,496,2267,2234,2857,2268,264,4117,495,389,156,157,182,183,2265,2266,494,434,163,493,1228],"class_list":{"0":"post-17465","1":"product","2":"type-product","3":"status-publish","4":"has-post-thumbnail","6":"product_cat-estudosliterarios","7":"product_cat-livrosgratis","8":"product_tag-antirracismo","9":"product_tag-capes","10":"product_tag-critica-literaria","11":"product_tag-critica-teatral","12":"product_tag-ensino-de-letras","13":"product_tag-ensino-de-literatura","14":"product_tag-estudos-culturais","15":"product_tag-estudos-de-literatura","16":"product_tag-estudos-literarios","17":"product_tag-gratis","18":"product_tag-historia-da-literatura","19":"product_tag-letras","20":"product_tag-literatura","21":"product_tag-literatura-brasileira","22":"product_tag-literatura-em-movimento","23":"product_tag-pesquisa-e-investigacao","24":"product_tag-ppg-em-estudos-literarios","25":"product_tag-ppg-em-letras","26":"product_tag-sappil","27":"product_tag-teoria-da-literatura","28":"product_tag-uff","29":"product_tag-uff-universidade-federal-fluminense","30":"product_tag-universidade","31":"product_shipping_class-normal","33":"first","34":"instock","35":"downloadable","36":"virtual","37":"purchasable","38":"product-type-simple"},"_links":{"self":[{"href":"https:\/\/editorapangeia.com.br\/pt_br\/wp-json\/wp\/v2\/product\/17465","targetHints":{"allow":["GET"]}}],"collection":[{"href":"https:\/\/editorapangeia.com.br\/pt_br\/wp-json\/wp\/v2\/product"}],"about":[{"href":"https:\/\/editorapangeia.com.br\/pt_br\/wp-json\/wp\/v2\/types\/product"}],"replies":[{"embeddable":true,"href":"https:\/\/editorapangeia.com.br\/pt_br\/wp-json\/wp\/v2\/comments?post=17465"}],"wp:featuredmedia":[{"embeddable":true,"href":"https:\/\/editorapangeia.com.br\/pt_br\/wp-json\/wp\/v2\/media\/17470"}],"wp:attachment":[{"href":"https:\/\/editorapangeia.com.br\/pt_br\/wp-json\/wp\/v2\/media?parent=17465"}],"wp:term":[{"taxonomy":"product_brand","embeddable":true,"href":"https:\/\/editorapangeia.com.br\/pt_br\/wp-json\/wp\/v2\/product_brand?post=17465"},{"taxonomy":"product_cat","embeddable":true,"href":"https:\/\/editorapangeia.com.br\/pt_br\/wp-json\/wp\/v2\/product_cat?post=17465"},{"taxonomy":"product_tag","embeddable":true,"href":"https:\/\/editorapangeia.com.br\/pt_br\/wp-json\/wp\/v2\/product_tag?post=17465"}],"curies":[{"name":"wp","href":"https:\/\/api.w.org\/{rel}","templated":true}]}}