{"id":17386,"date":"2024-10-01T19:00:17","date_gmt":"2024-10-01T19:00:17","guid":{"rendered":"https:\/\/editorapangeia.com.br\/?post_type=product&#038;p=17386"},"modified":"2025-04-01T12:29:10","modified_gmt":"2025-04-01T12:29:10","slug":"gafanhotos-do-deserto-paulo-martins","status":"publish","type":"product","link":"https:\/\/editorapangeia.com.br\/pt_br\/product\/gafanhotos-do-deserto-paulo-martins\/","title":{"rendered":"Gafanhotos do deserto, Paulo Martins"},"content":{"rendered":"<p>GAFANHOTOS HUMANOS<\/p>\n<p>Paulo Martins \u00e9 um humanista, com s\u00f3lida forma\u00e7\u00e3o, e com a preocupa\u00e7\u00e3o constante em buscar aprimoramento acad\u00eamico, no \u00e2mbito do\u00a0<em>logos<\/em>, e aprimoramento espiritual, no \u00e2mbito do\u00a0<em>religare<\/em> do ser-estar com o transcendente, no qual cr\u00ea.<\/p>\n<p>Conheci Paulo Martins se preparando para ingressar no doutorado em Estudos Liter\u00e1rios. Tem sido aluno de brilho acad\u00eamico na pesquisa e em outras atividades, entre as quais a doc\u00eancia, a participa\u00e7\u00e3o em eventos e as publica\u00e7\u00f5es.<\/p>\n<p>Mostrou sempre sensibilidade na leitura liter\u00e1ria, de tal modo que n\u00e3o foi surpresa dele receber esse\u00a0<em><strong>Gafanhotos do Deserto<\/strong><\/em>, um pequeno romance, na extens\u00e3o, um grande livro, na dimens\u00e3o est\u00e9tica, no mergulho nos insond\u00e1veis abismos da alma, no desvelamento do\u00a0<em>pathos<\/em> do humano.<\/p>\n<p>Transcorrido na solid\u00e3o do advento da Covid e no (im)poss\u00edvel renascimento esgar\u00e7ado p\u00f3s-pandemia, o enredo faz remiss\u00f5es liter\u00e1rias e interculturais, tanto em termos estruturais quanto em aspectos microtextuais. No espa\u00e7o geogr\u00e1fico, que se amplia para al\u00e9m do Brasil, o mergulho intimista subjaz, a met\u00e1fora dos gafanhotos humanos se insinua.<\/p>\n<p>Em tempos de comunica\u00e7\u00e3o instant\u00e2nea, com o di\u00e1logo por aplicativos sendo central no romance, o que se afigura no final \u00e9 que impasses existenciais podem ser dissolvidos nas escolhas individuais \u2013 e que a literatura tem papel central nesse movimento.<\/p>\n<p style=\"text-align: center;\"><em>Rauer Ribeiro Rodrigues<br \/>\n<\/em>Escritor, Editor, Professor, Em travessia.<br \/>\n<strong>Outono de 2023<\/strong><\/p>\n<blockquote><p>PAULO MARTINS:<\/p><\/blockquote>\n<p>Paulo Sergio Martins nasceu em 1970, na cidade mineira de Caratinga; ainda na inf\u00e2ncia, mudou-se com a fam\u00edlia para S\u00e3o Paulo. \u00c9 graduado em Filosofia pela PUC do Paran\u00e1 e em Teologia pelo ITESP, em S\u00e3o Paulo. Fez Especializa\u00e7\u00e3o em Arte Sacra na PUC do Rio Grande do Sul. \u00c9 Mestre em Filosofia pela UNESP de Mar\u00edlia e Doutorando em Letras pela UFMS em Tr\u00eas Lagoas, onde pesquisa a obra do poeta Manoel de Barros.<\/p>\n<p>Em seus artigos, poemas e contos investiga a rela\u00e7\u00e3o entre Arte, Literatura e Filosofia.<\/p>\n<p style=\"text-align: center;\"><img loading=\"lazy\" decoding=\"async\" class=\"alignnone wp-image-17394\" src=\"http:\/\/editorapangeia.com.br\/wp-content\/uploads\/2024\/12\/Imagem-19-12-2024-as-15.43-244x300.jpg\" alt=\"\" width=\"342\" height=\"420\" srcset=\"https:\/\/editorapangeia.com.br\/wp-content\/uploads\/2024\/12\/Imagem-19-12-2024-as-15.43-244x300.jpg 244w, https:\/\/editorapangeia.com.br\/wp-content\/uploads\/2024\/12\/Imagem-19-12-2024-as-15.43-10x12.jpg 10w, https:\/\/editorapangeia.com.br\/wp-content\/uploads\/2024\/12\/Imagem-19-12-2024-as-15.43.jpg 272w\" sizes=\"auto, (max-width: 342px) 100vw, 342px\" \/><\/p>\n","protected":false},"excerpt":{"rendered":"<p style=\"font-weight: 400;\">O livro \u00e9 uma breve reflex\u00e3o sobre a liberdade, a urg\u00eancia da amizade e a urg\u00eancia da literatura.<\/p>\n<p style=\"font-weight: 400;\">Ao expor as fraturas sociais, culturais e ambientais do Brasil contempor\u00e2neo em par\u00e1grafos curtos e sofisticado lirismo, o autor prop\u00f5e uma reflex\u00e3o sobre os rumos da pr\u00f3pria literatura, frontalmente desafiada pelas novas tecnologias da informa\u00e7\u00e3o. Em tempos que se procura entender o que \u00e9 metaverso, o presente romance &#8211; com refer\u00eancias sobre o mundo das letras, do cinema, da m\u00fasica e das artes pl\u00e1sticas &#8211; \u00e9 deliberadamente um saboroso exerc\u00edcio de metaliteratura.<\/p>\n<p>O romance desvela as ang\u00fastias, as expectativas e os conflitos \u00edntimos e do conv\u00edvio social em meio \u00e0s disputas globais e locais advindas com a pandemia da Covid-19. O reflexo de si mesmo em uma tela no ch\u00e3o, o reflexo de si mesmo no pr\u00f3prio celular, o reflexo de si mesmo em um mundo ca\u00f3tico que pode e que se organiza com as palavras e a literatura.<\/p>\n<p>Esse romance foi escrito por um humanista, Paulo Martins, com a cren\u00e7a de que a salva\u00e7\u00e3o \u00e9 poss\u00edvel. S\u00e3o 128 p\u00e1ginas pungentes de um autor que tem o que dizer.<\/p>\n","protected":false},"featured_media":17395,"comment_status":"open","ping_status":"closed","template":"","meta":[],"product_brand":[],"product_cat":[4078],"product_tag":[1546,889,207,4037,4038,4040,4039,4036,476,3071,25,4042,4041,164],"class_list":{"0":"post-17386","1":"product","2":"type-product","3":"status-publish","4":"has-post-thumbnail","6":"product_cat-literatura","7":"product_tag-covid-19","8":"product_tag-cptl-ufms","9":"product_tag-dionysius","10":"product_tag-gafanhotos","11":"product_tag-gafanhotos-do-deserto","12":"product_tag-gafanhotos-humanos","13":"product_tag-guilherme-martins-de-assis","14":"product_tag-paulo-martins","15":"product_tag-rauer-ribeiro-rodrigues","16":"product_tag-rizera","17":"product_tag-romance","18":"product_tag-romance-brasileiro","19":"product_tag-romance-contemporaneo","20":"product_tag-ufms","21":"product_shipping_class-normal","23":"first","24":"instock","25":"sale","26":"taxable","27":"shipping-taxable","28":"purchasable","29":"product-type-simple"},"_links":{"self":[{"href":"https:\/\/editorapangeia.com.br\/pt_br\/wp-json\/wp\/v2\/product\/17386","targetHints":{"allow":["GET"]}}],"collection":[{"href":"https:\/\/editorapangeia.com.br\/pt_br\/wp-json\/wp\/v2\/product"}],"about":[{"href":"https:\/\/editorapangeia.com.br\/pt_br\/wp-json\/wp\/v2\/types\/product"}],"replies":[{"embeddable":true,"href":"https:\/\/editorapangeia.com.br\/pt_br\/wp-json\/wp\/v2\/comments?post=17386"}],"wp:featuredmedia":[{"embeddable":true,"href":"https:\/\/editorapangeia.com.br\/pt_br\/wp-json\/wp\/v2\/media\/17395"}],"wp:attachment":[{"href":"https:\/\/editorapangeia.com.br\/pt_br\/wp-json\/wp\/v2\/media?parent=17386"}],"wp:term":[{"taxonomy":"product_brand","embeddable":true,"href":"https:\/\/editorapangeia.com.br\/pt_br\/wp-json\/wp\/v2\/product_brand?post=17386"},{"taxonomy":"product_cat","embeddable":true,"href":"https:\/\/editorapangeia.com.br\/pt_br\/wp-json\/wp\/v2\/product_cat?post=17386"},{"taxonomy":"product_tag","embeddable":true,"href":"https:\/\/editorapangeia.com.br\/pt_br\/wp-json\/wp\/v2\/product_tag?post=17386"}],"curies":[{"name":"wp","href":"https:\/\/api.w.org\/{rel}","templated":true}]}}