{"id":17318,"date":"2025-01-01T08:00:11","date_gmt":"2025-01-01T08:00:11","guid":{"rendered":"https:\/\/editorapangeia.com.br\/?post_type=product&#038;p=17318"},"modified":"2025-09-15T13:45:15","modified_gmt":"2025-09-15T13:45:15","slug":"dramaturgias-inquietas-o-teatro-nos-livros-e-nos-palcos-eduff-pangeia-2","status":"publish","type":"product","link":"https:\/\/editorapangeia.com.br\/pt_br\/product\/dramaturgias-inquietas-o-teatro-nos-livros-e-nos-palcos-eduff-pangeia-2\/","title":{"rendered":"Dramaturgias inquietas: o teatro nos livros e nos palcos, Eduff \/ Pangeia"},"content":{"rendered":"<p>Este livro nasce do Grupo de Trabalho Dramaturgia e Teatro da ANPOLL e \u00e9 excelente amostra, essencial, quanto ao estado da arte na cena das reflex\u00f5es sobre dramaturgia no presente momento da universidade brasileira.<\/p>\n<p>Eis o conte\u00fado do livro, com os respectivos autores:<\/p>\n<p style=\"text-align: center;\"><b>A INQUIETA\u00c7\u00c3O COMO M\u00d3VEL<br \/>\n<\/b><b><\/b>Andr\u00e9 Dias<span class=\"Apple-converted-space\"><br \/>\n<\/span>Vanessa Cianconi<span class=\"Apple-converted-space\"><br \/>\n<\/span>Wagner Corsino<\/p>\n<p style=\"text-align: center;\"><b>DRAMATURGIA, TEATRO, POL\u00cdTICAS E DECOLONIDADES<\/b><b><\/b><\/p>\n<p style=\"text-align: center;\"><b>Forma\u00e7\u00e3o supressiva no percurso de<\/b><b><br \/>\nAnt\u00f4nio Lyra em <\/b><b><i>O nome do sujeito<\/i><\/b><b>,<br \/>\n<\/b><b><\/b><b>da Companhia do Lat\u00e3o<br \/>\n<\/b><b><\/b>Alexandre Villibor Flory<span class=\"Apple-converted-space\"><br \/>\n<\/span>Karyna B\u00fchler de Mello<\/p>\n<p style=\"text-align: center;\"><b><i>Mo\u00e7o em estado de s\u00edtio<\/i><\/b><b>: teatro \u00e9pico<br \/>\n<\/b><b><\/b><b>sitiado e experimentalismo sob censura<br \/>\n<\/b><b><\/b>Elizabete Sanches Rocha<br \/>\nGabriella Pereira Rodrigues<\/p>\n<p style=\"text-align: center;\"><b>Dramaturgia ind\u00edgena na virada<br \/>\n<\/b><b>decolonial: Makunaim\u00e3 revisitado<br \/>\n<\/b><b><\/b>Gabriela L\u00edrio<\/p>\n<p style=\"text-align: center;\"><b>Yuyachkani e o bicenten\u00e1rio da<br \/>\n<\/b><b>independ\u00eancia do Peru: invocando<br \/>\nos <\/b><b>ausentes da hist\u00f3ria oficial em<br \/>\n<\/b><b><i>Discurso <\/i><\/b><b><i>de promoci\u00f3n <\/i><\/b><b>(2017)<br \/>\n<\/b><b><\/b>Carla Dameane<\/p>\n<p style=\"text-align: center;\"><b>Mouawad e a forma\u00e7\u00e3o das linhas<br \/>\ndo <\/b><b>diagrama comunit\u00e1rio<br \/>\n<\/b><b><\/b>Rodrigo Ielpo<\/p>\n<p style=\"text-align: center;\"><b>O drama fechado como uma forma<br \/>\n<\/b><b><\/b><b>liter\u00e1ria de engajamento<br \/>\nideol\u00f3gico <\/b><b><\/b><b>dissonante<br \/>\n<\/b><b><\/b>Paulo Ricardo Berton<\/p>\n<p style=\"text-align: center;\"><b>DRAMATURGIAS CONTEMPOR\u00c2NEAS:<br \/>\n<\/b><b>MODOS DE SER E ESTAR NO MUNDO<\/b><b><\/b><\/p>\n<p style=\"text-align: center;\"><b>Uma carta para Tiago<br \/>\nRodrigues, <\/b><b>By heart<br \/>\n<\/b>Priscila Matsunaga<\/p>\n<p style=\"text-align: center;\"><b>Conflu\u00eancias no presente e<br \/>\n<\/b><b>mem\u00f3rias de futuro: formas de<span class=\"Apple-converted-space\"><br \/>\n<\/span><\/b><b><\/b><b>ser no <\/b><b><i>Voo livre <\/i><\/b><b>da Cia. Brasileira<br \/>\n<\/b><b><\/b>Ricardo Augusto de Lima<br \/>\nSonia Pascolati<\/p>\n<p style=\"text-align: center;\"><b>Companhia os Satyros em <\/b><b>\u201cA<br \/>\narte de encarar o medo\u201d<br \/>\n<\/b><b><\/b>Anna Paula Soares Lemos<\/p>\n<p style=\"text-align: center;\"><b>Um certo Rio de Janeiro em cena: <\/b><b>a<br \/>\ntetralogia carioca da Aquela Cia.<br \/>\n<\/b><b><\/b>Carolina Barcelos<\/p>\n<p style=\"text-align: center;\"><b><i>Maria roupa de palha<\/i><\/b><b>: <\/b><b>uma<br \/>\nsobrevida cinderelesca em<span class=\"Apple-converted-space\"><br \/>\n<\/span><\/b><b><\/b><b>jornada de hero\u00edna na dramaturgia<span class=\"Apple-converted-space\"><br \/>\n<\/span><\/b><b><\/b><b>ut\u00f3pica de Lourdes Ramalho<br \/>\n<\/b><b><\/b>Val\u00e9ria Andrade<span class=\"Apple-converted-space\"><br \/>\n<\/span>Leandro de Sousa Almeida<\/p>\n<p style=\"text-align: center;\"><b>A LITERATURA E O TEATRO QUE PENSAM<br \/>\nA SI COM OS OLHOS NO MUNDO<\/b><b><\/b><\/p>\n<p style=\"text-align: center;\"><b>Um livro que fez muitos palcos:<br \/>\n<\/b><b>Os 400 anos do \u201cPrimeiro F\u00f3lio\u201d<br \/>\n<\/b><b><\/b><b>(1623-2023) de William Shakespeare<br \/>\n<\/b><b><\/b>Fernanda Medeiros8<span class=\"Apple-converted-space\">\u00a0<\/span><\/p>\n<p style=\"text-align: center;\"><b>A \u00faltima dan\u00e7a: um ensaio sobre a<br \/>\n<\/b><b>morte em <\/b><b><i>The intelligent homossexual\u2019s<span class=\"Apple-converted-space\"><br \/>\n<\/span><\/i><\/b><b><i><\/i><\/b><b><i>guide to Capitalism and Socialism and<span class=\"Apple-converted-space\"><br \/>\n<\/span><\/i><\/b><b><i><\/i><\/b><b><i>a Key to the Scriptures <\/i><\/b><b>de Tony Kushner<br \/>\n<\/b><b><\/b>Vanessa Cianconi<\/p>\n<p style=\"text-align: center;\"><b>Melancolia, solid\u00e3o e morte em <\/b><b><i>A<br \/>\ntrag\u00e9dia brasileira <\/i><\/b><b>e<span class=\"Apple-converted-space\">\u00a0<\/span><\/b><b><\/b><b>\u201cO homem-<br \/>\n-mulher\u201d, de S\u00e9rgio Sant\u2019anna<br \/>\n<\/b><b><\/b>Anderson Possani Gongora<span class=\"Apple-converted-space\"><br \/>\n<\/span>Wagner Corsino Enedino<\/p>\n<p style=\"text-align: center;\"><b>Vis\u00f5es em choque a respeito do<br \/>\n<\/b><b>teatro brasileiro moderno: Oswald<br \/>\n<\/b><b><\/b><b>de Andrade e Nelson Rodrigues,<span class=\"Apple-converted-space\"><br \/>\n<\/span><\/b><b><\/b><b>espectadores m\u00fatuos<br \/>\n<\/b><b><\/b>Frederico Cabala<\/p>\n<p style=\"text-align: center;\"><b>O teatro nos livros e a tradu\u00e7\u00e3o de<br \/>\n<\/b><b>textos dram\u00e1ticos <\/b><b><i>for page <\/i><\/b><b>e <\/b><b><i>for stage:<span class=\"Apple-converted-space\"><br \/>\n<\/span><\/i><\/b><b><i><\/i><\/b><b>Algumas reflex\u00f5es e muitas perguntas<br \/>\n<\/b><b><\/b>Ruth Bohunovsky<span class=\"Apple-converted-space\"><br \/>\n<\/span>Gisele Ebersp\u00e4cher<\/p>\n<p style=\"text-align: center;\"><b>A Literatura e o Teatro como<br \/>\ncomo avesso <\/b><b>do Abismo<br \/>\n<\/b><b><\/b>Andr\u00e9 Dias<\/p>\n<p style=\"text-align: center;\"><b>SOBRE OS AUTORES<\/b><b><\/b><\/p>\n<p style=\"text-align: center;\"><b>\u00cdNDICE REMISSIVO<\/b><\/p>\n<p style=\"text-align: center;\"><img loading=\"lazy\" decoding=\"async\" class=\"alignnone wp-image-17317\" src=\"http:\/\/editorapangeia.com.br\/wp-content\/uploads\/2024\/09\/Imagem-13-12-2024-as-17.30-300x149.jpg\" alt=\"\" width=\"608\" height=\"302\" srcset=\"https:\/\/editorapangeia.com.br\/wp-content\/uploads\/2024\/09\/Imagem-13-12-2024-as-17.30-300x149.jpg 300w, https:\/\/editorapangeia.com.br\/wp-content\/uploads\/2024\/09\/Imagem-13-12-2024-as-17.30-1024x507.jpg 1024w, https:\/\/editorapangeia.com.br\/wp-content\/uploads\/2024\/09\/Imagem-13-12-2024-as-17.30-768x380.jpg 768w, https:\/\/editorapangeia.com.br\/wp-content\/uploads\/2024\/09\/Imagem-13-12-2024-as-17.30-1536x760.jpg 1536w, https:\/\/editorapangeia.com.br\/wp-content\/uploads\/2024\/09\/Imagem-13-12-2024-as-17.30-18x9.jpg 18w, https:\/\/editorapangeia.com.br\/wp-content\/uploads\/2024\/09\/Imagem-13-12-2024-as-17.30-700x347.jpg 700w, https:\/\/editorapangeia.com.br\/wp-content\/uploads\/2024\/09\/Imagem-13-12-2024-as-17.30-400x198.jpg 400w, https:\/\/editorapangeia.com.br\/wp-content\/uploads\/2024\/09\/Imagem-13-12-2024-as-17.30-1300x644.jpg 1300w, https:\/\/editorapangeia.com.br\/wp-content\/uploads\/2024\/09\/Imagem-13-12-2024-as-17.30.jpg 1820w\" sizes=\"auto, (max-width: 608px) 100vw, 608px\" \/><\/p>\n","protected":false},"excerpt":{"rendered":"<p><em><strong>Dramaturgias inquietas: o teatro nos livros e<\/strong> nos palcos<\/em> \u00e9 uma obra que nasce marcada pelo signo do desassossego. Esse desassossego diz respeito aos estados de esp\u00edrito de quem est\u00e1 insatisfeito com o mundo e seus ditames.<\/p>\n<p>Aqueles inconformados com a ordem, sempre parcial, das coisas encontrar\u00e3o abrigo e \u00e2nimo nas p\u00e1ginas deste livro.<\/p>\n<p>Abrigo, por reconhecerem nos v\u00e1rios escritos aqui reunidos a disson\u00e2ncia necess\u00e1ria para a express\u00e3o das d\u00favidas sobre as supostas certezas do tempo presente, quer sejam elas de natureza pol\u00edtica, social ou existencial.<\/p>\n<p>\u00c2nimo, em fun\u00e7\u00e3o da possibilidade de instaurar novas significa\u00e7\u00f5es cr\u00edticas aos caminhos j\u00e1 percorridos pela dramaturgia e pelo teatro, seja no suporte dos livros ou no \u00e2mbito dos palcos.<\/p>\n<p>Esta \u00e9 uma colet\u00e2nea de ensaios constru\u00edda por muitas e diferentes m\u00e3os, mas que t\u00eam em comum o interesse pela dramaturgia e pelo teatro, n\u00e3o como adornos de classe, mas como instrumentos de media\u00e7\u00e3o com mundo e sua diversidade.<\/p>\n<p>Este livro traz \u00e9 uma amostra essencial tendo em vista o estado da arte dos estudos dramat\u00fargicos nas suas duas primeiras interfaces: a da leitura e a da cena, expandindo para os grandes temas do teatro: o amor e a dor, o drama e a com\u00e9dia, a pol\u00edtica e o entretenimento, o conhecimento e o lazer.<\/p>\n<p>Mergulhe, baixe gratuitamente, e frua de uma boa leitura a cada novo cap\u00edtulo.<\/p>\n","protected":false},"featured_media":17199,"comment_status":"open","ping_status":"closed","template":"","meta":[],"product_brand":[],"product_cat":[4079,4828],"product_tag":[4185,4186,160,4187,4119,2151,4188,4189,889,4190,4191,2857,147,264,4192,3104,4193,4194,4195,4196,4197,4198,4199,4200,4201,4202,4203,191,1226,163,164,4204,4205,4206,4207],"class_list":{"0":"post-17318","1":"product","2":"type-product","3":"status-publish","4":"has-post-thumbnail","6":"product_cat-teatro","7":"product_cat-livrosgratis","8":"product_tag-alexandre-villibor-flory","9":"product_tag-anderson-possani-gongora","10":"product_tag-andre-dias","11":"product_tag-anna-paula-soares-lemos","12":"product_tag-anpoll","13":"product_tag-capes","14":"product_tag-carla-dameane","15":"product_tag-carolina-barcelos","16":"product_tag-cptl-ufms","17":"product_tag-dramaturgia","18":"product_tag-elizabete-sanchez","19":"product_tag-estudos-culturais","20":"product_tag-estudos-linguisticos","21":"product_tag-estudos-literarios","22":"product_tag-fernanda-medeiros","23":"product_tag-frederico-cabala","24":"product_tag-gabriela-lirio","25":"product_tag-gabriella-pereira-rodrigues","26":"product_tag-gisele-eberspacher","27":"product_tag-karyna-buhler-de-mello","28":"product_tag-leandro-de-sousa-almeida","29":"product_tag-paulo-ricardo-berton","30":"product_tag-priscila-matsunaga","31":"product_tag-ricardo-augusto-de-lima","32":"product_tag-rodrigo-lelpo","33":"product_tag-ruth-bohunovsky","34":"product_tag-sonia-pascolati","35":"product_tag-teatro","36":"product_tag-uerj","37":"product_tag-uff","38":"product_tag-ufms","39":"product_tag-valeria-andrade","40":"product_tag-vanessa-cianconi","41":"product_tag-wagner-corsino","42":"product_tag-wagner-enedino","43":"product_shipping_class-normal","45":"first","46":"instock","47":"shipping-taxable","48":"product-type-grouped"},"_links":{"self":[{"href":"https:\/\/editorapangeia.com.br\/pt_br\/wp-json\/wp\/v2\/product\/17318","targetHints":{"allow":["GET"]}}],"collection":[{"href":"https:\/\/editorapangeia.com.br\/pt_br\/wp-json\/wp\/v2\/product"}],"about":[{"href":"https:\/\/editorapangeia.com.br\/pt_br\/wp-json\/wp\/v2\/types\/product"}],"replies":[{"embeddable":true,"href":"https:\/\/editorapangeia.com.br\/pt_br\/wp-json\/wp\/v2\/comments?post=17318"}],"wp:featuredmedia":[{"embeddable":true,"href":"https:\/\/editorapangeia.com.br\/pt_br\/wp-json\/wp\/v2\/media\/17199"}],"wp:attachment":[{"href":"https:\/\/editorapangeia.com.br\/pt_br\/wp-json\/wp\/v2\/media?parent=17318"}],"wp:term":[{"taxonomy":"product_brand","embeddable":true,"href":"https:\/\/editorapangeia.com.br\/pt_br\/wp-json\/wp\/v2\/product_brand?post=17318"},{"taxonomy":"product_cat","embeddable":true,"href":"https:\/\/editorapangeia.com.br\/pt_br\/wp-json\/wp\/v2\/product_cat?post=17318"},{"taxonomy":"product_tag","embeddable":true,"href":"https:\/\/editorapangeia.com.br\/pt_br\/wp-json\/wp\/v2\/product_tag?post=17318"}],"curies":[{"name":"wp","href":"https:\/\/api.w.org\/{rel}","templated":true}]}}