{"id":17285,"date":"2025-01-10T11:00:42","date_gmt":"2025-01-10T11:00:42","guid":{"rendered":"https:\/\/editorapangeia.com.br\/?post_type=product&#038;p=17285"},"modified":"2025-06-16T14:12:47","modified_gmt":"2025-06-16T14:12:47","slug":"circulo-de-giz-2a-edicao-flavia-de-queiroz-lima","status":"publish","type":"product","link":"https:\/\/editorapangeia.com.br\/pt_br\/product\/circulo-de-giz-2a-edicao-flavia-de-queiroz-lima\/","title":{"rendered":"C\u00edrculo de Giz, 2\u00aa edi\u00e7\u00e3o, Fl\u00e1via de Queiroz Lima"},"content":{"rendered":"<p>Havia um c\u00edrculo de giz, incerto e t\u00eanue,<br \/>\ndelineado na poeira dos meus medos,<br \/>\nque me envolvia como um arco de concreto<br \/>\ne antepunha um precip\u00edcio aos meus desejos.<\/p>\n<p>Lan\u00e7ado em 1983, o primeiro livro de Fl\u00e1via de Queiroz Lima,\u00a0<em><strong>C\u00edrculo de Giz<\/strong><\/em>, esgotado h\u00e1 mais de duas d\u00e9cadas, sai agora em 2a. edi\u00e7\u00e3o, quase fac-similar, mantendo as ilustra\u00e7\u00f5es de Ferruccio Verdolin Filho e algo do projeto gr\u00e1fico de Max de Figueiredo Portes. A capa ganhou s\u00f3bria dramaticidade, na vis\u00e3o da designer Lily Momisso, e a diagrama\u00e7\u00e3o \u00e9 assinada por Derval Braga.<\/p>\n<p>A nova edi\u00e7\u00e3o integra o selo Dionysius, da Pangeia Editorial, e chega com posf\u00e1cio do editor, o Prof. Rauer, e bio e fotos da autora, de Gers\u00e3o e Vera Godoy. Ciosa da clareza da escrita, Fl\u00e1via manteve alguns acentos diferenciais. A nova capa foi elaborada a partir da ilustra\u00e7\u00e3o de Ferruccio para o poema que d\u00e1 t\u00edtulo ao livro e o encerra.<\/p>\n<p>O poema \u00e9 tamb\u00e9m o centro da leitura do livro empreendida no post\u00e1cio, que anota a pot\u00eancia das escolhas lexicais ao longo do livro, a capacidade e dom\u00ednio do aparato po\u00e9tico por parte da autora, e percebe que h\u00e1 c\u00edrculos do feminino na obra de Fl\u00e1via, e que eles se mostram constrangidos pelo c\u00edrculo de giz, conforme se percebe na estrofe acima.<\/p>\n<p>A poesia de Fl\u00e1via de Queiroz Lima \u00e9 den\u00fancia e \u00e9 grito de liberta\u00e7\u00e3o.<\/p>\n<p style=\"text-align: center;\"><strong>Para ler alguns poemas de Fl\u00e1via<br \/>\ne conhecer mais sobre a autora<br \/>\n<a href=\"https:\/\/editorapangeia.com.br\/pt_br\/?s=Fl\u00e1via\"><span style=\"color: #ff0000;\">CLIQUE AQUI!<\/span><\/a><\/strong><\/p>\n","protected":false},"excerpt":{"rendered":"<p>A poesia l\u00edrica deste livro tem tons \u00e9picos e fluidez do cotidiano que Fl\u00e1via de Queiroz Lima busca na tradi\u00e7\u00e3o po\u00e9tica brasileira, ecoando, de um lado, Cec\u00edlia Meireles, Henriqueta Lisboa e Ad\u00e9lia Prado, e de outro lado vozes como Dante Milano e Alphonsus de Guimar\u00e3es. Com sua voz personal\u00edssima, que vai do intimismo visceral ao engajamento existencial, os poemas de Fl\u00e1via amalgamam ao mesmo tempo as li\u00e7\u00f5es de Florbela Espanca e de Bertold Brecht.<\/p>\n<p>A poesia deste livro traz uma voz potente, que tem o que dizer e que sabe dizer em alt\u00edssima dic\u00e7\u00e3o po\u00e9tica.<\/p>\n","protected":false},"featured_media":18484,"comment_status":"open","ping_status":"closed","template":"","meta":[],"product_brand":[],"product_cat":[4077],"product_tag":[4006,303,2220,4005,1144,3714,112],"class_list":{"0":"post-17285","1":"product","2":"type-product","3":"status-publish","4":"has-post-thumbnail","6":"product_cat-poesia","7":"product_tag-circulo-de-giz","8":"product_tag-edicoes-dionysius","9":"product_tag-flavia-de-queiroz-lima","10":"product_tag-flavissima","11":"product_tag-poesia-brasileira","12":"product_tag-poesia-mineira","13":"product_tag-rauer","14":"product_shipping_class-normal","16":"first","17":"instock","18":"shipping-taxable","19":"purchasable","20":"product-type-simple"},"_links":{"self":[{"href":"https:\/\/editorapangeia.com.br\/pt_br\/wp-json\/wp\/v2\/product\/17285","targetHints":{"allow":["GET"]}}],"collection":[{"href":"https:\/\/editorapangeia.com.br\/pt_br\/wp-json\/wp\/v2\/product"}],"about":[{"href":"https:\/\/editorapangeia.com.br\/pt_br\/wp-json\/wp\/v2\/types\/product"}],"replies":[{"embeddable":true,"href":"https:\/\/editorapangeia.com.br\/pt_br\/wp-json\/wp\/v2\/comments?post=17285"}],"wp:featuredmedia":[{"embeddable":true,"href":"https:\/\/editorapangeia.com.br\/pt_br\/wp-json\/wp\/v2\/media\/18484"}],"wp:attachment":[{"href":"https:\/\/editorapangeia.com.br\/pt_br\/wp-json\/wp\/v2\/media?parent=17285"}],"wp:term":[{"taxonomy":"product_brand","embeddable":true,"href":"https:\/\/editorapangeia.com.br\/pt_br\/wp-json\/wp\/v2\/product_brand?post=17285"},{"taxonomy":"product_cat","embeddable":true,"href":"https:\/\/editorapangeia.com.br\/pt_br\/wp-json\/wp\/v2\/product_cat?post=17285"},{"taxonomy":"product_tag","embeddable":true,"href":"https:\/\/editorapangeia.com.br\/pt_br\/wp-json\/wp\/v2\/product_tag?post=17285"}],"curies":[{"name":"wp","href":"https:\/\/api.w.org\/{rel}","templated":true}]}}